{"id":1936,"date":"2019-03-21T11:15:04","date_gmt":"2019-03-21T07:15:04","guid":{"rendered":"http:\/\/lycee-bellepierre.ac-reunion.fr\/?page_id=1936"},"modified":"2023-02-27T14:20:54","modified_gmt":"2023-02-27T10:20:54","slug":"organiser-une-mobilite","status":"publish","type":"page","link":"https:\/\/etab.ac-reunion.fr\/lyc-bellepierre\/ouverture-internationale\/organiser-une-mobilite\/","title":{"rendered":"Organiser une mobilit\u00e9"},"content":{"rendered":"\n<p>Si vous souhaitez faire une mobilit\u00e9 individuelle, contactez l&rsquo;ERAEI (<a href=\"https:\/\/etab.ac-reunion.fr\/lyc-bellepierre\/ouverture-internationale\/notre-eraei\/\">https:\/\/etab.ac-reunion.fr\/lyc-bellepierre\/ouverture-internationale\/notre-eraei\/<\/a>) qui vous informera sur les programmes existants et vous accompagnera au mieux.<\/p>\n\n\n\n<p>Il est important en premier lieu que vous identifiez vos besoins et vos objectifs.<\/p>\n\n\n\n<p>Si vous souhaitez mettre en place un voyage ou un \u00e9change scolaire avec des \u00e9l\u00e8ves ou des \u00e9tudiants, rapprochez-vous de l&rsquo;ERAEI. <\/p>\n\n\n\n<p>Il y a un Comit\u00e9 de Pilotage des projets europ\u00e9ens et internationaux qui fixe une ligne directrice concernant les diff\u00e9rentes actions et \u00e9labore des documents communs (Kit voyage) de suivi des projets. A noter qu&rsquo;un voyage n\u00e9cessite une pr\u00e9paration sur deux ans.<\/p>\n\n\n\n<p>Plus d&rsquo;informations sur le Comit\u00e9 de Pilotage : <a href=\"https:\/\/etab.ac-reunion.fr\/lyc-bellepierre\/ouverture-internationale\/le-comite-de-pilotage\/\">https:\/\/etab.ac-reunion.fr\/lyc-bellepierre\/ouverture-internationale\/le-comite-de-pilotage\/<\/a><\/p>\n\n\n\n<p>Retrouvez ici les derniers textes officiels concernant l&rsquo;Ouverture Internationale : <a href=\"https:\/\/www.ac-bordeaux.fr\/bo-et-ouverture-internationale-121506\" target=\"_blank\" rel=\"noreferrer noopener\">https:\/\/www.ac-bordeaux.fr\/bo-et-ouverture-internationale-121506<\/a><\/p>\n\n\n\n<p>La DRAREIC de La R\u00e9union a mis \u00e0 jour son site. Vous retrouvez<a href=\"https:\/\/www.ac-reunion.fr\/vous-etes-un-personnel-ouvrir-mes-enseignements-a-l-international-125017\" target=\"_blank\" rel=\"noreferrer noopener\"> ICI <\/a>les informations utiles concernant les mobilit\u00e9s des personnels.<\/p>\n\n\n\n<p class=\"has-text-align-center\"><strong>Mobilit\u00e9s de cours<\/strong> \/ <strong>formation<\/strong><\/p>\n\n\n\n<p>Auparavant, il y avait la plateforme en ligne \u00ab\u00a0School Education Gateway\u00a0\u00bb. Maintenant toutes les plateformes (School Education Gateway, Etwinning, School Academy) sont r\u00e9unies dans un m\u00eame espace : <strong>European School Education Platform<\/strong><\/p>\n\n\n\n<p> <a rel=\"noreferrer noopener\" href=\"https:\/\/school-education.ec.europa.eu\/fr\" target=\"_blank\">https:\/\/school-education.ec.europa.eu\/fr<\/a> <\/p>\n\n\n\n<p>La plateforme permettra de trouver des cours en ligne ou sur site.<\/p>\n\n\n\n<p>Cependant, dans l&rsquo;attente d&rsquo;une plateforme op\u00e9rationnelle, le site School Education Gateway est toujours actualis\u00e9.<\/p>\n\n\n\n<h3 class=\"has-text-align-center wp-block-heading\">School Education Gateway<\/h3>\n\n\n\n<figure class=\"wp-block-image size-large\"><img loading=\"lazy\" decoding=\"async\" width=\"985\" height=\"702\" src=\"https:\/\/etab.ac-reunion.fr\/lyc-bellepierre\/wp-content\/uploads\/sites\/78\/2020\/06\/parcours-enseignement-1.png\" alt=\"\" class=\"wp-image-2923\" srcset=\"https:\/\/etab.ac-reunion.fr\/lyc-bellepierre\/wp-content\/uploads\/sites\/78\/2020\/06\/parcours-enseignement-1.png 985w, https:\/\/etab.ac-reunion.fr\/lyc-bellepierre\/wp-content\/uploads\/sites\/78\/2020\/06\/parcours-enseignement-1-512x365.png 512w, https:\/\/etab.ac-reunion.fr\/lyc-bellepierre\/wp-content\/uploads\/sites\/78\/2020\/06\/parcours-enseignement-1-768x547.png 768w\" sizes=\"auto, (max-width: 985px) 100vw, 985px\" \/><\/figure>\n\n\n\n<p>Sur le site <a href=\"https:\/\/www.schooleducationgateway.eu\/fr\/pub\/index.htm\">School Education Gateway<\/a>, vous trouverez des s\u00e9minaires et formations en ligne, des ressources dans toutes les langues et un catalogue de cours en Europe.<\/p>\n\n\n\n<h3 class=\"has-text-align-center wp-block-heading\">S\u00e9jours professionnels<\/h3>\n\n\n\n<p><strong>Qu&rsquo;est-ce que c&rsquo;est?<\/strong><\/p>\n\n\n\n<p>France Education (anciennement CIEP) permet aux professeurs d&rsquo;effectuer un s\u00e9jour de deux semaines d&rsquo;observation dans un \u00e9tablissement europ\u00e9en. Il offre \u00e9galement la possibilit\u00e9 d&rsquo;accueillir un professeur europ\u00e9en dans un \u00e9tablissement public fran\u00e7ais du second degr\u00e9. Une allocation forfaitaire de 600\u20ac peut \u00eatre vers\u00e9e.<\/p>\n\n\n<div class=\"wp-block-image\">\n<figure class=\"alignright size-large is-resized\"><img loading=\"lazy\" decoding=\"async\" src=\"https:\/\/etab.ac-reunion.fr\/lyc-bellepierre\/wp-content\/uploads\/sites\/78\/2020\/06\/s\u00e9jours-professionnels.png\" alt=\"\" class=\"wp-image-2947\" width=\"306\" height=\"231\" \/><\/figure>\n<\/div>\n\n\n<p>Pays partenaires : Royaume-Uni, Irlande, Italie, Allemagne, Autriche, Espagne, Portugal<\/p>\n\n\n\n<p>La p\u00e9riode pour candidater est octobre.<\/p>\n\n\n\n<p>Informations et inscriptions : <a href=\"http:\/\/www.ciep.fr\/mobilite\/sejours-professionnels\">en <\/a><a href=\"https:\/\/www.france-education-international.fr\/partir-letranger\/sejours-professionnels-pour-les-enseignants-francais\">cliquant <\/a><a href=\"http:\/\/www.ciep.fr\/mobilite\/sejours-professionnels\">ici<\/a>                                                         Vous trouverez :  -&gt; le programme d\u00e9taill\u00e9    <\/p>\n\n\n\n<p>                           -&gt; la Plaquette explicative         <\/p>\n\n\n\n<p>-&gt; <a href=\"https:\/\/eduscol.education.fr\/cid131939\/sejours-professionnels.html\">Description du programme<\/a> sur Eduscol                                                                  Abonnez-vous \u00e0 la page<a href=\"https:\/\/www.facebook.com\/Mobilit%C3%A9-enseignante-France-%C3%89ducation-international-801134423256638\/\"> Facebook<\/a> pour suivre toutes les actualit\u00e9s <\/p>\n\n\n\n<h3 class=\"has-text-align-center wp-block-heading\">S\u00e9minaires et formations eTwinning<\/h3>\n\n\n\n<p>Chaque ann\u00e9e sont organis\u00e9s des s\u00e9minaires de contact eTwinning entre diff\u00e9rents pays europ\u00e9ens. Pour plus d&rsquo;informations, consultez la partie <a href=\"https:\/\/etab.ac-reunion.fr\/lyc-bellepierre\/etwinning\/\">eTwinning<\/a> du site.<\/p>\n\n\n\n<h3 class=\"has-text-align-center wp-block-heading\">CODOFIL<\/h3>\n\n\n<div class=\"wp-block-image\">\n<figure class=\"alignleft size-large is-resized\"><img loading=\"lazy\" decoding=\"async\" src=\"https:\/\/etab.ac-reunion.fr\/lyc-bellepierre\/wp-content\/uploads\/sites\/78\/2020\/06\/CODOFIL_logo.jpg\" alt=\"\" class=\"wp-image-2950\" width=\"252\" height=\"251\" srcset=\"https:\/\/etab.ac-reunion.fr\/lyc-bellepierre\/wp-content\/uploads\/sites\/78\/2020\/06\/CODOFIL_logo.jpg 600w, https:\/\/etab.ac-reunion.fr\/lyc-bellepierre\/wp-content\/uploads\/sites\/78\/2020\/06\/CODOFIL_logo-512x509.jpg 512w, https:\/\/etab.ac-reunion.fr\/lyc-bellepierre\/wp-content\/uploads\/sites\/78\/2020\/06\/CODOFIL_logo-150x150.jpg 150w, https:\/\/etab.ac-reunion.fr\/lyc-bellepierre\/wp-content\/uploads\/sites\/78\/2020\/06\/CODOFIL_logo-200x200.jpg 200w, https:\/\/etab.ac-reunion.fr\/lyc-bellepierre\/wp-content\/uploads\/sites\/78\/2020\/06\/CODOFIL_logo-130x130.jpg 130w, https:\/\/etab.ac-reunion.fr\/lyc-bellepierre\/wp-content\/uploads\/sites\/78\/2020\/06\/CODOFIL_logo-67x67.jpg 67w, https:\/\/etab.ac-reunion.fr\/lyc-bellepierre\/wp-content\/uploads\/sites\/78\/2020\/06\/CODOFIL_logo-40x40.jpg 40w, https:\/\/etab.ac-reunion.fr\/lyc-bellepierre\/wp-content\/uploads\/sites\/78\/2020\/06\/CODOFIL_logo-184x184.jpg 184w\" sizes=\"auto, (max-width: 252px) 100vw, 252px\" \/><\/figure>\n<\/div>\n\n\n<p><strong>Qu&rsquo;est-ce <strong>que<\/strong> c&rsquo;est?<\/strong><\/p>\n\n\n\n<p>Chaque ann\u00e9e, entre 50 et 80 enseignants francophones (de France, Belgique ou du Canada) sont d\u00e9tach\u00e9s en Louisiane afin d&rsquo;enseigner le fran\u00e7ais aux 70 000 \u00e9l\u00e8ves et \u00e9tudiants francophones louisianais. L&rsquo;objectif de ce programme est de maintenir la langue fran\u00e7aise dans cet Etat am\u00e9ricain. <\/p>\n\n\n\n<p>Les enseignants sont d\u00e9tach\u00e9s pour une dur\u00e9e d&rsquo;un an renouvelable deux fois. La candidature se fait sur dossier et il y a un entretien \u00e0 Paris en cas de pr\u00e9-s\u00e9lection. Les enseignants du 1er degr\u00e9 sont surtout sollicit\u00e9s mais il est ouvert \u00e0 tous (personnels enseignants et non enseignants).<\/p>\n\n\n\n<p>La p\u00e9riode pour candidater est septembre &#8211; octobre.<\/p>\n\n\n\n<p><a href=\"https:\/\/www.ciep.fr\/programme-codofil-louisiane\">Informations<\/a> sur le site de France Education, <a href=\"https:\/\/eduscol.education.fr\/cid132056\/codofil-sejour-en-louisiane.html\">d\u00e9tails du programme<\/a> sur Eduscol<\/p>\n\n\n\n<h3 class=\"has-text-align-center wp-block-heading\">S\u00e9jours de perfectionnement linguistique, p\u00e9dagogique et culturel<\/h3>\n\n\n\n<p><strong>Qu&rsquo;est-ce que c&rsquo;est?<\/strong><\/p>\n\n\n\n<p>Les enseignants de langues vivantes et les enseignants en charge de l&rsquo;enseignement d&rsquo;une discipline non linguistique peuvent b\u00e9n\u00e9ficier de ce programme de deux semaines.<\/p>\n\n\n\n<p>Les objectifs sont de perfectionner ses comp\u00e9tences linguistiques, d&rsquo;approfondir ses connaissances historiques et culturelles, de confronter ses pratiques professionnelles et de contribuer \u00e0 l&rsquo;ouverture internationale de son \u00e9tablissement.<\/p>\n\n\n\n<p>La formation, l&rsquo;h\u00e9bergement et la restauration sont financ\u00e9s. Le transport est \u00e0 la charge du participant.<\/p>\n\n\n\n<p>Les candidatures se font courant octobre.<\/p>\n\n\n\n<p>Informations et inscriptions : <a href=\"https:\/\/www.france-education-international.fr\/partir-letranger\/stages-de-perfectionnement-linguistique-pedagogique-et-culturel\">ICI<\/a> sur le site du France Education, <a href=\"https:\/\/eduscol.education.fr\/cid52930\/stages-linguistiques-a-l-etranger.html\">d\u00e9tails du programme<\/a> sur Eduscol<\/p>\n\n\n\n<figure class=\"wp-block-image size-large\"><img loading=\"lazy\" decoding=\"async\" width=\"719\" height=\"663\" src=\"https:\/\/etab.ac-reunion.fr\/lyc-bellepierre\/wp-content\/uploads\/sites\/78\/2020\/06\/S\u00e9jours-de-perfectionnement-linguistique.png\" alt=\"\" class=\"wp-image-2953\" srcset=\"https:\/\/etab.ac-reunion.fr\/lyc-bellepierre\/wp-content\/uploads\/sites\/78\/2020\/06\/S\u00e9jours-de-perfectionnement-linguistique.png 719w, https:\/\/etab.ac-reunion.fr\/lyc-bellepierre\/wp-content\/uploads\/sites\/78\/2020\/06\/S\u00e9jours-de-perfectionnement-linguistique-512x472.png 512w\" sizes=\"auto, (max-width: 719px) 100vw, 719px\" \/><\/figure>\n\n\n\n<h3 class=\"has-text-align-center wp-block-heading\">Programme Jules Verne<\/h3>\n\n\n\n<p>Le programme Jules Verne permet de passer une ann\u00e9e scolaire dans un \u00e9tablissement scolaire \u00e0 l&rsquo;\u00e9tranger. Les enseignants sont r\u00e9mun\u00e9r\u00e9s par l&rsquo;Acad\u00e9mie mais sans l&rsquo;indexation. Les billets aller-retour en d\u00e9but et fin de contrat sont pris en charge.<\/p>\n\n\n\n<p>L&rsquo;acad\u00e9mie de La R\u00e9union est engag\u00e9e dans ce programme depuis sa cr\u00e9ation \u00e0 hauteur de quatre postes par an.<br>L\u2019offre initiale consistait en un poste dans chacun des pays suivants&nbsp;: Allemagne, Espagne, Afrique du Sud et Australie. Ces derni\u00e8res ann\u00e9es, une offre plus r\u00e9gionale est privil\u00e9gi\u00e9e (Afrique du Sud, Australie et Chine) avec une modulation de dur\u00e9e (6 mois au lieu d\u2019un an).<\/p>\n\n\n\n<p><a href=\"https:\/\/eduscol.education.fr\/cid52924\/programme-jules-verne.html\">Plus d&rsquo;informations<\/a> sur la page Eduscol<\/p>\n\n\n\n<h3 class=\"has-text-align-center wp-block-heading\">Mobilit\u00e9s vers l&rsquo;Allemagne (OFAJ)<\/h3>\n\n\n\n<p>L&rsquo;Office Franco-Allemand pour la Jeunesse propose diff\u00e9rents programmes et formations \u00e0 destination des enseignants et des \u00e9l\u00e8ves.<\/p>\n\n\n\n<p>Pour les enseignants d&rsquo;allemand : <a href=\"https:\/\/www.ofaj.org\/programmes-formations.html?category%5B%5D=2\">Programme<\/a> de formation<\/p>\n\n\n\n<p>Pour les enseignants d&rsquo;histoire-g\u00e9ographie qui souhaiteraient perfectionner leur allemand et obtenir la certification DNL, il existe un programme d&rsquo;\u00e9tudes d\u00e9di\u00e9 qui permet une formation pratique et p\u00e9dagogique d&rsquo;un mois en Hesse (de f\u00e9vrier \u00e0 mars). Le niveau B2 est requis. Une \u00e9valuation est possible en ligne :<a href=\"https:\/\/www.onset.de\/\"> https:\/\/www.onset.de\/<\/a> Le programme en d\u00e9tail est \u00e0 retrouver sur <a href=\"https:\/\/eduscol.education.fr\/cid144682\/programme-allemagne-professeurs-hg.html\">Eduscol<\/a><\/p>\n\n\n<div class=\"wp-block-image\">\n<figure class=\"alignleft size-large is-resized\"><img loading=\"lazy\" decoding=\"async\" src=\"https:\/\/etab.ac-reunion.fr\/lyc-bellepierre\/wp-content\/uploads\/sites\/78\/2020\/06\/s450300-q90-df4ead.jpg\" alt=\"\" class=\"wp-image-2957\" width=\"287\" height=\"404\" \/><\/figure>\n<\/div>\n\n\n<p>Pour les \u00e9l\u00e8ves : <a href=\"https:\/\/www.ofaj.org\/programmes-formations\/programme-d-echange-brigitte-sauzay.html\">Programme Brigitte Sauzay<\/a> : Les \u00e9l\u00e8ves de Secondes peuvent effectuer un \u00e9change et \u00eatre h\u00e9berg\u00e9 dans une famille d&rsquo;accueil pendant trois mois. Le correspondant allemand effectuera lui aussi un s\u00e9jour de trois mois.  L&rsquo;\u00e9l\u00e8ve suit au moins pendant six semaines les cours dans l&rsquo;\u00e9tablissement de son correspondant. Une subvention aux frais de voyage peut \u00eatre allou\u00e9e par l&rsquo;OFAJ.<\/p>\n\n\n\n<p><a href=\"https:\/\/www.ofaj.org\/programmes-formations\/programme-d-echange-voltaire.html\">Programme Voltaire<\/a> : ce programme est similaire au programme d&rsquo;\u00e9change Sauzay, mais il est d&rsquo;une dur\u00e9e de six mois. <\/p>\n\n\n<div class=\"wp-block-image\">\n<figure class=\"alignright size-large is-resized\"><img loading=\"lazy\" decoding=\"async\" src=\"https:\/\/etab.ac-reunion.fr\/lyc-bellepierre\/wp-content\/uploads\/sites\/78\/2020\/06\/c064640322189-s1237568-q75-6cd484-1024x392.jpg\" alt=\"\" class=\"wp-image-2956\" width=\"337\" height=\"128\" srcset=\"https:\/\/etab.ac-reunion.fr\/lyc-bellepierre\/wp-content\/uploads\/sites\/78\/2020\/06\/c064640322189-s1237568-q75-6cd484-1024x392.jpg 1024w, https:\/\/etab.ac-reunion.fr\/lyc-bellepierre\/wp-content\/uploads\/sites\/78\/2020\/06\/c064640322189-s1237568-q75-6cd484-512x196.jpg 512w, https:\/\/etab.ac-reunion.fr\/lyc-bellepierre\/wp-content\/uploads\/sites\/78\/2020\/06\/c064640322189-s1237568-q75-6cd484-768x294.jpg 768w, https:\/\/etab.ac-reunion.fr\/lyc-bellepierre\/wp-content\/uploads\/sites\/78\/2020\/06\/c064640322189-s1237568-q75-6cd484.jpg 1237w\" sizes=\"auto, (max-width: 337px) 100vw, 337px\" \/><\/figure>\n<\/div>\n\n\n<p class=\"has-text-align-center\">Pour les \u00e9tudiants de BTS : Avant votre stage en entreprise en Allemagne ou en Autriche, renforcez vos comp\u00e9tences en vous inscrivant sur<a href=\"https:\/\/parkur.ofaj.org\/\"> PARKUR<\/a>. Vous suivrez des cours en ligne sur des th\u00e9matiques li\u00e9es \u00e0 l&rsquo;entreprise et serez suivi par un tuteur.<\/p>\n\n\n\n<h3 class=\"has-text-align-center wp-block-heading\">Voyager avec Zellidja<\/h3>\n\n\n\n<figure class=\"wp-block-image size-large\"><img loading=\"lazy\" decoding=\"async\" width=\"749\" height=\"530\" src=\"https:\/\/etab.ac-reunion.fr\/lyc-bellepierre\/wp-content\/uploads\/sites\/78\/2020\/06\/zellidja.jpg\" alt=\"\" class=\"wp-image-3010\" srcset=\"https:\/\/etab.ac-reunion.fr\/lyc-bellepierre\/wp-content\/uploads\/sites\/78\/2020\/06\/zellidja.jpg 749w, https:\/\/etab.ac-reunion.fr\/lyc-bellepierre\/wp-content\/uploads\/sites\/78\/2020\/06\/zellidja-512x362.jpg 512w\" sizes=\"auto, (max-width: 749px) 100vw, 749px\" \/><\/figure>\n\n\n\n<p>Zellidja accompagne les jeunes de 16 \u00e0 20 ans dans la r\u00e9alisation d&rsquo;un projet de voyage (\u00e9tude, loisirs, humanitaire, engagement) <strong>seul<\/strong> et pour une dur\u00e9e minimale d&rsquo;un mois (entre juin et octobre). Une bourse d&rsquo;un montant maximum de 900\u20ac peut \u00eatre attribu\u00e9e.<\/p>\n\n\n\n<p>Plus de renseignements sur le site <a href=\"https:\/\/www.zellidja.com\/content\/les-bourses-zellidja\">Voyager avec Zellidja<\/a><\/p>\n<!-- AddThis Advanced Settings generic via filter on the_content --><!-- AddThis Share Buttons generic via filter on the_content -->","protected":false},"excerpt":{"rendered":"<p>Si vous souhaitez faire une mobilit\u00e9 individuelle, contactez l&rsquo;ERAEI (https:\/\/etab.ac-reunion.fr\/lyc-bellepierre\/ouverture-internationale\/notre-eraei\/) qui vous informera sur les programmes existants et vous accompagnera au mieux. Il est important en premier lieu que vous identifiez vos besoins et vos objectifs. Si vous souhaitez mettre en place un voyage ou un \u00e9change scolaire avec des \u00e9l\u00e8ves ou des \u00e9tudiants, rapprochez-vous [&hellip;]<!-- AddThis Advanced Settings generic via filter on get_the_excerpt --><!-- AddThis Share Buttons generic via filter on get_the_excerpt --><\/p>\n","protected":false},"author":23654,"featured_media":0,"parent":1909,"menu_order":0,"comment_status":"closed","ping_status":"closed","template":"","meta":{"footnotes":""},"class_list":["post-1936","page","type-page","status-publish","hentry"],"_links":{"self":[{"href":"https:\/\/etab.ac-reunion.fr\/lyc-bellepierre\/wp-json\/wp\/v2\/pages\/1936","targetHints":{"allow":["GET"]}}],"collection":[{"href":"https:\/\/etab.ac-reunion.fr\/lyc-bellepierre\/wp-json\/wp\/v2\/pages"}],"about":[{"href":"https:\/\/etab.ac-reunion.fr\/lyc-bellepierre\/wp-json\/wp\/v2\/types\/page"}],"author":[{"embeddable":true,"href":"https:\/\/etab.ac-reunion.fr\/lyc-bellepierre\/wp-json\/wp\/v2\/users\/23654"}],"replies":[{"embeddable":true,"href":"https:\/\/etab.ac-reunion.fr\/lyc-bellepierre\/wp-json\/wp\/v2\/comments?post=1936"}],"version-history":[{"count":17,"href":"https:\/\/etab.ac-reunion.fr\/lyc-bellepierre\/wp-json\/wp\/v2\/pages\/1936\/revisions"}],"predecessor-version":[{"id":6759,"href":"https:\/\/etab.ac-reunion.fr\/lyc-bellepierre\/wp-json\/wp\/v2\/pages\/1936\/revisions\/6759"}],"up":[{"embeddable":true,"href":"https:\/\/etab.ac-reunion.fr\/lyc-bellepierre\/wp-json\/wp\/v2\/pages\/1909"}],"wp:attachment":[{"href":"https:\/\/etab.ac-reunion.fr\/lyc-bellepierre\/wp-json\/wp\/v2\/media?parent=1936"}],"curies":[{"name":"wp","href":"https:\/\/api.w.org\/{rel}","templated":true}]}}