{"id":1943,"date":"2019-03-21T11:16:57","date_gmt":"2019-03-21T07:16:57","guid":{"rendered":"http:\/\/lycee-bellepierre.ac-reunion.fr\/?page_id=1943"},"modified":"2025-06-06T11:55:15","modified_gmt":"2025-06-06T07:55:15","slug":"notre-strategie-erasmus","status":"publish","type":"page","link":"https:\/\/etab.ac-reunion.fr\/lyc-bellepierre\/erasmus\/notre-strategie-erasmus\/","title":{"rendered":"Notre strat\u00e9gie Erasmus"},"content":{"rendered":"<div class=\"wp-block-image\">\n<figure class=\"alignleft size-full is-resized\"><img loading=\"lazy\" decoding=\"async\" width=\"955\" height=\"679\" src=\"https:\/\/etab.ac-reunion.fr\/lyc-bellepierre\/wp-content\/uploads\/sites\/78\/2025\/06\/plan-erasmus.png\" alt=\"\" class=\"wp-image-8825\" style=\"width:301px;height:212px\" srcset=\"https:\/\/etab.ac-reunion.fr\/lyc-bellepierre\/wp-content\/uploads\/sites\/78\/2025\/06\/plan-erasmus.png 955w, https:\/\/etab.ac-reunion.fr\/lyc-bellepierre\/wp-content\/uploads\/sites\/78\/2025\/06\/plan-erasmus-512x364.png 512w, https:\/\/etab.ac-reunion.fr\/lyc-bellepierre\/wp-content\/uploads\/sites\/78\/2025\/06\/plan-erasmus-768x546.png 768w\" sizes=\"auto, (max-width: 955px) 100vw, 955px\" \/><\/figure>\n<\/div>\n\n\n<p>Il y a depuis 2018, et gr\u00e2ce \u00e0 un premier projet en \u00e9quipe pluridisciplinaire autour du cin\u00e9ma, un \u00e9lan et un travail renforc\u00e9 autour des langues vivantes, et une dynamique vers davantage d&rsquo;internationalisation de notre \u00e9tablissement.<br>L\u2019organisation des Erasmus Days, l\u2019accueil de d\u00e9l\u00e9gations (enseignants, mobilit\u00e9 de groupe d&rsquo;\u00e9l\u00e8ves, experts ou apprenants), la Semaine des Langues et la journ\u00e9e de l&rsquo;Europe sont des \u00e9v\u00e9nements cl\u00e9s qui rythment la vie du lyc\u00e9e.<br><\/p>\n\n\n\n<p>Pour se faire, le chef d\u2019\u00e9tablissement peut s\u2019appuyer sur une \u00e9quipe stable, compos\u00e9e d\u2019enseignants motiv\u00e9s et impliqu\u00e9s dans des projets europ\u00e9ens. <br>Le Plan Erasmus d\u00e9finit notre strat\u00e9gie Erasmus+ et a \u00e9t\u00e9 \u00e9labor\u00e9 en concertation avec les diff\u00e9rentes \u00e9quipes sur une dur\u00e9e de deux ans dans le cadre de notre r\u00e9flexion suite \u00e0 nos premiers projets financ\u00e9s par Erasmus et la pr\u00e9paration de notre candidature pour l&rsquo;accr\u00e9ditation au niveau scolaire.<\/p>\n\n\n\n<p><a href=\"https:\/\/www.canva.com\/design\/DAGfe2M7foM\/He5K6oKxf2ow4drQZ9MeXw\/view?utm_content=DAGfe2M7foM&amp;utm_campaign=designshare&amp;utm_medium=link2&amp;utm_source=uniquelinks&amp;utlId=h2567b8cc3e\">Lien vers le Plan Erasmus de l&rsquo;\u00e9tablissement<\/a><\/p>\n\n\n\n<figure class=\"wp-block-image size-large\"><img loading=\"lazy\" decoding=\"async\" width=\"1024\" height=\"575\" src=\"https:\/\/etab.ac-reunion.fr\/lyc-bellepierre\/wp-content\/uploads\/sites\/78\/2025\/06\/Projets-Erasmus-MAJ-1024x575.png\" alt=\"\" class=\"wp-image-8828\" srcset=\"https:\/\/etab.ac-reunion.fr\/lyc-bellepierre\/wp-content\/uploads\/sites\/78\/2025\/06\/Projets-Erasmus-MAJ-1024x575.png 1024w, https:\/\/etab.ac-reunion.fr\/lyc-bellepierre\/wp-content\/uploads\/sites\/78\/2025\/06\/Projets-Erasmus-MAJ-512x288.png 512w, https:\/\/etab.ac-reunion.fr\/lyc-bellepierre\/wp-content\/uploads\/sites\/78\/2025\/06\/Projets-Erasmus-MAJ-768x431.png 768w, https:\/\/etab.ac-reunion.fr\/lyc-bellepierre\/wp-content\/uploads\/sites\/78\/2025\/06\/Projets-Erasmus-MAJ-95x54.png 95w, https:\/\/etab.ac-reunion.fr\/lyc-bellepierre\/wp-content\/uploads\/sites\/78\/2025\/06\/Projets-Erasmus-MAJ.png 1310w\" sizes=\"auto, (max-width: 1024px) 100vw, 1024px\" \/><\/figure>\n\n\n\n<figure class=\"wp-block-image size-large\"><img loading=\"lazy\" decoding=\"async\" width=\"1024\" height=\"278\" src=\"https:\/\/etab.ac-reunion.fr\/lyc-bellepierre\/wp-content\/uploads\/sites\/78\/2025\/06\/image-1-1024x278.png\" alt=\"\" class=\"wp-image-8831\" srcset=\"https:\/\/etab.ac-reunion.fr\/lyc-bellepierre\/wp-content\/uploads\/sites\/78\/2025\/06\/image-1-1024x278.png 1024w, https:\/\/etab.ac-reunion.fr\/lyc-bellepierre\/wp-content\/uploads\/sites\/78\/2025\/06\/image-1-512x139.png 512w, https:\/\/etab.ac-reunion.fr\/lyc-bellepierre\/wp-content\/uploads\/sites\/78\/2025\/06\/image-1-768x209.png 768w, https:\/\/etab.ac-reunion.fr\/lyc-bellepierre\/wp-content\/uploads\/sites\/78\/2025\/06\/image-1-1536x417.png 1536w, https:\/\/etab.ac-reunion.fr\/lyc-bellepierre\/wp-content\/uploads\/sites\/78\/2025\/06\/image-1.png 1767w\" sizes=\"auto, (max-width: 1024px) 100vw, 1024px\" \/><\/figure>\n\n\n\n<figure class=\"wp-block-image size-full\"><img loading=\"lazy\" decoding=\"async\" width=\"707\" height=\"241\" src=\"https:\/\/etab.ac-reunion.fr\/lyc-bellepierre\/wp-content\/uploads\/sites\/78\/2025\/06\/image-2.png\" alt=\"\" class=\"wp-image-8833\" srcset=\"https:\/\/etab.ac-reunion.fr\/lyc-bellepierre\/wp-content\/uploads\/sites\/78\/2025\/06\/image-2.png 707w, https:\/\/etab.ac-reunion.fr\/lyc-bellepierre\/wp-content\/uploads\/sites\/78\/2025\/06\/image-2-512x175.png 512w\" sizes=\"auto, (max-width: 707px) 100vw, 707px\" \/><\/figure>\n<!-- AddThis Advanced Settings generic via filter on the_content --><!-- AddThis Share Buttons generic via filter on the_content -->","protected":false},"excerpt":{"rendered":"<p>Il y a depuis 2018, et gr\u00e2ce \u00e0 un premier projet en \u00e9quipe pluridisciplinaire autour du cin\u00e9ma, un \u00e9lan et un travail renforc\u00e9 autour des langues vivantes, et une dynamique vers davantage d&rsquo;internationalisation de notre \u00e9tablissement.L\u2019organisation des Erasmus Days, l\u2019accueil de d\u00e9l\u00e9gations (enseignants, mobilit\u00e9 de groupe d&rsquo;\u00e9l\u00e8ves, experts ou apprenants), la Semaine des Langues et [&hellip;]<!-- AddThis Advanced Settings generic via filter on get_the_excerpt --><!-- AddThis Share Buttons generic via filter on get_the_excerpt --><\/p>\n","protected":false},"author":19703,"featured_media":0,"parent":1918,"menu_order":0,"comment_status":"closed","ping_status":"closed","template":"page-full.php","meta":{"footnotes":""},"class_list":["post-1943","page","type-page","status-publish","hentry"],"_links":{"self":[{"href":"https:\/\/etab.ac-reunion.fr\/lyc-bellepierre\/wp-json\/wp\/v2\/pages\/1943","targetHints":{"allow":["GET"]}}],"collection":[{"href":"https:\/\/etab.ac-reunion.fr\/lyc-bellepierre\/wp-json\/wp\/v2\/pages"}],"about":[{"href":"https:\/\/etab.ac-reunion.fr\/lyc-bellepierre\/wp-json\/wp\/v2\/types\/page"}],"author":[{"embeddable":true,"href":"https:\/\/etab.ac-reunion.fr\/lyc-bellepierre\/wp-json\/wp\/v2\/users\/19703"}],"replies":[{"embeddable":true,"href":"https:\/\/etab.ac-reunion.fr\/lyc-bellepierre\/wp-json\/wp\/v2\/comments?post=1943"}],"version-history":[{"count":12,"href":"https:\/\/etab.ac-reunion.fr\/lyc-bellepierre\/wp-json\/wp\/v2\/pages\/1943\/revisions"}],"predecessor-version":[{"id":8834,"href":"https:\/\/etab.ac-reunion.fr\/lyc-bellepierre\/wp-json\/wp\/v2\/pages\/1943\/revisions\/8834"}],"up":[{"embeddable":true,"href":"https:\/\/etab.ac-reunion.fr\/lyc-bellepierre\/wp-json\/wp\/v2\/pages\/1918"}],"wp:attachment":[{"href":"https:\/\/etab.ac-reunion.fr\/lyc-bellepierre\/wp-json\/wp\/v2\/media?parent=1943"}],"curies":[{"name":"wp","href":"https:\/\/api.w.org\/{rel}","templated":true}]}}