{"id":1945,"date":"2019-03-21T11:17:28","date_gmt":"2019-03-21T07:17:28","guid":{"rendered":"http:\/\/lycee-bellepierre.ac-reunion.fr\/?page_id=1945"},"modified":"2021-11-07T16:56:16","modified_gmt":"2021-11-07T12:56:16","slug":"mobilite-des-personnels","status":"publish","type":"page","link":"https:\/\/etab.ac-reunion.fr\/lyc-bellepierre\/erasmus\/mobilite-des-personnels\/","title":{"rendered":"Mobilit\u00e9 des personnels"},"content":{"rendered":"\n<p class=\"has-medium-font-size\">La page \u00ab\u00a0<a href=\"https:\/\/etab.ac-reunion.fr\/lyc-bellepierre\/ouverture-internationale\/organiser-une-mobilite\/\">Organiser une mobilit\u00e9<\/a>\u00a0\u00bb reprend tous les programmes existants \u00e0 destinations des personnels mais \u00e9galement des \u00e9l\u00e8ves et des \u00e9tudiants.<\/p>\n\n\n\n<p class=\"has-medium-font-size\">Si vous souhaitez faire une mobilit\u00e9 individuelle, contactez l\u2019ERAEI (<a href=\"https:\/\/etab.ac-reunion.fr\/lyc-bellepierre\/ouverture-internationale\/notre-eraei\/\">https:\/\/etab.ac-reunion.fr\/lyc-bellepierre\/ouverture-internationale\/notre-eraei\/<\/a>) qui vous informera sur les programmes existants et vous accompagnera au mieux.<\/p>\n\n\n\n<p class=\"has-medium-font-size\">Il est important en premier lieu que vous identifiez vos besoins et vos objectifs.<\/p>\n\n\n\n<p class=\"has-medium-font-size\">Liens vers les projets en cours :<\/p>\n\n\n\n<ol class=\"has-medium-font-size wp-block-list\"><li><a href=\"https:\/\/etab.ac-reunion.fr\/lyc-bellepierre\/erasmus\/ka1-cinema\/\">Projet sur le cin\u00e9ma<\/a><\/li><li><a href=\"https:\/\/etab.ac-reunion.fr\/lyc-bellepierre\/erasmus\/mobilite-des-personnels\/ka1-innovations-et-numeriques\/\">Projet sur le th\u00e8me de l&rsquo;Innovation et du Num\u00e9rique<\/a><\/li><li><a href=\"https:\/\/etab.ac-reunion.fr\/lyc-bellepierre\/erasmus\/mobilite-des-personnels\/smartecology\/\">Projet SmARTecology<\/a><\/li><li>Projet de formation dans le cadre du KA103<\/li><\/ol>\n\n\n\n<p><\/p>\n<!-- AddThis Advanced Settings generic via filter on the_content --><!-- AddThis Share Buttons generic via filter on the_content -->","protected":false},"excerpt":{"rendered":"<p>La page \u00ab\u00a0Organiser une mobilit\u00e9\u00a0\u00bb reprend tous les programmes existants \u00e0 destinations des personnels mais \u00e9galement des \u00e9l\u00e8ves et des \u00e9tudiants. Si vous souhaitez faire une mobilit\u00e9 individuelle, contactez l\u2019ERAEI (https:\/\/etab.ac-reunion.fr\/lyc-bellepierre\/ouverture-internationale\/notre-eraei\/) qui vous informera sur les programmes existants et vous accompagnera au mieux. Il est important en premier lieu que vous identifiez vos besoins et [&hellip;]<!-- AddThis Advanced Settings generic via filter on get_the_excerpt --><!-- AddThis Share Buttons generic via filter on get_the_excerpt --><\/p>\n","protected":false},"author":23654,"featured_media":0,"parent":1918,"menu_order":0,"comment_status":"closed","ping_status":"closed","template":"","meta":{"footnotes":""},"class_list":["post-1945","page","type-page","status-publish","hentry"],"_links":{"self":[{"href":"https:\/\/etab.ac-reunion.fr\/lyc-bellepierre\/wp-json\/wp\/v2\/pages\/1945","targetHints":{"allow":["GET"]}}],"collection":[{"href":"https:\/\/etab.ac-reunion.fr\/lyc-bellepierre\/wp-json\/wp\/v2\/pages"}],"about":[{"href":"https:\/\/etab.ac-reunion.fr\/lyc-bellepierre\/wp-json\/wp\/v2\/types\/page"}],"author":[{"embeddable":true,"href":"https:\/\/etab.ac-reunion.fr\/lyc-bellepierre\/wp-json\/wp\/v2\/users\/23654"}],"replies":[{"embeddable":true,"href":"https:\/\/etab.ac-reunion.fr\/lyc-bellepierre\/wp-json\/wp\/v2\/comments?post=1945"}],"version-history":[{"count":9,"href":"https:\/\/etab.ac-reunion.fr\/lyc-bellepierre\/wp-json\/wp\/v2\/pages\/1945\/revisions"}],"predecessor-version":[{"id":5074,"href":"https:\/\/etab.ac-reunion.fr\/lyc-bellepierre\/wp-json\/wp\/v2\/pages\/1945\/revisions\/5074"}],"up":[{"embeddable":true,"href":"https:\/\/etab.ac-reunion.fr\/lyc-bellepierre\/wp-json\/wp\/v2\/pages\/1918"}],"wp:attachment":[{"href":"https:\/\/etab.ac-reunion.fr\/lyc-bellepierre\/wp-json\/wp\/v2\/media?parent=1945"}],"curies":[{"name":"wp","href":"https:\/\/api.w.org\/{rel}","templated":true}]}}