{"id":1947,"date":"2019-03-21T11:17:45","date_gmt":"2019-03-21T07:17:45","guid":{"rendered":"http:\/\/lycee-bellepierre.ac-reunion.fr\/?page_id=1947"},"modified":"2025-06-10T14:23:42","modified_gmt":"2025-06-10T10:23:42","slug":"mobilite-des-etudiants","status":"publish","type":"page","link":"https:\/\/etab.ac-reunion.fr\/lyc-bellepierre\/erasmus\/mobilite-des-etudiants\/","title":{"rendered":"Mobilit\u00e9 des \u00e9tudiants"},"content":{"rendered":"\n<figure class=\"wp-block-embed is-type-wp-embed is-provider-lyc-e-g-n-ral-et-technologique-marguerite-jauzelon wp-block-embed-lyc-e-g-n-ral-et-technologique-marguerite-jauzelon\"><div class=\"wp-block-embed__wrapper\">\n<blockquote class=\"wp-embedded-content\" data-secret=\"EESjOlNjRe\"><a href=\"https:\/\/etab.ac-reunion.fr\/lyc-bellepierre\/charte-de-lenseignement-superieur\/\">Charte de l&rsquo;Enseignement Sup\u00e9rieur<\/a><\/blockquote><iframe loading=\"lazy\" class=\"wp-embedded-content\" sandbox=\"allow-scripts\" security=\"restricted\" style=\"position: absolute; visibility: hidden;\" title=\"\u00ab\u00a0Charte de l&rsquo;Enseignement Sup\u00e9rieur\u00a0\u00bb &#8212; Lyc\u00e9e G\u00e9n\u00e9ral et Technologique Marguerite JAUZELON\" src=\"https:\/\/etab.ac-reunion.fr\/lyc-bellepierre\/charte-de-lenseignement-superieur\/embed\/#?secret=iyjHDzkwm5#?secret=EESjOlNjRe\" data-secret=\"EESjOlNjRe\" width=\"500\" height=\"282\" frameborder=\"0\" marginwidth=\"0\" marginheight=\"0\" scrolling=\"no\"><\/iframe>\n<\/div><\/figure>\n\n\n\n<p>L\u2019organisation de stages en contexte international dans la zone UE s\u2019est inscrit au d\u00e9part dans le cadre de la pr\u00e9paration du dipl\u00f4me de Technicien Sup\u00e9rieur d\u2019\u00abOffice Manager\u00bb BTS SAM .<\/p>\n\n\n\n<p>L\u2019enjeu est de faciliter l\u2019insertion de nos \u00e9tudiants dans la vie active ou la poursuite d\u2019\u00e9tudes \u00e0 la fin de leurs formations de BTS.<\/p>\n\n\n\n<p>Le tissu \u00e9conomique du d\u00e9partement permet difficilement une premi\u00e8re exp\u00e9rience en entreprise et \u00e0 l&rsquo;avenir, l&rsquo;insertion professionnelle de nos jeunes, aussi il est opportun pour nos \u00e9tudiants de b\u00e9n\u00e9ficier de la mobilit\u00e9 au cours de leur formation.<\/p>\n\n\n\n<p>Gr\u00e2ce \u00e0 la charte Erasmus+ nos \u00e9tudiants b\u00e9n\u00e9ficient chaque ann\u00e9e de subventions afin de r\u00e9aliser leur stage professionnel en contexte international. Les mobilit\u00e9s sont financ\u00e9es par Erasmus+.<\/p>\n\n\n\n<p>Ce stage pr\u00e9voit, en plus de l&rsquo;immersion dans une entreprise internationale, la r\u00e9alisation de <strong>missions<\/strong> <strong>professionnelles<\/strong> dans le cadre de la gestion de projet, l\u2019optimisation des processus administratifs et la contribution \u00e0 la gestion des ressources humaines. Ces missions feront l&rsquo;objet d&rsquo;une <strong>\u00e9valuation<\/strong> <strong>orale<\/strong> et\/ou \u00e9crite au cours des <strong>\u00e9preuves E4 et E5 et E6 \u00e0 l&rsquo;examen final<\/strong> et donnent lieu \u00e0 une reconnaissance en cr\u00e9dits ECTS.<\/p>\n\n\n\n<p><br>Les \u00e9tudiants sont s\u00e9lectionn\u00e9s en fonction de leurs notes, de leur assiduit\u00e9 et de leur motivation. Seront prioritaires les \u00e9tudiants n\u2019ayant jamais voyag\u00e9.<\/p>\n\n\n\n<p><\/p>\n\n\n\n<p>Depuis 2022, les \u00e9tudiants de BTS autre que SAM peuvent b\u00e9n\u00e9ficier de mobilit\u00e9s \u00e0 l&rsquo;\u00e9tranger. Ainsi, de janvier \u00e0 mars 2023, deux \u00e9tudiants de BTS SIO ont r\u00e9alis\u00e9 leur stage professionnel en Irlande.<\/p>\n\n\n\n<p class=\"has-medium-font-size\"><strong>IMPACTS ATTENDUS<\/strong><br>-augmenter le niveau de qualification de nos jeunes<br>-am\u00e9liorer leur employabilit\u00e9<br>-am\u00e9liorer la qualit\u00e9 et la pertinence de l\u2019enseignement sup\u00e9rieur dispens\u00e9 au sein de l\u2019\u00e9tablissement<br>-cr\u00e9er ou de r\u00e9affirmer les liens avec nos partenaires europ\u00e9ens<\/p>\n\n\n\n<p class=\"has-medium-font-size\"><strong>OBJECTIFS<\/strong><br>-renforcement linguistique<br>-d\u00e9couverte d\u2019un autre monde du travail<br>-mise en pratique de missions professionnelles dans un contexte international<br>-enrichissement culturel<br>-d\u00e9veloppement d\u2019opportunit\u00e9s nouvelles<br>-consolidation de la citoyennet\u00e9 europ\u00e9enne<br>-meilleure insertion professionnelle<br>-d\u00e9veloppement de la personnalit\u00e9 (assurance, confiance en soi, autonomie)<br>-cr\u00e9ation de liens avec des entreprises.<\/p>\n\n\n\n<figure class=\"wp-block-image size-large\"><img loading=\"lazy\" decoding=\"async\" width=\"512\" height=\"289\" src=\"https:\/\/etab.ac-reunion.fr\/lyc-bellepierre\/wp-content\/uploads\/sites\/78\/2020\/06\/Stage-2019-2020.png\" alt=\"\" class=\"wp-image-2888\" srcset=\"https:\/\/etab.ac-reunion.fr\/lyc-bellepierre\/wp-content\/uploads\/sites\/78\/2020\/06\/Stage-2019-2020.png 512w, https:\/\/etab.ac-reunion.fr\/lyc-bellepierre\/wp-content\/uploads\/sites\/78\/2020\/06\/Stage-2019-2020-95x54.png 95w\" sizes=\"auto, (max-width: 512px) 100vw, 512px\" \/><\/figure>\n\n\n\n<p class=\"has-medium-font-size\">Retour sur les stages en entreprise des \u00e9tudiants de BTS SAM ici : <a href=\"https:\/\/etab.ac-reunion.fr\/lyc-bellepierre\/stage-international\/\">https:\/\/etab.ac-reunion.fr\/lyc-bellepierre\/stage-international\/<\/a><\/p>\n\n\n\n<figure class=\"wp-block-image size-full\"><img loading=\"lazy\" decoding=\"async\" width=\"707\" height=\"241\" src=\"https:\/\/etab.ac-reunion.fr\/lyc-bellepierre\/wp-content\/uploads\/sites\/78\/2025\/06\/image-3.png\" alt=\"\" class=\"wp-image-8835\" srcset=\"https:\/\/etab.ac-reunion.fr\/lyc-bellepierre\/wp-content\/uploads\/sites\/78\/2025\/06\/image-3.png 707w, https:\/\/etab.ac-reunion.fr\/lyc-bellepierre\/wp-content\/uploads\/sites\/78\/2025\/06\/image-3-512x175.png 512w\" sizes=\"auto, (max-width: 707px) 100vw, 707px\" \/><\/figure>\n\n\n\n<figure class=\"wp-block-image size-large\"><img loading=\"lazy\" decoding=\"async\" width=\"1024\" height=\"278\" src=\"https:\/\/etab.ac-reunion.fr\/lyc-bellepierre\/wp-content\/uploads\/sites\/78\/2025\/06\/image-4-1024x278.png\" alt=\"\" class=\"wp-image-8836\" srcset=\"https:\/\/etab.ac-reunion.fr\/lyc-bellepierre\/wp-content\/uploads\/sites\/78\/2025\/06\/image-4-1024x278.png 1024w, https:\/\/etab.ac-reunion.fr\/lyc-bellepierre\/wp-content\/uploads\/sites\/78\/2025\/06\/image-4-512x139.png 512w, https:\/\/etab.ac-reunion.fr\/lyc-bellepierre\/wp-content\/uploads\/sites\/78\/2025\/06\/image-4-768x209.png 768w, https:\/\/etab.ac-reunion.fr\/lyc-bellepierre\/wp-content\/uploads\/sites\/78\/2025\/06\/image-4-1536x417.png 1536w, https:\/\/etab.ac-reunion.fr\/lyc-bellepierre\/wp-content\/uploads\/sites\/78\/2025\/06\/image-4.png 1767w\" sizes=\"auto, (max-width: 1024px) 100vw, 1024px\" \/><\/figure>\n<!-- AddThis Advanced Settings generic via filter on the_content --><!-- AddThis Share Buttons generic via filter on the_content -->","protected":false},"excerpt":{"rendered":"<p>L\u2019organisation de stages en contexte international dans la zone UE s\u2019est inscrit au d\u00e9part dans le cadre de la pr\u00e9paration du dipl\u00f4me de Technicien Sup\u00e9rieur d\u2019\u00abOffice Manager\u00bb BTS SAM . L\u2019enjeu est de faciliter l\u2019insertion de nos \u00e9tudiants dans la vie active ou la poursuite d\u2019\u00e9tudes \u00e0 la fin de leurs formations de BTS. Le [&hellip;]<!-- AddThis Advanced Settings generic via filter on get_the_excerpt --><!-- AddThis Share Buttons generic via filter on get_the_excerpt --><\/p>\n","protected":false},"author":23654,"featured_media":0,"parent":1918,"menu_order":0,"comment_status":"closed","ping_status":"closed","template":"","meta":{"footnotes":""},"class_list":["post-1947","page","type-page","status-publish","hentry"],"_links":{"self":[{"href":"https:\/\/etab.ac-reunion.fr\/lyc-bellepierre\/wp-json\/wp\/v2\/pages\/1947","targetHints":{"allow":["GET"]}}],"collection":[{"href":"https:\/\/etab.ac-reunion.fr\/lyc-bellepierre\/wp-json\/wp\/v2\/pages"}],"about":[{"href":"https:\/\/etab.ac-reunion.fr\/lyc-bellepierre\/wp-json\/wp\/v2\/types\/page"}],"author":[{"embeddable":true,"href":"https:\/\/etab.ac-reunion.fr\/lyc-bellepierre\/wp-json\/wp\/v2\/users\/23654"}],"replies":[{"embeddable":true,"href":"https:\/\/etab.ac-reunion.fr\/lyc-bellepierre\/wp-json\/wp\/v2\/comments?post=1947"}],"version-history":[{"count":9,"href":"https:\/\/etab.ac-reunion.fr\/lyc-bellepierre\/wp-json\/wp\/v2\/pages\/1947\/revisions"}],"predecessor-version":[{"id":8865,"href":"https:\/\/etab.ac-reunion.fr\/lyc-bellepierre\/wp-json\/wp\/v2\/pages\/1947\/revisions\/8865"}],"up":[{"embeddable":true,"href":"https:\/\/etab.ac-reunion.fr\/lyc-bellepierre\/wp-json\/wp\/v2\/pages\/1918"}],"wp:attachment":[{"href":"https:\/\/etab.ac-reunion.fr\/lyc-bellepierre\/wp-json\/wp\/v2\/media?parent=1947"}],"curies":[{"name":"wp","href":"https:\/\/api.w.org\/{rel}","templated":true}]}}