{"id":2927,"date":"2020-06-25T13:25:36","date_gmt":"2020-06-25T09:25:36","guid":{"rendered":"http:\/\/lycee-bellepierre.ac-reunion.fr\/?page_id=2927"},"modified":"2023-02-03T22:16:27","modified_gmt":"2023-02-03T18:16:27","slug":"ka1-innovations-et-numeriques","status":"publish","type":"page","link":"https:\/\/etab.ac-reunion.fr\/lyc-bellepierre\/erasmus\/mobilite-des-personnels\/ka1-innovations-et-numeriques\/","title":{"rendered":"Innovations et Num\u00e9riques"},"content":{"rendered":"<div class=\"wp-block-image\">\n<figure class=\"aligncenter size-large\"><img loading=\"lazy\" decoding=\"async\" width=\"516\" height=\"512\" src=\"https:\/\/etab.ac-reunion.fr\/lyc-bellepierre\/wp-content\/uploads\/sites\/78\/2020\/06\/Image-Innovations-et-Num\u00e9riques-1.png\" alt=\"\" class=\"wp-image-3042\" srcset=\"https:\/\/etab.ac-reunion.fr\/lyc-bellepierre\/wp-content\/uploads\/sites\/78\/2020\/06\/Image-Innovations-et-Num\u00e9riques-1.png 516w, https:\/\/etab.ac-reunion.fr\/lyc-bellepierre\/wp-content\/uploads\/sites\/78\/2020\/06\/Image-Innovations-et-Num\u00e9riques-1-512x508.png 512w, https:\/\/etab.ac-reunion.fr\/lyc-bellepierre\/wp-content\/uploads\/sites\/78\/2020\/06\/Image-Innovations-et-Num\u00e9riques-1-150x150.png 150w, https:\/\/etab.ac-reunion.fr\/lyc-bellepierre\/wp-content\/uploads\/sites\/78\/2020\/06\/Image-Innovations-et-Num\u00e9riques-1-130x130.png 130w, https:\/\/etab.ac-reunion.fr\/lyc-bellepierre\/wp-content\/uploads\/sites\/78\/2020\/06\/Image-Innovations-et-Num\u00e9riques-1-67x67.png 67w, https:\/\/etab.ac-reunion.fr\/lyc-bellepierre\/wp-content\/uploads\/sites\/78\/2020\/06\/Image-Innovations-et-Num\u00e9riques-1-40x40.png 40w, https:\/\/etab.ac-reunion.fr\/lyc-bellepierre\/wp-content\/uploads\/sites\/78\/2020\/06\/Image-Innovations-et-Num\u00e9riques-1-184x184.png 184w\" sizes=\"auto, (max-width: 516px) 100vw, 516px\" \/><\/figure>\n<\/div>\n\n<div class=\"wp-block-image\">\n<figure class=\"aligncenter size-large\"><img loading=\"lazy\" decoding=\"async\" width=\"1024\" height=\"724\" src=\"https:\/\/etab.ac-reunion.fr\/lyc-bellepierre\/wp-content\/uploads\/sites\/78\/2020\/06\/2-2-1024x724.png\" alt=\"\" class=\"wp-image-3043\" srcset=\"https:\/\/etab.ac-reunion.fr\/lyc-bellepierre\/wp-content\/uploads\/sites\/78\/2020\/06\/2-2-1024x724.png 1024w, https:\/\/etab.ac-reunion.fr\/lyc-bellepierre\/wp-content\/uploads\/sites\/78\/2020\/06\/2-2-512x362.png 512w, https:\/\/etab.ac-reunion.fr\/lyc-bellepierre\/wp-content\/uploads\/sites\/78\/2020\/06\/2-2-768x543.png 768w, https:\/\/etab.ac-reunion.fr\/lyc-bellepierre\/wp-content\/uploads\/sites\/78\/2020\/06\/2-2-1536x1086.png 1536w, https:\/\/etab.ac-reunion.fr\/lyc-bellepierre\/wp-content\/uploads\/sites\/78\/2020\/06\/2-2.png 2000w\" sizes=\"auto, (max-width: 1024px) 100vw, 1024px\" \/><\/figure>\n<\/div>\n\n\n<figure class=\"wp-block-gallery has-nested-images columns-default wp-block-gallery-2 is-layout-flex wp-block-gallery-is-layout-flex\">\n<figure class=\"wp-block-image size-medium\"><a href=\"https:\/\/etab.ac-reunion.fr\/lyc-bellepierre\/wp-content\/uploads\/sites\/78\/2020\/06\/3-2.png\"><img loading=\"lazy\" decoding=\"async\" width=\"512\" height=\"362\" data-id=\"3044\" src=\"https:\/\/etab.ac-reunion.fr\/lyc-bellepierre\/wp-content\/uploads\/sites\/78\/2020\/06\/3-2-512x362.png\" alt=\"\" class=\"wp-image-3044\" srcset=\"https:\/\/etab.ac-reunion.fr\/lyc-bellepierre\/wp-content\/uploads\/sites\/78\/2020\/06\/3-2-512x362.png 512w, https:\/\/etab.ac-reunion.fr\/lyc-bellepierre\/wp-content\/uploads\/sites\/78\/2020\/06\/3-2-1024x724.png 1024w, https:\/\/etab.ac-reunion.fr\/lyc-bellepierre\/wp-content\/uploads\/sites\/78\/2020\/06\/3-2-768x543.png 768w, https:\/\/etab.ac-reunion.fr\/lyc-bellepierre\/wp-content\/uploads\/sites\/78\/2020\/06\/3-2-1536x1086.png 1536w, https:\/\/etab.ac-reunion.fr\/lyc-bellepierre\/wp-content\/uploads\/sites\/78\/2020\/06\/3-2.png 2000w\" sizes=\"auto, (max-width: 512px) 100vw, 512px\" \/><\/a><\/figure>\n\n\n\n<figure class=\"wp-block-image size-medium\"><a href=\"https:\/\/etab.ac-reunion.fr\/lyc-bellepierre\/wp-content\/uploads\/sites\/78\/2020\/06\/4-2.png\"><img loading=\"lazy\" decoding=\"async\" width=\"512\" height=\"362\" data-id=\"3045\" src=\"https:\/\/etab.ac-reunion.fr\/lyc-bellepierre\/wp-content\/uploads\/sites\/78\/2020\/06\/4-2-512x362.png\" alt=\"\" class=\"wp-image-3045\" srcset=\"https:\/\/etab.ac-reunion.fr\/lyc-bellepierre\/wp-content\/uploads\/sites\/78\/2020\/06\/4-2-512x362.png 512w, https:\/\/etab.ac-reunion.fr\/lyc-bellepierre\/wp-content\/uploads\/sites\/78\/2020\/06\/4-2-1024x724.png 1024w, https:\/\/etab.ac-reunion.fr\/lyc-bellepierre\/wp-content\/uploads\/sites\/78\/2020\/06\/4-2-768x543.png 768w, https:\/\/etab.ac-reunion.fr\/lyc-bellepierre\/wp-content\/uploads\/sites\/78\/2020\/06\/4-2-1536x1086.png 1536w, https:\/\/etab.ac-reunion.fr\/lyc-bellepierre\/wp-content\/uploads\/sites\/78\/2020\/06\/4-2.png 2000w\" sizes=\"auto, (max-width: 512px) 100vw, 512px\" \/><\/a><\/figure>\n\n\n\n<figure class=\"wp-block-image size-medium\"><a href=\"https:\/\/etab.ac-reunion.fr\/lyc-bellepierre\/wp-content\/uploads\/sites\/78\/2020\/06\/5-2.png\"><img loading=\"lazy\" decoding=\"async\" width=\"512\" height=\"362\" data-id=\"3046\" src=\"https:\/\/etab.ac-reunion.fr\/lyc-bellepierre\/wp-content\/uploads\/sites\/78\/2020\/06\/5-2-512x362.png\" alt=\"\" class=\"wp-image-3046\" srcset=\"https:\/\/etab.ac-reunion.fr\/lyc-bellepierre\/wp-content\/uploads\/sites\/78\/2020\/06\/5-2-512x362.png 512w, https:\/\/etab.ac-reunion.fr\/lyc-bellepierre\/wp-content\/uploads\/sites\/78\/2020\/06\/5-2-1024x724.png 1024w, https:\/\/etab.ac-reunion.fr\/lyc-bellepierre\/wp-content\/uploads\/sites\/78\/2020\/06\/5-2-768x543.png 768w, https:\/\/etab.ac-reunion.fr\/lyc-bellepierre\/wp-content\/uploads\/sites\/78\/2020\/06\/5-2-1536x1086.png 1536w, https:\/\/etab.ac-reunion.fr\/lyc-bellepierre\/wp-content\/uploads\/sites\/78\/2020\/06\/5-2.png 2000w\" sizes=\"auto, (max-width: 512px) 100vw, 512px\" \/><\/a><\/figure>\n\n\n\n<figure class=\"wp-block-image size-medium\"><a href=\"https:\/\/etab.ac-reunion.fr\/lyc-bellepierre\/wp-content\/uploads\/sites\/78\/2020\/06\/6-2.png\"><img loading=\"lazy\" decoding=\"async\" width=\"512\" height=\"362\" data-id=\"3047\" src=\"https:\/\/etab.ac-reunion.fr\/lyc-bellepierre\/wp-content\/uploads\/sites\/78\/2020\/06\/6-2-512x362.png\" alt=\"\" class=\"wp-image-3047\" srcset=\"https:\/\/etab.ac-reunion.fr\/lyc-bellepierre\/wp-content\/uploads\/sites\/78\/2020\/06\/6-2-512x362.png 512w, https:\/\/etab.ac-reunion.fr\/lyc-bellepierre\/wp-content\/uploads\/sites\/78\/2020\/06\/6-2-1024x724.png 1024w, https:\/\/etab.ac-reunion.fr\/lyc-bellepierre\/wp-content\/uploads\/sites\/78\/2020\/06\/6-2-768x543.png 768w, https:\/\/etab.ac-reunion.fr\/lyc-bellepierre\/wp-content\/uploads\/sites\/78\/2020\/06\/6-2-1536x1086.png 1536w, https:\/\/etab.ac-reunion.fr\/lyc-bellepierre\/wp-content\/uploads\/sites\/78\/2020\/06\/6-2.png 2000w\" sizes=\"auto, (max-width: 512px) 100vw, 512px\" \/><\/a><\/figure>\n\n\n\n<figure class=\"wp-block-image size-medium\"><a href=\"https:\/\/etab.ac-reunion.fr\/lyc-bellepierre\/wp-content\/uploads\/sites\/78\/2020\/06\/7-2.png\"><img loading=\"lazy\" decoding=\"async\" width=\"512\" height=\"362\" data-id=\"3049\" src=\"https:\/\/etab.ac-reunion.fr\/lyc-bellepierre\/wp-content\/uploads\/sites\/78\/2020\/06\/7-2-512x362.png\" alt=\"\" class=\"wp-image-3049\" srcset=\"https:\/\/etab.ac-reunion.fr\/lyc-bellepierre\/wp-content\/uploads\/sites\/78\/2020\/06\/7-2-512x362.png 512w, https:\/\/etab.ac-reunion.fr\/lyc-bellepierre\/wp-content\/uploads\/sites\/78\/2020\/06\/7-2-1024x724.png 1024w, https:\/\/etab.ac-reunion.fr\/lyc-bellepierre\/wp-content\/uploads\/sites\/78\/2020\/06\/7-2-768x543.png 768w, https:\/\/etab.ac-reunion.fr\/lyc-bellepierre\/wp-content\/uploads\/sites\/78\/2020\/06\/7-2-1536x1086.png 1536w, https:\/\/etab.ac-reunion.fr\/lyc-bellepierre\/wp-content\/uploads\/sites\/78\/2020\/06\/7-2.png 2000w\" sizes=\"auto, (max-width: 512px) 100vw, 512px\" \/><\/a><\/figure>\n\n\n\n<figure class=\"wp-block-image size-medium\"><a href=\"https:\/\/etab.ac-reunion.fr\/lyc-bellepierre\/wp-content\/uploads\/sites\/78\/2020\/06\/8-2.png\"><img loading=\"lazy\" decoding=\"async\" width=\"512\" height=\"362\" data-id=\"3050\" src=\"https:\/\/etab.ac-reunion.fr\/lyc-bellepierre\/wp-content\/uploads\/sites\/78\/2020\/06\/8-2-512x362.png\" alt=\"\" class=\"wp-image-3050\" srcset=\"https:\/\/etab.ac-reunion.fr\/lyc-bellepierre\/wp-content\/uploads\/sites\/78\/2020\/06\/8-2-512x362.png 512w, https:\/\/etab.ac-reunion.fr\/lyc-bellepierre\/wp-content\/uploads\/sites\/78\/2020\/06\/8-2-1024x724.png 1024w, https:\/\/etab.ac-reunion.fr\/lyc-bellepierre\/wp-content\/uploads\/sites\/78\/2020\/06\/8-2-768x543.png 768w, https:\/\/etab.ac-reunion.fr\/lyc-bellepierre\/wp-content\/uploads\/sites\/78\/2020\/06\/8-2-1536x1086.png 1536w, https:\/\/etab.ac-reunion.fr\/lyc-bellepierre\/wp-content\/uploads\/sites\/78\/2020\/06\/8-2.png 2000w\" sizes=\"auto, (max-width: 512px) 100vw, 512px\" \/><\/a><\/figure>\n<figcaption class=\"blocks-gallery-caption wp-element-caption\">Les projets existants autour du num\u00e9rique<\/figcaption><\/figure>\n\n\n\n<figure class=\"wp-block-image size-large\"><img loading=\"lazy\" decoding=\"async\" width=\"1024\" height=\"724\" src=\"https:\/\/etab.ac-reunion.fr\/lyc-bellepierre\/wp-content\/uploads\/sites\/78\/2020\/06\/27-1-1024x724.png\" alt=\"\" class=\"wp-image-3054\" srcset=\"https:\/\/etab.ac-reunion.fr\/lyc-bellepierre\/wp-content\/uploads\/sites\/78\/2020\/06\/27-1-1024x724.png 1024w, https:\/\/etab.ac-reunion.fr\/lyc-bellepierre\/wp-content\/uploads\/sites\/78\/2020\/06\/27-1-512x362.png 512w, https:\/\/etab.ac-reunion.fr\/lyc-bellepierre\/wp-content\/uploads\/sites\/78\/2020\/06\/27-1-768x543.png 768w, https:\/\/etab.ac-reunion.fr\/lyc-bellepierre\/wp-content\/uploads\/sites\/78\/2020\/06\/27-1-1536x1086.png 1536w, https:\/\/etab.ac-reunion.fr\/lyc-bellepierre\/wp-content\/uploads\/sites\/78\/2020\/06\/27-1.png 2000w\" sizes=\"auto, (max-width: 1024px) 100vw, 1024px\" \/><\/figure>\n\n\n\n<p>Ce projet a \u00e9t\u00e9 men\u00e9 pendant deux ann\u00e9es (2020-2022) et a donn\u00e9 lieu \u00e0 19 mobilit\u00e9s de personnels enseignants et non enseignants. Ce projet a eu diff\u00e9rents impacts sur les participants et l&rsquo;\u00e9tablissement d&rsquo;une part, et d&rsquo;autre part sur les \u00e9l\u00e8ves qui ont pu profiter des apports acquis en mobilit\u00e9s \u00e0 travers des ateliers, activit\u00e9s et projets men\u00e9s en classe.<\/p>\n\n\n<div class=\"wp-block-image\">\n<figure class=\"aligncenter size-large\"><img loading=\"lazy\" decoding=\"async\" width=\"1024\" height=\"744\" src=\"https:\/\/etab.ac-reunion.fr\/lyc-bellepierre\/wp-content\/uploads\/sites\/78\/2023\/02\/bilan-du-projet-1024x744.png\" alt=\"\" class=\"wp-image-6671\" srcset=\"https:\/\/etab.ac-reunion.fr\/lyc-bellepierre\/wp-content\/uploads\/sites\/78\/2023\/02\/bilan-du-projet-1024x744.png 1024w, https:\/\/etab.ac-reunion.fr\/lyc-bellepierre\/wp-content\/uploads\/sites\/78\/2023\/02\/bilan-du-projet-512x372.png 512w, https:\/\/etab.ac-reunion.fr\/lyc-bellepierre\/wp-content\/uploads\/sites\/78\/2023\/02\/bilan-du-projet-768x558.png 768w, https:\/\/etab.ac-reunion.fr\/lyc-bellepierre\/wp-content\/uploads\/sites\/78\/2023\/02\/bilan-du-projet.png 1260w\" sizes=\"auto, (max-width: 1024px) 100vw, 1024px\" \/><\/figure>\n<\/div>\n\n\n<p class=\"has-text-align-center\"><a href=\"https:\/\/www.canva.com\/design\/DAFZa0_Qs9I\/Kq6CyIycgjNSoc69zEC6EA\/view#1\">https:\/\/www.canva.com\/design\/DAFZa0_Qs9I\/Kq6CyIycgjNSoc69zEC6EA\/view#1<\/a><\/p>\n\n\n\n<figure class=\"wp-block-image size-large\"><img loading=\"lazy\" decoding=\"async\" width=\"1024\" height=\"564\" src=\"https:\/\/etab.ac-reunion.fr\/lyc-bellepierre\/wp-content\/uploads\/sites\/78\/2023\/02\/bilan-du-projet-1-1024x564.png\" alt=\"\" class=\"wp-image-6672\" srcset=\"https:\/\/etab.ac-reunion.fr\/lyc-bellepierre\/wp-content\/uploads\/sites\/78\/2023\/02\/bilan-du-projet-1-1024x564.png 1024w, https:\/\/etab.ac-reunion.fr\/lyc-bellepierre\/wp-content\/uploads\/sites\/78\/2023\/02\/bilan-du-projet-1-512x282.png 512w, https:\/\/etab.ac-reunion.fr\/lyc-bellepierre\/wp-content\/uploads\/sites\/78\/2023\/02\/bilan-du-projet-1-768x423.png 768w, https:\/\/etab.ac-reunion.fr\/lyc-bellepierre\/wp-content\/uploads\/sites\/78\/2023\/02\/bilan-du-projet-1.png 1384w\" sizes=\"auto, (max-width: 1024px) 100vw, 1024px\" \/><figcaption class=\"wp-element-caption\"><a href=\"https:\/\/www.canva.com\/design\/DAFRYYRe4bE\/MtPBwnzYFzcg9n8OJi1yBg\/view#1\" data-type=\"URL\" data-id=\"https:\/\/www.canva.com\/design\/DAFRYYRe4bE\/MtPBwnzYFzcg9n8OJi1yBg\/view#1\">https:\/\/www.canva.com\/design\/DAFRYYRe4bE\/MtPBwnzYFzcg9n8OJi1yBg\/view#1<\/a><\/figcaption><\/figure>\n\n\n\n<p class=\"has-text-align-center\"><a href=\"https:\/\/www.pictramap.com\/app\/view?p=619982\">https:\/\/www.pictramap.com\/app\/view?p=619982<\/a><\/p>\n\n\n<div class=\"wp-block-image\">\n<figure class=\"aligncenter size-large\"><img loading=\"lazy\" decoding=\"async\" width=\"1024\" height=\"473\" src=\"https:\/\/etab.ac-reunion.fr\/lyc-bellepierre\/wp-content\/uploads\/sites\/78\/2023\/02\/bilan-du-projet-2-1024x473.png\" alt=\"\" class=\"wp-image-6673\" srcset=\"https:\/\/etab.ac-reunion.fr\/lyc-bellepierre\/wp-content\/uploads\/sites\/78\/2023\/02\/bilan-du-projet-2-1024x473.png 1024w, https:\/\/etab.ac-reunion.fr\/lyc-bellepierre\/wp-content\/uploads\/sites\/78\/2023\/02\/bilan-du-projet-2-512x236.png 512w, https:\/\/etab.ac-reunion.fr\/lyc-bellepierre\/wp-content\/uploads\/sites\/78\/2023\/02\/bilan-du-projet-2-768x354.png 768w, https:\/\/etab.ac-reunion.fr\/lyc-bellepierre\/wp-content\/uploads\/sites\/78\/2023\/02\/bilan-du-projet-2-1536x709.png 1536w, https:\/\/etab.ac-reunion.fr\/lyc-bellepierre\/wp-content\/uploads\/sites\/78\/2023\/02\/bilan-du-projet-2.png 1586w\" sizes=\"auto, (max-width: 1024px) 100vw, 1024px\" \/><figcaption class=\"wp-element-caption\">Vid\u00e9o anim\u00e9e du projet<\/figcaption><\/figure>\n<\/div>\n\n\n<p class=\"has-text-align-center\">Vous trouverez <a href=\"https:\/\/erasmus-plus.ec.europa.eu\/projects\/search\/details\/2020-1-FR01-KA101-079513\">ici<\/a> le lien vers la page des r\u00e9sultats de ce projet (en anglais)<\/p>\n<!-- AddThis Advanced Settings generic via filter on the_content --><!-- AddThis Share Buttons generic via filter on the_content -->","protected":false},"excerpt":{"rendered":"<p>Ce projet a \u00e9t\u00e9 men\u00e9 pendant deux ann\u00e9es (2020-2022) et a donn\u00e9 lieu \u00e0 19 mobilit\u00e9s de personnels enseignants et non enseignants. Ce projet a eu diff\u00e9rents impacts sur les participants et l&rsquo;\u00e9tablissement d&rsquo;une part, et d&rsquo;autre part sur les \u00e9l\u00e8ves qui ont pu profiter des apports acquis en mobilit\u00e9s \u00e0 travers des ateliers, activit\u00e9s [&hellip;]<!-- AddThis Advanced Settings generic via filter on get_the_excerpt --><!-- AddThis Share Buttons generic via filter on get_the_excerpt --><\/p>\n","protected":false},"author":23654,"featured_media":0,"parent":1945,"menu_order":0,"comment_status":"closed","ping_status":"closed","template":"","meta":{"footnotes":""},"class_list":["post-2927","page","type-page","status-publish","hentry"],"_links":{"self":[{"href":"https:\/\/etab.ac-reunion.fr\/lyc-bellepierre\/wp-json\/wp\/v2\/pages\/2927","targetHints":{"allow":["GET"]}}],"collection":[{"href":"https:\/\/etab.ac-reunion.fr\/lyc-bellepierre\/wp-json\/wp\/v2\/pages"}],"about":[{"href":"https:\/\/etab.ac-reunion.fr\/lyc-bellepierre\/wp-json\/wp\/v2\/types\/page"}],"author":[{"embeddable":true,"href":"https:\/\/etab.ac-reunion.fr\/lyc-bellepierre\/wp-json\/wp\/v2\/users\/23654"}],"replies":[{"embeddable":true,"href":"https:\/\/etab.ac-reunion.fr\/lyc-bellepierre\/wp-json\/wp\/v2\/comments?post=2927"}],"version-history":[{"count":9,"href":"https:\/\/etab.ac-reunion.fr\/lyc-bellepierre\/wp-json\/wp\/v2\/pages\/2927\/revisions"}],"predecessor-version":[{"id":6677,"href":"https:\/\/etab.ac-reunion.fr\/lyc-bellepierre\/wp-json\/wp\/v2\/pages\/2927\/revisions\/6677"}],"up":[{"embeddable":true,"href":"https:\/\/etab.ac-reunion.fr\/lyc-bellepierre\/wp-json\/wp\/v2\/pages\/1945"}],"wp:attachment":[{"href":"https:\/\/etab.ac-reunion.fr\/lyc-bellepierre\/wp-json\/wp\/v2\/media?parent=2927"}],"curies":[{"name":"wp","href":"https:\/\/api.w.org\/{rel}","templated":true}]}}