{"id":3172,"date":"2020-10-13T11:02:48","date_gmt":"2020-10-13T07:02:48","guid":{"rendered":"http:\/\/lycee-bellepierre.ac-reunion.fr\/?page_id=3172"},"modified":"2020-10-13T11:02:49","modified_gmt":"2020-10-13T07:02:49","slug":"parcoursup-2020-rapport-public","status":"publish","type":"page","link":"https:\/\/etab.ac-reunion.fr\/lyc-bellepierre\/parcoursup-2020-rapport-public\/","title":{"rendered":"Parcoursup 2020 &#8211; Rapport Public"},"content":{"rendered":"\n<div style=\"height:50px\" aria-hidden=\"true\" class=\"wp-block-spacer\"><\/div>\n\n\n\n<p class=\"has-normal-font-size\">A l&rsquo;issu de la proc\u00e9dure nationale de pr\u00e9inscription, chaque \u00e9tablissement porteur d&rsquo;un formation inscrite sur la plateforme Parcoursup, se doit d&rsquo;\u00e9laborer et de publier un rapport pr\u00e9cisant, dans le respect de la vie priv\u00e9e des candidats, les crit\u00e8res en fonction desquels les candidatures ont \u00e9t\u00e9 examin\u00e9es et, le cas \u00e9ch\u00e9ant, dans quelle mesure des traitements algorithmiques ont \u00e9t\u00e9 utilis\u00e9s pour pr\u00e9c\u00e9der \u00e0 cet examen.<\/p>\n\n\n\n<p class=\"has-normal-font-size\">A ce titre, le lyc\u00e9e Bellepierre met \u00e0 votre disposition pour chacune de nos sections de BTS ou nos classes pr\u00e9paratoires un rapport public dans lequel vous trouverez les \u00e9l\u00e9ments suivants :  <\/p>\n\n\n\n<ul class=\"wp-block-list\"><li><strong>Les donn\u00e9es de la proc\u00e9dure ;<\/strong><\/li><li><strong>Le rappel des caract\u00e9ristiques de la formation ;<\/strong><\/li><li><strong>les modalit\u00e9s d&rsquo;examen des v\u0153ux ;<\/strong><\/li><li><strong>Les conseils aux candidats ;<\/strong><\/li><li><strong>Le tableau synoptique ;<\/strong><\/li><\/ul>\n\n\n\n<div style=\"height:50px\" aria-hidden=\"true\" class=\"wp-block-spacer\"><\/div>\n\n\n\n<h4 class=\"has-luminous-vivid-orange-color has-text-color wp-block-heading\">Rapports public des sections de BTS du lyc\u00e9e :<\/h4>\n\n\n\n<hr class=\"wp-block-separator\" \/>\n\n\n\n<div class=\"wp-block-group\"><div class=\"wp-block-group__inner-container is-layout-flow wp-block-group-is-layout-flow\">\n<div class=\"wp-block-columns are-vertically-aligned-center is-layout-flex wp-container-core-columns-is-layout-9d6595d7 wp-block-columns-is-layout-flex\">\n<div class=\"wp-block-column is-vertically-aligned-center is-layout-flow wp-block-column-is-layout-flow\">\n<p class=\"has-normal-font-size\"><strong>Rapport Public<\/strong> <strong>BTS CGO :<\/strong> <\/p>\n<\/div>\n\n\n\n<div class=\"wp-block-column is-vertically-aligned-center is-layout-flow wp-block-column-is-layout-flow\">\n<div class=\"wp-block-file\"><a href=\"https:\/\/etab.ac-reunion.fr\/lyc-bellepierre\/wp-content\/uploads\/sites\/78\/2020\/10\/rapport_public_CG.pdf\" class=\"wp-block-file__button\" download>T\u00e9l\u00e9charger<\/a><\/div>\n<\/div>\n<\/div>\n<\/div><\/div>\n\n\n\n<div class=\"wp-block-group\"><div class=\"wp-block-group__inner-container is-layout-flow wp-block-group-is-layout-flow\">\n<div class=\"wp-block-columns is-layout-flex wp-container-core-columns-is-layout-9d6595d7 wp-block-columns-is-layout-flex\">\n<div class=\"wp-block-column is-layout-flow wp-block-column-is-layout-flow\">\n<p class=\"has-text-align-left has-normal-font-size\"><strong>Rapport Public du BTS SAM : <\/strong><\/p>\n<\/div>\n\n\n\n<div class=\"wp-block-column is-layout-flow wp-block-column-is-layout-flow\">\n<div class=\"wp-block-file\"><a href=\"https:\/\/etab.ac-reunion.fr\/lyc-bellepierre\/wp-content\/uploads\/sites\/78\/2020\/10\/rapport_public_SAM.pdf\" class=\"wp-block-file__button\" download>T\u00e9l\u00e9charger<\/a><\/div>\n<\/div>\n<\/div>\n<\/div><\/div>\n\n\n\n<div class=\"wp-block-columns is-layout-flex wp-container-core-columns-is-layout-9d6595d7 wp-block-columns-is-layout-flex\">\n<div class=\"wp-block-column is-layout-flow wp-block-column-is-layout-flow\">\n<p class=\"has-normal-font-size\"><strong>Rapport Public du<\/strong> <strong>BTS GPME : <\/strong><\/p>\n<\/div>\n\n\n\n<div class=\"wp-block-column is-layout-flow wp-block-column-is-layout-flow\">\n<div class=\"wp-block-file\"><a href=\"https:\/\/etab.ac-reunion.fr\/lyc-bellepierre\/wp-content\/uploads\/sites\/78\/2020\/10\/rapport_public_GPME.pdf\" class=\"wp-block-file__button\" download>T\u00e9l\u00e9charger<\/a><\/div>\n<\/div>\n<\/div>\n\n\n\n<div class=\"wp-block-columns is-layout-flex wp-container-core-columns-is-layout-9d6595d7 wp-block-columns-is-layout-flex\">\n<div class=\"wp-block-column is-layout-flow wp-block-column-is-layout-flow\">\n<p class=\"has-normal-font-size\"><strong><strong>Rapport Public du<\/strong><\/strong> <strong>BTS SIO : <\/strong><\/p>\n<\/div>\n\n\n\n<div class=\"wp-block-column is-layout-flow wp-block-column-is-layout-flow\">\n<div class=\"wp-block-file\"><a href=\"https:\/\/etab.ac-reunion.fr\/lyc-bellepierre\/wp-content\/uploads\/sites\/78\/2020\/10\/rapport_public_SIO.pdf\" class=\"wp-block-file__button\" download>T\u00e9l\u00e9charger<\/a><\/div>\n<\/div>\n<\/div>\n\n\n\n<div style=\"height:50px\" aria-hidden=\"true\" class=\"wp-block-spacer\"><\/div>\n\n\n\n<h4 class=\"has-luminous-vivid-orange-color has-text-color wp-block-heading\">Rapports public des classes Pr\u00e9pa du lyc\u00e9e :<\/h4>\n\n\n\n<hr class=\"wp-block-separator\" \/>\n\n\n\n<div class=\"wp-block-columns is-layout-flex wp-container-core-columns-is-layout-9d6595d7 wp-block-columns-is-layout-flex\">\n<div class=\"wp-block-column is-vertically-aligned-center is-layout-flow wp-block-column-is-layout-flow\">\n<p class=\"has-normal-font-size\"><strong>Rapport Public de la Pr\u00e9pa B\/L : <\/strong><\/p>\n<\/div>\n\n\n\n<div class=\"wp-block-column is-layout-flow wp-block-column-is-layout-flow\">\n<div class=\"wp-block-file\"><a href=\"https:\/\/etab.ac-reunion.fr\/lyc-bellepierre\/wp-content\/uploads\/sites\/78\/2020\/10\/rapport_public_BL.pdf\" class=\"wp-block-file__button\" download>T\u00e9l\u00e9charger<\/a><\/div>\n<\/div>\n<\/div>\n\n\n\n<div class=\"wp-block-columns is-layout-flex wp-container-core-columns-is-layout-9d6595d7 wp-block-columns-is-layout-flex\">\n<div class=\"wp-block-column is-layout-flow wp-block-column-is-layout-flow\">\n<p class=\"has-normal-font-size\"><strong>Rapport Public de la Pr\u00e9pa CPGE &#8211; ECE<\/strong> : <\/p>\n<\/div>\n\n\n\n<div class=\"wp-block-column is-layout-flow wp-block-column-is-layout-flow\">\n<div class=\"wp-block-file\"><a href=\"https:\/\/etab.ac-reunion.fr\/lyc-bellepierre\/wp-content\/uploads\/sites\/78\/2020\/10\/rapport_public_ECE.pdf\" class=\"wp-block-file__button\" download>T\u00e9l\u00e9charger<\/a><\/div>\n<\/div>\n<\/div>\n\n\n\n<div class=\"wp-block-columns is-layout-flex wp-container-core-columns-is-layout-9d6595d7 wp-block-columns-is-layout-flex\">\n<div class=\"wp-block-column is-layout-flow wp-block-column-is-layout-flow\">\n<p class=\"has-normal-font-size\"><strong>Rapport Public de la Pr\u00e9pa CPGE &#8211; ECS :<\/strong> <\/p>\n<\/div>\n\n\n\n<div class=\"wp-block-column is-layout-flow wp-block-column-is-layout-flow\">\n<div class=\"wp-block-file\"><a href=\"https:\/\/etab.ac-reunion.fr\/lyc-bellepierre\/wp-content\/uploads\/sites\/78\/2020\/10\/rapport_public_ECS.pdf\" class=\"wp-block-file__button\" download>T\u00e9l\u00e9charger<\/a><\/div>\n<\/div>\n<\/div>\n\n\n\n<div class=\"wp-block-columns is-layout-flex wp-container-core-columns-is-layout-9d6595d7 wp-block-columns-is-layout-flex\">\n<div class=\"wp-block-column is-layout-flow wp-block-column-is-layout-flow\">\n<p class=\"has-normal-font-size\"><strong>Rapport Public de la Pr\u00e9pa CPGE &#8211; ECT :<\/strong><\/p>\n<\/div>\n\n\n\n<div class=\"wp-block-column is-layout-flow wp-block-column-is-layout-flow\">\n<div class=\"wp-block-file\"><a href=\"https:\/\/etab.ac-reunion.fr\/lyc-bellepierre\/wp-content\/uploads\/sites\/78\/2020\/10\/rapport_public_ECT.pdf\" class=\"wp-block-file__button\" download>T\u00e9l\u00e9charger<\/a><\/div>\n<\/div>\n<\/div>\n\n\n\n<p><\/p>\n<!-- AddThis Advanced Settings generic via filter on the_content --><!-- AddThis Share Buttons generic via filter on the_content -->","protected":false},"excerpt":{"rendered":"<p>A l&rsquo;issu de la proc\u00e9dure nationale de pr\u00e9inscription, chaque \u00e9tablissement porteur d&rsquo;un formation inscrite sur la plateforme Parcoursup, se doit d&rsquo;\u00e9laborer et de publier un rapport pr\u00e9cisant, dans le respect de la vie priv\u00e9e des candidats, les crit\u00e8res en fonction desquels les candidatures ont \u00e9t\u00e9 examin\u00e9es et, le cas \u00e9ch\u00e9ant, dans quelle mesure des traitements [&hellip;]<!-- AddThis Advanced Settings generic via filter on get_the_excerpt --><!-- AddThis Share Buttons generic via filter on get_the_excerpt --><\/p>\n","protected":false},"author":19703,"featured_media":0,"parent":0,"menu_order":0,"comment_status":"closed","ping_status":"closed","template":"page-full.php","meta":{"footnotes":""},"class_list":["post-3172","page","type-page","status-publish","hentry"],"_links":{"self":[{"href":"https:\/\/etab.ac-reunion.fr\/lyc-bellepierre\/wp-json\/wp\/v2\/pages\/3172","targetHints":{"allow":["GET"]}}],"collection":[{"href":"https:\/\/etab.ac-reunion.fr\/lyc-bellepierre\/wp-json\/wp\/v2\/pages"}],"about":[{"href":"https:\/\/etab.ac-reunion.fr\/lyc-bellepierre\/wp-json\/wp\/v2\/types\/page"}],"author":[{"embeddable":true,"href":"https:\/\/etab.ac-reunion.fr\/lyc-bellepierre\/wp-json\/wp\/v2\/users\/19703"}],"replies":[{"embeddable":true,"href":"https:\/\/etab.ac-reunion.fr\/lyc-bellepierre\/wp-json\/wp\/v2\/comments?post=3172"}],"version-history":[{"count":38,"href":"https:\/\/etab.ac-reunion.fr\/lyc-bellepierre\/wp-json\/wp\/v2\/pages\/3172\/revisions"}],"predecessor-version":[{"id":3219,"href":"https:\/\/etab.ac-reunion.fr\/lyc-bellepierre\/wp-json\/wp\/v2\/pages\/3172\/revisions\/3219"}],"wp:attachment":[{"href":"https:\/\/etab.ac-reunion.fr\/lyc-bellepierre\/wp-json\/wp\/v2\/media?parent=3172"}],"curies":[{"name":"wp","href":"https:\/\/api.w.org\/{rel}","templated":true}]}}