{"id":3561,"date":"2021-02-10T11:19:14","date_gmt":"2021-02-10T07:19:14","guid":{"rendered":"http:\/\/lycee-bellepierre.ac-reunion.fr\/?page_id=3561"},"modified":"2023-03-13T17:47:23","modified_gmt":"2023-03-13T13:47:23","slug":"la-cpge-ecg","status":"publish","type":"page","link":"https:\/\/etab.ac-reunion.fr\/lyc-bellepierre\/la-cpge-ecg\/","title":{"rendered":"La CPGE Economique et Commerciales voie G\u00e9n\u00e9rale (ECG)"},"content":{"rendered":"\n<div style=\"height:20px\" aria-hidden=\"true\" class=\"wp-block-spacer\"><\/div>\n\n\n\n<hr class=\"wp-block-separator has-css-opacity is-style-wide\" \/>\n\n\n\n<div style=\"height:20px\" aria-hidden=\"true\" class=\"wp-block-spacer\"><\/div>\n\n\n\n<p style=\"font-size:16px\"><strong>La Classe Pr\u00e9paratoire aux Grandes \u00c9coles \u00c9conomiques et Commerciales voie G\u00e9n\u00e9rale (CPGE ECG)<\/strong> est une voie s\u00e9lective \u00e0 laquelle tout bachelier de voie la g\u00e9n\u00e9rale peut postuler. Menant en deux ans aux concours post-pr\u00e9pas de la <a href=\"https:\/\/www.concours-bce.com\/\" target=\"_blank\" rel=\"noreferrer noopener\">BCE <\/a>(Banque Commune d\u2019\u00e9preuves) et d\u2019<a href=\"https:\/\/www.ecricome.org\/\" target=\"_blank\" rel=\"noreferrer noopener\">ECRICOME <\/a>(Concours d&rsquo;\u00e9coles de commerce et de management), la CPGE ECG est la voie royale pour acc\u00e9der aux 25 meilleures \u00e9coles de commerce et de management, toutes reconnues par l\u2019\u00c9tat, d\u00e9livrant un grade de Master et accr\u00e9dit\u00e9es au niveau international.<\/p>\n\n\n\n<div style=\"height:15px\" aria-hidden=\"true\" class=\"wp-block-spacer\"><\/div>\n\n\n\n<hr class=\"wp-block-separator has-alpha-channel-opacity is-style-dots\" \/>\n\n\n\n<div style=\"height:15px\" aria-hidden=\"true\" class=\"wp-block-spacer\"><\/div>\n\n\n\n<p style=\"font-size:16px\"><strong>La CPGE ECG du lyc\u00e9e Bellepierre <\/strong>offre les 4 parcours possibles :<\/p>\n\n\n\n<ul class=\"wp-block-list\">\n<li><em>Math\u00e9matiques Approfondies et \u00c9conomie, Sociologie et Histoire du Monde Contemporain (ESH), <\/em><\/li>\n<\/ul>\n\n\n\n<ul class=\"wp-block-list\">\n<li><em>Math\u00e9matiques Approfondies et Histoire, G\u00e9ographie et G\u00e9opolitique du Monde Contemporain (HGG), <\/em><\/li>\n<\/ul>\n\n\n\n<ul class=\"wp-block-list\">\n<li><em>Math\u00e9matiques Appliqu\u00e9es et \u00c9conomie, Sociologie et Histoire du Monde Contemporain (ESH), <\/em><\/li>\n<\/ul>\n\n\n\n<ul class=\"wp-block-list\">\n<li><em>Math\u00e9matiques Appliqu\u00e9es et Histoire, G\u00e9ographie et G\u00e9opolitique du Monde Contemporain (HGG). <\/em><\/li>\n<\/ul>\n\n\n\n<div style=\"height:15px\" aria-hidden=\"true\" class=\"wp-block-spacer\"><\/div>\n\n\n\n<hr class=\"wp-block-separator has-text-color has-vivid-cyan-blue-color has-alpha-channel-opacity has-vivid-cyan-blue-background-color has-background is-style-dots\" \/>\n\n\n\n<div style=\"height:15px\" aria-hidden=\"true\" class=\"wp-block-spacer\"><\/div>\n\n\n\n<p style=\"font-size:16px\">Elle est gratuite et assure, dans un cadre convivial et un esprit de solidarit\u00e9, une tr\u00e8s large r\u00e9ussite \u00e0 ses \u00e9l\u00e8ves (<strong>95%<\/strong> des candidats sont admis dans l\u2019une des 25 meilleures \u00e9coles, dont plus d\u2019un tiers dans les \u00e9coles du top 11). <\/p>\n\n\n\n<p style=\"font-size:16px\">Elle garantit, de plus, un parcours s\u00e9curis\u00e9 en d\u00e9livrant chaque semestre des ECTS (Syst\u00e8me Europ\u00e9en de Transfert et d\u2019Accumulation de Cr\u00e9dits) ouvrant la possibilit\u00e9 de r\u00e9orientations dans les universit\u00e9s en 2e ou 3e ann\u00e9e de Licence.<\/p>\n\n\n\n<div style=\"height:20px\" aria-hidden=\"true\" class=\"wp-block-spacer\"><\/div>\n\n\n\n<p style=\"font-size:15px\">Pour obtenir toutes les informations d\u00e9taill\u00e9es (enseignements, volumes horaires, d\u00e9bouch\u00e9s), visitez le <strong>site de la CPGE ECG du lyc\u00e9e Bellepierre<\/strong>.<\/p>\n\n\n\n<div style=\"height:16px\" aria-hidden=\"true\" class=\"wp-block-spacer\"><\/div>\n\n\n\n<p class=\"has-text-align-center has-medium-font-size\"><a href=\"https:\/\/ecgbellepierre.wixsite.com\/site\" target=\"_blank\" rel=\"noreferrer noopener\">https:\/\/ecgbellepierre.wixsite.com\/site<\/a><\/p>\n\n\n\n<div style=\"height:20px\" aria-hidden=\"true\" class=\"wp-block-spacer\"><\/div>\n\n\n<div class=\"wp-block-image\">\n<figure class=\"aligncenter size-full\"><a href=\"https:\/\/ecgbellepierre.wixsite.com\/site\" target=\"_blank\" rel=\"noopener\"><img loading=\"lazy\" decoding=\"async\" width=\"240\" height=\"240\" src=\"https:\/\/etab.ac-reunion.fr\/lyc-bellepierre\/wp-content\/uploads\/sites\/78\/2022\/02\/Prepa-ECG_Bellepierre.png\" alt=\"\" class=\"wp-image-5542\" srcset=\"https:\/\/etab.ac-reunion.fr\/lyc-bellepierre\/wp-content\/uploads\/sites\/78\/2022\/02\/Prepa-ECG_Bellepierre.png 240w, https:\/\/etab.ac-reunion.fr\/lyc-bellepierre\/wp-content\/uploads\/sites\/78\/2022\/02\/Prepa-ECG_Bellepierre-150x150.png 150w, https:\/\/etab.ac-reunion.fr\/lyc-bellepierre\/wp-content\/uploads\/sites\/78\/2022\/02\/Prepa-ECG_Bellepierre-200x200.png 200w, https:\/\/etab.ac-reunion.fr\/lyc-bellepierre\/wp-content\/uploads\/sites\/78\/2022\/02\/Prepa-ECG_Bellepierre-130x130.png 130w, https:\/\/etab.ac-reunion.fr\/lyc-bellepierre\/wp-content\/uploads\/sites\/78\/2022\/02\/Prepa-ECG_Bellepierre-67x67.png 67w, https:\/\/etab.ac-reunion.fr\/lyc-bellepierre\/wp-content\/uploads\/sites\/78\/2022\/02\/Prepa-ECG_Bellepierre-40x40.png 40w, https:\/\/etab.ac-reunion.fr\/lyc-bellepierre\/wp-content\/uploads\/sites\/78\/2022\/02\/Prepa-ECG_Bellepierre-184x184.png 184w\" sizes=\"auto, (max-width: 240px) 100vw, 240px\" \/><\/a><\/figure>\n<\/div>\n\n\n<div style=\"height:40px\" aria-hidden=\"true\" class=\"wp-block-spacer\"><\/div>\n\n\n\n<hr class=\"wp-block-separator has-alpha-channel-opacity\" \/>\n\n\n\n<div style=\"height:40px\" aria-hidden=\"true\" class=\"wp-block-spacer\"><\/div>\n<!-- AddThis Advanced Settings generic via filter on the_content --><!-- AddThis Share Buttons generic via filter on the_content -->","protected":false},"excerpt":{"rendered":"<p>La Classe Pr\u00e9paratoire aux Grandes \u00c9coles \u00c9conomiques et Commerciales voie G\u00e9n\u00e9rale (CPGE ECG) est une voie s\u00e9lective \u00e0 laquelle tout bachelier de voie la g\u00e9n\u00e9rale peut postuler. Menant en deux ans aux concours post-pr\u00e9pas de la BCE (Banque Commune d\u2019\u00e9preuves) et d\u2019ECRICOME (Concours d&rsquo;\u00e9coles de commerce et de management), la CPGE ECG est la voie [&hellip;]<!-- AddThis Advanced Settings generic via filter on get_the_excerpt --><!-- AddThis Share Buttons generic via filter on get_the_excerpt --><\/p>\n","protected":false},"author":19703,"featured_media":0,"parent":0,"menu_order":0,"comment_status":"closed","ping_status":"closed","template":"page-full.php","meta":{"footnotes":""},"class_list":["post-3561","page","type-page","status-publish","hentry"],"_links":{"self":[{"href":"https:\/\/etab.ac-reunion.fr\/lyc-bellepierre\/wp-json\/wp\/v2\/pages\/3561","targetHints":{"allow":["GET"]}}],"collection":[{"href":"https:\/\/etab.ac-reunion.fr\/lyc-bellepierre\/wp-json\/wp\/v2\/pages"}],"about":[{"href":"https:\/\/etab.ac-reunion.fr\/lyc-bellepierre\/wp-json\/wp\/v2\/types\/page"}],"author":[{"embeddable":true,"href":"https:\/\/etab.ac-reunion.fr\/lyc-bellepierre\/wp-json\/wp\/v2\/users\/19703"}],"replies":[{"embeddable":true,"href":"https:\/\/etab.ac-reunion.fr\/lyc-bellepierre\/wp-json\/wp\/v2\/comments?post=3561"}],"version-history":[{"count":47,"href":"https:\/\/etab.ac-reunion.fr\/lyc-bellepierre\/wp-json\/wp\/v2\/pages\/3561\/revisions"}],"predecessor-version":[{"id":6864,"href":"https:\/\/etab.ac-reunion.fr\/lyc-bellepierre\/wp-json\/wp\/v2\/pages\/3561\/revisions\/6864"}],"wp:attachment":[{"href":"https:\/\/etab.ac-reunion.fr\/lyc-bellepierre\/wp-json\/wp\/v2\/media?parent=3561"}],"curies":[{"name":"wp","href":"https:\/\/api.w.org\/{rel}","templated":true}]}}