{"id":3604,"date":"2021-02-11T11:18:03","date_gmt":"2021-02-11T07:18:03","guid":{"rendered":"http:\/\/lycee-bellepierre.ac-reunion.fr\/?page_id=3604"},"modified":"2024-10-07T14:00:29","modified_gmt":"2024-10-07T10:00:29","slug":"la-cpge-bl","status":"publish","type":"page","link":"https:\/\/etab.ac-reunion.fr\/lyc-bellepierre\/la-cpge-bl\/","title":{"rendered":"La CPGE Litt\u00e9raires et Sciences Sociales (B\/L)"},"content":{"rendered":"\n<p style=\"font-size:17px\">Tous les \u00e9l\u00e8ves ayant un bac g\u00e9n\u00e9ral peuvent int\u00e9grer la fili\u00e8re B\/L.<\/p>\n\n\n\n<p style=\"font-size:17px\">La fili\u00e8re Lettres et Sciences sociales (ou B\/L) propose la formation pluridisciplinaire ax\u00e9e sur les probl\u00e9matiques contemporaines la plus large des classes pr\u00e9paratoires. Aux fondamentaux des classes pr\u00e9paratoires litt\u00e9raires, elle associe un enseignement exigeant de math\u00e9matiques et de sciences \u00e9conomiques et sociales. Par leurs programmes, les disciplines propos\u00e9es en B\/L entretiennent un savant dialogue, porteur d\u2019une grande culture g\u00e9n\u00e9rale contemporaine.<\/p>\n\n\n\n<p style=\"font-size:17px\">En fin de formation, les \u00e9tudiants disposent d\u2019une vaste culture en lettres comme en sciences humaines et sociales. Ils maitrisent les approches litt\u00e9raires comme les outils n\u00e9cessaires pour poursuivre des \u00e9tudes requ\u00e9rant des outils statistiques et formalis\u00e9s. \u00c0 l\u2019issue de la seconde ann\u00e9e, la banque d\u2019\u00e9preuve B\/L ouvre l\u2019acc\u00e8s aux trois ENS, \u00e0 l\u2019ENSAE, l\u2019ENSAI, aux \u00e9coles de management de la banque Ecricome, \u00e0 la LISS de l\u2019Universit\u00e9 Paris-Dauphine, au CELSA, \u00e0 l\u2019ENSG et enfin \u00e0 quatre \u00e9coles d\u2019ing\u00e9nieurs du GEIDIC.<\/p>\n\n\n\n<p style=\"font-size:17px\">Les \u00e9tudiants peuvent \u00e9galement \u00eatre admis sur concours sp\u00e9cifiques ou sur dossier dans de nombreuses \u00e9coles ou formation s\u00e9lectives :<\/p>\n\n\n\n<ul class=\"wp-block-list\">\n<li style=\"font-size:16px\">Dipl\u00f4mes des ENS (entr\u00e9e en L3 ou en master) ;<\/li>\n\n\n\n<li style=\"font-size:16px\">Cursus universitaires recherch\u00e9s (par exemple la double licence \u00c9conomie G\u00e9ographie de l\u2019Universit\u00e9 Paris I) ; <\/li>\n\n\n\n<li style=\"font-size:16px\">\u00c9coles de management et de commerce dites de la BCE ;<\/li>\n\n\n\n<li style=\"font-size:16px\">Instituts d\u2019Etudes Politiques \u2014 Une convention en cours de n\u00e9gociation avec les IEP de Bordeaux et d\u2019Aix <\/li>\n\n\n\n<li style=\"font-size:16px\">Instituts sup\u00e9rieurs d\u2019interpr\u00e9tariat \u2014 Par convention \u00e0 venir, les \u00e9tudiants de Montaigne se verront faciliter leur poursuite d\u2019\u00e9tudes \u00e0 l\u2019ISIT de Paris.<\/li>\n<\/ul>\n\n\n\n<p style=\"font-size:17px\">Par ailleurs, les anciens \u00e9tudiants de BL connaissent d\u2019excellents r\u00e9sultats aux concours plus avanc\u00e9s de la haute fonction publique, \u00e0 commencer par l\u2019agr\u00e9gation et l\u2019ENA. \u00c0 l\u2019issue des deux ann\u00e9es de pr\u00e9paration, tout \u00e9tudiant s\u00e9rieux et assidu obtient sur proposition du conseil de classe les 120 ECTS n\u00e9cessaires \u00e0 une poursuite d\u2019\u00e9tudes universitaires, en L3 (lettres, langues, sciences humaines et sociales, MASS, sciences \u00e9conomiques, voire droit avec entr\u00e9e en L2). Certaines universit\u00e9s acceptent en Master, sous certaines conditions, les \u00e9tudiants ayant choisi d\u2019effectuer une seconde kh\u00e2gne afin de retenter les concours.<\/p>\n\n\n\n<div style=\"height:28px\" aria-hidden=\"true\" class=\"wp-block-spacer\"><\/div>\n\n\n\n<div class=\"wp-block-buttons is-layout-flex wp-block-buttons-is-layout-flex\">\n<div class=\"wp-block-button\"><a class=\"wp-block-button__link wp-element-button\" href=\"https:\/\/etab.ac-reunion.fr\/lyc-bellepierre\/wp-content\/uploads\/sites\/78\/2024\/10\/BL-Plaquette-2024.pdf\">T\u00e9l\u00e9charger la plaquette de la Pr\u00e9pa BL<\/a><\/div>\n<\/div>\n\n\n\n<div style=\"height:28px\" aria-hidden=\"true\" class=\"wp-block-spacer\"><\/div>\n\n\n\n<p class=\"has-text-align-center\" style=\"font-size:16px\"><a href=\"https:\/\/www.prepasbellepierre.re\">Lien vers le site des Pr\u00e9pas du lyc\u00e9e Marguerite JAUZELON<\/a><\/p>\n\n\n\n<div style=\"height:28px\" aria-hidden=\"true\" class=\"wp-block-spacer\"><\/div>\n\n\n\n<hr class=\"wp-block-separator has-css-opacity\" \/>\n\n\n\n<div style=\"height:28px\" aria-hidden=\"true\" class=\"wp-block-spacer\"><\/div>\n\n\n\n<div style=\"height:28px\" aria-hidden=\"true\" class=\"wp-block-spacer\"><\/div>\n<!-- AddThis Advanced Settings generic via filter on the_content --><!-- AddThis Share Buttons generic via filter on the_content -->","protected":false},"excerpt":{"rendered":"<p>Tous les \u00e9l\u00e8ves ayant un bac g\u00e9n\u00e9ral peuvent int\u00e9grer la fili\u00e8re B\/L. La fili\u00e8re Lettres et Sciences sociales (ou B\/L) propose la formation pluridisciplinaire ax\u00e9e sur les probl\u00e9matiques contemporaines la plus large des classes pr\u00e9paratoires. Aux fondamentaux des classes pr\u00e9paratoires litt\u00e9raires, elle associe un enseignement exigeant de math\u00e9matiques et de sciences \u00e9conomiques et sociales. Par [&hellip;]<!-- AddThis Advanced Settings generic via filter on get_the_excerpt --><!-- AddThis Share Buttons generic via filter on get_the_excerpt --><\/p>\n","protected":false},"author":19703,"featured_media":0,"parent":0,"menu_order":0,"comment_status":"closed","ping_status":"closed","template":"page-full.php","meta":{"footnotes":""},"class_list":["post-3604","page","type-page","status-publish","hentry"],"_links":{"self":[{"href":"https:\/\/etab.ac-reunion.fr\/lyc-bellepierre\/wp-json\/wp\/v2\/pages\/3604","targetHints":{"allow":["GET"]}}],"collection":[{"href":"https:\/\/etab.ac-reunion.fr\/lyc-bellepierre\/wp-json\/wp\/v2\/pages"}],"about":[{"href":"https:\/\/etab.ac-reunion.fr\/lyc-bellepierre\/wp-json\/wp\/v2\/types\/page"}],"author":[{"embeddable":true,"href":"https:\/\/etab.ac-reunion.fr\/lyc-bellepierre\/wp-json\/wp\/v2\/users\/19703"}],"replies":[{"embeddable":true,"href":"https:\/\/etab.ac-reunion.fr\/lyc-bellepierre\/wp-json\/wp\/v2\/comments?post=3604"}],"version-history":[{"count":16,"href":"https:\/\/etab.ac-reunion.fr\/lyc-bellepierre\/wp-json\/wp\/v2\/pages\/3604\/revisions"}],"predecessor-version":[{"id":8475,"href":"https:\/\/etab.ac-reunion.fr\/lyc-bellepierre\/wp-json\/wp\/v2\/pages\/3604\/revisions\/8475"}],"wp:attachment":[{"href":"https:\/\/etab.ac-reunion.fr\/lyc-bellepierre\/wp-json\/wp\/v2\/media?parent=3604"}],"curies":[{"name":"wp","href":"https:\/\/api.w.org\/{rel}","templated":true}]}}