{"id":4020,"date":"2021-04-07T17:36:18","date_gmt":"2021-04-07T13:36:18","guid":{"rendered":"http:\/\/lycee-bellepierre.ac-reunion.fr\/?page_id=4020"},"modified":"2023-03-13T18:44:03","modified_gmt":"2023-03-13T14:44:03","slug":"articles-de-la-section-europeenne-anglais-de-bellepierre","status":"publish","type":"page","link":"https:\/\/etab.ac-reunion.fr\/lyc-bellepierre\/articles-de-la-section-europeenne-anglais-de-bellepierre\/","title":{"rendered":"Articles de la LLCE Anglais"},"content":{"rendered":"\n<div style=\"height:20px\" aria-hidden=\"true\" class=\"wp-block-spacer\"><\/div>\n\n\n\n<hr class=\"wp-block-separator has-alpha-channel-opacity is-style-wide\" \/>\n\n\n\n<div style=\"height:20px\" aria-hidden=\"true\" class=\"wp-block-spacer\"><\/div>\n\n\n<div class=\"wp-block-image\">\n<figure class=\"aligncenter size-full\"><img loading=\"lazy\" decoding=\"async\" width=\"640\" height=\"373\" src=\"https:\/\/etab.ac-reunion.fr\/lyc-bellepierre\/wp-content\/uploads\/sites\/78\/2023\/03\/LLCE-Anglais.jpg\" alt=\"\" class=\"wp-image-6884\" srcset=\"https:\/\/etab.ac-reunion.fr\/lyc-bellepierre\/wp-content\/uploads\/sites\/78\/2023\/03\/LLCE-Anglais.jpg 640w, https:\/\/etab.ac-reunion.fr\/lyc-bellepierre\/wp-content\/uploads\/sites\/78\/2023\/03\/LLCE-Anglais-512x298.jpg 512w, https:\/\/etab.ac-reunion.fr\/lyc-bellepierre\/wp-content\/uploads\/sites\/78\/2023\/03\/LLCE-Anglais-95x54.jpg 95w\" sizes=\"auto, (max-width: 640px) 100vw, 640px\" \/><figcaption class=\"wp-element-caption\"><strong>LLCE Anglais<\/strong><\/figcaption><\/figure>\n<\/div>\n\n\n<blockquote class=\"wp-block-quote is-layout-flow wp-block-quote-is-layout-flow\">\n<p class=\"has-medium-font-size\"><strong><em>Vous trouverez ci-dessous les articles \u00e9dit\u00e9s par les \u00e9l\u00e8ves de la section europ\u00e9enne Anglais du lyc\u00e9e :<\/em><\/strong><\/p>\n<\/blockquote>\n\n\n\n<div class=\"wp-block-columns is-layout-flex wp-container-core-columns-is-layout-9d6595d7 wp-block-columns-is-layout-flex\">\n<div class=\"wp-block-column is-layout-flow wp-block-column-is-layout-flow\" style=\"flex-basis:100%\">\n<div class=\"wp-block-group\"><div class=\"wp-block-group__inner-container is-layout-flow wp-block-group-is-layout-flow\"><ul class=\"wp-block-latest-posts__list is-grid columns-3 has-dates aligncenter wp-block-latest-posts has-small-font-size\"><li><div class=\"wp-block-latest-posts__featured-image\"><a href=\"https:\/\/etab.ac-reunion.fr\/lyc-bellepierre\/ceremonie-de-remise-des-prix-des-2-revues-primees-au-concours-mediatiks-2023\/\" aria-label=\"C\u00e9r\u00e9monie de remise des prix des 2 revues prim\u00e9es au concours M\u00e9diatiks 2023\"><img loading=\"lazy\" decoding=\"async\" width=\"150\" height=\"150\" src=\"https:\/\/etab.ac-reunion.fr\/lyc-bellepierre\/wp-content\/uploads\/sites\/78\/2023\/07\/3-150x150.jpg\" class=\"attachment-thumbnail size-thumbnail wp-post-image\" alt=\"\" style=\"\" srcset=\"https:\/\/etab.ac-reunion.fr\/lyc-bellepierre\/wp-content\/uploads\/sites\/78\/2023\/07\/3-150x150.jpg 150w, https:\/\/etab.ac-reunion.fr\/lyc-bellepierre\/wp-content\/uploads\/sites\/78\/2023\/07\/3-200x200.jpg 200w, https:\/\/etab.ac-reunion.fr\/lyc-bellepierre\/wp-content\/uploads\/sites\/78\/2023\/07\/3-130x130.jpg 130w, https:\/\/etab.ac-reunion.fr\/lyc-bellepierre\/wp-content\/uploads\/sites\/78\/2023\/07\/3-67x67.jpg 67w, https:\/\/etab.ac-reunion.fr\/lyc-bellepierre\/wp-content\/uploads\/sites\/78\/2023\/07\/3-40x40.jpg 40w, https:\/\/etab.ac-reunion.fr\/lyc-bellepierre\/wp-content\/uploads\/sites\/78\/2023\/07\/3-184x184.jpg 184w\" sizes=\"auto, (max-width: 150px) 100vw, 150px\" \/><\/a><\/div><a class=\"wp-block-latest-posts__post-title\" href=\"https:\/\/etab.ac-reunion.fr\/lyc-bellepierre\/ceremonie-de-remise-des-prix-des-2-revues-primees-au-concours-mediatiks-2023\/\">C\u00e9r\u00e9monie de remise des prix des 2 revues prim\u00e9es au concours M\u00e9diatiks 2023<\/a><time datetime=\"2023-07-07T10:36:59+04:00\" class=\"wp-block-latest-posts__post-date\">7 juillet 2023<\/time><\/li>\n<li><div class=\"wp-block-latest-posts__featured-image\"><a href=\"https:\/\/etab.ac-reunion.fr\/lyc-bellepierre\/if-you-want-to-read\/\" aria-label=\"If you want to read &#8230;\"><img loading=\"lazy\" decoding=\"async\" width=\"150\" height=\"150\" src=\"https:\/\/etab.ac-reunion.fr\/lyc-bellepierre\/wp-content\/uploads\/sites\/78\/2021\/10\/3.Livres-150x150.png\" class=\"attachment-thumbnail size-thumbnail wp-post-image\" alt=\"\" style=\"\" srcset=\"https:\/\/etab.ac-reunion.fr\/lyc-bellepierre\/wp-content\/uploads\/sites\/78\/2021\/10\/3.Livres-150x150.png 150w, https:\/\/etab.ac-reunion.fr\/lyc-bellepierre\/wp-content\/uploads\/sites\/78\/2021\/10\/3.Livres-200x200.png 200w, https:\/\/etab.ac-reunion.fr\/lyc-bellepierre\/wp-content\/uploads\/sites\/78\/2021\/10\/3.Livres-130x130.png 130w, https:\/\/etab.ac-reunion.fr\/lyc-bellepierre\/wp-content\/uploads\/sites\/78\/2021\/10\/3.Livres-67x67.png 67w, https:\/\/etab.ac-reunion.fr\/lyc-bellepierre\/wp-content\/uploads\/sites\/78\/2021\/10\/3.Livres-40x40.png 40w, https:\/\/etab.ac-reunion.fr\/lyc-bellepierre\/wp-content\/uploads\/sites\/78\/2021\/10\/3.Livres-184x184.png 184w\" sizes=\"auto, (max-width: 150px) 100vw, 150px\" \/><\/a><\/div><a class=\"wp-block-latest-posts__post-title\" href=\"https:\/\/etab.ac-reunion.fr\/lyc-bellepierre\/if-you-want-to-read\/\">If you want to read &#8230;<\/a><time datetime=\"2021-10-07T15:56:10+04:00\" class=\"wp-block-latest-posts__post-date\">7 octobre 2021<\/time><\/li>\n<li><div class=\"wp-block-latest-posts__featured-image\"><a href=\"https:\/\/etab.ac-reunion.fr\/lyc-bellepierre\/do-you-feel-like-reading\/\" aria-label=\"Do you feel like reading ?\"><img loading=\"lazy\" decoding=\"async\" width=\"150\" height=\"150\" src=\"https:\/\/etab.ac-reunion.fr\/lyc-bellepierre\/wp-content\/uploads\/sites\/78\/2021\/09\/2.-Livres-150x150.png\" class=\"attachment-thumbnail size-thumbnail wp-post-image\" alt=\"\" style=\"\" srcset=\"https:\/\/etab.ac-reunion.fr\/lyc-bellepierre\/wp-content\/uploads\/sites\/78\/2021\/09\/2.-Livres-150x150.png 150w, https:\/\/etab.ac-reunion.fr\/lyc-bellepierre\/wp-content\/uploads\/sites\/78\/2021\/09\/2.-Livres-200x200.png 200w, https:\/\/etab.ac-reunion.fr\/lyc-bellepierre\/wp-content\/uploads\/sites\/78\/2021\/09\/2.-Livres-130x130.png 130w, https:\/\/etab.ac-reunion.fr\/lyc-bellepierre\/wp-content\/uploads\/sites\/78\/2021\/09\/2.-Livres-67x67.png 67w, https:\/\/etab.ac-reunion.fr\/lyc-bellepierre\/wp-content\/uploads\/sites\/78\/2021\/09\/2.-Livres-40x40.png 40w, https:\/\/etab.ac-reunion.fr\/lyc-bellepierre\/wp-content\/uploads\/sites\/78\/2021\/09\/2.-Livres-184x184.png 184w\" sizes=\"auto, (max-width: 150px) 100vw, 150px\" \/><\/a><\/div><a class=\"wp-block-latest-posts__post-title\" href=\"https:\/\/etab.ac-reunion.fr\/lyc-bellepierre\/do-you-feel-like-reading\/\">Do you feel like reading ?<\/a><time datetime=\"2021-09-28T16:03:25+04:00\" class=\"wp-block-latest-posts__post-date\">28 septembre 2021<\/time><\/li>\n<li><div class=\"wp-block-latest-posts__featured-image\"><a href=\"https:\/\/etab.ac-reunion.fr\/lyc-bellepierre\/do-you-want-to-read\/\" aria-label=\"Do you want to read ?\"><img loading=\"lazy\" decoding=\"async\" width=\"150\" height=\"150\" src=\"https:\/\/etab.ac-reunion.fr\/lyc-bellepierre\/wp-content\/uploads\/sites\/78\/2021\/09\/compo1-2-150x150.png\" class=\"attachment-thumbnail size-thumbnail wp-post-image\" alt=\"\" style=\"\" srcset=\"https:\/\/etab.ac-reunion.fr\/lyc-bellepierre\/wp-content\/uploads\/sites\/78\/2021\/09\/compo1-2-150x150.png 150w, https:\/\/etab.ac-reunion.fr\/lyc-bellepierre\/wp-content\/uploads\/sites\/78\/2021\/09\/compo1-2-200x200.png 200w, https:\/\/etab.ac-reunion.fr\/lyc-bellepierre\/wp-content\/uploads\/sites\/78\/2021\/09\/compo1-2-130x130.png 130w, https:\/\/etab.ac-reunion.fr\/lyc-bellepierre\/wp-content\/uploads\/sites\/78\/2021\/09\/compo1-2-67x67.png 67w, https:\/\/etab.ac-reunion.fr\/lyc-bellepierre\/wp-content\/uploads\/sites\/78\/2021\/09\/compo1-2-40x40.png 40w, https:\/\/etab.ac-reunion.fr\/lyc-bellepierre\/wp-content\/uploads\/sites\/78\/2021\/09\/compo1-2-184x184.png 184w\" sizes=\"auto, (max-width: 150px) 100vw, 150px\" \/><\/a><\/div><a class=\"wp-block-latest-posts__post-title\" href=\"https:\/\/etab.ac-reunion.fr\/lyc-bellepierre\/do-you-want-to-read\/\">Do you want to read ?<\/a><time datetime=\"2021-09-28T15:30:07+04:00\" class=\"wp-block-latest-posts__post-date\">28 septembre 2021<\/time><\/li>\n<li><div class=\"wp-block-latest-posts__featured-image\"><a href=\"https:\/\/etab.ac-reunion.fr\/lyc-bellepierre\/madiba-zenani-avec-le-teat-lakour\/\" aria-label=\"MADIBA \/ ZENANI\"><img loading=\"lazy\" decoding=\"async\" width=\"150\" height=\"150\" src=\"https:\/\/etab.ac-reunion.fr\/lyc-bellepierre\/wp-content\/uploads\/sites\/78\/2021\/06\/Amdiba-Zenani-150x150.png\" class=\"attachment-thumbnail size-thumbnail wp-post-image\" alt=\"\" style=\"\" srcset=\"https:\/\/etab.ac-reunion.fr\/lyc-bellepierre\/wp-content\/uploads\/sites\/78\/2021\/06\/Amdiba-Zenani-150x150.png 150w, https:\/\/etab.ac-reunion.fr\/lyc-bellepierre\/wp-content\/uploads\/sites\/78\/2021\/06\/Amdiba-Zenani-200x200.png 200w, https:\/\/etab.ac-reunion.fr\/lyc-bellepierre\/wp-content\/uploads\/sites\/78\/2021\/06\/Amdiba-Zenani-130x130.png 130w, https:\/\/etab.ac-reunion.fr\/lyc-bellepierre\/wp-content\/uploads\/sites\/78\/2021\/06\/Amdiba-Zenani-67x67.png 67w, https:\/\/etab.ac-reunion.fr\/lyc-bellepierre\/wp-content\/uploads\/sites\/78\/2021\/06\/Amdiba-Zenani-40x40.png 40w, https:\/\/etab.ac-reunion.fr\/lyc-bellepierre\/wp-content\/uploads\/sites\/78\/2021\/06\/Amdiba-Zenani-184x184.png 184w\" sizes=\"auto, (max-width: 150px) 100vw, 150px\" \/><\/a><\/div><a class=\"wp-block-latest-posts__post-title\" href=\"https:\/\/etab.ac-reunion.fr\/lyc-bellepierre\/madiba-zenani-avec-le-teat-lakour\/\">MADIBA \/ ZENANI<\/a><time datetime=\"2021-06-02T11:10:59+04:00\" class=\"wp-block-latest-posts__post-date\">2 juin 2021<\/time><\/li>\n<\/ul><\/div><\/div>\n<\/div>\n<\/div>\n\n\n\n<div style=\"height:40px\" aria-hidden=\"true\" class=\"wp-block-spacer\"><\/div>\n\n\n\n<hr class=\"wp-block-separator has-alpha-channel-opacity is-style-dots\" \/>\n<!-- AddThis Advanced Settings generic via filter on the_content --><!-- AddThis Share Buttons generic via filter on the_content -->","protected":false},"excerpt":{"rendered":"<p>Vous trouverez ci-dessous les articles \u00e9dit\u00e9s par les \u00e9l\u00e8ves de la section europ\u00e9enne Anglais du lyc\u00e9e :<!-- AddThis Advanced Settings generic via filter on get_the_excerpt --><!-- AddThis Share Buttons generic via filter on get_the_excerpt --><\/p>\n","protected":false},"author":19703,"featured_media":0,"parent":0,"menu_order":0,"comment_status":"closed","ping_status":"closed","template":"","meta":{"footnotes":""},"class_list":["post-4020","page","type-page","status-publish","hentry"],"_links":{"self":[{"href":"https:\/\/etab.ac-reunion.fr\/lyc-bellepierre\/wp-json\/wp\/v2\/pages\/4020","targetHints":{"allow":["GET"]}}],"collection":[{"href":"https:\/\/etab.ac-reunion.fr\/lyc-bellepierre\/wp-json\/wp\/v2\/pages"}],"about":[{"href":"https:\/\/etab.ac-reunion.fr\/lyc-bellepierre\/wp-json\/wp\/v2\/types\/page"}],"author":[{"embeddable":true,"href":"https:\/\/etab.ac-reunion.fr\/lyc-bellepierre\/wp-json\/wp\/v2\/users\/19703"}],"replies":[{"embeddable":true,"href":"https:\/\/etab.ac-reunion.fr\/lyc-bellepierre\/wp-json\/wp\/v2\/comments?post=4020"}],"version-history":[{"count":9,"href":"https:\/\/etab.ac-reunion.fr\/lyc-bellepierre\/wp-json\/wp\/v2\/pages\/4020\/revisions"}],"predecessor-version":[{"id":6885,"href":"https:\/\/etab.ac-reunion.fr\/lyc-bellepierre\/wp-json\/wp\/v2\/pages\/4020\/revisions\/6885"}],"wp:attachment":[{"href":"https:\/\/etab.ac-reunion.fr\/lyc-bellepierre\/wp-json\/wp\/v2\/media?parent=4020"}],"curies":[{"name":"wp","href":"https:\/\/api.w.org\/{rel}","templated":true}]}}