{"id":4230,"date":"2021-06-01T14:50:44","date_gmt":"2021-06-01T10:50:44","guid":{"rendered":"http:\/\/lycee-bellepierre.ac-reunion.fr\/?page_id=4230"},"modified":"2023-06-16T16:47:07","modified_gmt":"2023-06-16T12:47:07","slug":"labels-developpement-durable","status":"publish","type":"page","link":"https:\/\/etab.ac-reunion.fr\/lyc-bellepierre\/labels-developpement-durable\/","title":{"rendered":"Labels D\u00e9veloppement Durable"},"content":{"rendered":"\n<div style=\"height:25px\" aria-hidden=\"true\" class=\"wp-block-spacer\"><\/div>\n\n\n\n<hr class=\"wp-block-separator has-css-opacity is-style-wide\" \/>\n\n\n\n<div style=\"height:25px\" aria-hidden=\"true\" class=\"wp-block-spacer\"><\/div>\n\n\n\n<h3 class=\"wp-block-heading\"><strong>Label E3D niveau 3<\/strong><\/h3>\n\n\n\n<div style=\"height:25px\" aria-hidden=\"true\" class=\"wp-block-spacer\"><\/div>\n\n\n\n<p class=\"has-medium-font-size\">Le 31 mai 2021, s&rsquo;est tenu la c\u00e9r\u00e9monie 2021 de remise des dipl\u00f4mes acad\u00e9miques de lab\u00e9lisation E3D (Etablissement en d\u00e9marche globale de d\u00e9veloppement durable).<\/p>\n\n\n\n<p class=\"has-medium-font-size\">Lors de cette c\u00e9r\u00e9monie, le lyc\u00e9e Bellepierre s&rsquo;est vu octroyer le <strong><span class=\"has-inline-color has-vivid-green-cyan-color\">niveau 3<\/span><\/strong> du label E3D.<\/p>\n\n\n\n<figure class=\"wp-block-image size-large\"><img loading=\"lazy\" decoding=\"async\" width=\"1024\" height=\"723\" src=\"https:\/\/etab.ac-reunion.fr\/lyc-bellepierre\/wp-content\/uploads\/sites\/78\/2021\/06\/E3D-Niveau-3-1024x723.png\" alt=\"\" class=\"wp-image-4232\" srcset=\"https:\/\/etab.ac-reunion.fr\/lyc-bellepierre\/wp-content\/uploads\/sites\/78\/2021\/06\/E3D-Niveau-3-1024x723.png 1024w, https:\/\/etab.ac-reunion.fr\/lyc-bellepierre\/wp-content\/uploads\/sites\/78\/2021\/06\/E3D-Niveau-3-512x361.png 512w, https:\/\/etab.ac-reunion.fr\/lyc-bellepierre\/wp-content\/uploads\/sites\/78\/2021\/06\/E3D-Niveau-3-768x542.png 768w, https:\/\/etab.ac-reunion.fr\/lyc-bellepierre\/wp-content\/uploads\/sites\/78\/2021\/06\/E3D-Niveau-3.png 1250w\" sizes=\"auto, (max-width: 1024px) 100vw, 1024px\" \/><figcaption class=\"wp-element-caption\">Illustration : Lyc\u00e9e Bellepierre &#8211; Chlo\u00e9 SOMNICA<\/figcaption><\/figure>\n\n\n\n<div style=\"height:25px\" aria-hidden=\"true\" class=\"wp-block-spacer\"><\/div>\n\n\n\n<hr class=\"wp-block-separator has-css-opacity is-style-wide\" \/>\n\n\n\n<div style=\"height:40px\" aria-hidden=\"true\" class=\"wp-block-spacer\"><\/div>\n\n\n\n<h3 class=\"wp-block-heading\"><strong>Autres articles \u00e0 voir<\/strong> : <\/h3>\n\n\n\n<p class=\"has-white-color has-light-green-cyan-background-color has-text-color has-background\" style=\"font-size:16px\"><a href=\"https:\/\/etab.ac-reunion.fr\/lyc-bellepierre\/eco-labelisation-du-lycee-bellepierre\/\"><mark style=\"background-color:#7bdcb5\" class=\"has-inline-color has-white-color\">Eco-Lab\u00e9lisation du lyc\u00e9e Bellepierre &#8211; Journ\u00e9e du 31 Mai 2021<\/mark><\/a><\/p>\n\n\n\n<div style=\"height:40px\" aria-hidden=\"true\" class=\"wp-block-spacer\"><\/div>\n\n\n\n<h3 class=\"wp-block-heading\"><strong>Pr\u00e9c\u00e9dents labels<\/strong> : <\/h3>\n\n\n\n<p class=\"has-white-color has-light-green-cyan-background-color has-text-color has-background\" style=\"font-size:16px\"><a href=\"https:\/\/etab.ac-reunion.fr\/lyc-bellepierre\/label-e3d-niveau-2\/\"><mark style=\"background-color:#7bdcb5\" class=\"has-inline-color has-white-color\">Label E3D niveau 2<\/mark><\/a><\/p>\n\n\n\n<div style=\"height:25px\" aria-hidden=\"true\" class=\"wp-block-spacer\"><\/div>\n<!-- AddThis Advanced Settings generic via filter on the_content --><!-- AddThis Share Buttons generic via filter on the_content -->","protected":false},"excerpt":{"rendered":"<p>Label E3D niveau 3 Le 31 mai 2021, s&rsquo;est tenu la c\u00e9r\u00e9monie 2021 de remise des dipl\u00f4mes acad\u00e9miques de lab\u00e9lisation E3D (Etablissement en d\u00e9marche globale de d\u00e9veloppement durable). Lors de cette c\u00e9r\u00e9monie, le lyc\u00e9e Bellepierre s&rsquo;est vu octroyer le niveau 3 du label E3D. Autres articles \u00e0 voir : Eco-Lab\u00e9lisation du lyc\u00e9e Bellepierre &#8211; Journ\u00e9e [&hellip;]<!-- AddThis Advanced Settings generic via filter on get_the_excerpt --><!-- AddThis Share Buttons generic via filter on get_the_excerpt --><\/p>\n","protected":false},"author":19703,"featured_media":0,"parent":0,"menu_order":0,"comment_status":"closed","ping_status":"closed","template":"page-full.php","meta":{"footnotes":""},"class_list":["post-4230","page","type-page","status-publish","hentry"],"_links":{"self":[{"href":"https:\/\/etab.ac-reunion.fr\/lyc-bellepierre\/wp-json\/wp\/v2\/pages\/4230","targetHints":{"allow":["GET"]}}],"collection":[{"href":"https:\/\/etab.ac-reunion.fr\/lyc-bellepierre\/wp-json\/wp\/v2\/pages"}],"about":[{"href":"https:\/\/etab.ac-reunion.fr\/lyc-bellepierre\/wp-json\/wp\/v2\/types\/page"}],"author":[{"embeddable":true,"href":"https:\/\/etab.ac-reunion.fr\/lyc-bellepierre\/wp-json\/wp\/v2\/users\/19703"}],"replies":[{"embeddable":true,"href":"https:\/\/etab.ac-reunion.fr\/lyc-bellepierre\/wp-json\/wp\/v2\/comments?post=4230"}],"version-history":[{"count":20,"href":"https:\/\/etab.ac-reunion.fr\/lyc-bellepierre\/wp-json\/wp\/v2\/pages\/4230\/revisions"}],"predecessor-version":[{"id":7170,"href":"https:\/\/etab.ac-reunion.fr\/lyc-bellepierre\/wp-json\/wp\/v2\/pages\/4230\/revisions\/7170"}],"wp:attachment":[{"href":"https:\/\/etab.ac-reunion.fr\/lyc-bellepierre\/wp-json\/wp\/v2\/media?parent=4230"}],"curies":[{"name":"wp","href":"https:\/\/api.w.org\/{rel}","templated":true}]}}