{"id":4461,"date":"2021-06-09T10:26:53","date_gmt":"2021-06-09T06:26:53","guid":{"rendered":"http:\/\/lycee-bellepierre.ac-reunion.fr\/?p=4461"},"modified":"2024-07-02T15:24:39","modified_gmt":"2024-07-02T11:24:39","slug":"inscription-demi-pension","status":"publish","type":"page","link":"https:\/\/etab.ac-reunion.fr\/lyc-bellepierre\/inscription-demi-pension\/","title":{"rendered":"INTENDANCE : Inscription \u00e0 la Demi-Pension &amp; Informations sur les Bourses 2024-2025"},"content":{"rendered":"\n<div style=\"height:25px\" aria-hidden=\"true\" class=\"wp-block-spacer\"><\/div>\n\n\n\n<div style=\"height:25px\" aria-hidden=\"true\" class=\"wp-block-spacer\"><\/div>\n\n\n<div class=\"wp-block-image\">\n<figure class=\"aligncenter size-large is-resized\"><img loading=\"lazy\" decoding=\"async\" width=\"640\" height=\"334\" src=\"https:\/\/etab.ac-reunion.fr\/lyc-bellepierre\/wp-content\/uploads\/sites\/78\/2021\/06\/grilling-33664_640.png\" alt=\"\" class=\"wp-image-4488\" style=\"width:320px;height:167px\" srcset=\"https:\/\/etab.ac-reunion.fr\/lyc-bellepierre\/wp-content\/uploads\/sites\/78\/2021\/06\/grilling-33664_640.png 640w, https:\/\/etab.ac-reunion.fr\/lyc-bellepierre\/wp-content\/uploads\/sites\/78\/2021\/06\/grilling-33664_640-512x267.png 512w\" sizes=\"auto, (max-width: 640px) 100vw, 640px\" \/><\/figure>\n<\/div>\n\n\n<div style=\"height:25px\" aria-hidden=\"true\" class=\"wp-block-spacer\"><\/div>\n\n\n\n<hr class=\"wp-block-separator has-css-opacity is-style-wide\" \/>\n\n\n\n<div style=\"height:40px\" aria-hidden=\"true\" class=\"wp-block-spacer\"><\/div>\n\n\n\n<div class=\"wp-block-columns alignwide is-layout-flex wp-container-core-columns-is-layout-9d6595d7 wp-block-columns-is-layout-flex\">\n<div class=\"wp-block-column has-text-color has-background has-link-color wp-elements-43e080b43a332dcb5b630895807afb44 is-layout-flow wp-block-column-is-layout-flow\" style=\"color:#000000;background-color:#ffe97d;padding-top:2em;padding-right:2em;padding-bottom:2em;padding-left:2em\">\n<h2 class=\"wp-block-heading\" id=\"single\" style=\"font-size:40px\"><strong>Inscription<\/strong><\/h2>\n\n\n\n<p class=\"has-normal-font-size\" style=\"line-height:1.5\"><strong>Ann\u00e9e scolaire 2024-2025<\/strong><\/p>\n\n\n\n<hr class=\"wp-block-separator has-text-color has-css-opacity has-background is-style-wide\" style=\"background-color:#000000;color:#000000\" \/>\n\n\n\n<ul class=\"wp-block-list\">\n<li style=\"font-size:16px\">Fiche d&rsquo;inscription \u00e0 la demi-pension pour l&rsquo;ann\u00e9e scolaire 2024-25.<\/li>\n\n\n\n<li style=\"font-size:16px\">A d\u00e9poser au service de gestion &#8211; Intendance du lyc\u00e9e.<\/li>\n\n\n\n<li style=\"font-size:16px\">Joindre le RIB du responsable l\u00e9gal<\/li>\n<\/ul>\n\n\n\n<div class=\"wp-block-buttons alignfull is-horizontal is-content-justification-center is-layout-flex wp-container-core-buttons-is-layout-499968f5 wp-block-buttons-is-layout-flex\">\n<div class=\"wp-block-button has-custom-width wp-block-button__width-100\"><a class=\"wp-block-button__link has-white-color has-text-color has-background no-border-radius wp-element-button\" href=\"https:\/\/etab.ac-reunion.fr\/lyc-bellepierre\/wp-content\/uploads\/sites\/78\/2024\/06\/Fiche-intendance-24-25-site-du-lycee.pdf\" style=\"background-color:#000000\" target=\"_blank\" rel=\"noreferrer noopener\">T\u00e9l\u00e9charger la fiche<\/a><\/div>\n<\/div>\n<\/div>\n\n\n\n<div class=\"wp-block-column has-text-color has-background has-link-color wp-elements-71ac6a4bf01d2cdc3d193c73682ca39d is-layout-flow wp-block-column-is-layout-flow\" style=\"color:#000000;background-color:#d1d1e1;padding-top:2em;padding-right:2em;padding-bottom:2em;padding-left:2em\">\n<h2 class=\"wp-block-heading\" id=\"family\" style=\"font-size:40px\"><strong>Les Bourses<\/strong><\/h2>\n\n\n\n<p class=\"has-normal-font-size\" style=\"line-height:1.5\"><strong>Ann\u00e9e scolaire 2024-2025<\/strong><\/p>\n\n\n\n<hr class=\"wp-block-separator has-css-opacity is-style-wide\" \/>\n\n\n\n<ul class=\"wp-block-list\">\n<li style=\"font-size:16px\">les <strong>documents de bourse lyc\u00e9e<\/strong> ;<\/li>\n\n\n\n<li style=\"font-size:16px\">La nouvelle proc\u00e9dure concerne aussi bien les boursiers de cette ann\u00e9e que les nouvelles demandes de bourse.<\/li>\n<\/ul>\n\n\n\n<div class=\"wp-block-buttons alignfull is-horizontal is-content-justification-center is-layout-flex wp-container-core-buttons-is-layout-499968f5 wp-block-buttons-is-layout-flex\">\n<div class=\"wp-block-button has-custom-width wp-block-button__width-100 is-style-fill\"><a class=\"wp-block-button__link has-white-color has-text-color has-background no-border-radius wp-element-button\" href=\"https:\/\/etab.ac-reunion.fr\/lyc-bellepierre\/wp-content\/uploads\/sites\/78\/2024\/06\/info_bourse_lyc-MJ.pdf\" style=\"background-color:#000000\" target=\"_blank\" rel=\"noreferrer noopener\">T\u00e9l\u00e9charger la fiche<\/a><\/div>\n<\/div>\n<\/div>\n<\/div>\n\n\n\n<hr class=\"wp-block-separator has-css-opacity is-style-dots\" \/>\n\n\n\n<blockquote class=\"wp-block-quote has-text-align-center is-style-large is-layout-flow wp-block-quote-is-layout-flow\">\n<p><strong>Les fiches, une fois compl\u00e9t\u00e9e, seront \u00e0 d\u00e9poser au service de l&rsquo;Intendance du lyc\u00e9e <mark class=\"has-inline-color has-vivid-red-color\">selon le calendrier<\/mark><\/strong><strong> !<\/strong><\/p>\n<\/blockquote>\n\n\n\n<div style=\"height:15px\" aria-hidden=\"true\" class=\"wp-block-spacer\"><\/div>\n\n\n\n<p class=\"has-medium-font-size\"><strong>Rappels :<\/strong><\/p>\n\n\n\n<ul class=\"has-small-font-size wp-block-list\">\n<li>S\u2019agissant d\u2019un forfait, tout trimestre commenc\u00e9 est d\u00fb en totalit\u00e9 m\u00eame si l\u2019\u00e9l\u00e8ve a fr\u00e9quent\u00e9 irr\u00e9guli\u00e8rement le service.<\/li>\n<\/ul>\n\n\n\n<ul class=\"has-small-font-size wp-block-list\">\n<li>L\u2019acc\u00e8s au lyc\u00e9e et \u00e0 la restauration s\u2019effectue par le biais d\u2019une <strong>carte magn\u00e9tique<\/strong>, <strong>\u00e0 retirer d\u00e8s la rentr\u00e9e<\/strong> aupr\u00e8s de l\u2019Intendance.<\/li>\n<\/ul>\n\n\n\n<div style=\"height:25px\" aria-hidden=\"true\" class=\"wp-block-spacer\"><\/div>\n<!-- AddThis Advanced Settings generic via filter on the_content --><!-- AddThis Share Buttons generic via filter on the_content -->","protected":false},"excerpt":{"rendered":"<p>Inscription Ann\u00e9e scolaire 2024-2025 Les Bourses Ann\u00e9e scolaire 2024-2025 Les fiches, une fois compl\u00e9t\u00e9e, seront \u00e0 d\u00e9poser au service de l&rsquo;Intendance du lyc\u00e9e selon le calendrier ! Rappels :<!-- AddThis Advanced Settings generic via filter on get_the_excerpt --><!-- AddThis Share Buttons generic via filter on get_the_excerpt --><\/p>\n","protected":false},"author":19703,"featured_media":4488,"parent":0,"menu_order":0,"comment_status":"closed","ping_status":"closed","template":"","meta":{"footnotes":""},"class_list":["post-4461","page","type-page","status-publish","has-post-thumbnail","hentry"],"_links":{"self":[{"href":"https:\/\/etab.ac-reunion.fr\/lyc-bellepierre\/wp-json\/wp\/v2\/pages\/4461","targetHints":{"allow":["GET"]}}],"collection":[{"href":"https:\/\/etab.ac-reunion.fr\/lyc-bellepierre\/wp-json\/wp\/v2\/pages"}],"about":[{"href":"https:\/\/etab.ac-reunion.fr\/lyc-bellepierre\/wp-json\/wp\/v2\/types\/page"}],"author":[{"embeddable":true,"href":"https:\/\/etab.ac-reunion.fr\/lyc-bellepierre\/wp-json\/wp\/v2\/users\/19703"}],"replies":[{"embeddable":true,"href":"https:\/\/etab.ac-reunion.fr\/lyc-bellepierre\/wp-json\/wp\/v2\/comments?post=4461"}],"version-history":[{"count":59,"href":"https:\/\/etab.ac-reunion.fr\/lyc-bellepierre\/wp-json\/wp\/v2\/pages\/4461\/revisions"}],"predecessor-version":[{"id":8304,"href":"https:\/\/etab.ac-reunion.fr\/lyc-bellepierre\/wp-json\/wp\/v2\/pages\/4461\/revisions\/8304"}],"wp:featuredmedia":[{"embeddable":true,"href":"https:\/\/etab.ac-reunion.fr\/lyc-bellepierre\/wp-json\/wp\/v2\/media\/4488"}],"wp:attachment":[{"href":"https:\/\/etab.ac-reunion.fr\/lyc-bellepierre\/wp-json\/wp\/v2\/media?parent=4461"}],"curies":[{"name":"wp","href":"https:\/\/api.w.org\/{rel}","templated":true}]}}