{"id":4867,"date":"2021-07-07T17:32:23","date_gmt":"2021-07-07T13:32:23","guid":{"rendered":"http:\/\/lycee-bellepierre.ac-reunion.fr\/?page_id=4867"},"modified":"2021-07-07T17:37:46","modified_gmt":"2021-07-07T13:37:46","slug":"specialite-si-science-de-lingenieur","status":"publish","type":"page","link":"https:\/\/etab.ac-reunion.fr\/lyc-bellepierre\/specialite-si-science-de-lingenieur\/","title":{"rendered":"Sp\u00e9cialit\u00e9 SI &#8211; Science de l&rsquo;Ing\u00e9nieur"},"content":{"rendered":"\n<div style=\"height:25px\" aria-hidden=\"true\" class=\"wp-block-spacer\"><\/div>\n\n\n\n<hr class=\"wp-block-separator is-style-wide\" \/>\n\n\n\n<div style=\"height:25px\" aria-hidden=\"true\" class=\"wp-block-spacer\"><\/div>\n\n\n\n<figure class=\"wp-block-pullquote is-style-solid-color\"><blockquote class=\"has-text-color\" style=\"color:#eb722e\"><p>LES SCIENCES DE L&rsquo;ING\u00c9NIEUR, C&rsquo;EST QUOI ?<\/p><\/blockquote><\/figure>\n\n\n\n<div class=\"wp-block-media-text alignwide has-media-on-the-right is-stacked-on-mobile\" style=\"grid-template-columns:auto 28%\"><figure class=\"wp-block-media-text__media\"><img loading=\"lazy\" decoding=\"async\" width=\"1024\" height=\"1024\" src=\"https:\/\/etab.ac-reunion.fr\/lyc-bellepierre\/wp-content\/uploads\/sites\/78\/2021\/07\/engineering-1825696_1280-1024x1024.jpg\" alt=\"\" class=\"wp-image-4873 size-full\" srcset=\"https:\/\/etab.ac-reunion.fr\/lyc-bellepierre\/wp-content\/uploads\/sites\/78\/2021\/07\/engineering-1825696_1280-1024x1024.jpg 1024w, https:\/\/etab.ac-reunion.fr\/lyc-bellepierre\/wp-content\/uploads\/sites\/78\/2021\/07\/engineering-1825696_1280-512x512.jpg 512w, https:\/\/etab.ac-reunion.fr\/lyc-bellepierre\/wp-content\/uploads\/sites\/78\/2021\/07\/engineering-1825696_1280-150x150.jpg 150w, https:\/\/etab.ac-reunion.fr\/lyc-bellepierre\/wp-content\/uploads\/sites\/78\/2021\/07\/engineering-1825696_1280-768x768.jpg 768w, https:\/\/etab.ac-reunion.fr\/lyc-bellepierre\/wp-content\/uploads\/sites\/78\/2021\/07\/engineering-1825696_1280-200x200.jpg 200w, https:\/\/etab.ac-reunion.fr\/lyc-bellepierre\/wp-content\/uploads\/sites\/78\/2021\/07\/engineering-1825696_1280-130x130.jpg 130w, https:\/\/etab.ac-reunion.fr\/lyc-bellepierre\/wp-content\/uploads\/sites\/78\/2021\/07\/engineering-1825696_1280-67x67.jpg 67w, https:\/\/etab.ac-reunion.fr\/lyc-bellepierre\/wp-content\/uploads\/sites\/78\/2021\/07\/engineering-1825696_1280-40x40.jpg 40w, https:\/\/etab.ac-reunion.fr\/lyc-bellepierre\/wp-content\/uploads\/sites\/78\/2021\/07\/engineering-1825696_1280-184x184.jpg 184w, https:\/\/etab.ac-reunion.fr\/lyc-bellepierre\/wp-content\/uploads\/sites\/78\/2021\/07\/engineering-1825696_1280.jpg 1280w\" sizes=\"auto, (max-width: 1024px) 100vw, 1024px\" \/><\/figure><div class=\"wp-block-media-text__content\">\n<p class=\"has-medium-font-size\">M\u00e9canique, \u00e9lectronique, automatique\u2026 les sciences de l\u2019ing\u00e9nieur, ce sont des sciences appliqu\u00e9es \u00e0 des objets technologiques complexes (t\u00e9l\u00e9phones, voitures et avions connect\u00e9s, etc.), par opposition aux sciences plus th\u00e9oriques comme les math\u00e9matiques et la physique. Elles font la part belle au concret et \u00e0 la mise en \u0153uvre de solutions.<\/p>\n<\/div><\/div>\n\n\n\n<p><\/p>\n\n\n\n<p class=\"has-medium-font-size\">Vous pouvez retrouver ces images dans le film de pr\u00e9sentation de la sp\u00e9cialit\u00e9 SI et de la STI2D, disponible sur le site acad\u00e9mique, \u00e0 l\u2019adresse suivante&nbsp;:<\/p>\n\n\n\n<ul class=\"has-medium-font-size wp-block-list\"><li><a href=\"https:\/\/tube-outremer.beta.education.fr\/videos\/watch\/5adf2598-c4e4-4127-92a0-068278f835d9\">R\u00e9ussis ton avenir avec la Sp\u00e9 SI<\/a><\/li><\/ul>\n\n\n\n<ul class=\"has-medium-font-size wp-block-list\"><li><a href=\"https:\/\/pedagogie.ac-reunion.fr\/sii\/parents-et-eleves\/espace-parents-et-eleves\/orientation-2021.html\">Orientation Sciences et technologies de l&rsquo;ing\u00e9nieur<\/a><\/li><\/ul>\n\n\n\n<div style=\"height:15px\" aria-hidden=\"true\" class=\"wp-block-spacer\"><\/div>\n\n\n\n<figure class=\"wp-block-embed is-type-video is-provider-youtube wp-block-embed-youtube wp-embed-aspect-16-9 wp-has-aspect-ratio\"><div class=\"wp-block-embed__wrapper\">\n<script>document.addEventListener('DOMContentLoaded', function() {(tarteaucitron.job = tarteaucitron.job || []).push('youtube');});<\/script><div class=\"youtube_player\" videoID=\"VqtJA_WRwSY\" width=\"100%\" height=\"100%\" style=\"height:50vw\" theme=\"light\" rel=\"0\" controls=\"1\" showinfo=\"1\" autoplay=\"0\"><\/div>\n<\/div><\/figure>\n\n\n\n<div style=\"height:15px\" aria-hidden=\"true\" class=\"wp-block-spacer\"><\/div>\n<!-- AddThis Advanced Settings generic via filter on the_content --><!-- AddThis Share Buttons generic via filter on the_content -->","protected":false},"excerpt":{"rendered":"<p>LES SCIENCES DE L&rsquo;ING\u00c9NIEUR, C&rsquo;EST QUOI ? M\u00e9canique, \u00e9lectronique, automatique\u2026 les sciences de l\u2019ing\u00e9nieur, ce sont des sciences appliqu\u00e9es \u00e0 des objets technologiques complexes (t\u00e9l\u00e9phones, voitures et avions connect\u00e9s, etc.), par opposition aux sciences plus th\u00e9oriques comme les math\u00e9matiques et la physique. Elles font la part belle au concret et \u00e0 la mise en \u0153uvre [&hellip;]<!-- AddThis Advanced Settings generic via filter on get_the_excerpt --><!-- AddThis Share Buttons generic via filter on get_the_excerpt --><\/p>\n","protected":false},"author":19703,"featured_media":0,"parent":0,"menu_order":0,"comment_status":"closed","ping_status":"closed","template":"","meta":{"footnotes":""},"class_list":["post-4867","page","type-page","status-publish","hentry"],"_links":{"self":[{"href":"https:\/\/etab.ac-reunion.fr\/lyc-bellepierre\/wp-json\/wp\/v2\/pages\/4867","targetHints":{"allow":["GET"]}}],"collection":[{"href":"https:\/\/etab.ac-reunion.fr\/lyc-bellepierre\/wp-json\/wp\/v2\/pages"}],"about":[{"href":"https:\/\/etab.ac-reunion.fr\/lyc-bellepierre\/wp-json\/wp\/v2\/types\/page"}],"author":[{"embeddable":true,"href":"https:\/\/etab.ac-reunion.fr\/lyc-bellepierre\/wp-json\/wp\/v2\/users\/19703"}],"replies":[{"embeddable":true,"href":"https:\/\/etab.ac-reunion.fr\/lyc-bellepierre\/wp-json\/wp\/v2\/comments?post=4867"}],"version-history":[{"count":11,"href":"https:\/\/etab.ac-reunion.fr\/lyc-bellepierre\/wp-json\/wp\/v2\/pages\/4867\/revisions"}],"predecessor-version":[{"id":4879,"href":"https:\/\/etab.ac-reunion.fr\/lyc-bellepierre\/wp-json\/wp\/v2\/pages\/4867\/revisions\/4879"}],"wp:attachment":[{"href":"https:\/\/etab.ac-reunion.fr\/lyc-bellepierre\/wp-json\/wp\/v2\/media?parent=4867"}],"curies":[{"name":"wp","href":"https:\/\/api.w.org\/{rel}","templated":true}]}}