{"id":6892,"date":"2023-03-13T18:53:14","date_gmt":"2023-03-13T14:53:14","guid":{"rendered":"https:\/\/etab.ac-reunion.fr\/lyc-bellepierre\/?page_id=6892"},"modified":"2023-03-13T18:53:14","modified_gmt":"2023-03-13T14:53:14","slug":"articles-de-la-llce-espagnol","status":"publish","type":"page","link":"https:\/\/etab.ac-reunion.fr\/lyc-bellepierre\/articles-de-la-llce-espagnol\/","title":{"rendered":"Articles de la LLCE Espagnol"},"content":{"rendered":"\n<div style=\"height:20px\" aria-hidden=\"true\" class=\"wp-block-spacer\"><\/div>\n\n\n\n<hr class=\"wp-block-separator has-alpha-channel-opacity is-style-wide\" \/>\n\n\n\n<div style=\"height:20px\" aria-hidden=\"true\" class=\"wp-block-spacer\"><\/div>\n\n\n<div class=\"wp-block-image\">\n<figure class=\"aligncenter size-full\"><img loading=\"lazy\" decoding=\"async\" width=\"500\" height=\"308\" src=\"https:\/\/etab.ac-reunion.fr\/lyc-bellepierre\/wp-content\/uploads\/sites\/78\/2020\/09\/LLCE-Esp_N.jpg\" alt=\"\" class=\"wp-image-3091\" \/><figcaption class=\"wp-element-caption\"><strong>LLCE Espagnol<\/strong><\/figcaption><\/figure>\n<\/div>\n\n\n<blockquote class=\"wp-block-quote is-layout-flow wp-block-quote-is-layout-flow\">\n<p class=\"has-medium-font-size\"><strong><em>Vous trouverez ci-dessous les articles \u00e9dit\u00e9s par les \u00e9l\u00e8ves de la section europ\u00e9enne Anglais du lyc\u00e9e :<\/em><\/strong><\/p>\n<\/blockquote>\n\n\n\n<div class=\"wp-block-columns is-layout-flex wp-container-core-columns-is-layout-9d6595d7 wp-block-columns-is-layout-flex\">\n<div class=\"wp-block-column is-layout-flow wp-block-column-is-layout-flow\" style=\"flex-basis:100%\">\n<div class=\"wp-block-group\"><div class=\"wp-block-group__inner-container is-layout-flow wp-block-group-is-layout-flow\"><ul class=\"wp-block-latest-posts__list is-grid columns-3 has-dates aligncenter wp-block-latest-posts has-small-font-size\"><li><div class=\"wp-block-latest-posts__featured-image\"><a href=\"https:\/\/etab.ac-reunion.fr\/lyc-bellepierre\/concours-mediatiks\/\" aria-label=\"Concours MEDIATIKS &#8211; Cin\u00e9Bellepierre &amp; Petit Caillou\"><img loading=\"lazy\" decoding=\"async\" width=\"150\" height=\"150\" src=\"https:\/\/etab.ac-reunion.fr\/lyc-bellepierre\/wp-content\/uploads\/sites\/78\/2022\/07\/Mediatiks-150x150.png\" class=\"attachment-thumbnail size-thumbnail wp-post-image\" alt=\"\" style=\"\" srcset=\"https:\/\/etab.ac-reunion.fr\/lyc-bellepierre\/wp-content\/uploads\/sites\/78\/2022\/07\/Mediatiks-150x150.png 150w, https:\/\/etab.ac-reunion.fr\/lyc-bellepierre\/wp-content\/uploads\/sites\/78\/2022\/07\/Mediatiks-200x200.png 200w, https:\/\/etab.ac-reunion.fr\/lyc-bellepierre\/wp-content\/uploads\/sites\/78\/2022\/07\/Mediatiks-130x130.png 130w, https:\/\/etab.ac-reunion.fr\/lyc-bellepierre\/wp-content\/uploads\/sites\/78\/2022\/07\/Mediatiks-67x67.png 67w, https:\/\/etab.ac-reunion.fr\/lyc-bellepierre\/wp-content\/uploads\/sites\/78\/2022\/07\/Mediatiks-40x40.png 40w, https:\/\/etab.ac-reunion.fr\/lyc-bellepierre\/wp-content\/uploads\/sites\/78\/2022\/07\/Mediatiks-184x184.png 184w\" sizes=\"auto, (max-width: 150px) 100vw, 150px\" \/><\/a><\/div><a class=\"wp-block-latest-posts__post-title\" href=\"https:\/\/etab.ac-reunion.fr\/lyc-bellepierre\/concours-mediatiks\/\">Concours MEDIATIKS &#8211; Cin\u00e9Bellepierre &amp; Petit Caillou<\/a><time datetime=\"2022-07-02T10:55:15+04:00\" class=\"wp-block-latest-posts__post-date\">2 juillet 2022<\/time><\/li>\n<li><div class=\"wp-block-latest-posts__featured-image\"><a href=\"https:\/\/etab.ac-reunion.fr\/lyc-bellepierre\/article-kahoot-de-navidad\/\" aria-label=\"Et si on causait un peu du projet \u201cToi IcI et Moi L\u00e0-Bas, Le M\u00eame SoLeiL\u201d&#8230;\"><img loading=\"lazy\" decoding=\"async\" width=\"150\" height=\"150\" src=\"https:\/\/etab.ac-reunion.fr\/lyc-bellepierre\/wp-content\/uploads\/sites\/78\/2021\/12\/ANNONCE-KAHOOT-DE-NOEL-150x150.png\" class=\"attachment-thumbnail size-thumbnail wp-post-image\" alt=\"\" style=\"\" srcset=\"https:\/\/etab.ac-reunion.fr\/lyc-bellepierre\/wp-content\/uploads\/sites\/78\/2021\/12\/ANNONCE-KAHOOT-DE-NOEL-150x150.png 150w, https:\/\/etab.ac-reunion.fr\/lyc-bellepierre\/wp-content\/uploads\/sites\/78\/2021\/12\/ANNONCE-KAHOOT-DE-NOEL-200x200.png 200w, https:\/\/etab.ac-reunion.fr\/lyc-bellepierre\/wp-content\/uploads\/sites\/78\/2021\/12\/ANNONCE-KAHOOT-DE-NOEL-130x130.png 130w, https:\/\/etab.ac-reunion.fr\/lyc-bellepierre\/wp-content\/uploads\/sites\/78\/2021\/12\/ANNONCE-KAHOOT-DE-NOEL-67x67.png 67w, https:\/\/etab.ac-reunion.fr\/lyc-bellepierre\/wp-content\/uploads\/sites\/78\/2021\/12\/ANNONCE-KAHOOT-DE-NOEL-40x40.png 40w, https:\/\/etab.ac-reunion.fr\/lyc-bellepierre\/wp-content\/uploads\/sites\/78\/2021\/12\/ANNONCE-KAHOOT-DE-NOEL-184x184.png 184w\" sizes=\"auto, (max-width: 150px) 100vw, 150px\" \/><\/a><\/div><a class=\"wp-block-latest-posts__post-title\" href=\"https:\/\/etab.ac-reunion.fr\/lyc-bellepierre\/article-kahoot-de-navidad\/\">Et si on causait un peu du projet \u201cToi IcI et Moi L\u00e0-Bas, Le M\u00eame SoLeiL\u201d&#8230;<\/a><time datetime=\"2021-12-14T10:59:59+04:00\" class=\"wp-block-latest-posts__post-date\">14 d\u00e9cembre 2021<\/time><\/li>\n<li><div class=\"wp-block-latest-posts__featured-image\"><a href=\"https:\/\/etab.ac-reunion.fr\/lyc-bellepierre\/bellepierre-et-ses-talents-decriture-dans-la-langue-de-cervantes-si-senor\/\" aria-label=\"Bellepierre et ses talents d\u2019\u00e9criture dans la langue de Cervantes! \u00a1S\u00ed se\u00f1or!\"><img loading=\"lazy\" decoding=\"async\" width=\"150\" height=\"150\" src=\"https:\/\/etab.ac-reunion.fr\/lyc-bellepierre\/wp-content\/uploads\/sites\/78\/2021\/12\/Slider_Espagnol-150x150.png\" class=\"attachment-thumbnail size-thumbnail wp-post-image\" alt=\"\" style=\"\" srcset=\"https:\/\/etab.ac-reunion.fr\/lyc-bellepierre\/wp-content\/uploads\/sites\/78\/2021\/12\/Slider_Espagnol-150x150.png 150w, https:\/\/etab.ac-reunion.fr\/lyc-bellepierre\/wp-content\/uploads\/sites\/78\/2021\/12\/Slider_Espagnol-200x200.png 200w, https:\/\/etab.ac-reunion.fr\/lyc-bellepierre\/wp-content\/uploads\/sites\/78\/2021\/12\/Slider_Espagnol-130x130.png 130w, https:\/\/etab.ac-reunion.fr\/lyc-bellepierre\/wp-content\/uploads\/sites\/78\/2021\/12\/Slider_Espagnol-67x67.png 67w, https:\/\/etab.ac-reunion.fr\/lyc-bellepierre\/wp-content\/uploads\/sites\/78\/2021\/12\/Slider_Espagnol-40x40.png 40w, https:\/\/etab.ac-reunion.fr\/lyc-bellepierre\/wp-content\/uploads\/sites\/78\/2021\/12\/Slider_Espagnol-184x184.png 184w\" sizes=\"auto, (max-width: 150px) 100vw, 150px\" \/><\/a><\/div><a class=\"wp-block-latest-posts__post-title\" href=\"https:\/\/etab.ac-reunion.fr\/lyc-bellepierre\/bellepierre-et-ses-talents-decriture-dans-la-langue-de-cervantes-si-senor\/\">Bellepierre et ses talents d\u2019\u00e9criture dans la langue de Cervantes! \u00a1S\u00ed se\u00f1or!<\/a><time datetime=\"2021-12-10T15:35:04+04:00\" class=\"wp-block-latest-posts__post-date\">10 d\u00e9cembre 2021<\/time><\/li>\n<li><div class=\"wp-block-latest-posts__featured-image\"><a href=\"https:\/\/etab.ac-reunion.fr\/lyc-bellepierre\/semaine-des-langues-au-cdi\/\" aria-label=\"Semaine des langues au CDI &#8211; du 12 au 24 avril 2021\"><img loading=\"lazy\" decoding=\"async\" width=\"150\" height=\"150\" src=\"https:\/\/etab.ac-reunion.fr\/lyc-bellepierre\/wp-content\/uploads\/sites\/78\/2021\/05\/Slider_SemDesLangues-2021-150x150.png\" class=\"attachment-thumbnail size-thumbnail wp-post-image\" alt=\"\" style=\"\" srcset=\"https:\/\/etab.ac-reunion.fr\/lyc-bellepierre\/wp-content\/uploads\/sites\/78\/2021\/05\/Slider_SemDesLangues-2021-150x150.png 150w, https:\/\/etab.ac-reunion.fr\/lyc-bellepierre\/wp-content\/uploads\/sites\/78\/2021\/05\/Slider_SemDesLangues-2021-200x200.png 200w, https:\/\/etab.ac-reunion.fr\/lyc-bellepierre\/wp-content\/uploads\/sites\/78\/2021\/05\/Slider_SemDesLangues-2021-130x130.png 130w, https:\/\/etab.ac-reunion.fr\/lyc-bellepierre\/wp-content\/uploads\/sites\/78\/2021\/05\/Slider_SemDesLangues-2021-67x67.png 67w, https:\/\/etab.ac-reunion.fr\/lyc-bellepierre\/wp-content\/uploads\/sites\/78\/2021\/05\/Slider_SemDesLangues-2021-40x40.png 40w, https:\/\/etab.ac-reunion.fr\/lyc-bellepierre\/wp-content\/uploads\/sites\/78\/2021\/05\/Slider_SemDesLangues-2021-184x184.png 184w\" sizes=\"auto, (max-width: 150px) 100vw, 150px\" \/><\/a><\/div><a class=\"wp-block-latest-posts__post-title\" href=\"https:\/\/etab.ac-reunion.fr\/lyc-bellepierre\/semaine-des-langues-au-cdi\/\">Semaine des langues au CDI &#8211; du 12 au 24 avril 2021<\/a><time datetime=\"2021-05-23T16:30:17+04:00\" class=\"wp-block-latest-posts__post-date\">23 mai 2021<\/time><\/li>\n<li><div class=\"wp-block-latest-posts__featured-image\"><a href=\"https:\/\/etab.ac-reunion.fr\/lyc-bellepierre\/booktrailer-llce-espagnol\/\" aria-label=\"Booktrailer &#8211; LLCE Espagnol\"><img loading=\"lazy\" decoding=\"async\" width=\"150\" height=\"150\" src=\"https:\/\/etab.ac-reunion.fr\/lyc-bellepierre\/wp-content\/uploads\/sites\/78\/2021\/04\/Slider_LLCE-Espa-150x150.png\" class=\"attachment-thumbnail size-thumbnail wp-post-image\" alt=\"\" style=\"\" srcset=\"https:\/\/etab.ac-reunion.fr\/lyc-bellepierre\/wp-content\/uploads\/sites\/78\/2021\/04\/Slider_LLCE-Espa-150x150.png 150w, https:\/\/etab.ac-reunion.fr\/lyc-bellepierre\/wp-content\/uploads\/sites\/78\/2021\/04\/Slider_LLCE-Espa-200x200.png 200w, https:\/\/etab.ac-reunion.fr\/lyc-bellepierre\/wp-content\/uploads\/sites\/78\/2021\/04\/Slider_LLCE-Espa-130x130.png 130w, https:\/\/etab.ac-reunion.fr\/lyc-bellepierre\/wp-content\/uploads\/sites\/78\/2021\/04\/Slider_LLCE-Espa-67x67.png 67w, https:\/\/etab.ac-reunion.fr\/lyc-bellepierre\/wp-content\/uploads\/sites\/78\/2021\/04\/Slider_LLCE-Espa-40x40.png 40w, https:\/\/etab.ac-reunion.fr\/lyc-bellepierre\/wp-content\/uploads\/sites\/78\/2021\/04\/Slider_LLCE-Espa-184x184.png 184w\" sizes=\"auto, (max-width: 150px) 100vw, 150px\" \/><\/a><\/div><a class=\"wp-block-latest-posts__post-title\" href=\"https:\/\/etab.ac-reunion.fr\/lyc-bellepierre\/booktrailer-llce-espagnol\/\">Booktrailer &#8211; LLCE Espagnol<\/a><time datetime=\"2021-04-13T18:50:51+04:00\" class=\"wp-block-latest-posts__post-date\">13 avril 2021<\/time><\/li>\n<\/ul><\/div><\/div>\n<\/div>\n<\/div>\n\n\n\n<div style=\"height:40px\" aria-hidden=\"true\" class=\"wp-block-spacer\"><\/div>\n\n\n\n<hr class=\"wp-block-separator has-alpha-channel-opacity is-style-dots\" \/>\n<!-- AddThis Advanced Settings generic via filter on the_content --><!-- AddThis Share Buttons generic via filter on the_content -->","protected":false},"excerpt":{"rendered":"<p>Vous trouverez ci-dessous les articles \u00e9dit\u00e9s par les \u00e9l\u00e8ves de la section europ\u00e9enne Anglais du lyc\u00e9e :<!-- AddThis Advanced Settings generic via filter on get_the_excerpt --><!-- AddThis Share Buttons generic via filter on get_the_excerpt --><\/p>\n","protected":false},"author":19703,"featured_media":0,"parent":0,"menu_order":0,"comment_status":"closed","ping_status":"closed","template":"","meta":{"footnotes":""},"class_list":["post-6892","page","type-page","status-publish","hentry"],"_links":{"self":[{"href":"https:\/\/etab.ac-reunion.fr\/lyc-bellepierre\/wp-json\/wp\/v2\/pages\/6892","targetHints":{"allow":["GET"]}}],"collection":[{"href":"https:\/\/etab.ac-reunion.fr\/lyc-bellepierre\/wp-json\/wp\/v2\/pages"}],"about":[{"href":"https:\/\/etab.ac-reunion.fr\/lyc-bellepierre\/wp-json\/wp\/v2\/types\/page"}],"author":[{"embeddable":true,"href":"https:\/\/etab.ac-reunion.fr\/lyc-bellepierre\/wp-json\/wp\/v2\/users\/19703"}],"replies":[{"embeddable":true,"href":"https:\/\/etab.ac-reunion.fr\/lyc-bellepierre\/wp-json\/wp\/v2\/comments?post=6892"}],"version-history":[{"count":1,"href":"https:\/\/etab.ac-reunion.fr\/lyc-bellepierre\/wp-json\/wp\/v2\/pages\/6892\/revisions"}],"predecessor-version":[{"id":6893,"href":"https:\/\/etab.ac-reunion.fr\/lyc-bellepierre\/wp-json\/wp\/v2\/pages\/6892\/revisions\/6893"}],"wp:attachment":[{"href":"https:\/\/etab.ac-reunion.fr\/lyc-bellepierre\/wp-json\/wp\/v2\/media?parent=6892"}],"curies":[{"name":"wp","href":"https:\/\/api.w.org\/{rel}","templated":true}]}}