{"id":8798,"date":"2025-05-27T10:58:24","date_gmt":"2025-05-27T06:58:24","guid":{"rendered":"https:\/\/etab.ac-reunion.fr\/lyc-bellepierre\/?page_id=8798"},"modified":"2025-05-30T10:45:30","modified_gmt":"2025-05-30T06:45:30","slug":"demande-de-bourse-nationale-lycee-2026-2026","status":"publish","type":"page","link":"https:\/\/etab.ac-reunion.fr\/lyc-bellepierre\/demande-de-bourse-nationale-lycee-2026-2026\/","title":{"rendered":"Demande de bourse nationale Lyc\u00e9e 2025-2026"},"content":{"rendered":"\n<hr class=\"wp-block-separator has-alpha-channel-opacity is-style-wide\" \/>\n\n\n\n<div style=\"height:25px\" aria-hidden=\"true\" class=\"wp-block-spacer\"><\/div>\n\n\n<div class=\"wp-block-image\">\n<figure class=\"aligncenter size-full is-resized\"><img loading=\"lazy\" decoding=\"async\" width=\"679\" height=\"383\" src=\"https:\/\/etab.ac-reunion.fr\/lyc-bellepierre\/wp-content\/uploads\/sites\/78\/2025\/05\/bourses.jpg\" alt=\"\" class=\"wp-image-8799\" style=\"width:400px\" srcset=\"https:\/\/etab.ac-reunion.fr\/lyc-bellepierre\/wp-content\/uploads\/sites\/78\/2025\/05\/bourses.jpg 679w, https:\/\/etab.ac-reunion.fr\/lyc-bellepierre\/wp-content\/uploads\/sites\/78\/2025\/05\/bourses-512x289.jpg 512w, https:\/\/etab.ac-reunion.fr\/lyc-bellepierre\/wp-content\/uploads\/sites\/78\/2025\/05\/bourses-95x54.jpg 95w\" sizes=\"auto, (max-width: 679px) 100vw, 679px\" \/><\/figure>\n<\/div>\n\n\n<div style=\"height:25px\" aria-hidden=\"true\" class=\"wp-block-spacer\"><\/div>\n\n\n\n<hr class=\"wp-block-separator has-css-opacity is-style-wide\" \/>\n\n\n\n<div style=\"height:40px\" aria-hidden=\"true\" class=\"wp-block-spacer\"><\/div>\n\n\n\n<div class=\"wp-block-columns alignwide is-layout-flex wp-container-core-columns-is-layout-9d6595d7 wp-block-columns-is-layout-flex\">\n<div class=\"wp-block-column has-blush-light-purple-gradient-background has-text-color has-background has-link-color wp-elements-e477c853acdff782fdd254aad19ae85c is-layout-flow wp-block-column-is-layout-flow\" style=\"color:#000000;padding-top:2em;padding-right:2em;padding-bottom:2em;padding-left:2em\">\n<h2 class=\"wp-block-heading\" id=\"single\" style=\"font-size:40px\"><strong>Nouvelle Inscription<\/strong><\/h2>\n\n\n\n<p class=\"has-normal-font-size\" style=\"line-height:1.5\"><strong>Ann\u00e9e scolaire 2025-202<\/strong>6<\/p>\n\n\n\n<hr class=\"wp-block-separator has-text-color has-css-opacity has-background is-style-wide\" style=\"background-color:#000000;color:#000000\" \/>\n\n\n\n<ul class=\"wp-block-list\">\n<li style=\"font-size:16px\">Aux familles et \u00e9l\u00e8ves n&rsquo;ayant pas fait de demande de bourse durant l&rsquo;ann\u00e9e 2024-2025.<\/li>\n<\/ul>\n\n\n\n<div class=\"wp-block-buttons alignfull is-horizontal is-content-justification-center is-layout-flex wp-container-core-buttons-is-layout-499968f5 wp-block-buttons-is-layout-flex\">\n<div class=\"wp-block-button has-custom-width wp-block-button__width-100\"><a class=\"wp-block-button__link has-white-color has-text-color has-background no-border-radius wp-element-button\" href=\"https:\/\/etab.ac-reunion.fr\/lyc-bellepierre\/wp-content\/uploads\/sites\/78\/2025\/05\/bourse_inscription.pdf\" style=\"background-color:#000000\" target=\"_blank\" rel=\"noreferrer noopener\">T\u00e9l\u00e9charger la fiche<\/a><\/div>\n<\/div>\n<\/div>\n\n\n\n<div class=\"wp-block-column has-pale-ocean-gradient-background has-text-color has-background has-link-color wp-elements-c80323a8bdae12b4ab17f279b82c6dc3 is-layout-flow wp-block-column-is-layout-flow\" style=\"color:#000000;padding-top:2em;padding-right:2em;padding-bottom:2em;padding-left:2em\">\n<h2 class=\"wp-block-heading\" id=\"family\" style=\"font-size:40px\"><strong>R\u00e9-inscription<\/strong><\/h2>\n\n\n\n<p class=\"has-normal-font-size\" style=\"line-height:1.5\"><strong>Ann\u00e9e scolaire 2025-2026<\/strong><\/p>\n\n\n\n<hr class=\"wp-block-separator has-css-opacity is-style-wide\" \/>\n\n\n\n<ul class=\"wp-block-list\">\n<li style=\"font-size:16px\">D\u00e9marches possibles au moment de l&rsquo;inscription durant les mois de juin &#8211; juillet 2025.<\/li>\n<\/ul>\n\n\n\n<div class=\"wp-block-buttons alignfull is-horizontal is-content-justification-center is-layout-flex wp-container-core-buttons-is-layout-499968f5 wp-block-buttons-is-layout-flex\">\n<div class=\"wp-block-button has-custom-width wp-block-button__width-100 is-style-fill\"><a class=\"wp-block-button__link has-white-color has-text-color has-background no-border-radius wp-element-button\" href=\"https:\/\/etab.ac-reunion.fr\/lyc-bellepierre\/wp-content\/uploads\/sites\/78\/2025\/05\/bourse_re-inscription.pdf\" style=\"background-color:#000000\" target=\"_blank\" rel=\"noreferrer noopener\">T\u00e9l\u00e9charger la fiche<\/a><\/div>\n<\/div>\n<\/div>\n<\/div>\n\n\n\n<hr class=\"wp-block-separator has-css-opacity is-style-dots\" \/>\n\n\n\n<blockquote class=\"wp-block-quote has-text-align-center is-style-large is-layout-flow wp-block-quote-is-layout-flow\">\n<p>&#8230;<\/p>\n\n\n\n<p><strong>La demande de bourse annuelle est \u00e0 d\u00e9poser ensuite au service gestion du lyc\u00e9e <mark style=\"background-color:#e9e76c\" class=\"has-inline-color has-black-color\">jusqu&rsquo;au 16 octobre 2025<\/mark><\/strong>.<\/p>\n\n\n\n<p>&#8230;<\/p>\n\n\n\n<p><strong>Pour tout renseignement merci de vous rapprocher du service gestion du lyc\u00e9e ou d\u2019envoyer un mail \u00e0 l\u2019adresse : <a href=\"mailto:gestion.9741046u@ac-reunion.fr\">gestion.9741046u@ac-reunion.fr<\/a><\/strong><\/p>\n\n\n\n<p>.<\/p>\n<\/blockquote>\n\n\n\n<div style=\"height:15px\" aria-hidden=\"true\" class=\"wp-block-spacer\"><\/div>\n\n\n\n<div style=\"height:25px\" aria-hidden=\"true\" class=\"wp-block-spacer\"><\/div>\n\n\n\n<p><\/p>\n<!-- AddThis Advanced Settings generic via filter on the_content --><!-- AddThis Share Buttons generic via filter on the_content -->","protected":false},"excerpt":{"rendered":"<p>Nouvelle Inscription Ann\u00e9e scolaire 2025-2026 R\u00e9-inscription Ann\u00e9e scolaire 2025-2026 &#8230; La demande de bourse annuelle est \u00e0 d\u00e9poser ensuite au service gestion du lyc\u00e9e jusqu&rsquo;au 16 octobre 2025. &#8230; Pour tout renseignement merci de vous rapprocher du service gestion du lyc\u00e9e ou d\u2019envoyer un mail \u00e0 l\u2019adresse : gestion.9741046u@ac-reunion.fr .<!-- AddThis Advanced Settings generic via filter on get_the_excerpt --><!-- AddThis Share Buttons generic via filter on get_the_excerpt --><\/p>\n","protected":false},"author":19703,"featured_media":8799,"parent":0,"menu_order":0,"comment_status":"closed","ping_status":"closed","template":"","meta":{"footnotes":""},"class_list":["post-8798","page","type-page","status-publish","has-post-thumbnail","hentry"],"_links":{"self":[{"href":"https:\/\/etab.ac-reunion.fr\/lyc-bellepierre\/wp-json\/wp\/v2\/pages\/8798","targetHints":{"allow":["GET"]}}],"collection":[{"href":"https:\/\/etab.ac-reunion.fr\/lyc-bellepierre\/wp-json\/wp\/v2\/pages"}],"about":[{"href":"https:\/\/etab.ac-reunion.fr\/lyc-bellepierre\/wp-json\/wp\/v2\/types\/page"}],"author":[{"embeddable":true,"href":"https:\/\/etab.ac-reunion.fr\/lyc-bellepierre\/wp-json\/wp\/v2\/users\/19703"}],"replies":[{"embeddable":true,"href":"https:\/\/etab.ac-reunion.fr\/lyc-bellepierre\/wp-json\/wp\/v2\/comments?post=8798"}],"version-history":[{"count":12,"href":"https:\/\/etab.ac-reunion.fr\/lyc-bellepierre\/wp-json\/wp\/v2\/pages\/8798\/revisions"}],"predecessor-version":[{"id":8814,"href":"https:\/\/etab.ac-reunion.fr\/lyc-bellepierre\/wp-json\/wp\/v2\/pages\/8798\/revisions\/8814"}],"wp:featuredmedia":[{"embeddable":true,"href":"https:\/\/etab.ac-reunion.fr\/lyc-bellepierre\/wp-json\/wp\/v2\/media\/8799"}],"wp:attachment":[{"href":"https:\/\/etab.ac-reunion.fr\/lyc-bellepierre\/wp-json\/wp\/v2\/media?parent=8798"}],"curies":[{"name":"wp","href":"https:\/\/api.w.org\/{rel}","templated":true}]}}