{"id":11344,"date":"2022-09-20T11:28:37","date_gmt":"2022-09-20T10:28:37","guid":{"rendered":"https:\/\/etab.ac-reunion.fr\/lyc-bois-d-olive\/?page_id=11344"},"modified":"2025-04-15T07:46:53","modified_gmt":"2025-04-15T03:46:53","slug":"bts-fabcr","status":"publish","type":"page","link":"https:\/\/etab.ac-reunion.fr\/lyc-bois-d-olive\/formations\/enseignement-superieur\/bts-fabcr\/","title":{"rendered":"BTS FABCR"},"content":{"rendered":"<a href=\"https:\/\/etab.ac-reunion.fr\/lyc-bois-d-olive\/wp-content\/uploads\/sites\/147\/2025\/04\/Flyer-BTS-FABCR-2025.pdf\" class=\"pdfemb-viewer\" style=\"\" data-width=\"max\" data-height=\"max\" data-toolbar=\"bottom\" data-toolbar-fixed=\"off\">Flyer BTS FABCR 2025<\/a>\n<p><a href=\"https:\/\/etab.ac-reunion.fr\/lyc-bois-d-olive\/wp-content\/uploads\/sites\/147\/2025\/04\/Flyer-BTS-FABCR-2025.pdf\" target=\"_blank\" rel=\"noopener\">T\u00e9l\u00e9chargeable ici<\/a><\/p>\n<p><a href=\"https:\/\/etab.ac-reunion.fr\/lyc-bois-d-olive\/wp-content\/uploads\/sites\/147\/2024\/02\/BTS-FABRC.pdf\">Acc\u00e9der \u00e0 la fiche m\u00e9tier<\/a><\/p>\n","protected":false},"excerpt":{"rendered":"<p>T\u00e9l\u00e9chargeable ici Acc\u00e9der \u00e0 la fiche m\u00e9tier<\/p>\n<p class=\"continue-reading-button\"> <a class=\"continue-reading-link\" href=\"https:\/\/etab.ac-reunion.fr\/lyc-bois-d-olive\/formations\/enseignement-superieur\/bts-fabcr\/\">Lire la suite<i class=\"crycon-right-dir\"><\/i><\/a><\/p>\n","protected":false},"author":31373,"featured_media":0,"parent":344,"menu_order":0,"comment_status":"closed","ping_status":"closed","template":"","meta":{"footnotes":""},"class_list":["post-11344","page","type-page","status-publish","hentry"],"_links":{"self":[{"href":"https:\/\/etab.ac-reunion.fr\/lyc-bois-d-olive\/wp-json\/wp\/v2\/pages\/11344","targetHints":{"allow":["GET"]}}],"collection":[{"href":"https:\/\/etab.ac-reunion.fr\/lyc-bois-d-olive\/wp-json\/wp\/v2\/pages"}],"about":[{"href":"https:\/\/etab.ac-reunion.fr\/lyc-bois-d-olive\/wp-json\/wp\/v2\/types\/page"}],"author":[{"embeddable":true,"href":"https:\/\/etab.ac-reunion.fr\/lyc-bois-d-olive\/wp-json\/wp\/v2\/users\/31373"}],"replies":[{"embeddable":true,"href":"https:\/\/etab.ac-reunion.fr\/lyc-bois-d-olive\/wp-json\/wp\/v2\/comments?post=11344"}],"version-history":[{"count":8,"href":"https:\/\/etab.ac-reunion.fr\/lyc-bois-d-olive\/wp-json\/wp\/v2\/pages\/11344\/revisions"}],"predecessor-version":[{"id":16073,"href":"https:\/\/etab.ac-reunion.fr\/lyc-bois-d-olive\/wp-json\/wp\/v2\/pages\/11344\/revisions\/16073"}],"up":[{"embeddable":true,"href":"https:\/\/etab.ac-reunion.fr\/lyc-bois-d-olive\/wp-json\/wp\/v2\/pages\/344"}],"wp:attachment":[{"href":"https:\/\/etab.ac-reunion.fr\/lyc-bois-d-olive\/wp-json\/wp\/v2\/media?parent=11344"}],"curies":[{"name":"wp","href":"https:\/\/api.w.org\/{rel}","templated":true}]}}