{"id":11727,"date":"2022-11-22T18:30:18","date_gmt":"2022-11-22T17:30:18","guid":{"rendered":"https:\/\/etab.ac-reunion.fr\/lyc-bois-d-olive\/?page_id=11727"},"modified":"2025-05-31T11:00:01","modified_gmt":"2025-05-31T07:00:01","slug":"options","status":"publish","type":"page","link":"https:\/\/etab.ac-reunion.fr\/lyc-bois-d-olive\/formations\/options\/","title":{"rendered":"Les options"},"content":{"rendered":"<blockquote><p>\u00a0Au lyc\u00e9e de Bois d&rsquo;Olive, les \u00e9l\u00e8ves ont l&rsquo;opportunit\u00e9 de choisir diverses options d&rsquo;enseignement g\u00e9n\u00e9ral qui leur permettent d&rsquo;explorer et d&rsquo;acqu\u00e9rir de mani\u00e8re active des comp\u00e9tences dans diff\u00e9rents domaines. Ci-apr\u00e8s, le panel d&rsquo;options par niveau disponible dans l&rsquo;\u00e9tablissement.<\/p><\/blockquote>\n<ul style=\"line-height: 3em\">\n<li><span style=\"font-size: 14pt;font-family: 'Raleway', Arial, sans-serif\"><u><strong>Options en<\/strong><\/u><strong><span style=\"text-decoration: underline\">\u00a0Seconde<\/span> :<\/strong><\/span>\n<ul style=\"line-height: 1.3em\">\n<li><span style=\"font-size: 12pt;font-family: 'Raleway', Arial, sans-serif;color: #444444\"><strong><a style=\"text-decoration: auto\" href=\"https:\/\/etab.ac-reunion.fr\/lyc-bois-d-olive\/sciences-de-laboratoire\/\" target=\"_blank\" rel=\"noopener\">Sciences de Laboratoire<\/a><\/strong><\/span><\/li>\n<li><span style=\"font-size: 12pt;font-family: 'Raleway', Arial, sans-serif;color: #444444\"><strong><a style=\"text-decoration: auto\" href=\"https:\/\/etab.ac-reunion.fr\/lyc-bois-d-olive\/formations\/options\/2nd-generale-et-technologique-option-sante-et-social\/\" target=\"_blank\" rel=\"noopener\">Sant\u00e9 et Social<\/a><\/strong><\/span><\/li>\n<li><span style=\"font-size: 12pt;font-family: 'Raleway', Arial, sans-serif;color: #444444\"><strong><a style=\"text-decoration: auto\" href=\"https:\/\/etab.ac-reunion.fr\/lyc-bois-d-olive\/formations\/options\/sciences-de-lingenieur-et-creation-et-innovation-technologiques-si-cit\/\" target=\"_blank\" rel=\"noopener\">Sciences de l&rsquo;Ing\u00e9nieur et Cr\u00e9ation et innovation technologiques (SI-CIT)<\/a><\/strong><\/span><\/li>\n<\/ul>\n<\/li>\n<li><span style=\"font-size: 14pt;font-family: 'Raleway', Arial, sans-serif\"><u><strong>Options en Seconde, Premi\u00e8re et Terminale<\/strong><\/u> <strong>:<\/strong><\/span>\n<ul style=\"line-height: 1.3em\">\n<li><strong><span style=\"font-size: 12pt;font-family: 'Raleway', Arial, sans-serif;color: #444444\">Latin<\/span><\/strong><\/li>\n<li><strong><span style=\"font-size: 12pt;font-family: 'Raleway', Arial, sans-serif;color: #444444\">EPS<\/span><\/strong><\/li>\n<li><strong><span style=\"font-size: 12pt;font-family: 'Raleway', Arial, sans-serif;color: #444444\">Th\u00e9\u00e2tre<\/span><\/strong><\/li>\n<\/ul>\n<\/li>\n<li><span style=\"font-size: 14pt;font-family: 'Raleway', Arial, sans-serif\"><u><strong>Options en Premi\u00e8re et Terminale<\/strong><\/u><strong> :<\/strong><\/span>\n<ul style=\"line-height: 1.3em;font-size: 12pt;font-family: 'Raleway', Arial, sans-serif;color: #444444\">\n<li><a style=\"text-decoration: auto\" href=\"https:\/\/etab.ac-reunion.fr\/lyc-bois-d-olive\/formations\/dnl\/\"><strong><span>DNL : DNL* Anglais<\/span><\/strong><\/a><\/li>\n<li><a style=\"text-decoration: auto\" href=\"https:\/\/etab.ac-reunion.fr\/lyc-bois-d-olive\/formations\/dnl\/\"><strong><span>DNL Histoire-G\u00e9ographie<\/span><\/strong><\/a><\/li>\n<li><a style=\"text-decoration: auto\" href=\"https:\/\/etab.ac-reunion.fr\/lyc-bois-d-olive\/formations\/dnl\/\"><strong><span>DNL Espagnol<\/span><\/strong><\/a><\/li>\n<li><a style=\"text-decoration: auto\" href=\"https:\/\/etab.ac-reunion.fr\/lyc-bois-d-olive\/formations\/dnl\/\"><strong><span>DNL Sciences<\/span><\/strong><\/a><\/li>\n<\/ul>\n<\/li>\n<\/ul>\n<p><span style=\"font-size: 14pt\">* <span style=\"text-decoration: underline\">DNL<\/span>: Discipline Non Linguistique<\/span><\/p>\n<ul style=\"line-height: 3em\">\n<li><span style=\"font-size: 14pt;font-family: 'Raleway', Arial, sans-serif\"><u><strong>Options en Terminale<\/strong><\/u><strong> :<\/strong><\/span>\n<ul style=\"line-height: 1.3em\">\n<li><strong><span style=\"font-size: 12pt;font-family: 'Raleway', Arial, sans-serif;color: #444444\">Droits et Grands Enjeux du Monde Contemporain (DEMC)<\/span><\/strong><\/li>\n<li><strong><span style=\"font-size: 12pt;font-family: 'Raleway', Arial, sans-serif;color: #444444\">Math Expert ou Math Compl\u00e9mentaire<\/span><\/strong><\/li>\n<\/ul>\n<\/li>\n<\/ul>\n","protected":false},"excerpt":{"rendered":"<p>\u00a0Au lyc\u00e9e de Bois d&rsquo;Olive, les \u00e9l\u00e8ves ont l&rsquo;opportunit\u00e9 de choisir diverses options d&rsquo;enseignement g\u00e9n\u00e9ral qui leur permettent d&rsquo;explorer et\u2026<\/p>\n<p class=\"continue-reading-button\"> <a class=\"continue-reading-link\" href=\"https:\/\/etab.ac-reunion.fr\/lyc-bois-d-olive\/formations\/options\/\">Lire la suite<i class=\"crycon-right-dir\"><\/i><\/a><\/p>\n","protected":false},"author":31373,"featured_media":0,"parent":88,"menu_order":0,"comment_status":"closed","ping_status":"closed","template":"","meta":{"footnotes":""},"class_list":["post-11727","page","type-page","status-publish","hentry"],"_links":{"self":[{"href":"https:\/\/etab.ac-reunion.fr\/lyc-bois-d-olive\/wp-json\/wp\/v2\/pages\/11727","targetHints":{"allow":["GET"]}}],"collection":[{"href":"https:\/\/etab.ac-reunion.fr\/lyc-bois-d-olive\/wp-json\/wp\/v2\/pages"}],"about":[{"href":"https:\/\/etab.ac-reunion.fr\/lyc-bois-d-olive\/wp-json\/wp\/v2\/types\/page"}],"author":[{"embeddable":true,"href":"https:\/\/etab.ac-reunion.fr\/lyc-bois-d-olive\/wp-json\/wp\/v2\/users\/31373"}],"replies":[{"embeddable":true,"href":"https:\/\/etab.ac-reunion.fr\/lyc-bois-d-olive\/wp-json\/wp\/v2\/comments?post=11727"}],"version-history":[{"count":23,"href":"https:\/\/etab.ac-reunion.fr\/lyc-bois-d-olive\/wp-json\/wp\/v2\/pages\/11727\/revisions"}],"predecessor-version":[{"id":16290,"href":"https:\/\/etab.ac-reunion.fr\/lyc-bois-d-olive\/wp-json\/wp\/v2\/pages\/11727\/revisions\/16290"}],"up":[{"embeddable":true,"href":"https:\/\/etab.ac-reunion.fr\/lyc-bois-d-olive\/wp-json\/wp\/v2\/pages\/88"}],"wp:attachment":[{"href":"https:\/\/etab.ac-reunion.fr\/lyc-bois-d-olive\/wp-json\/wp\/v2\/media?parent=11727"}],"curies":[{"name":"wp","href":"https:\/\/api.w.org\/{rel}","templated":true}]}}