{"id":13199,"date":"2023-08-18T11:40:49","date_gmt":"2023-08-18T07:40:49","guid":{"rendered":"https:\/\/etab.ac-reunion.fr\/lyc-bois-d-olive\/?page_id=13199"},"modified":"2024-07-05T11:06:23","modified_gmt":"2024-07-05T07:06:23","slug":"demandes-daide-des-fonds-sociaux","status":"publish","type":"page","link":"https:\/\/etab.ac-reunion.fr\/lyc-bois-d-olive\/gestion\/demandes-daide-des-fonds-sociaux\/","title":{"rendered":"Demande d&rsquo;aide du fonds social"},"content":{"rendered":"<blockquote><p>Si vous souhaitez demander une aide du fonds social, vous trouverez ci-dessous le formulaire pour constituer votre dossier. La version t\u00e9l\u00e9chargeable se trouve en bas de l&rsquo;article ainsi que les coordonn\u00e9es de notre assistante sociale, Mme MOREAU.<br \/>\n<!--more--><\/p><\/blockquote>\n<a href=\"https:\/\/etab.ac-reunion.fr\/lyc-bois-d-olive\/wp-content\/uploads\/sites\/147\/2024\/07\/imprime-dde-fonds-social.pdf\" class=\"pdfemb-viewer\" style=\"\" data-width=\"max\" data-height=\"max\" data-toolbar=\"bottom\" data-toolbar-fixed=\"off\">Formulaire de demande de Fonds sociaux<\/a>\n<p>&nbsp;<\/p>\n<div><a style=\"vertical-align: middle\" href=\"https:\/\/etab.ac-reunion.fr\/lyc-bois-d-olive\/wp-content\/uploads\/sites\/147\/2024\/07\/imprime-dde-fonds-social.pdf\"><img loading=\"lazy\" decoding=\"async\" class=\"alignnone size-thumbnail wp-image-13219\" src=\"https:\/\/etab.ac-reunion.fr\/lyc-bois-d-olive\/wp-content\/uploads\/sites\/147\/2023\/08\/download-150x150.png\" alt=\"\" width=\"75\" height=\"75\" srcset=\"https:\/\/etab.ac-reunion.fr\/lyc-bois-d-olive\/wp-content\/uploads\/sites\/147\/2023\/08\/download-150x150.png 150w, https:\/\/etab.ac-reunion.fr\/lyc-bois-d-olive\/wp-content\/uploads\/sites\/147\/2023\/08\/download-300x300.png 300w, https:\/\/etab.ac-reunion.fr\/lyc-bois-d-olive\/wp-content\/uploads\/sites\/147\/2023\/08\/download.png 512w\" sizes=\"auto, (max-width: 75px) 100vw, 75px\" \/><span style=\"font-size: 14pt;vertical-align: top\"><strong>T\u00e9l\u00e9chargeable ici<\/strong><\/span><\/a><\/div>\n<div>\n<p style=\"text-align: right\"><span style=\"text-decoration: underline\"><strong>ASSISTANTE SOCIALE SCOLAIRE<\/strong><\/span><br \/>\n<strong>Mme Mickaelle MOREAU<\/strong><br \/>\n<span style=\"text-decoration: underline\">Mickaelle.Moreau@ac-reunion.fr<\/span><\/p>\n<p style=\"text-align: right\"><span style=\"text-decoration: underline\">Lyc\u00e9e Bois d\u2019Olive<\/span><br \/>\n0262 49.89.60 (Lun\/Jeu)<br \/>\n<span style=\"text-decoration: underline\"><br \/>\nColl\u00e8ge La Ravine des Cabris<\/span><br \/>\n0262.49.50.54 (Mar\/Mer\/Ven)<\/p>\n<\/div>\n","protected":false},"excerpt":{"rendered":"<p>Si vous souhaitez demander une aide du fonds social, vous trouverez ci-dessous le formulaire pour constituer votre dossier. La version\u2026<\/p>\n<p class=\"continue-reading-button\"> <a class=\"continue-reading-link\" href=\"https:\/\/etab.ac-reunion.fr\/lyc-bois-d-olive\/gestion\/demandes-daide-des-fonds-sociaux\/\">Lire la suite<i class=\"crycon-right-dir\"><\/i><\/a><\/p>\n","protected":false},"author":31373,"featured_media":0,"parent":96,"menu_order":0,"comment_status":"closed","ping_status":"closed","template":"","meta":{"footnotes":""},"class_list":["post-13199","page","type-page","status-publish","hentry"],"_links":{"self":[{"href":"https:\/\/etab.ac-reunion.fr\/lyc-bois-d-olive\/wp-json\/wp\/v2\/pages\/13199","targetHints":{"allow":["GET"]}}],"collection":[{"href":"https:\/\/etab.ac-reunion.fr\/lyc-bois-d-olive\/wp-json\/wp\/v2\/pages"}],"about":[{"href":"https:\/\/etab.ac-reunion.fr\/lyc-bois-d-olive\/wp-json\/wp\/v2\/types\/page"}],"author":[{"embeddable":true,"href":"https:\/\/etab.ac-reunion.fr\/lyc-bois-d-olive\/wp-json\/wp\/v2\/users\/31373"}],"replies":[{"embeddable":true,"href":"https:\/\/etab.ac-reunion.fr\/lyc-bois-d-olive\/wp-json\/wp\/v2\/comments?post=13199"}],"version-history":[{"count":7,"href":"https:\/\/etab.ac-reunion.fr\/lyc-bois-d-olive\/wp-json\/wp\/v2\/pages\/13199\/revisions"}],"predecessor-version":[{"id":15045,"href":"https:\/\/etab.ac-reunion.fr\/lyc-bois-d-olive\/wp-json\/wp\/v2\/pages\/13199\/revisions\/15045"}],"up":[{"embeddable":true,"href":"https:\/\/etab.ac-reunion.fr\/lyc-bois-d-olive\/wp-json\/wp\/v2\/pages\/96"}],"wp:attachment":[{"href":"https:\/\/etab.ac-reunion.fr\/lyc-bois-d-olive\/wp-json\/wp\/v2\/media?parent=13199"}],"curies":[{"name":"wp","href":"https:\/\/api.w.org\/{rel}","templated":true}]}}