{"id":15181,"date":"2024-09-22T22:34:05","date_gmt":"2024-09-22T18:34:05","guid":{"rendered":"https:\/\/etab.ac-reunion.fr\/lyc-bois-d-olive\/?page_id=15181"},"modified":"2024-09-23T08:05:57","modified_gmt":"2024-09-23T04:05:57","slug":"anglais-monde-contemporain","status":"publish","type":"page","link":"https:\/\/etab.ac-reunion.fr\/lyc-bois-d-olive\/formations\/anglais-monde-contemporain\/","title":{"rendered":"Anglais Monde Contemporain"},"content":{"rendered":"<blockquote><p>La sp\u00e9cialit\u00e9 \u00ab\u00a0Anglais Monde Contemporain\u00a0\u00bb s\u2019appuie sur une grande vari\u00e9t\u00e9 de supports authentiques afin d\u2019aborder des questions contemporaines du monde anglophone, d\u2019analyser des enjeux sociaux, \u00e9conomiques, politiques, g\u00e9opolitiques, culturels, scientifiques et techniques du monde anglophone contemporain.<\/p><\/blockquote>\n<p><!--more--><\/p>\n<div class=\"su-custom-gallery su-custom-gallery-align-left su-custom-gallery-title-never\"><div class=\"su-custom-gallery-slide\" style=\"width:300px;height:180px\"><a href=\"https:\/\/etab.ac-reunion.fr\/lyc-bois-d-olive\/wp-content\/uploads\/sites\/147\/2024\/09\/LONDON.jpg\" target=\"_blank\" title=\"LONDON\"><img loading=\"lazy\" decoding=\"async\" src=\"https:\/\/etab.ac-reunion.fr\/lyc-bois-d-olive\/wp-content\/uploads\/sites\/147\/2024\/09\/LONDON.jpg\" alt=\"LONDON\" width=\"300\" height=\"180\" \/><span class=\"su-custom-gallery-title\">LONDON<\/span><\/a><\/div><div class=\"su-custom-gallery-slide\" style=\"width:300px;height:180px\"><a href=\"https:\/\/etab.ac-reunion.fr\/lyc-bois-d-olive\/wp-content\/uploads\/sites\/147\/2024\/09\/BROOKLYN-BRIDGE-NY-e1727029912882.jpg\" target=\"_blank\" title=\"BROOKLYN BRIDGE NY\"><img loading=\"lazy\" decoding=\"async\" src=\"https:\/\/etab.ac-reunion.fr\/lyc-bois-d-olive\/wp-content\/uploads\/sites\/147\/2024\/09\/BROOKLYN-BRIDGE-NY-e1727029912882.jpg\" alt=\"BROOKLYN BRIDGE NY\" width=\"300\" height=\"180\" \/><span class=\"su-custom-gallery-title\">BROOKLYN BRIDGE NY<\/span><\/a><\/div><div class=\"su-custom-gallery-slide\" style=\"width:300px;height:180px\"><a href=\"https:\/\/etab.ac-reunion.fr\/lyc-bois-d-olive\/wp-content\/uploads\/sites\/147\/2024\/09\/NEW-ZEALAND-e1727029614217.png\" target=\"_blank\" title=\"NEW ZEALAND\"><img loading=\"lazy\" decoding=\"async\" src=\"https:\/\/etab.ac-reunion.fr\/lyc-bois-d-olive\/wp-content\/uploads\/sites\/147\/2024\/09\/NEW-ZEALAND-e1727029614217.png\" alt=\"NEW ZEALAND\" width=\"300\" height=\"180\" \/><span class=\"su-custom-gallery-title\">NEW ZEALAND<\/span><\/a><\/div><div class=\"su-custom-gallery-slide\" style=\"width:300px;height:180px\"><a href=\"https:\/\/etab.ac-reunion.fr\/lyc-bois-d-olive\/wp-content\/uploads\/sites\/147\/2024\/09\/GREAT-BARRIER-REEF-AUSTRALIA-e1727029940529.jpg\" target=\"_blank\" title=\"GREAT BARRIER REEF, AUSTRALIA\"><img loading=\"lazy\" decoding=\"async\" src=\"https:\/\/etab.ac-reunion.fr\/lyc-bois-d-olive\/wp-content\/uploads\/sites\/147\/2024\/09\/GREAT-BARRIER-REEF-AUSTRALIA-e1727029940529.jpg\" alt=\"GREAT BARRIER REEF, AUSTRALIA\" width=\"300\" height=\"180\" \/><span class=\"su-custom-gallery-title\">GREAT BARRIER REEF, AUSTRALIA<\/span><\/a><\/div><div class=\"su-custom-gallery-slide\" style=\"width:300px;height:180px\"><a href=\"https:\/\/etab.ac-reunion.fr\/lyc-bois-d-olive\/wp-content\/uploads\/sites\/147\/2024\/09\/CANADA.jpg\" target=\"_blank\" title=\"CANADA\"><img loading=\"lazy\" decoding=\"async\" src=\"https:\/\/etab.ac-reunion.fr\/lyc-bois-d-olive\/wp-content\/uploads\/sites\/147\/2024\/09\/CANADA.jpg\" alt=\"CANADA\" width=\"300\" height=\"180\" \/><span class=\"su-custom-gallery-title\">CANADA<\/span><\/a><\/div><div class=\"su-custom-gallery-slide\" style=\"width:300px;height:180px\"><a href=\"https:\/\/etab.ac-reunion.fr\/lyc-bois-d-olive\/wp-content\/uploads\/sites\/147\/2024\/09\/COUNTRIES-WHERE-ENGLISH-IS-USED.png\" target=\"_blank\" title=\"COUNTRIES WHERE ENGLISH IS USED\"><img loading=\"lazy\" decoding=\"async\" src=\"https:\/\/etab.ac-reunion.fr\/lyc-bois-d-olive\/wp-content\/uploads\/sites\/147\/2024\/09\/COUNTRIES-WHERE-ENGLISH-IS-USED.png\" alt=\"COUNTRIES WHERE ENGLISH IS USED\" width=\"300\" height=\"180\" \/><span class=\"su-custom-gallery-title\">COUNTRIES WHERE ENGLISH IS USED<\/span><\/a><\/div><div class=\"su-clear\"><\/div><\/div>\n<p>Cet enseignement s\u2019adresse aux \u00e9l\u00e8ves curieux, qui ont envie d\u2019approfondir leur ma\u00eetrise de la langue et d\u2019enrichir leur culture personnelle. Il sera un atout pour les \u00e9l\u00e8ves qui envisagent plus particuli\u00e8rement des \u00e9tudes ax\u00e9es sur les langues, la communication, le droit, les sciences politiques, le commerce, les sciences humaines, mais pas seulement\u00a0!<\/p>\n<p><strong>Ne l\u2019oubliez pas, l\u2019anglais est partout\u00a0!<\/strong><\/p>\n<p>En mettant l\u2019accent sur l\u2019expression orale, le travail de recherche, la r\u00e9flexion et le d\u00e9veloppement de l\u2019esprit critique, les \u00e9l\u00e8ves seront pr\u00e9par\u00e9s \u00e0 mieux aborder leurs \u00e9tudes sup\u00e9rieures.<\/p>\n<p>La sp\u00e9cialit\u00e9 s\u2019articule autour de <strong>5 th\u00e9matiques\u00a0<\/strong>: 2 abord\u00e9es en premi\u00e8re et 3 abord\u00e9es en terminale avec 4 h par semaine en classe de premi\u00e8re et 6h en classe de terminale.<\/p>\n<p>Les \u00e9preuves en terminale consistent en un \u00e9crit de 3h30 et un oral de 20 minutes sur un dossier personnel.<\/p>\n<p style=\"text-align: center\">___________________________<\/p>\n<p>YOU want to see the world, explore topical subjects, discover cultural and historical heritage, know more about global relations, come and join US !!<\/p>\n<p>It is certainly demanding but with perseverance, motivation and hardwork, you\u2019ll succeed !<\/p>\n<p>See you then !!!<\/p>\n<p><strong>Les professeurs d\u2019AMC <\/strong><\/p>\n","protected":false},"excerpt":{"rendered":"<p>La sp\u00e9cialit\u00e9 \u00ab\u00a0Anglais Monde Contemporain\u00a0\u00bb s\u2019appuie sur une grande vari\u00e9t\u00e9 de supports authentiques afin d\u2019aborder des questions contemporaines du monde\u2026<\/p>\n<p class=\"continue-reading-button\"> <a class=\"continue-reading-link\" href=\"https:\/\/etab.ac-reunion.fr\/lyc-bois-d-olive\/formations\/anglais-monde-contemporain\/\">Lire la suite<i class=\"crycon-right-dir\"><\/i><\/a><\/p>\n","protected":false},"author":31373,"featured_media":0,"parent":88,"menu_order":0,"comment_status":"closed","ping_status":"closed","template":"","meta":{"footnotes":""},"class_list":["post-15181","page","type-page","status-publish","hentry"],"_links":{"self":[{"href":"https:\/\/etab.ac-reunion.fr\/lyc-bois-d-olive\/wp-json\/wp\/v2\/pages\/15181","targetHints":{"allow":["GET"]}}],"collection":[{"href":"https:\/\/etab.ac-reunion.fr\/lyc-bois-d-olive\/wp-json\/wp\/v2\/pages"}],"about":[{"href":"https:\/\/etab.ac-reunion.fr\/lyc-bois-d-olive\/wp-json\/wp\/v2\/types\/page"}],"author":[{"embeddable":true,"href":"https:\/\/etab.ac-reunion.fr\/lyc-bois-d-olive\/wp-json\/wp\/v2\/users\/31373"}],"replies":[{"embeddable":true,"href":"https:\/\/etab.ac-reunion.fr\/lyc-bois-d-olive\/wp-json\/wp\/v2\/comments?post=15181"}],"version-history":[{"count":10,"href":"https:\/\/etab.ac-reunion.fr\/lyc-bois-d-olive\/wp-json\/wp\/v2\/pages\/15181\/revisions"}],"predecessor-version":[{"id":15198,"href":"https:\/\/etab.ac-reunion.fr\/lyc-bois-d-olive\/wp-json\/wp\/v2\/pages\/15181\/revisions\/15198"}],"up":[{"embeddable":true,"href":"https:\/\/etab.ac-reunion.fr\/lyc-bois-d-olive\/wp-json\/wp\/v2\/pages\/88"}],"wp:attachment":[{"href":"https:\/\/etab.ac-reunion.fr\/lyc-bois-d-olive\/wp-json\/wp\/v2\/media?parent=15181"}],"curies":[{"name":"wp","href":"https:\/\/api.w.org\/{rel}","templated":true}]}}