{"id":15684,"date":"2024-12-04T10:47:59","date_gmt":"2024-12-04T06:47:59","guid":{"rendered":"https:\/\/etab.ac-reunion.fr\/lyc-bois-d-olive\/?page_id=15684"},"modified":"2024-12-04T10:47:59","modified_gmt":"2024-12-04T06:47:59","slug":"erasmus-charter-for-higher-education-eche","status":"publish","type":"page","link":"https:\/\/etab.ac-reunion.fr\/lyc-bois-d-olive\/erasmus-charter-for-higher-education-eche\/","title":{"rendered":"Erasmus Charter for Higher Education (ECHE)"},"content":{"rendered":"<p><strong><span style=\"text-decoration: underline\"><span style=\"font-size: 14pt\">Extrait de la demande de charte qui d\u00e9veloppe la strat\u00e9gie Erasmus+ pour l&rsquo;enseignement sup\u00e9rieur<\/span><\/span><\/strong><\/p>\n<a href=\"https:\/\/etab.ac-reunion.fr\/lyc-bois-d-olive\/wp-content\/uploads\/sites\/147\/2024\/12\/extraits-de-PROPOSAL_101172260-ECHE-LBO-ERASMUS-EDU-2022-ECHE-CERT.pdf\" class=\"pdfemb-viewer\" style=\"\" data-width=\"max\" data-height=\"max\" data-toolbar=\"bottom\" data-toolbar-fixed=\"off\">extraits de PROPOSAL_101172260-ECHE LBO-ERASMUS-EDU-2022-ECHE-CERT<\/a>\n<div><a style=\"vertical-align: middle\" href=\"https:\/\/etab.ac-reunion.fr\/lyc-bois-d-olive\/wp-content\/uploads\/sites\/147\/2024\/12\/extraits-de-PROPOSAL_101172260-ECHE-LBO-ERASMUS-EDU-2022-ECHE-CERT.pdf\"><img loading=\"lazy\" decoding=\"async\" class=\"alignnone size-thumbnail wp-image-13219\" src=\"https:\/\/etab.ac-reunion.fr\/lyc-bois-d-olive\/wp-content\/uploads\/sites\/147\/2023\/08\/download-150x150.png\" alt=\"\" width=\"75\" height=\"75\" srcset=\"https:\/\/etab.ac-reunion.fr\/lyc-bois-d-olive\/wp-content\/uploads\/sites\/147\/2023\/08\/download-150x150.png 150w, https:\/\/etab.ac-reunion.fr\/lyc-bois-d-olive\/wp-content\/uploads\/sites\/147\/2023\/08\/download-300x300.png 300w, https:\/\/etab.ac-reunion.fr\/lyc-bois-d-olive\/wp-content\/uploads\/sites\/147\/2023\/08\/download.png 512w\" sizes=\"auto, (max-width: 75px) 100vw, 75px\" \/><span style=\"font-size: 14pt;vertical-align: top\"><strong>T\u00e9l\u00e9chargeable ici<\/strong><\/span><\/a><\/div>\n<p>&nbsp;<\/p>\n<p><span style=\"text-decoration: underline;font-size: 14pt\"><strong>Certificat de Charte<\/strong><\/span><\/p>\n<a href=\"https:\/\/etab.ac-reunion.fr\/lyc-bois-d-olive\/wp-content\/uploads\/sites\/147\/2024\/12\/ERASMUS-ECHE.pdf\" class=\"pdfemb-viewer\" style=\"\" data-width=\"max\" data-height=\"max\" data-toolbar=\"bottom\" data-toolbar-fixed=\"off\">ERASMUS ECHE<\/a>\n<div><a style=\"vertical-align: middle\" href=\"https:\/\/etab.ac-reunion.fr\/lyc-bois-d-olive\/wp-content\/uploads\/sites\/147\/2024\/12\/ERASMUS-ECHE.pdf\"><img loading=\"lazy\" decoding=\"async\" class=\"alignnone size-thumbnail wp-image-13219\" src=\"https:\/\/etab.ac-reunion.fr\/lyc-bois-d-olive\/wp-content\/uploads\/sites\/147\/2023\/08\/download-150x150.png\" alt=\"\" width=\"75\" height=\"75\" srcset=\"https:\/\/etab.ac-reunion.fr\/lyc-bois-d-olive\/wp-content\/uploads\/sites\/147\/2023\/08\/download-150x150.png 150w, https:\/\/etab.ac-reunion.fr\/lyc-bois-d-olive\/wp-content\/uploads\/sites\/147\/2023\/08\/download-300x300.png 300w, https:\/\/etab.ac-reunion.fr\/lyc-bois-d-olive\/wp-content\/uploads\/sites\/147\/2023\/08\/download.png 512w\" sizes=\"auto, (max-width: 75px) 100vw, 75px\" \/><span style=\"font-size: 14pt;vertical-align: top\"><strong>T\u00e9l\u00e9chargeable ici<\/strong><\/span><\/a><\/div>\n","protected":false},"excerpt":{"rendered":"<p>Extrait de la demande de charte qui d\u00e9veloppe la strat\u00e9gie Erasmus+ pour l&rsquo;enseignement sup\u00e9rieur T\u00e9l\u00e9chargeable ici &nbsp; Certificat de Charte\u2026<\/p>\n<p class=\"continue-reading-button\"> <a class=\"continue-reading-link\" href=\"https:\/\/etab.ac-reunion.fr\/lyc-bois-d-olive\/erasmus-charter-for-higher-education-eche\/\">Lire la suite<i class=\"crycon-right-dir\"><\/i><\/a><\/p>\n","protected":false},"author":31373,"featured_media":0,"parent":0,"menu_order":0,"comment_status":"closed","ping_status":"closed","template":"","meta":{"footnotes":""},"class_list":["post-15684","page","type-page","status-publish","hentry"],"_links":{"self":[{"href":"https:\/\/etab.ac-reunion.fr\/lyc-bois-d-olive\/wp-json\/wp\/v2\/pages\/15684","targetHints":{"allow":["GET"]}}],"collection":[{"href":"https:\/\/etab.ac-reunion.fr\/lyc-bois-d-olive\/wp-json\/wp\/v2\/pages"}],"about":[{"href":"https:\/\/etab.ac-reunion.fr\/lyc-bois-d-olive\/wp-json\/wp\/v2\/types\/page"}],"author":[{"embeddable":true,"href":"https:\/\/etab.ac-reunion.fr\/lyc-bois-d-olive\/wp-json\/wp\/v2\/users\/31373"}],"replies":[{"embeddable":true,"href":"https:\/\/etab.ac-reunion.fr\/lyc-bois-d-olive\/wp-json\/wp\/v2\/comments?post=15684"}],"version-history":[{"count":6,"href":"https:\/\/etab.ac-reunion.fr\/lyc-bois-d-olive\/wp-json\/wp\/v2\/pages\/15684\/revisions"}],"predecessor-version":[{"id":15694,"href":"https:\/\/etab.ac-reunion.fr\/lyc-bois-d-olive\/wp-json\/wp\/v2\/pages\/15684\/revisions\/15694"}],"wp:attachment":[{"href":"https:\/\/etab.ac-reunion.fr\/lyc-bois-d-olive\/wp-json\/wp\/v2\/media?parent=15684"}],"curies":[{"name":"wp","href":"https:\/\/api.w.org\/{rel}","templated":true}]}}