{"id":16175,"date":"2025-05-22T10:17:35","date_gmt":"2025-05-22T06:17:35","guid":{"rendered":"https:\/\/etab.ac-reunion.fr\/lyc-bois-d-olive\/?page_id=16175"},"modified":"2025-05-22T10:17:35","modified_gmt":"2025-05-22T06:17:35","slug":"2nd-generale-et-technologique-option-sante-et-social","status":"publish","type":"page","link":"https:\/\/etab.ac-reunion.fr\/lyc-bois-d-olive\/formations\/options\/2nd-generale-et-technologique-option-sante-et-social\/","title":{"rendered":"2nd G\u00e9n\u00e9rale et Technologique &#8211; option Sant\u00e9 et Social"},"content":{"rendered":"<a href=\"https:\/\/etab.ac-reunion.fr\/lyc-bois-d-olive\/wp-content\/uploads\/sites\/147\/2025\/05\/2nd-Generale-et-Technologique-option-Sante-et-Social.pdf\" class=\"pdfemb-viewer\" style=\"\" data-width=\"max\" data-height=\"max\" data-toolbar=\"bottom\" data-toolbar-fixed=\"off\">Option Sant\u00e9 et Social<\/a>\n","protected":false},"excerpt":{"rendered":"<p class=\"continue-reading-button\"> <a class=\"continue-reading-link\" href=\"https:\/\/etab.ac-reunion.fr\/lyc-bois-d-olive\/formations\/options\/2nd-generale-et-technologique-option-sante-et-social\/\">Lire la suite<i class=\"crycon-right-dir\"><\/i><\/a><\/p>\n","protected":false},"author":31373,"featured_media":0,"parent":11727,"menu_order":0,"comment_status":"closed","ping_status":"closed","template":"","meta":{"footnotes":""},"class_list":["post-16175","page","type-page","status-publish","hentry"],"_links":{"self":[{"href":"https:\/\/etab.ac-reunion.fr\/lyc-bois-d-olive\/wp-json\/wp\/v2\/pages\/16175","targetHints":{"allow":["GET"]}}],"collection":[{"href":"https:\/\/etab.ac-reunion.fr\/lyc-bois-d-olive\/wp-json\/wp\/v2\/pages"}],"about":[{"href":"https:\/\/etab.ac-reunion.fr\/lyc-bois-d-olive\/wp-json\/wp\/v2\/types\/page"}],"author":[{"embeddable":true,"href":"https:\/\/etab.ac-reunion.fr\/lyc-bois-d-olive\/wp-json\/wp\/v2\/users\/31373"}],"replies":[{"embeddable":true,"href":"https:\/\/etab.ac-reunion.fr\/lyc-bois-d-olive\/wp-json\/wp\/v2\/comments?post=16175"}],"version-history":[{"count":1,"href":"https:\/\/etab.ac-reunion.fr\/lyc-bois-d-olive\/wp-json\/wp\/v2\/pages\/16175\/revisions"}],"predecessor-version":[{"id":16176,"href":"https:\/\/etab.ac-reunion.fr\/lyc-bois-d-olive\/wp-json\/wp\/v2\/pages\/16175\/revisions\/16176"}],"up":[{"embeddable":true,"href":"https:\/\/etab.ac-reunion.fr\/lyc-bois-d-olive\/wp-json\/wp\/v2\/pages\/11727"}],"wp:attachment":[{"href":"https:\/\/etab.ac-reunion.fr\/lyc-bois-d-olive\/wp-json\/wp\/v2\/media?parent=16175"}],"curies":[{"name":"wp","href":"https:\/\/api.w.org\/{rel}","templated":true}]}}