{"id":16287,"date":"2025-05-31T10:59:55","date_gmt":"2025-05-31T06:59:55","guid":{"rendered":"https:\/\/etab.ac-reunion.fr\/lyc-bois-d-olive\/?page_id=16287"},"modified":"2025-05-31T10:59:55","modified_gmt":"2025-05-31T06:59:55","slug":"sciences-de-laboratoire","status":"publish","type":"page","link":"https:\/\/etab.ac-reunion.fr\/lyc-bois-d-olive\/formations\/specialites\/sciences-de-laboratoire\/","title":{"rendered":"Sciences de Laboratoire"},"content":{"rendered":"<p>L&rsquo;option Sciences de Laboratoire permet aux \u00e9l\u00e8ves de 2nde de d\u00e9couvrir les m\u00e9thodes et les outils utilis\u00e9s en laboratoire \u00e0 travers des activit\u00e9s exp\u00e9rimentales concr\u00e8tes. Cette option offre un premier contact avec les d\u00e9marches scientifiques en physique-chimie, SVT collaboratif et centr\u00e9 sur l&rsquo;exp\u00e9rimentation.<\/p>\n<p>C&rsquo;est une option id\u00e9ale pour ceux qui souhaitent renforcer leur esprit scientifique et envisagent une poursuite d&rsquo;\u00e9tudes dans les fili\u00e8res scientifiques. Aucune connaissance pr\u00e9alable n&rsquo;est n\u00e9cessaire: seule la curiosit\u00e9, la cr\u00e9ativit\u00e9 et l&rsquo;envie de manipuler comptent !<\/p>\n","protected":false},"excerpt":{"rendered":"<p>L&rsquo;option Sciences de Laboratoire permet aux \u00e9l\u00e8ves de 2nde de d\u00e9couvrir les m\u00e9thodes et les outils utilis\u00e9s en laboratoire \u00e0\u2026<\/p>\n<p class=\"continue-reading-button\"> <a class=\"continue-reading-link\" href=\"https:\/\/etab.ac-reunion.fr\/lyc-bois-d-olive\/formations\/specialites\/sciences-de-laboratoire\/\">Lire la suite<i class=\"crycon-right-dir\"><\/i><\/a><\/p>\n","protected":false},"author":11582,"featured_media":0,"parent":11489,"menu_order":0,"comment_status":"closed","ping_status":"closed","template":"","meta":{"footnotes":""},"class_list":["post-16287","page","type-page","status-publish","hentry"],"_links":{"self":[{"href":"https:\/\/etab.ac-reunion.fr\/lyc-bois-d-olive\/wp-json\/wp\/v2\/pages\/16287","targetHints":{"allow":["GET"]}}],"collection":[{"href":"https:\/\/etab.ac-reunion.fr\/lyc-bois-d-olive\/wp-json\/wp\/v2\/pages"}],"about":[{"href":"https:\/\/etab.ac-reunion.fr\/lyc-bois-d-olive\/wp-json\/wp\/v2\/types\/page"}],"author":[{"embeddable":true,"href":"https:\/\/etab.ac-reunion.fr\/lyc-bois-d-olive\/wp-json\/wp\/v2\/users\/11582"}],"replies":[{"embeddable":true,"href":"https:\/\/etab.ac-reunion.fr\/lyc-bois-d-olive\/wp-json\/wp\/v2\/comments?post=16287"}],"version-history":[{"count":2,"href":"https:\/\/etab.ac-reunion.fr\/lyc-bois-d-olive\/wp-json\/wp\/v2\/pages\/16287\/revisions"}],"predecessor-version":[{"id":16289,"href":"https:\/\/etab.ac-reunion.fr\/lyc-bois-d-olive\/wp-json\/wp\/v2\/pages\/16287\/revisions\/16289"}],"up":[{"embeddable":true,"href":"https:\/\/etab.ac-reunion.fr\/lyc-bois-d-olive\/wp-json\/wp\/v2\/pages\/11489"}],"wp:attachment":[{"href":"https:\/\/etab.ac-reunion.fr\/lyc-bois-d-olive\/wp-json\/wp\/v2\/media?parent=16287"}],"curies":[{"name":"wp","href":"https:\/\/api.w.org\/{rel}","templated":true}]}}