{"id":16596,"date":"2025-06-20T11:29:07","date_gmt":"2025-06-20T07:29:07","guid":{"rendered":"https:\/\/etab.ac-reunion.fr\/lyc-bois-d-olive\/?page_id=16596"},"modified":"2025-06-20T11:30:07","modified_gmt":"2025-06-20T07:30:07","slug":"certificat-de-specialisation-peinture","status":"publish","type":"page","link":"https:\/\/etab.ac-reunion.fr\/lyc-bois-d-olive\/formations\/certificat-de-specialisation-peinture\/","title":{"rendered":"Certificat de Sp\u00e9cialisation Peinture"},"content":{"rendered":"<p>Ouverture du Certificat de Sp\u00e9cialisation Peinture \u00e0 la rentr\u00e9e 2025\/2026<\/p>\n<a href=\"https:\/\/etab.ac-reunion.fr\/lyc-bois-d-olive\/wp-content\/uploads\/sites\/147\/2025\/06\/Affiche-CS-Peinture-Deco.pdf\" class=\"pdfemb-viewer\" style=\"\" data-width=\"max\" data-height=\"max\" data-toolbar=\"bottom\" data-toolbar-fixed=\"off\">Affiche CS Peinture Deco<\/a>\n&nbsp;<\/p>\n<p><a href=\"https:\/\/etab.ac-reunion.fr\/lyc-bois-d-olive\/wp-content\/uploads\/sites\/147\/2025\/06\/ARRETE-DU-21.09.2023-JO-PEINTRE-DECORATEUR.pdf\" target=\"_blank\" rel=\"noopener\">Voir l&rsquo;ARR\u00caTE DU 21.09.2023 JO PEINTRE DECORATEUR<\/a><\/p>\n","protected":false},"excerpt":{"rendered":"<p>Ouverture du Certificat de Sp\u00e9cialisation Peinture \u00e0 la rentr\u00e9e 2025\/2026 &nbsp; Voir l&rsquo;ARR\u00caTE DU 21.09.2023 JO PEINTRE DECORATEUR<\/p>\n<p class=\"continue-reading-button\"> <a class=\"continue-reading-link\" href=\"https:\/\/etab.ac-reunion.fr\/lyc-bois-d-olive\/formations\/certificat-de-specialisation-peinture\/\">Lire la suite<i class=\"crycon-right-dir\"><\/i><\/a><\/p>\n","protected":false},"author":31373,"featured_media":0,"parent":88,"menu_order":0,"comment_status":"closed","ping_status":"closed","template":"","meta":{"footnotes":""},"class_list":["post-16596","page","type-page","status-publish","hentry"],"_links":{"self":[{"href":"https:\/\/etab.ac-reunion.fr\/lyc-bois-d-olive\/wp-json\/wp\/v2\/pages\/16596","targetHints":{"allow":["GET"]}}],"collection":[{"href":"https:\/\/etab.ac-reunion.fr\/lyc-bois-d-olive\/wp-json\/wp\/v2\/pages"}],"about":[{"href":"https:\/\/etab.ac-reunion.fr\/lyc-bois-d-olive\/wp-json\/wp\/v2\/types\/page"}],"author":[{"embeddable":true,"href":"https:\/\/etab.ac-reunion.fr\/lyc-bois-d-olive\/wp-json\/wp\/v2\/users\/31373"}],"replies":[{"embeddable":true,"href":"https:\/\/etab.ac-reunion.fr\/lyc-bois-d-olive\/wp-json\/wp\/v2\/comments?post=16596"}],"version-history":[{"count":4,"href":"https:\/\/etab.ac-reunion.fr\/lyc-bois-d-olive\/wp-json\/wp\/v2\/pages\/16596\/revisions"}],"predecessor-version":[{"id":16599,"href":"https:\/\/etab.ac-reunion.fr\/lyc-bois-d-olive\/wp-json\/wp\/v2\/pages\/16596\/revisions\/16599"}],"up":[{"embeddable":true,"href":"https:\/\/etab.ac-reunion.fr\/lyc-bois-d-olive\/wp-json\/wp\/v2\/pages\/88"}],"wp:attachment":[{"href":"https:\/\/etab.ac-reunion.fr\/lyc-bois-d-olive\/wp-json\/wp\/v2\/media?parent=16596"}],"curies":[{"name":"wp","href":"https:\/\/api.w.org\/{rel}","templated":true}]}}