{"id":17355,"date":"2026-02-07T09:33:01","date_gmt":"2026-02-07T05:33:01","guid":{"rendered":"https:\/\/etab.ac-reunion.fr\/lyc-bois-d-olive\/?page_id=17355"},"modified":"2026-02-07T10:37:37","modified_gmt":"2026-02-07T06:37:37","slug":"candidature-entree-sib-bfi","status":"publish","type":"page","link":"https:\/\/etab.ac-reunion.fr\/lyc-bois-d-olive\/candidature-entree-sib-bfi\/","title":{"rendered":"Candidature entr\u00e9e SIB\/BFI"},"content":{"rendered":"<h2><strong><span style=\"font-size: 14pt\"><a href=\"https:\/\/etab.ac-reunion.fr\/lyc-bois-d-olive\/wp-content\/uploads\/sites\/147\/2026\/02\/Livret-presentation-SIB-BFI-2026.pdf\" target=\"_blank\" rel=\"noopener\">Pr\u00e9sentation de la section: un document r\u00e9dig\u00e9 par l&rsquo;inspection acad\u00e9mique avec une FAQ du site Eduscol<\/a>\u00a0<\/span><\/strong><\/h2>\n<a href=\"https:\/\/etab.ac-reunion.fr\/lyc-bois-d-olive\/wp-content\/uploads\/sites\/147\/2026\/02\/Livret-presentation-SIB-BFI-2026.pdf\" class=\"pdfemb-viewer\" style=\"\" data-width=\"max\" data-height=\"max\" data-toolbar=\"bottom\" data-toolbar-fixed=\"off\">Livret pr\u00e9sentation SIB BFI 2026<\/a>\n<p>&nbsp;<\/p>\n<h2><strong><span style=\"font-size: 14pt\"><a href=\"https:\/\/etab.ac-reunion.fr\/lyc-bois-d-olive\/wp-content\/uploads\/sites\/147\/2026\/02\/Comparatif_Section_Euro_vs_SIB.pdf\" target=\"_blank\" rel=\"noopener\">Diff\u00e9rence entre la section internationale et la section europ\u00e9enne<\/a><\/span><\/strong><\/h2>\n<a href=\"https:\/\/etab.ac-reunion.fr\/lyc-bois-d-olive\/wp-content\/uploads\/sites\/147\/2026\/02\/Comparatif_Section_Euro_vs_SIB.pdf\" class=\"pdfemb-viewer\" style=\"\" data-width=\"max\" data-height=\"max\" data-toolbar=\"bottom\" data-toolbar-fixed=\"off\">Comparatif_Section_Euro_vs_SIB<\/a>\n<p>&nbsp;<\/p>\n<h2><span style=\"font-size: 14pt\"><strong><a href=\"https:\/\/etab.ac-reunion.fr\/lyc-bois-d-olive\/wp-content\/uploads\/sites\/147\/2026\/02\/calendrier-entree-SIB-2026.pdf\" target=\"_blank\" rel=\"noopener\">Calendrier des dates butoir <\/a><\/strong><\/span><\/h2>\n<a href=\"https:\/\/etab.ac-reunion.fr\/lyc-bois-d-olive\/wp-content\/uploads\/sites\/147\/2026\/02\/calendrier-entree-SIB-2026.pdf\" class=\"pdfemb-viewer\" style=\"\" data-width=\"max\" data-height=\"max\" data-toolbar=\"bottom\" data-toolbar-fixed=\"off\">calendrier entr\u00e9e SIB 2026<\/a>\n","protected":false},"excerpt":{"rendered":"<p>Pr\u00e9sentation de la section: un document r\u00e9dig\u00e9 par l&rsquo;inspection acad\u00e9mique avec une FAQ du site Eduscol\u00a0 &nbsp; Diff\u00e9rence entre la\u2026<\/p>\n<p class=\"continue-reading-button\"> <a class=\"continue-reading-link\" href=\"https:\/\/etab.ac-reunion.fr\/lyc-bois-d-olive\/candidature-entree-sib-bfi\/\">Lire la suite<i class=\"crycon-right-dir\"><\/i><\/a><\/p>\n","protected":false},"author":31373,"featured_media":0,"parent":0,"menu_order":0,"comment_status":"closed","ping_status":"closed","template":"","meta":{"footnotes":""},"class_list":["post-17355","page","type-page","status-publish","hentry"],"_links":{"self":[{"href":"https:\/\/etab.ac-reunion.fr\/lyc-bois-d-olive\/wp-json\/wp\/v2\/pages\/17355","targetHints":{"allow":["GET"]}}],"collection":[{"href":"https:\/\/etab.ac-reunion.fr\/lyc-bois-d-olive\/wp-json\/wp\/v2\/pages"}],"about":[{"href":"https:\/\/etab.ac-reunion.fr\/lyc-bois-d-olive\/wp-json\/wp\/v2\/types\/page"}],"author":[{"embeddable":true,"href":"https:\/\/etab.ac-reunion.fr\/lyc-bois-d-olive\/wp-json\/wp\/v2\/users\/31373"}],"replies":[{"embeddable":true,"href":"https:\/\/etab.ac-reunion.fr\/lyc-bois-d-olive\/wp-json\/wp\/v2\/comments?post=17355"}],"version-history":[{"count":5,"href":"https:\/\/etab.ac-reunion.fr\/lyc-bois-d-olive\/wp-json\/wp\/v2\/pages\/17355\/revisions"}],"predecessor-version":[{"id":17365,"href":"https:\/\/etab.ac-reunion.fr\/lyc-bois-d-olive\/wp-json\/wp\/v2\/pages\/17355\/revisions\/17365"}],"wp:attachment":[{"href":"https:\/\/etab.ac-reunion.fr\/lyc-bois-d-olive\/wp-json\/wp\/v2\/media?parent=17355"}],"curies":[{"name":"wp","href":"https:\/\/api.w.org\/{rel}","templated":true}]}}