{"id":3183,"date":"2017-06-07T08:07:42","date_gmt":"2017-06-07T07:07:42","guid":{"rendered":"http:\/\/lycee-bois-d-olive.ac-reunion.fr\/?page_id=3183"},"modified":"2024-02-09T18:48:29","modified_gmt":"2024-02-09T14:48:29","slug":"presentation-de-la-section-signaletique-enseigne-et-decor","status":"publish","type":"page","link":"https:\/\/etab.ac-reunion.fr\/lyc-bois-d-olive\/presentation-de-la-section-signaletique-enseigne-et-decor\/","title":{"rendered":"CAP SDG &#8211; Signal\u00e9tique et D\u00e9cors Graphiques"},"content":{"rendered":"<p><img loading=\"lazy\" decoding=\"async\" class=\"alignnone wp-image-6146 size-full\" src=\"https:\/\/etab.ac-reunion.fr\/lyc-bois-d-olive\/wp-content\/uploads\/sites\/147\/2019\/04\/Capture-d\u2019e\u0301cran-2019-04-12-a\u0300-09.56.08.png\" alt=\"\" width=\"1115\" height=\"364\" srcset=\"https:\/\/etab.ac-reunion.fr\/lyc-bois-d-olive\/wp-content\/uploads\/sites\/147\/2019\/04\/Capture-d\u2019e\u0301cran-2019-04-12-a\u0300-09.56.08.png 1115w, https:\/\/etab.ac-reunion.fr\/lyc-bois-d-olive\/wp-content\/uploads\/sites\/147\/2019\/04\/Capture-d\u2019e\u0301cran-2019-04-12-a\u0300-09.56.08-300x98.png 300w, https:\/\/etab.ac-reunion.fr\/lyc-bois-d-olive\/wp-content\/uploads\/sites\/147\/2019\/04\/Capture-d\u2019e\u0301cran-2019-04-12-a\u0300-09.56.08-1024x334.png 1024w, https:\/\/etab.ac-reunion.fr\/lyc-bois-d-olive\/wp-content\/uploads\/sites\/147\/2019\/04\/Capture-d\u2019e\u0301cran-2019-04-12-a\u0300-09.56.08-150x49.png 150w\" sizes=\"auto, (max-width: 1115px) 100vw, 1115px\" \/><\/p>\n<p><img loading=\"lazy\" decoding=\"async\" class=\"alignnone wp-image-6105 size-full\" src=\"https:\/\/etab.ac-reunion.fr\/lyc-bois-d-olive\/wp-content\/uploads\/sites\/147\/2019\/04\/Capture-d\u2019e\u0301cran-2019-04-11-a\u0300-11.36.25.png\" alt=\"\" width=\"1014\" height=\"168\" srcset=\"https:\/\/etab.ac-reunion.fr\/lyc-bois-d-olive\/wp-content\/uploads\/sites\/147\/2019\/04\/Capture-d\u2019e\u0301cran-2019-04-11-a\u0300-11.36.25.png 1014w, https:\/\/etab.ac-reunion.fr\/lyc-bois-d-olive\/wp-content\/uploads\/sites\/147\/2019\/04\/Capture-d\u2019e\u0301cran-2019-04-11-a\u0300-11.36.25-300x50.png 300w, https:\/\/etab.ac-reunion.fr\/lyc-bois-d-olive\/wp-content\/uploads\/sites\/147\/2019\/04\/Capture-d\u2019e\u0301cran-2019-04-11-a\u0300-11.36.25-150x25.png 150w\" sizes=\"auto, (max-width: 1014px) 100vw, 1014px\" \/>CAP Signal\u00e9tique &amp; D\u00e9cors Graphiques, un dipl\u00f4me valorisant, pour se lancer dans les m\u00e9tiers<br \/>\nde la communication.<\/p>\n<p><strong>Objectifs <\/strong><\/p>\n<p>Le titulaire de ce CAP r\u00e9alise des marquages publicitaires<br \/>\net d\u00e9coratifs sous la direction d\u2019un responsable.<br \/>\nIl peut \u00eatre amen\u00e9 \u00e0 travailler sur des enseignes, des panneaux<br \/>\npublicitaires ou informatifs, des panneaux de signal\u00e9tique,<br \/>\ndes d\u00e9cors de vitrines ou de stands, des banderoles, murs peints, stickers, adh\u00e9sifs et marquage sur v\u00e9hicules&#8230;<\/p>\n<p><img loading=\"lazy\" decoding=\"async\" class=\"alignnone size-medium wp-image-6184\" src=\"https:\/\/etab.ac-reunion.fr\/lyc-bois-d-olive\/wp-content\/uploads\/sites\/147\/2019\/04\/Capture-d\u2019e\u0301cran-2019-04-12-a\u0300-14.28.39-300x181.png\" alt=\"\" width=\"300\" height=\"181\" srcset=\"https:\/\/etab.ac-reunion.fr\/lyc-bois-d-olive\/wp-content\/uploads\/sites\/147\/2019\/04\/Capture-d\u2019e\u0301cran-2019-04-12-a\u0300-14.28.39-300x181.png 300w, https:\/\/etab.ac-reunion.fr\/lyc-bois-d-olive\/wp-content\/uploads\/sites\/147\/2019\/04\/Capture-d\u2019e\u0301cran-2019-04-12-a\u0300-14.28.39-250x150.png 250w, https:\/\/etab.ac-reunion.fr\/lyc-bois-d-olive\/wp-content\/uploads\/sites\/147\/2019\/04\/Capture-d\u2019e\u0301cran-2019-04-12-a\u0300-14.28.39-150x91.png 150w, https:\/\/etab.ac-reunion.fr\/lyc-bois-d-olive\/wp-content\/uploads\/sites\/147\/2019\/04\/Capture-d\u2019e\u0301cran-2019-04-12-a\u0300-14.28.39-503x301.png 503w, https:\/\/etab.ac-reunion.fr\/lyc-bois-d-olive\/wp-content\/uploads\/sites\/147\/2019\/04\/Capture-d\u2019e\u0301cran-2019-04-12-a\u0300-14.28.39.png 754w\" sizes=\"auto, (max-width: 300px) 100vw, 300px\" \/> <img loading=\"lazy\" decoding=\"async\" class=\"alignnone size-medium wp-image-6186\" src=\"https:\/\/etab.ac-reunion.fr\/lyc-bois-d-olive\/wp-content\/uploads\/sites\/147\/2019\/04\/Capture-d\u2019e\u0301cran-2019-04-12-a\u0300-14.29.17-300x274.png\" alt=\"\" width=\"300\" height=\"274\" srcset=\"https:\/\/etab.ac-reunion.fr\/lyc-bois-d-olive\/wp-content\/uploads\/sites\/147\/2019\/04\/Capture-d\u2019e\u0301cran-2019-04-12-a\u0300-14.29.17-300x274.png 300w, https:\/\/etab.ac-reunion.fr\/lyc-bois-d-olive\/wp-content\/uploads\/sites\/147\/2019\/04\/Capture-d\u2019e\u0301cran-2019-04-12-a\u0300-14.29.17-150x137.png 150w, https:\/\/etab.ac-reunion.fr\/lyc-bois-d-olive\/wp-content\/uploads\/sites\/147\/2019\/04\/Capture-d\u2019e\u0301cran-2019-04-12-a\u0300-14.29.17.png 604w\" sizes=\"auto, (max-width: 300px) 100vw, 300px\" \/> <img loading=\"lazy\" decoding=\"async\" class=\"alignnone size-medium wp-image-6187\" src=\"https:\/\/etab.ac-reunion.fr\/lyc-bois-d-olive\/wp-content\/uploads\/sites\/147\/2019\/04\/Capture-d\u2019e\u0301cran-2019-04-12-a\u0300-14.29.04-300x208.png\" alt=\"\" width=\"300\" height=\"208\" srcset=\"https:\/\/etab.ac-reunion.fr\/lyc-bois-d-olive\/wp-content\/uploads\/sites\/147\/2019\/04\/Capture-d\u2019e\u0301cran-2019-04-12-a\u0300-14.29.04-300x208.png 300w, https:\/\/etab.ac-reunion.fr\/lyc-bois-d-olive\/wp-content\/uploads\/sites\/147\/2019\/04\/Capture-d\u2019e\u0301cran-2019-04-12-a\u0300-14.29.04-150x104.png 150w, https:\/\/etab.ac-reunion.fr\/lyc-bois-d-olive\/wp-content\/uploads\/sites\/147\/2019\/04\/Capture-d\u2019e\u0301cran-2019-04-12-a\u0300-14.29.04.png 752w\" sizes=\"auto, (max-width: 300px) 100vw, 300px\" \/> <img loading=\"lazy\" decoding=\"async\" class=\"alignnone size-medium wp-image-6183\" src=\"https:\/\/etab.ac-reunion.fr\/lyc-bois-d-olive\/wp-content\/uploads\/sites\/147\/2019\/04\/camion2-300x224.png\" alt=\"\" width=\"300\" height=\"224\" srcset=\"https:\/\/etab.ac-reunion.fr\/lyc-bois-d-olive\/wp-content\/uploads\/sites\/147\/2019\/04\/camion2-300x224.png 300w, https:\/\/etab.ac-reunion.fr\/lyc-bois-d-olive\/wp-content\/uploads\/sites\/147\/2019\/04\/camion2-150x112.png 150w, https:\/\/etab.ac-reunion.fr\/lyc-bois-d-olive\/wp-content\/uploads\/sites\/147\/2019\/04\/camion2.png 668w\" sizes=\"auto, (max-width: 300px) 100vw, 300px\" \/><\/p>\n<p><strong>Aptitudes<\/strong><br \/>\n\u2022 Adresse manuelle<br \/>\n\u2022 Adaptation aux technologies.<br \/>\n\u2022 Esprit d\u2019\u00e9quipe.<br \/>\n\u2022 Sensibilit\u00e9 artistique et cr\u00e9ativit\u00e9.<br \/>\n\u2022 Ma\u00eetrise du dessin d\u2019art, de la lettre, du graphisme,<br \/>\nde la maquette et de la mise en page.<\/p>\n<p><strong>R\u00e9partition des enseignements<\/strong><\/p>\n<p><img loading=\"lazy\" decoding=\"async\" class=\"alignnone wp-image-6145 size-full\" src=\"https:\/\/etab.ac-reunion.fr\/lyc-bois-d-olive\/wp-content\/uploads\/sites\/147\/2019\/04\/Capture-d\u2019e\u0301cran-2019-04-12-a\u0300-09.56.53.png\" alt=\"\" width=\"617\" height=\"217\" srcset=\"https:\/\/etab.ac-reunion.fr\/lyc-bois-d-olive\/wp-content\/uploads\/sites\/147\/2019\/04\/Capture-d\u2019e\u0301cran-2019-04-12-a\u0300-09.56.53.png 617w, https:\/\/etab.ac-reunion.fr\/lyc-bois-d-olive\/wp-content\/uploads\/sites\/147\/2019\/04\/Capture-d\u2019e\u0301cran-2019-04-12-a\u0300-09.56.53-300x106.png 300w, https:\/\/etab.ac-reunion.fr\/lyc-bois-d-olive\/wp-content\/uploads\/sites\/147\/2019\/04\/Capture-d\u2019e\u0301cran-2019-04-12-a\u0300-09.56.53-150x53.png 150w\" sizes=\"auto, (max-width: 617px) 100vw, 617px\" \/><\/p>\n<div class=\"su-custom-gallery su-custom-gallery-align-left su-custom-gallery-title-hover\"><div class=\"su-custom-gallery-slide\" style=\"width:190px;height:180px\"><a href=\"https:\/\/etab.ac-reunion.fr\/lyc-bois-d-olive\/wp-content\/uploads\/sites\/147\/2019\/04\/IMG_7114.jpg\" title=\"IMG_7114\"><img loading=\"lazy\" decoding=\"async\" src=\"https:\/\/etab.ac-reunion.fr\/lyc-bois-d-olive\/wp-content\/uploads\/sites\/147\/2019\/04\/IMG_7114.jpg\" alt=\"IMG_7114\" width=\"190\" height=\"180\" \/><span class=\"su-custom-gallery-title\">IMG_7114<\/span><\/a><\/div><div class=\"su-custom-gallery-slide\" style=\"width:190px;height:180px\"><a href=\"https:\/\/etab.ac-reunion.fr\/lyc-bois-d-olive\/wp-content\/uploads\/sites\/147\/2019\/04\/IMG_20181218_164252.jpg\" title=\"dav\"><img loading=\"lazy\" decoding=\"async\" src=\"https:\/\/etab.ac-reunion.fr\/lyc-bois-d-olive\/wp-content\/uploads\/sites\/147\/2019\/04\/IMG_20181218_164252.jpg\" alt=\"dav\" width=\"190\" height=\"180\" \/><span class=\"su-custom-gallery-title\">dav<\/span><\/a><\/div><div class=\"su-custom-gallery-slide\" style=\"width:190px;height:180px\"><a href=\"https:\/\/etab.ac-reunion.fr\/lyc-bois-d-olive\/wp-content\/uploads\/sites\/147\/2019\/04\/IMG_7113.jpg\" title=\"IMG_7113\"><img loading=\"lazy\" decoding=\"async\" src=\"https:\/\/etab.ac-reunion.fr\/lyc-bois-d-olive\/wp-content\/uploads\/sites\/147\/2019\/04\/IMG_7113.jpg\" alt=\"IMG_7113\" width=\"190\" height=\"180\" \/><span class=\"su-custom-gallery-title\">IMG_7113<\/span><\/a><\/div><div class=\"su-custom-gallery-slide\" style=\"width:190px;height:180px\"><a href=\"https:\/\/etab.ac-reunion.fr\/lyc-bois-d-olive\/wp-content\/uploads\/sites\/147\/2019\/04\/IMG_20181108_165107.jpg\" title=\"\"><img loading=\"lazy\" decoding=\"async\" src=\"https:\/\/etab.ac-reunion.fr\/lyc-bois-d-olive\/wp-content\/uploads\/sites\/147\/2019\/04\/IMG_20181108_165107.jpg\" alt=\"\" width=\"190\" height=\"180\" \/><\/a><\/div><div class=\"su-custom-gallery-slide\" style=\"width:190px;height:180px\"><a href=\"https:\/\/etab.ac-reunion.fr\/lyc-bois-d-olive\/wp-content\/uploads\/sites\/147\/2019\/04\/IMG_20181204_153919.jpg\" title=\"dav\"><img loading=\"lazy\" decoding=\"async\" src=\"https:\/\/etab.ac-reunion.fr\/lyc-bois-d-olive\/wp-content\/uploads\/sites\/147\/2019\/04\/IMG_20181204_153919.jpg\" alt=\"dav\" width=\"190\" height=\"180\" \/><span class=\"su-custom-gallery-title\">dav<\/span><\/a><\/div><div class=\"su-custom-gallery-slide\" style=\"width:190px;height:180px\"><a href=\"https:\/\/etab.ac-reunion.fr\/lyc-bois-d-olive\/wp-content\/uploads\/sites\/147\/2019\/04\/IMG_20181106_161054.jpg\" title=\"dav\"><img loading=\"lazy\" decoding=\"async\" src=\"https:\/\/etab.ac-reunion.fr\/lyc-bois-d-olive\/wp-content\/uploads\/sites\/147\/2019\/04\/IMG_20181106_161054.jpg\" alt=\"dav\" width=\"190\" height=\"180\" \/><span class=\"su-custom-gallery-title\">dav<\/span><\/a><\/div><div class=\"su-clear\"><\/div><\/div>\n<p><strong>Poursuites d&rsquo;\u00e9tudes<\/strong><\/p>\n<p>\u2022 <strong>BMA<\/strong> Graphisme et D\u00e9cor option Graphiste en lettres et d\u00e9cors<br \/>\n\u2022 <strong>BAC pro<\/strong> Artisanat et M\u00e9tiers d\u2019Art<br \/>\noption communication visuelle<\/p>\n<p><a href=\"https:\/\/etab.ac-reunion.fr\/lyc-bois-d-olive\/wp-content\/uploads\/sites\/147\/2024\/02\/CAP-SDG.pdf\" target=\"_blank\" rel=\"noopener\">Acc\u00e9der \u00e0 la fiche m\u00e9tier<\/a><\/p>\n<p>&nbsp;<\/p>\n<p><strong>Exemples de r\u00e9alisations en Signal\u00e9tique et D\u00e9cor Graphique<\/strong><\/p>\n<p><img loading=\"lazy\" decoding=\"async\" class=\"alignnone wp-image-6200 size-full\" src=\"https:\/\/etab.ac-reunion.fr\/lyc-bois-d-olive\/wp-content\/uploads\/sites\/147\/2019\/04\/Capture-d\u2019e\u0301cran-2019-04-16-a\u0300-11.07.16.png\" alt=\"\" width=\"652\" height=\"385\" srcset=\"https:\/\/etab.ac-reunion.fr\/lyc-bois-d-olive\/wp-content\/uploads\/sites\/147\/2019\/04\/Capture-d\u2019e\u0301cran-2019-04-16-a\u0300-11.07.16.png 652w, https:\/\/etab.ac-reunion.fr\/lyc-bois-d-olive\/wp-content\/uploads\/sites\/147\/2019\/04\/Capture-d\u2019e\u0301cran-2019-04-16-a\u0300-11.07.16-300x177.png 300w, https:\/\/etab.ac-reunion.fr\/lyc-bois-d-olive\/wp-content\/uploads\/sites\/147\/2019\/04\/Capture-d\u2019e\u0301cran-2019-04-16-a\u0300-11.07.16-150x89.png 150w\" sizes=\"auto, (max-width: 652px) 100vw, 652px\" \/><\/p>\n<p><img loading=\"lazy\" decoding=\"async\" class=\"alignnone wp-image-6201 size-full\" src=\"https:\/\/etab.ac-reunion.fr\/lyc-bois-d-olive\/wp-content\/uploads\/sites\/147\/2019\/04\/Capture-d\u2019e\u0301cran-2019-04-16-a\u0300-11.07.25.png\" alt=\"\" width=\"429\" height=\"445\" srcset=\"https:\/\/etab.ac-reunion.fr\/lyc-bois-d-olive\/wp-content\/uploads\/sites\/147\/2019\/04\/Capture-d\u2019e\u0301cran-2019-04-16-a\u0300-11.07.25.png 429w, https:\/\/etab.ac-reunion.fr\/lyc-bois-d-olive\/wp-content\/uploads\/sites\/147\/2019\/04\/Capture-d\u2019e\u0301cran-2019-04-16-a\u0300-11.07.25-289x300.png 289w, https:\/\/etab.ac-reunion.fr\/lyc-bois-d-olive\/wp-content\/uploads\/sites\/147\/2019\/04\/Capture-d\u2019e\u0301cran-2019-04-16-a\u0300-11.07.25-145x150.png 145w\" sizes=\"auto, (max-width: 429px) 100vw, 429px\" \/><\/p>\n<p><img loading=\"lazy\" decoding=\"async\" class=\"alignnone wp-image-6203 size-large\" src=\"https:\/\/etab.ac-reunion.fr\/lyc-bois-d-olive\/wp-content\/uploads\/sites\/147\/2019\/04\/Capture-d\u2019e\u0301cran-2019-04-16-a\u0300-11.07.59-1024x352.png\" alt=\"\" width=\"900\" height=\"309\" srcset=\"https:\/\/etab.ac-reunion.fr\/lyc-bois-d-olive\/wp-content\/uploads\/sites\/147\/2019\/04\/Capture-d\u2019e\u0301cran-2019-04-16-a\u0300-11.07.59-1024x352.png 1024w, https:\/\/etab.ac-reunion.fr\/lyc-bois-d-olive\/wp-content\/uploads\/sites\/147\/2019\/04\/Capture-d\u2019e\u0301cran-2019-04-16-a\u0300-11.07.59-300x103.png 300w, https:\/\/etab.ac-reunion.fr\/lyc-bois-d-olive\/wp-content\/uploads\/sites\/147\/2019\/04\/Capture-d\u2019e\u0301cran-2019-04-16-a\u0300-11.07.59-150x52.png 150w, https:\/\/etab.ac-reunion.fr\/lyc-bois-d-olive\/wp-content\/uploads\/sites\/147\/2019\/04\/Capture-d\u2019e\u0301cran-2019-04-16-a\u0300-11.07.59.png 1111w\" sizes=\"auto, (max-width: 900px) 100vw, 900px\" \/><\/p>\n<p><img loading=\"lazy\" decoding=\"async\" class=\"alignnone wp-image-6204 size-large\" src=\"https:\/\/etab.ac-reunion.fr\/lyc-bois-d-olive\/wp-content\/uploads\/sites\/147\/2019\/04\/Capture-d\u2019e\u0301cran-2019-04-16-a\u0300-11.08.12-1024x419.png\" alt=\"\" width=\"900\" height=\"368\" srcset=\"https:\/\/etab.ac-reunion.fr\/lyc-bois-d-olive\/wp-content\/uploads\/sites\/147\/2019\/04\/Capture-d\u2019e\u0301cran-2019-04-16-a\u0300-11.08.12-1024x419.png 1024w, https:\/\/etab.ac-reunion.fr\/lyc-bois-d-olive\/wp-content\/uploads\/sites\/147\/2019\/04\/Capture-d\u2019e\u0301cran-2019-04-16-a\u0300-11.08.12-300x123.png 300w, https:\/\/etab.ac-reunion.fr\/lyc-bois-d-olive\/wp-content\/uploads\/sites\/147\/2019\/04\/Capture-d\u2019e\u0301cran-2019-04-16-a\u0300-11.08.12-150x61.png 150w, https:\/\/etab.ac-reunion.fr\/lyc-bois-d-olive\/wp-content\/uploads\/sites\/147\/2019\/04\/Capture-d\u2019e\u0301cran-2019-04-16-a\u0300-11.08.12.png 1036w\" sizes=\"auto, (max-width: 900px) 100vw, 900px\" \/><\/p>\n<p><img loading=\"lazy\" decoding=\"async\" class=\"alignnone wp-image-6205 size-large\" src=\"https:\/\/etab.ac-reunion.fr\/lyc-bois-d-olive\/wp-content\/uploads\/sites\/147\/2019\/04\/Capture-d\u2019e\u0301cran-2019-04-16-a\u0300-11.08.56-1024x488.png\" alt=\"\" width=\"900\" height=\"429\" srcset=\"https:\/\/etab.ac-reunion.fr\/lyc-bois-d-olive\/wp-content\/uploads\/sites\/147\/2019\/04\/Capture-d\u2019e\u0301cran-2019-04-16-a\u0300-11.08.56-1024x488.png 1024w, https:\/\/etab.ac-reunion.fr\/lyc-bois-d-olive\/wp-content\/uploads\/sites\/147\/2019\/04\/Capture-d\u2019e\u0301cran-2019-04-16-a\u0300-11.08.56-300x143.png 300w, https:\/\/etab.ac-reunion.fr\/lyc-bois-d-olive\/wp-content\/uploads\/sites\/147\/2019\/04\/Capture-d\u2019e\u0301cran-2019-04-16-a\u0300-11.08.56-150x72.png 150w, https:\/\/etab.ac-reunion.fr\/lyc-bois-d-olive\/wp-content\/uploads\/sites\/147\/2019\/04\/Capture-d\u2019e\u0301cran-2019-04-16-a\u0300-11.08.56.png 1105w\" sizes=\"auto, (max-width: 900px) 100vw, 900px\" \/><\/p>\n<p><img loading=\"lazy\" decoding=\"async\" class=\"alignnone wp-image-6202 size-full\" src=\"https:\/\/etab.ac-reunion.fr\/lyc-bois-d-olive\/wp-content\/uploads\/sites\/147\/2019\/04\/Capture-d\u2019e\u0301cran-2019-04-16-a\u0300-11.07.39.png\" alt=\"\" width=\"841\" height=\"374\" srcset=\"https:\/\/etab.ac-reunion.fr\/lyc-bois-d-olive\/wp-content\/uploads\/sites\/147\/2019\/04\/Capture-d\u2019e\u0301cran-2019-04-16-a\u0300-11.07.39.png 841w, https:\/\/etab.ac-reunion.fr\/lyc-bois-d-olive\/wp-content\/uploads\/sites\/147\/2019\/04\/Capture-d\u2019e\u0301cran-2019-04-16-a\u0300-11.07.39-300x133.png 300w, https:\/\/etab.ac-reunion.fr\/lyc-bois-d-olive\/wp-content\/uploads\/sites\/147\/2019\/04\/Capture-d\u2019e\u0301cran-2019-04-16-a\u0300-11.07.39-150x67.png 150w\" sizes=\"auto, (max-width: 841px) 100vw, 841px\" \/><\/p>\n<p><img loading=\"lazy\" decoding=\"async\" class=\"alignnone wp-image-6206 size-full\" src=\"https:\/\/etab.ac-reunion.fr\/lyc-bois-d-olive\/wp-content\/uploads\/sites\/147\/2019\/04\/Capture-d\u2019e\u0301cran-2019-04-16-a\u0300-11.09.08.png\" alt=\"\" width=\"678\" height=\"328\" srcset=\"https:\/\/etab.ac-reunion.fr\/lyc-bois-d-olive\/wp-content\/uploads\/sites\/147\/2019\/04\/Capture-d\u2019e\u0301cran-2019-04-16-a\u0300-11.09.08.png 678w, https:\/\/etab.ac-reunion.fr\/lyc-bois-d-olive\/wp-content\/uploads\/sites\/147\/2019\/04\/Capture-d\u2019e\u0301cran-2019-04-16-a\u0300-11.09.08-300x145.png 300w, https:\/\/etab.ac-reunion.fr\/lyc-bois-d-olive\/wp-content\/uploads\/sites\/147\/2019\/04\/Capture-d\u2019e\u0301cran-2019-04-16-a\u0300-11.09.08-150x73.png 150w\" sizes=\"auto, (max-width: 678px) 100vw, 678px\" \/><\/p>\n<p>&nbsp;<\/p>\n<p>&nbsp;<\/p>\n","protected":false},"excerpt":{"rendered":"<p>CAP Signal\u00e9tique &amp; D\u00e9cors Graphiques, un dipl\u00f4me valorisant, pour se lancer dans les m\u00e9tiers de la communication. Objectifs Le titulaire\u2026<\/p>\n<p class=\"continue-reading-button\"> <a class=\"continue-reading-link\" href=\"https:\/\/etab.ac-reunion.fr\/lyc-bois-d-olive\/presentation-de-la-section-signaletique-enseigne-et-decor\/\">Lire la suite<i class=\"crycon-right-dir\"><\/i><\/a><\/p>\n","protected":false},"author":11401,"featured_media":0,"parent":0,"menu_order":0,"comment_status":"closed","ping_status":"closed","template":"","meta":{"footnotes":""},"class_list":["post-3183","page","type-page","status-publish","hentry"],"_links":{"self":[{"href":"https:\/\/etab.ac-reunion.fr\/lyc-bois-d-olive\/wp-json\/wp\/v2\/pages\/3183","targetHints":{"allow":["GET"]}}],"collection":[{"href":"https:\/\/etab.ac-reunion.fr\/lyc-bois-d-olive\/wp-json\/wp\/v2\/pages"}],"about":[{"href":"https:\/\/etab.ac-reunion.fr\/lyc-bois-d-olive\/wp-json\/wp\/v2\/types\/page"}],"author":[{"embeddable":true,"href":"https:\/\/etab.ac-reunion.fr\/lyc-bois-d-olive\/wp-json\/wp\/v2\/users\/11401"}],"replies":[{"embeddable":true,"href":"https:\/\/etab.ac-reunion.fr\/lyc-bois-d-olive\/wp-json\/wp\/v2\/comments?post=3183"}],"version-history":[{"count":13,"href":"https:\/\/etab.ac-reunion.fr\/lyc-bois-d-olive\/wp-json\/wp\/v2\/pages\/3183\/revisions"}],"predecessor-version":[{"id":13953,"href":"https:\/\/etab.ac-reunion.fr\/lyc-bois-d-olive\/wp-json\/wp\/v2\/pages\/3183\/revisions\/13953"}],"wp:attachment":[{"href":"https:\/\/etab.ac-reunion.fr\/lyc-bois-d-olive\/wp-json\/wp\/v2\/media?parent=3183"}],"curies":[{"name":"wp","href":"https:\/\/api.w.org\/{rel}","templated":true}]}}