{"id":44,"date":"2016-04-28T14:08:53","date_gmt":"2016-04-28T13:08:53","guid":{"rendered":"http:\/\/lycee-bois-d-olive-tmp.ac-reunion.fr\/?page_id=44"},"modified":"2025-09-03T23:28:39","modified_gmt":"2025-09-03T19:28:39","slug":"contact","status":"publish","type":"page","link":"https:\/\/etab.ac-reunion.fr\/lyc-bois-d-olive\/contact\/","title":{"rendered":"Contact"},"content":{"rendered":"<p><img loading=\"lazy\" decoding=\"async\" class=\"alignleft wp-image-715 size-thumbnail\" src=\"https:\/\/etab.ac-reunion.fr\/lyc-bois-d-olive\/wp-content\/uploads\/sites\/147\/2016\/04\/Logo-lycee-Boido-QUADRI-150x150.jpg\" alt=\"CMJN de base\" width=\"150\" height=\"150\" \/>Lyc\u00e9e de Bois d&rsquo;Olive<br \/>\n112, Avenue Laurent Verg\u00e8s<br \/>\n97432 RAVINE DES CABRIS<\/p>\n<p>T\u00e9l\u00e9phone : 02 62 49 89 60<br \/>\nFax : 02 62 49 89 61<\/p>\n<p>Courriel : ce.9741206t@ac-reunion.fr <\/p>\n<hr \/>\n","protected":false},"excerpt":{"rendered":"<p>Lyc\u00e9e de Bois d&rsquo;Olive 112, Avenue Laurent Verg\u00e8s 97432 RAVINE DES CABRIS T\u00e9l\u00e9phone : 02 62 49 89 60 Fax\u2026<\/p>\n<p class=\"continue-reading-button\"> <a class=\"continue-reading-link\" href=\"https:\/\/etab.ac-reunion.fr\/lyc-bois-d-olive\/contact\/\">Lire la suite<i class=\"crycon-right-dir\"><\/i><\/a><\/p>\n","protected":false},"author":11401,"featured_media":0,"parent":0,"menu_order":0,"comment_status":"closed","ping_status":"closed","template":"","meta":{"footnotes":""},"class_list":["post-44","page","type-page","status-publish","hentry"],"_links":{"self":[{"href":"https:\/\/etab.ac-reunion.fr\/lyc-bois-d-olive\/wp-json\/wp\/v2\/pages\/44","targetHints":{"allow":["GET"]}}],"collection":[{"href":"https:\/\/etab.ac-reunion.fr\/lyc-bois-d-olive\/wp-json\/wp\/v2\/pages"}],"about":[{"href":"https:\/\/etab.ac-reunion.fr\/lyc-bois-d-olive\/wp-json\/wp\/v2\/types\/page"}],"author":[{"embeddable":true,"href":"https:\/\/etab.ac-reunion.fr\/lyc-bois-d-olive\/wp-json\/wp\/v2\/users\/11401"}],"replies":[{"embeddable":true,"href":"https:\/\/etab.ac-reunion.fr\/lyc-bois-d-olive\/wp-json\/wp\/v2\/comments?post=44"}],"version-history":[{"count":48,"href":"https:\/\/etab.ac-reunion.fr\/lyc-bois-d-olive\/wp-json\/wp\/v2\/pages\/44\/revisions"}],"predecessor-version":[{"id":16816,"href":"https:\/\/etab.ac-reunion.fr\/lyc-bois-d-olive\/wp-json\/wp\/v2\/pages\/44\/revisions\/16816"}],"wp:attachment":[{"href":"https:\/\/etab.ac-reunion.fr\/lyc-bois-d-olive\/wp-json\/wp\/v2\/media?parent=44"}],"curies":[{"name":"wp","href":"https:\/\/api.w.org\/{rel}","templated":true}]}}