{"id":46,"date":"2016-04-28T14:09:58","date_gmt":"2016-04-28T13:09:58","guid":{"rendered":"http:\/\/lycee-bois-d-olive-tmp.ac-reunion.fr\/?page_id=46"},"modified":"2016-06-08T08:16:37","modified_gmt":"2016-06-08T07:16:37","slug":"mentions-legales","status":"publish","type":"page","link":"https:\/\/etab.ac-reunion.fr\/lyc-bois-d-olive\/mentions-legales\/","title":{"rendered":"Mentions l\u00e9gales"},"content":{"rendered":"<h3>Editeur :<\/h3>\n<div>\n<div>\n<p>Lyc\u00e9e de Bois d&rsquo;Olive<\/p>\n<p>112, Avenue Laurent Verg\u00e8s<\/p>\n<p>97432 Ravine des Cabris<\/p>\n<h3>Directeur de publication et responsable de la r\u00e9daction :<\/h3>\n<p>Madame Martine DOUBLET, Proviseur du lyc\u00e9e<\/p>\n<h3>Webmestre :<\/h3>\n<p>St\u00e9phane Micka\u00ebl HOAREAU, professeur d&rsquo;\u00e9conomie-gestion lyc\u00e9e professionnel<\/p>\n<h3>Fournisseur de l\u2019h\u00e9bergement \u00a0:<\/h3>\n<p>Rectorat de l\u2019Acad\u00e9mie de La R\u00e9union<br \/>\nSecr\u00e9tariat g\u00e9n\u00e9ral \u2013 Service Communication<br \/>\n24, Avenue Georges Brassens \u2013 97702 \u2013 St-Denis \u2013 Messag Cedex 9<\/p>\n<h3>Droits d\u2019auteurs :<\/h3>\n<div id=\"cc-m-5699607017\">\n<p>Ce site rel\u00e8ve de la l\u00e9gislation fran\u00e7aise et internationale sur le droit d\u2019auteur et la propri\u00e9t\u00e9 intellectuelle. Tous les droits de reproduction sont r\u00e9serv\u00e9s.<\/p>\n<\/div>\n<\/div>\n<\/div>\n","protected":false},"excerpt":{"rendered":"<p>Editeur : Lyc\u00e9e de Bois d&rsquo;Olive 112, Avenue Laurent Verg\u00e8s 97432 Ravine des Cabris Directeur de publication et responsable de\u2026<\/p>\n<p class=\"continue-reading-button\"> <a class=\"continue-reading-link\" href=\"https:\/\/etab.ac-reunion.fr\/lyc-bois-d-olive\/mentions-legales\/\">Lire la suite<i class=\"crycon-right-dir\"><\/i><\/a><\/p>\n","protected":false},"author":11401,"featured_media":0,"parent":0,"menu_order":0,"comment_status":"closed","ping_status":"closed","template":"","meta":{"footnotes":""},"class_list":["post-46","page","type-page","status-publish","hentry"],"_links":{"self":[{"href":"https:\/\/etab.ac-reunion.fr\/lyc-bois-d-olive\/wp-json\/wp\/v2\/pages\/46","targetHints":{"allow":["GET"]}}],"collection":[{"href":"https:\/\/etab.ac-reunion.fr\/lyc-bois-d-olive\/wp-json\/wp\/v2\/pages"}],"about":[{"href":"https:\/\/etab.ac-reunion.fr\/lyc-bois-d-olive\/wp-json\/wp\/v2\/types\/page"}],"author":[{"embeddable":true,"href":"https:\/\/etab.ac-reunion.fr\/lyc-bois-d-olive\/wp-json\/wp\/v2\/users\/11401"}],"replies":[{"embeddable":true,"href":"https:\/\/etab.ac-reunion.fr\/lyc-bois-d-olive\/wp-json\/wp\/v2\/comments?post=46"}],"version-history":[{"count":5,"href":"https:\/\/etab.ac-reunion.fr\/lyc-bois-d-olive\/wp-json\/wp\/v2\/pages\/46\/revisions"}],"predecessor-version":[{"id":722,"href":"https:\/\/etab.ac-reunion.fr\/lyc-bois-d-olive\/wp-json\/wp\/v2\/pages\/46\/revisions\/722"}],"wp:attachment":[{"href":"https:\/\/etab.ac-reunion.fr\/lyc-bois-d-olive\/wp-json\/wp\/v2\/media?parent=46"}],"curies":[{"name":"wp","href":"https:\/\/api.w.org\/{rel}","templated":true}]}}