{"id":5777,"date":"2018-12-17T12:06:33","date_gmt":"2018-12-17T11:06:33","guid":{"rendered":"http:\/\/lycee-bois-d-olive.ac-reunion.fr\/?page_id=5777"},"modified":"2018-12-19T04:15:37","modified_gmt":"2018-12-19T03:15:37","slug":"sti2d","status":"publish","type":"page","link":"https:\/\/etab.ac-reunion.fr\/lyc-bois-d-olive\/sti2d\/","title":{"rendered":"STI2D"},"content":{"rendered":"<p><strong><span style=\"color: #008000\">Le Bac STI2D c&rsquo;est quoi ?<\/span><\/strong><\/p>\n<h4 style=\"text-align: center\">Sciences et Technologies de l\u2019Industrie et du D\u00e9veloppement Durable (STI2D)<\/h4>\n<p>&nbsp;<\/p>\n<p>Le bac STI2D vu par des \u00e9l\u00e8ves et leurs enseignants (<em>source siteweb Onisep<\/em>)<\/p>\n<p><iframe loading=\"lazy\" title=\"Pourquoi choisir le Bac Techno STI2D? (Onisep)\" width=\"1050\" height=\"591\" src=\"https:\/\/www.youtube.com\/embed\/_qHWVe3QFj4?feature=oembed\" frameborder=\"0\" allow=\"accelerometer; autoplay; encrypted-media; gyroscope; picture-in-picture\" allowfullscreen><\/iframe><\/p>\n<p><span style=\"color: #008000\"><strong>Volumes horaires<\/strong><\/span><\/p>\n<p>Le tableau ci-apr\u00e8s d\u00e9taille l\u2019ensemble des enseignements prodigu\u00e9s en cycle terminal STI2D.<br \/>\n<a href=\"https:\/\/etab.ac-reunion.fr\/lyc-bois-d-olive\/wp-content\/uploads\/sites\/147\/2018\/12\/LBO-volumes-horaires-STI2D.png\"><img loading=\"lazy\" decoding=\"async\" class=\"alignleft wp-image-5781\" src=\"https:\/\/etab.ac-reunion.fr\/lyc-bois-d-olive\/wp-content\/uploads\/sites\/147\/2018\/12\/LBO-volumes-horaires-STI2D-300x226.png\" alt=\"\" width=\"616\" height=\"464\" srcset=\"https:\/\/etab.ac-reunion.fr\/lyc-bois-d-olive\/wp-content\/uploads\/sites\/147\/2018\/12\/LBO-volumes-horaires-STI2D-300x226.png 300w, https:\/\/etab.ac-reunion.fr\/lyc-bois-d-olive\/wp-content\/uploads\/sites\/147\/2018\/12\/LBO-volumes-horaires-STI2D-1024x773.png 1024w, https:\/\/etab.ac-reunion.fr\/lyc-bois-d-olive\/wp-content\/uploads\/sites\/147\/2018\/12\/LBO-volumes-horaires-STI2D-150x113.png 150w, https:\/\/etab.ac-reunion.fr\/lyc-bois-d-olive\/wp-content\/uploads\/sites\/147\/2018\/12\/LBO-volumes-horaires-STI2D-1150x868.png 1150w\" sizes=\"auto, (max-width: 616px) 100vw, 616px\" \/><\/a><\/p>\n<p>&nbsp;<\/p>\n<p>&nbsp;<\/p>\n<p>&nbsp;<\/p>\n<p>&nbsp;<\/p>\n<p>&nbsp;<\/p>\n<p>&nbsp;<\/p>\n<p>&nbsp;<\/p>\n<p>&nbsp;<\/p>\n<p>&nbsp;<\/p>\n<p>&nbsp;<\/p>\n<p><span style=\"color: #008000\"><strong>Les enseignements technologiques en d\u00e9tails<\/strong><\/span><\/p>\n<p><em>En Premi\u00e8re\u00a0: 2 enseignements technologiques<\/em><\/p>\n<p><a href=\"https:\/\/etab.ac-reunion.fr\/lyc-bois-d-olive\/wp-content\/uploads\/sites\/147\/2018\/12\/LBO-enseignements-technologiques-1ere-STI2D.png\"><img loading=\"lazy\" decoding=\"async\" class=\"alignleft wp-image-5784\" src=\"https:\/\/etab.ac-reunion.fr\/lyc-bois-d-olive\/wp-content\/uploads\/sites\/147\/2018\/12\/LBO-enseignements-technologiques-1ere-STI2D-300x160.png\" alt=\"\" width=\"653\" height=\"348\" srcset=\"https:\/\/etab.ac-reunion.fr\/lyc-bois-d-olive\/wp-content\/uploads\/sites\/147\/2018\/12\/LBO-enseignements-technologiques-1ere-STI2D-300x160.png 300w, https:\/\/etab.ac-reunion.fr\/lyc-bois-d-olive\/wp-content\/uploads\/sites\/147\/2018\/12\/LBO-enseignements-technologiques-1ere-STI2D-1024x545.png 1024w, https:\/\/etab.ac-reunion.fr\/lyc-bois-d-olive\/wp-content\/uploads\/sites\/147\/2018\/12\/LBO-enseignements-technologiques-1ere-STI2D-150x80.png 150w, https:\/\/etab.ac-reunion.fr\/lyc-bois-d-olive\/wp-content\/uploads\/sites\/147\/2018\/12\/LBO-enseignements-technologiques-1ere-STI2D-1150x613.png 1150w\" sizes=\"auto, (max-width: 653px) 100vw, 653px\" \/><\/a><\/p>\n<p>&nbsp;<\/p>\n<p>&nbsp;<\/p>\n<p>&nbsp;<\/p>\n<p>&nbsp;<\/p>\n<p>&nbsp;<\/p>\n<p>&nbsp;<\/p>\n<p>&nbsp;<\/p>\n<p>&nbsp;<\/p>\n<p><em>En Terminale\u00a0: 1 enseignement technologique<\/em><\/p>\n<p><a href=\"https:\/\/etab.ac-reunion.fr\/lyc-bois-d-olive\/wp-content\/uploads\/sites\/147\/2018\/12\/LBO-enseignements-technologiques-Tle-STI2D.png\"><img loading=\"lazy\" decoding=\"async\" class=\"alignleft wp-image-5786\" src=\"https:\/\/etab.ac-reunion.fr\/lyc-bois-d-olive\/wp-content\/uploads\/sites\/147\/2018\/12\/LBO-enseignements-technologiques-Tle-STI2D-300x151.png\" alt=\"\" width=\"656\" height=\"330\" srcset=\"https:\/\/etab.ac-reunion.fr\/lyc-bois-d-olive\/wp-content\/uploads\/sites\/147\/2018\/12\/LBO-enseignements-technologiques-Tle-STI2D-300x151.png 300w, https:\/\/etab.ac-reunion.fr\/lyc-bois-d-olive\/wp-content\/uploads\/sites\/147\/2018\/12\/LBO-enseignements-technologiques-Tle-STI2D-1024x516.png 1024w, https:\/\/etab.ac-reunion.fr\/lyc-bois-d-olive\/wp-content\/uploads\/sites\/147\/2018\/12\/LBO-enseignements-technologiques-Tle-STI2D-150x76.png 150w, https:\/\/etab.ac-reunion.fr\/lyc-bois-d-olive\/wp-content\/uploads\/sites\/147\/2018\/12\/LBO-enseignements-technologiques-Tle-STI2D-1150x580.png 1150w\" sizes=\"auto, (max-width: 656px) 100vw, 656px\" \/><\/a><\/p>\n<p>&nbsp;<\/p>\n<p>&nbsp;<\/p>\n<p>&nbsp;<\/p>\n<p>&nbsp;<\/p>\n<p>&nbsp;<\/p>\n<p>&nbsp;<\/p>\n<p>&nbsp;<\/p>\n<p>&nbsp;<\/p>\n<p>Les \u00e9l\u00e8ves profitent de leur ann\u00e9e de premi\u00e8re pour d\u00e9couvrir l\u2019ensemble de sp\u00e9cialit\u00e9s propos\u00e9es par le lyc\u00e9e. En fin d\u2019ann\u00e9e, ils sont ainsi en mesure de choisir une sp\u00e9cialit\u00e9 pour leur ann\u00e9e de terminale.<\/p>\n<p><span style=\"color: #008000\"><strong>Au lyc\u00e9e Bois d\u2019Olives, nous proposons 3 sp\u00e9cialit\u00e9s sur 4 :<\/strong><\/span><\/p>\n<p><strong>&#8211; AC\u00a0: Architecture et Construction\u00a0<\/strong><\/p>\n<div id=\"attachment_5790\" style=\"width: 310px\" class=\"wp-caption alignleft\"><a href=\"https:\/\/etab.ac-reunion.fr\/lyc-bois-d-olive\/wp-content\/uploads\/sites\/147\/2018\/12\/LBO-2018-STI2D-AC.jpg\"><img loading=\"lazy\" decoding=\"async\" aria-describedby=\"caption-attachment-5790\" class=\"wp-image-5790 size-medium\" src=\"https:\/\/etab.ac-reunion.fr\/lyc-bois-d-olive\/wp-content\/uploads\/sites\/147\/2018\/12\/LBO-2018-STI2D-AC-300x200.jpg\" alt=\"\" width=\"300\" height=\"200\" srcset=\"https:\/\/etab.ac-reunion.fr\/lyc-bois-d-olive\/wp-content\/uploads\/sites\/147\/2018\/12\/LBO-2018-STI2D-AC-300x200.jpg 300w, https:\/\/etab.ac-reunion.fr\/lyc-bois-d-olive\/wp-content\/uploads\/sites\/147\/2018\/12\/LBO-2018-STI2D-AC-1024x683.jpg 1024w, https:\/\/etab.ac-reunion.fr\/lyc-bois-d-olive\/wp-content\/uploads\/sites\/147\/2018\/12\/LBO-2018-STI2D-AC-150x100.jpg 150w, https:\/\/etab.ac-reunion.fr\/lyc-bois-d-olive\/wp-content\/uploads\/sites\/147\/2018\/12\/LBO-2018-STI2D-AC-1150x767.jpg 1150w\" sizes=\"auto, (max-width: 300px) 100vw, 300px\" \/><\/a><p id=\"caption-attachment-5790\" class=\"wp-caption-text\">Relev\u00e9 sur le site du Lazaret 1 \u2013 Grande Chaloupe<\/p><\/div>\n<p>Etudes architecturales (Histoire de l\u2019Architecture, Architecture bioclimatique, \u2026)<\/p>\n<p>Structure et stabilit\u00e9 des constructions<\/p>\n<p>Conforts dans l\u2019habitat (visuel, acoustique, hygrothermique, respiratoire, accessibilit\u00e9 PMR)<\/p>\n<p>Planification d\u2019une construction<\/p>\n<p>Valorisation de la fin de vie de l\u2019ouvrage<\/p>\n<p>&nbsp;<\/p>\n<p><strong>&#8211; EE\u00a0: Energie et Environnement\u00a0<\/strong><\/p>\n<div id=\"attachment_5793\" style=\"width: 310px\" class=\"wp-caption alignleft\"><a href=\"https:\/\/etab.ac-reunion.fr\/lyc-bois-d-olive\/wp-content\/uploads\/sites\/147\/2018\/12\/LBO-2018-STI2D-EE.jpg\"><img loading=\"lazy\" decoding=\"async\" aria-describedby=\"caption-attachment-5793\" class=\"wp-image-5793 size-medium\" src=\"https:\/\/etab.ac-reunion.fr\/lyc-bois-d-olive\/wp-content\/uploads\/sites\/147\/2018\/12\/LBO-2018-STI2D-EE-300x264.jpg\" alt=\"\" width=\"300\" height=\"264\" srcset=\"https:\/\/etab.ac-reunion.fr\/lyc-bois-d-olive\/wp-content\/uploads\/sites\/147\/2018\/12\/LBO-2018-STI2D-EE-300x264.jpg 300w, https:\/\/etab.ac-reunion.fr\/lyc-bois-d-olive\/wp-content\/uploads\/sites\/147\/2018\/12\/LBO-2018-STI2D-EE-150x132.jpg 150w, https:\/\/etab.ac-reunion.fr\/lyc-bois-d-olive\/wp-content\/uploads\/sites\/147\/2018\/12\/LBO-2018-STI2D-EE.jpg 1000w\" sizes=\"auto, (max-width: 300px) 100vw, 300px\" \/><\/a><p id=\"caption-attachment-5793\" class=\"wp-caption-text\">Visite du site pilote des \u00e9nergies renouvelables \u2013 IUT de la R\u00e9union<\/p><\/div>\n<p>Energies renouvelables (solaire, \u00e9olien, hydraulique, biomasse, \u2026)<\/p>\n<p>Production d\u2019\u00e9nergies<\/p>\n<p>Transport, stockage et distribution des \u00e9nergies<\/p>\n<p>Techniques de r\u00e9gulation et d\u2019asservissement des chaines d\u2019\u00e9nergie<\/p>\n<p>Efficacit\u00e9 \u00e9nerg\u00e9tique passive<\/p>\n<p>Efficacit\u00e9 \u00e9nerg\u00e9tique active<\/p>\n<p>&nbsp;<\/p>\n<p>&nbsp;<\/p>\n<p><strong>&#8211; SIN\u00a0: Syst\u00e8mes d\u2019information et num\u00e9rique\u00a0<\/strong><\/p>\n<div id=\"attachment_5824\" style=\"width: 310px\" class=\"wp-caption alignleft\"><a href=\"https:\/\/etab.ac-reunion.fr\/lyc-bois-d-olive\/wp-content\/uploads\/sites\/147\/2018\/12\/LBO-2018-STI2D-SIN-2.jpg\"><img loading=\"lazy\" decoding=\"async\" aria-describedby=\"caption-attachment-5824\" class=\"wp-image-5824 size-medium\" src=\"https:\/\/etab.ac-reunion.fr\/lyc-bois-d-olive\/wp-content\/uploads\/sites\/147\/2018\/12\/LBO-2018-STI2D-SIN-2-300x200.jpg\" alt=\"\" width=\"300\" height=\"200\" srcset=\"https:\/\/etab.ac-reunion.fr\/lyc-bois-d-olive\/wp-content\/uploads\/sites\/147\/2018\/12\/LBO-2018-STI2D-SIN-2-300x200.jpg 300w, https:\/\/etab.ac-reunion.fr\/lyc-bois-d-olive\/wp-content\/uploads\/sites\/147\/2018\/12\/LBO-2018-STI2D-SIN-2-150x100.jpg 150w, https:\/\/etab.ac-reunion.fr\/lyc-bois-d-olive\/wp-content\/uploads\/sites\/147\/2018\/12\/LBO-2018-STI2D-SIN-2.jpg 600w\" sizes=\"auto, (max-width: 300px) 100vw, 300px\" \/><\/a><p id=\"caption-attachment-5824\" class=\"wp-caption-text\">Visite de l\u2019usine du Gol &#8211; \u00c0 la recherche des capteurs permettant l\u2019automatisation du processus<\/p><\/div>\n<p>Traitement de l\u2019information<\/p>\n<p>Acquisition et restitution de grandeurs physiques<\/p>\n<p>Communication au sein d\u2019un syst\u00e8me<\/p>\n<p>Communication entre syst\u00e8mes<\/p>\n<p>Structures mat\u00e9rielles et logicielles<\/p>\n<p>&nbsp;<\/p>\n<p>&nbsp;<\/p>\n<p><span style=\"color: #008000\"><strong>L\u2019\u00e9quipe enseignante en technologie<\/strong><\/span><\/p>\n<p>L\u2019\u00e9quipe est compos\u00e9e d\u2019une dizaine d\u2019enseignants pour la partie technologique. La plupart d\u2019entre eux sont des professionnels qui ont int\u00e9gr\u00e9 l\u2019\u00e9ducation nationale apr\u00e8s plusieurs ann\u00e9es dans des entreprises priv\u00e9es (<em>bureau d\u2019\u00e9tude, bureau d\u2019architecture, industries, etc.<\/em>) ou apr\u00e8s un doctorat. Les \u00e9l\u00e8ves sont ainsi mis face \u00e0 des situations r\u00e9elles au cours des enseignements qui leur sont prodigu\u00e9s.<\/p>\n<p>De plus, la plupart enseigne aussi en \u00e9tudes post-bac\u00a0:<strong> BTS AF<\/strong>, <strong>BTS EEC<\/strong>,\u00a0<strong>BTS FED<\/strong> au lyc\u00e9e et \u00e0 l\u2019universit\u00e9. Ils pourront donc aider les \u00e9l\u00e8ves \u00e0 s\u2019orienter apr\u00e8s le bac.<\/p>\n<p>Eric <strong>BALEN<\/strong>, enseignant Energie et Environnement, enseignant en <strong>BTS FED<\/strong><\/p>\n<p>Alexandre <strong>CLAIN,<\/strong> enseignant Architecture et Construction, enseignant en <strong>BTS EEC<\/strong><\/p>\n<p>Elsa <strong>FOUGEROUSE<\/strong>, enseignante Architecture et Construction, enseignante en DUT <strong>GCCD<\/strong><\/p>\n<p>Gr\u00e9gory <strong>IMARY<\/strong>, enseignant Energie et Environnement<\/p>\n<p>Laureline <strong>LAURET<\/strong>, enseignante Architecture et Construction<\/p>\n<p>Dominique <strong>LESPORT<\/strong>, enseignant Energie et Environnement, enseignant en <strong>CPESIP<\/strong><\/p>\n<p>Claude MROZ, enseignant en Architecture et Construction, enseignant en <strong>BTS AF<\/strong><\/p>\n<p>Jacky PECQUET, enseignant en Syst\u00e8mes Informatiques et Num\u00e9rique, enseignant en <strong>BTS FED<\/strong><\/p>\n<p>David RAMALINGOM, enseignant Architecture et Construction, enseignant en <strong>BTS EEC<\/strong><\/p>\n<p>Frantz <strong>SINAMA<\/strong>, enseignant Energie et Environnement, enseignant en <strong>BTS FED<\/strong>, enseignant en licence professionnelle \u00ab\u00a0M\u00e9tiers de l&rsquo;\u00e9nerg\u00e9tique, de l&rsquo;environnement et du g\u00e9nie climatique\u00a0\u00bb<\/p>\n<p><strong><span style=\"color: #800000\">Vous souhaitez en savoir plus\u00a0?<\/span><\/strong><\/p>\n<p>Vous pouvez nous envoyer un mail avec vos questions (<em>onglet contact<\/em>). Nous y r\u00e9pondrons avec plaisir\u00a0!<\/p>\n<p>Enfin, sachez que nous proposons des <strong>demi-journ\u00e9es d\u2019immersion<\/strong> au sein de nos classes sur simple demande. Vous serez invit\u00e9 \u00e0 travailler et discuter avec nos \u00e9l\u00e8ves de premi\u00e8re ou de terminale au cours d\u2019une s\u00e9ance d\u2019activit\u00e9s afin de vous renseigner davantage sur le bac STI2D et comprendre le fonctionnement.<\/p>\n<p>Pour consulter les projets r\u00e9alis\u00e9s en classe c&rsquo;est <a href=\"https:\/\/etab.ac-reunion.fr\/lyc-bois-d-olive\/category\/sti2d\/\" target=\"_blank\" rel=\"noopener\">ici\u00a0<\/a><\/p>\n<p>&nbsp;<\/p>\n","protected":false},"excerpt":{"rendered":"<p>Le Bac STI2D c&rsquo;est quoi ? Sciences et Technologies de l\u2019Industrie et du D\u00e9veloppement Durable (STI2D) &nbsp; Le bac STI2D\u2026<\/p>\n<p class=\"continue-reading-button\"> <a class=\"continue-reading-link\" href=\"https:\/\/etab.ac-reunion.fr\/lyc-bois-d-olive\/sti2d\/\">Lire la suite<i class=\"crycon-right-dir\"><\/i><\/a><\/p>\n","protected":false},"author":11401,"featured_media":0,"parent":0,"menu_order":0,"comment_status":"closed","ping_status":"closed","template":"","meta":{"footnotes":""},"class_list":["post-5777","page","type-page","status-publish","hentry"],"_links":{"self":[{"href":"https:\/\/etab.ac-reunion.fr\/lyc-bois-d-olive\/wp-json\/wp\/v2\/pages\/5777","targetHints":{"allow":["GET"]}}],"collection":[{"href":"https:\/\/etab.ac-reunion.fr\/lyc-bois-d-olive\/wp-json\/wp\/v2\/pages"}],"about":[{"href":"https:\/\/etab.ac-reunion.fr\/lyc-bois-d-olive\/wp-json\/wp\/v2\/types\/page"}],"author":[{"embeddable":true,"href":"https:\/\/etab.ac-reunion.fr\/lyc-bois-d-olive\/wp-json\/wp\/v2\/users\/11401"}],"replies":[{"embeddable":true,"href":"https:\/\/etab.ac-reunion.fr\/lyc-bois-d-olive\/wp-json\/wp\/v2\/comments?post=5777"}],"version-history":[{"count":24,"href":"https:\/\/etab.ac-reunion.fr\/lyc-bois-d-olive\/wp-json\/wp\/v2\/pages\/5777\/revisions"}],"predecessor-version":[{"id":5838,"href":"https:\/\/etab.ac-reunion.fr\/lyc-bois-d-olive\/wp-json\/wp\/v2\/pages\/5777\/revisions\/5838"}],"wp:attachment":[{"href":"https:\/\/etab.ac-reunion.fr\/lyc-bois-d-olive\/wp-json\/wp\/v2\/media?parent=5777"}],"curies":[{"name":"wp","href":"https:\/\/api.w.org\/{rel}","templated":true}]}}