{"id":61,"date":"2016-04-29T04:35:39","date_gmt":"2016-04-29T03:35:39","guid":{"rendered":"http:\/\/lycee-bois-d-olive-tmp.ac-reunion.fr\/?page_id=61"},"modified":"2016-06-07T06:45:37","modified_gmt":"2016-06-07T05:45:37","slug":"liens","status":"publish","type":"page","link":"https:\/\/etab.ac-reunion.fr\/lyc-bois-d-olive\/liens\/","title":{"rendered":"Liens"},"content":{"rendered":"<p><a href=\"https:\/\/www.ac-reunion.fr\/vie-de-leleve\/laicite-citoyennete-responsabilite\/education-aux-medias-et-a-linformation-clemi-reunion.html\" target=\"_blank\">\u00c9ducation aux m\u00e9dias et \u00e0 l\u2019information &#8211; CLEMI<\/a><\/p>\n<p><a href=\"https:\/\/twinspace.etwinning.net\/10616\/home\" target=\"_blank\">Twinspace consortium habitat et d\u00e9veloppement durable de La R\u00e9union<\/a><\/p>\n","protected":false},"excerpt":{"rendered":"<p>\u00c9ducation aux m\u00e9dias et \u00e0 l\u2019information &#8211; CLEMI Twinspace consortium habitat et d\u00e9veloppement durable de La R\u00e9union<\/p>\n<p class=\"continue-reading-button\"> <a class=\"continue-reading-link\" href=\"https:\/\/etab.ac-reunion.fr\/lyc-bois-d-olive\/liens\/\">Lire la suite<i class=\"crycon-right-dir\"><\/i><\/a><\/p>\n","protected":false},"author":11401,"featured_media":0,"parent":0,"menu_order":0,"comment_status":"closed","ping_status":"closed","template":"","meta":{"footnotes":""},"class_list":["post-61","page","type-page","status-publish","hentry"],"_links":{"self":[{"href":"https:\/\/etab.ac-reunion.fr\/lyc-bois-d-olive\/wp-json\/wp\/v2\/pages\/61","targetHints":{"allow":["GET"]}}],"collection":[{"href":"https:\/\/etab.ac-reunion.fr\/lyc-bois-d-olive\/wp-json\/wp\/v2\/pages"}],"about":[{"href":"https:\/\/etab.ac-reunion.fr\/lyc-bois-d-olive\/wp-json\/wp\/v2\/types\/page"}],"author":[{"embeddable":true,"href":"https:\/\/etab.ac-reunion.fr\/lyc-bois-d-olive\/wp-json\/wp\/v2\/users\/11401"}],"replies":[{"embeddable":true,"href":"https:\/\/etab.ac-reunion.fr\/lyc-bois-d-olive\/wp-json\/wp\/v2\/comments?post=61"}],"version-history":[{"count":10,"href":"https:\/\/etab.ac-reunion.fr\/lyc-bois-d-olive\/wp-json\/wp\/v2\/pages\/61\/revisions"}],"predecessor-version":[{"id":670,"href":"https:\/\/etab.ac-reunion.fr\/lyc-bois-d-olive\/wp-json\/wp\/v2\/pages\/61\/revisions\/670"}],"wp:attachment":[{"href":"https:\/\/etab.ac-reunion.fr\/lyc-bois-d-olive\/wp-json\/wp\/v2\/media?parent=61"}],"curies":[{"name":"wp","href":"https:\/\/api.w.org\/{rel}","templated":true}]}}