{"id":106,"date":"2015-01-02T12:02:51","date_gmt":"2015-01-02T08:02:51","guid":{"rendered":"http:\/\/lycee-boisjoly-potier.ac-reunion.fr\/?page_id=106"},"modified":"2023-06-16T13:41:36","modified_gmt":"2023-06-16T09:41:36","slug":"enseignement-general","status":"publish","type":"page","link":"https:\/\/etab.ac-reunion.fr\/lyc-boisjoly-potier\/enseignement-general\/","title":{"rendered":"Enseignement G\u00e9n\u00e9ral"},"content":{"rendered":"\n<div style=\"height:19px\" aria-hidden=\"true\" class=\"wp-block-spacer\"><\/div>\n\n\n\n<p class=\"has-vivid-red-color has-text-color\"><em><strong>Pour avoir les informations sur les diff\u00e9rentes formation , cliquez sur les liens en bleu.<\/strong><\/em><\/p>\n\n\n\n<div class=\"wp-block-columns is-layout-flex wp-container-core-columns-is-layout-9d6595d7 wp-block-columns-is-layout-flex\">\n<div class=\"wp-block-column is-layout-flow wp-block-column-is-layout-flow\">\n<p>Rendez vous sur le site de l&rsquo;ONISEP pour d&rsquo;avantages d&rsquo;informations.<\/p>\n\n\n\n<p><a href=\"http:\/\/www.onisep.fr\/Choisir-mes-etudes\/Au-lycee-au-CFA#Vers-le-bac-2021\">http:\/\/www.onisep.fr\/Choisir-mes-etudes\/Au-lycee-au-CFA#Vers-le-bac-2021<\/a><\/p>\n\n\n\n<p>Pour l&rsquo;ann\u00e9e 2020 &#8211; 2021, le Lyc\u00e9e Boisjoly Potier forme ses \u00e9l\u00e8ves du cycle g\u00e9n\u00e9ral et technologique dans les s\u00e9ries suivantes:<\/p>\n\n\n\n<p>&#8211; 6 classes de <a href=\"https:\/\/etab.ac-reunion.fr\/lyc-boisjoly-potier\/enseignement-general\/enseignements-dexploration\/\" target=\"_blank\" rel=\"noreferrer noopener\">Seconde g\u00e9n\u00e9rale<\/a><\/p>\n\n\n\n<p>&#8211; 6 classes de Premi\u00e8re:&nbsp; 3 classes G\u00e9n\u00e9rale (option <a href=\"https:\/\/etab.ac-reunion.fr\/lyc-boisjoly-potier\/enseignement-general\/ciav-cinema-audio-visuel\/\" target=\"_blank\" rel=\"noreferrer noopener\">Cin\u00e9ma audio-visuel (CIAV) <\/a>&nbsp;),&nbsp; 3 classes option <a href=\"http:\/\/www.onisep.fr\/Choisir-mes-etudes\/Au-lycee-au-CFA\/Au-lycee-general-et-technologique\/Les-bacs-technologiques\/Le-bac-STMG-sciences-et-technologies-du-management-et-de-la-gestion\" target=\"_blank\" rel=\"noreferrer noopener\">&nbsp;Gestion Administration<\/a> (GA)<\/p>\n\n\n\n<p>&#8211; 6 classes de Terminale, pr\u00e9parant aux <a href=\"https:\/\/etab.ac-reunion.fr\/lyc-boisjoly-potier\/wp-content\/uploads\/sites\/112\/2015\/08\/formations-gt.png\">Baccalaur\u00e9ats &nbsp;<\/a>(Gestion et finance, Ressources humaines et communication, Mercatique)<\/p>\n\n\n\n<p>Les langues enseign\u00e9es sont: l&rsquo;Anglais, l&rsquo;Espagnol, l&rsquo;Allemand, le Chinois. <\/p>\n\n\n\n<figure class=\"wp-block-image is-resized\"><a href=\"http:\/\/www.laelai.com\" target=\"_blank\" rel=\"noreferrer noopener\"><img loading=\"lazy\" decoding=\"async\" src=\"https:\/\/etab.ac-reunion.fr\/lyc-boisjoly-potier\/wp-content\/uploads\/sites\/112\/2015\/01\/siteoff0-10565.jpg\" alt=\"siteoff0-10565\" class=\"wp-image-295\" width=\"48\" height=\"50\" \/><\/a><\/figure>\n\n\n\n<p><a rel=\"noreferrer noopener\" href=\"http:\/\/www.laelai.com\" target=\"_blank\"><\/a>Les \u00e9l\u00e8ves souhaitant approfondir leurs comp\u00e9tences (DNL) peuvent opter pour l&rsquo;Anglais, et l&rsquo;Espagnol.<\/p>\n\n\n\n<p>Outre les enseignements pr\u00e9vus dans les programmes des diff\u00e9rentes s\u00e9ries, les \u00e9l\u00e8ves b\u00e9n\u00e9ficient dans chaque classe de 2 heures hebdomadaires d&rsquo;Accompagnement personnalis\u00e9.<\/p>\n\n\n\n<p>Le Lyc\u00e9e est par ailleurs profond\u00e9ment engag\u00e9 depuis plusieurs ann\u00e9es dans une d\u00e9marche d&rsquo;<a href=\"https:\/\/etab.ac-reunion.fr\/lyc-boisjoly-potier\/enseignement-general\/developpement-durable\/\" target=\"_blank\" rel=\"noreferrer noopener\">Education au D\u00e9veloppement durable<\/a>: il obtient r\u00e9guli\u00e8rement, depuis 2010, le label \u00ab\u00a0Eco-Lyc\u00e9e\u00a0\u00bb<\/p>\n<\/div>\n\n\n\n<div class=\"wp-block-column is-layout-flow wp-block-column-is-layout-flow\">\n<figure class=\"wp-block-image size-large is-resized\"><a href=\"https:\/\/etab.ac-reunion.fr\/lyc-boisjoly-potier\/wp-content\/uploads\/sites\/112\/2020\/08\/Enseignement-spe\u0301cifique-Gestion-et-finance.pdf\"><img loading=\"lazy\" decoding=\"async\" src=\"https:\/\/etab.ac-reunion.fr\/lyc-boisjoly-potier\/wp-content\/uploads\/sites\/112\/2020\/08\/Capture-d\u2019e\u0301cran-2020-08-19-a\u0300-09.06.27-1024x767.png\" alt=\"\" class=\"wp-image-3164\" width=\"540\" height=\"405\" srcset=\"https:\/\/etab.ac-reunion.fr\/lyc-boisjoly-potier\/wp-content\/uploads\/sites\/112\/2020\/08\/Capture-d\u2019e\u0301cran-2020-08-19-a\u0300-09.06.27-1024x767.png 1024w, https:\/\/etab.ac-reunion.fr\/lyc-boisjoly-potier\/wp-content\/uploads\/sites\/112\/2020\/08\/Capture-d\u2019e\u0301cran-2020-08-19-a\u0300-09.06.27-300x225.png 300w, https:\/\/etab.ac-reunion.fr\/lyc-boisjoly-potier\/wp-content\/uploads\/sites\/112\/2020\/08\/Capture-d\u2019e\u0301cran-2020-08-19-a\u0300-09.06.27-768x575.png 768w, https:\/\/etab.ac-reunion.fr\/lyc-boisjoly-potier\/wp-content\/uploads\/sites\/112\/2020\/08\/Capture-d\u2019e\u0301cran-2020-08-19-a\u0300-09.06.27-1536x1150.png 1536w, https:\/\/etab.ac-reunion.fr\/lyc-boisjoly-potier\/wp-content\/uploads\/sites\/112\/2020\/08\/Capture-d\u2019e\u0301cran-2020-08-19-a\u0300-09.06.27-2048x1533.png 2048w\" sizes=\"(max-width: 540px) 100vw, 540px\" \/><\/a><\/figure>\n\n\n\n<div class=\"wp-block-file\"><a id=\"wp-block-file--media-0a405097-21c9-4068-a82c-143fa817161e\" href=\"https:\/\/etab.ac-reunion.fr\/lyc-boisjoly-potier\/wp-content\/uploads\/sites\/112\/2020\/08\/Enseignement-spe\u0301cifique-Gestion-et-finance.pdf\">Enseignement-spe\u0301cifique-Gestion-et-finance<\/a><a href=\"http:\/\/wpetab.ac-reunion.fr\/boisjoly-potier\/wp-content\/uploads\/sites\/112\/2020\/08\/Enseignement-spe\u0301cifique-Gestion-et-finance.pdf\" class=\"wp-block-file__button wp-element-button\" download aria-describedby=\"wp-block-file--media-0a405097-21c9-4068-a82c-143fa817161e\">T\u00e9l\u00e9charger<\/a><\/div>\n<\/div>\n<\/div>\n","protected":false},"excerpt":{"rendered":"<p>Pour avoir les informations sur les diff\u00e9rentes formation , cliquez sur les liens en bleu. Rendez vous sur le site de l&rsquo;ONISEP pour d&rsquo;avantages d&rsquo;informations. http:\/\/www.onisep.fr\/Choisir-mes-etudes\/Au-lycee-au-CFA#Vers-le-bac-2021 Pour l&rsquo;ann\u00e9e 2020 &#8211; 2021, le Lyc\u00e9e Boisjoly Potier forme ses \u00e9l\u00e8ves du cycle g\u00e9n\u00e9ral et technologique dans les s\u00e9ries suivantes: &#8211; 6 classes de Seconde g\u00e9n\u00e9rale &#8211; 6 [&hellip;]<\/p>\n","protected":false},"author":13029,"featured_media":240,"parent":0,"menu_order":0,"comment_status":"closed","ping_status":"closed","template":"","meta":{"_et_pb_use_builder":"","_et_pb_old_content":"","_et_gb_content_width":"1080","footnotes":""},"class_list":["post-106","page","type-page","status-publish","has-post-thumbnail","hentry"],"_links":{"self":[{"href":"https:\/\/etab.ac-reunion.fr\/lyc-boisjoly-potier\/wp-json\/wp\/v2\/pages\/106","targetHints":{"allow":["GET"]}}],"collection":[{"href":"https:\/\/etab.ac-reunion.fr\/lyc-boisjoly-potier\/wp-json\/wp\/v2\/pages"}],"about":[{"href":"https:\/\/etab.ac-reunion.fr\/lyc-boisjoly-potier\/wp-json\/wp\/v2\/types\/page"}],"author":[{"embeddable":true,"href":"https:\/\/etab.ac-reunion.fr\/lyc-boisjoly-potier\/wp-json\/wp\/v2\/users\/13029"}],"replies":[{"embeddable":true,"href":"https:\/\/etab.ac-reunion.fr\/lyc-boisjoly-potier\/wp-json\/wp\/v2\/comments?post=106"}],"version-history":[{"count":15,"href":"https:\/\/etab.ac-reunion.fr\/lyc-boisjoly-potier\/wp-json\/wp\/v2\/pages\/106\/revisions"}],"predecessor-version":[{"id":6325,"href":"https:\/\/etab.ac-reunion.fr\/lyc-boisjoly-potier\/wp-json\/wp\/v2\/pages\/106\/revisions\/6325"}],"wp:featuredmedia":[{"embeddable":true,"href":"https:\/\/etab.ac-reunion.fr\/lyc-boisjoly-potier\/wp-json\/wp\/v2\/media\/240"}],"wp:attachment":[{"href":"https:\/\/etab.ac-reunion.fr\/lyc-boisjoly-potier\/wp-json\/wp\/v2\/media?parent=106"}],"curies":[{"name":"wp","href":"https:\/\/api.w.org\/{rel}","templated":true}]}}