{"id":108,"date":"2015-01-02T12:03:28","date_gmt":"2015-01-02T08:03:28","guid":{"rendered":"http:\/\/lycee-boisjoly-potier.ac-reunion.fr\/?page_id=108"},"modified":"2016-11-08T16:05:06","modified_gmt":"2016-11-08T12:05:06","slug":"enseignement-professionnel","status":"publish","type":"page","link":"https:\/\/etab.ac-reunion.fr\/lyc-boisjoly-potier\/enseignement-professionnel\/","title":{"rendered":"Enseignement Professionnel"},"content":{"rendered":"<p>La Section d\u2019Enseignement Professionnel du lyc\u00e9e polyvalent Boisjoly Potier accueille actuellement 650 \u00e9l\u00e8ves, r\u00e9partis dans 28 divisions. Les capacit\u00e9s d\u2019accueil sont de 24 \u00e9l\u00e8ves par division dans les fili\u00e8res industrielles et de 30 \u00e9l\u00e8ves dans les fili\u00e8res tertiaires.<\/p>\n<p><strong>Fili\u00e8re tertiaire<\/strong><\/p>\n<p>Seconde BAC PRO Gestion Administration\u00a0: 4 divisions<br \/>\nPremi\u00e8re BAC PRO Gestion Administration\u00a0: 4 divisions<br \/>\nTerminale BAC PRO Secr\u00e9tariat\u00a0: 2 divisions<br \/>\nTerminale BAC PRO Comptabilit\u00e9\u00a0: 2 divisions<\/p>\n<p>Seconde BAC PRO M\u00e9tiers Relation Clients Usagers\u00a0: 1 division<br \/>\nPremi\u00e8re BAC PRO Accueil Relation Clients Usagers\u00a0: 1 division<br \/>\nTerminale BAC PRO Accueil Relation Clients Usagers\u00a0: 1 division<\/p>\n<p>1\u00e8re ann\u00e9e de CAP Employ\u00e9 de Vente Sp\u00e9cialis\u00e9, option B\u00a0: 1 division<br \/>\n2\u00e8me ann\u00e9e de CAP Employ\u00e9 de Vente Sp\u00e9cialis\u00e9, option B\u00a0: 1 division<\/p>\n<p><strong>Fili\u00e8re industrielle<\/strong><\/p>\n<p>Seconde BAC PRO Maintenance \u00c9quipements Industriels\u00a0: 2 divisions<br \/>\nPremi\u00e8re BAC PRO Maintenance \u00c9quipements Industriels\u00a0: 2 divisions<br \/>\nTerminale BAC PRO Maintenance \u00c9quipements Industriels\u00a0: 2 divisions<\/p>\n<p>Seconde BAC PRO Technicien Chaudronnerie Industrielle\u00a0: 1division<br \/>\nPremi\u00e8re BAC PRO Technicien Chaudronnerie Industrielle\u00a0: 1division<br \/>\nTerminale BAC PRO Technicien Chaudronnerie Industrielle\u00a0: 1division<\/p>\n<p>1\u00e8re ann\u00e9e de CAP Serrurier M\u00e9tallier\u00a0: 1 division<br \/>\n2\u00e8me ann\u00e9e de CAP Serrurier M\u00e9tallier\u00a0: 1 division<\/p>\n<p>&nbsp;<\/p>\n<p><a href=\"https:\/\/etab.ac-reunion.fr\/lyc-boisjoly-potier\/wp-content\/uploads\/sites\/112\/2015\/01\/Formations-SEP.pdf\"><img loading=\"lazy\" decoding=\"async\" class=\"size-medium wp-image-861 aligncenter\" src=\"https:\/\/etab.ac-reunion.fr\/lyc-boisjoly-potier\/wp-content\/uploads\/sites\/112\/2015\/01\/formations-sep-300x226.png\" alt=\"formations-sep\" width=\"300\" height=\"226\" srcset=\"https:\/\/etab.ac-reunion.fr\/lyc-boisjoly-potier\/wp-content\/uploads\/sites\/112\/2015\/01\/formations-sep-300x226.png 300w, https:\/\/etab.ac-reunion.fr\/lyc-boisjoly-potier\/wp-content\/uploads\/sites\/112\/2015\/01\/formations-sep-768x578.png 768w, https:\/\/etab.ac-reunion.fr\/lyc-boisjoly-potier\/wp-content\/uploads\/sites\/112\/2015\/01\/formations-sep.png 815w\" sizes=\"(max-width: 300px) 100vw, 300px\" \/><\/a><\/p>\n<p style=\"text-align: center\">Cliquez pour agrandir.<\/p>\n","protected":false},"excerpt":{"rendered":"<p>La Section d\u2019Enseignement Professionnel du lyc\u00e9e polyvalent Boisjoly Potier accueille actuellement 650 \u00e9l\u00e8ves, r\u00e9partis dans 28 divisions. Les capacit\u00e9s d\u2019accueil sont de 24 \u00e9l\u00e8ves par division dans les fili\u00e8res industrielles et de 30 \u00e9l\u00e8ves dans les fili\u00e8res tertiaires. Fili\u00e8re tertiaire Seconde BAC PRO Gestion Administration\u00a0: 4 divisions Premi\u00e8re BAC PRO Gestion Administration\u00a0: 4 divisions Terminale [&hellip;]<\/p>\n","protected":false},"author":4001,"featured_media":0,"parent":0,"menu_order":0,"comment_status":"closed","ping_status":"closed","template":"","meta":{"_et_pb_use_builder":"","_et_pb_old_content":"","_et_gb_content_width":"","footnotes":""},"class_list":["post-108","page","type-page","status-publish","hentry"],"_links":{"self":[{"href":"https:\/\/etab.ac-reunion.fr\/lyc-boisjoly-potier\/wp-json\/wp\/v2\/pages\/108","targetHints":{"allow":["GET"]}}],"collection":[{"href":"https:\/\/etab.ac-reunion.fr\/lyc-boisjoly-potier\/wp-json\/wp\/v2\/pages"}],"about":[{"href":"https:\/\/etab.ac-reunion.fr\/lyc-boisjoly-potier\/wp-json\/wp\/v2\/types\/page"}],"author":[{"embeddable":true,"href":"https:\/\/etab.ac-reunion.fr\/lyc-boisjoly-potier\/wp-json\/wp\/v2\/users\/4001"}],"replies":[{"embeddable":true,"href":"https:\/\/etab.ac-reunion.fr\/lyc-boisjoly-potier\/wp-json\/wp\/v2\/comments?post=108"}],"version-history":[{"count":5,"href":"https:\/\/etab.ac-reunion.fr\/lyc-boisjoly-potier\/wp-json\/wp\/v2\/pages\/108\/revisions"}],"predecessor-version":[{"id":862,"href":"https:\/\/etab.ac-reunion.fr\/lyc-boisjoly-potier\/wp-json\/wp\/v2\/pages\/108\/revisions\/862"}],"wp:attachment":[{"href":"https:\/\/etab.ac-reunion.fr\/lyc-boisjoly-potier\/wp-json\/wp\/v2\/media?parent=108"}],"curies":[{"name":"wp","href":"https:\/\/api.w.org\/{rel}","templated":true}]}}