{"id":111,"date":"2015-01-02T12:04:07","date_gmt":"2015-01-02T08:04:07","guid":{"rendered":"http:\/\/lycee-boisjoly-potier.ac-reunion.fr\/?page_id=111"},"modified":"2023-06-06T11:38:45","modified_gmt":"2023-06-06T07:38:45","slug":"formation-post-bac","status":"publish","type":"page","link":"https:\/\/etab.ac-reunion.fr\/lyc-boisjoly-potier\/formation-post-bac\/","title":{"rendered":"Formation post-BAC"},"content":{"rendered":"\n[et_pb_section fb_built=\u00a0\u00bb1&Prime; admin_label=\u00a0\u00bbsection\u00a0\u00bb _builder_version=\u00a0\u00bb4.16&Prime; global_colors_info=\u00a0\u00bb{}\u00a0\u00bb][et_pb_row admin_label=\u00a0\u00bbrow\u00a0\u00bb _builder_version=\u00a0\u00bb4.16&Prime; background_size=\u00a0\u00bbinitial\u00a0\u00bb background_position=\u00a0\u00bbtop_left\u00a0\u00bb background_repeat=\u00a0\u00bbrepeat\u00a0\u00bb global_colors_info=\u00a0\u00bb{}\u00a0\u00bb][et_pb_column type=\u00a0\u00bb4_4&Prime; _builder_version=\u00a0\u00bb4.16&Prime; custom_padding=\u00a0\u00bb|||\u00a0\u00bb global_colors_info=\u00a0\u00bb{}\u00a0\u00bb custom_padding__hover=\u00a0\u00bb|||\u00a0\u00bb][et_pb_text admin_label=\u00a0\u00bbText\u00a0\u00bb _builder_version=\u00a0\u00bb4.16&Prime; background_size=\u00a0\u00bbinitial\u00a0\u00bb background_position=\u00a0\u00bbtop_left\u00a0\u00bb background_repeat=\u00a0\u00bbrepeat\u00a0\u00bb global_colors_info=\u00a0\u00bb{}\u00a0\u00bb inline_fonts=\u00a0\u00bbLondrina Solid\u00a0\u00bb]<p><!-- divi:image {\"id\":4496,\"sizeSlug\":\"large\",\"linkDestination\":\"none\"} --><\/p>\n<figure class=\"wp-block-image size-large\">\u00a0\u00a0\u00a0\u00a0\u00a0\u00a0\u00a0\u00a0\u00a0\u00a0\u00a0\u00a0\u00a0\u00a0\u00a0\u00a0\u00a0\u00a0\u00a0\u00a0\u00a0\u00a0\u00a0\u00a0\u00a0\u00a0\u00a0\u00a0\u00a0\u00a0\u00a0\u00a0\u00a0\u00a0\u00a0\u00a0\u00a0\u00a0\u00a0\u00a0\u00a0\u00a0\u00a0\u00a0\u00a0\u00a0\u00a0\u00a0\u00a0\u00a0\u00a0\u00a0\u00a0\u00a0\u00a0\u00a0\u00a0\u00a0\u00a0\u00a0\u00a0\u00a0\u00a0\u00a0\u00a0\u00a0\u00a0\u00a0\u00a0\u00a0\u00a0\u00a0\u00a0\u00a0\u00a0\u00a0\u00a0\u00a0\u00a0 <img loading=\"lazy\" decoding=\"async\" src=\"https:\/\/etab.ac-reunion.fr\/lyc-boisjoly-potier\/wp-content\/uploads\/sites\/112\/2021\/11\/Copie-de-Lyce\u0301e-Polyvalent-5-1-1024x576.png\" alt=\"\" class=\"wp-image-4496\" width=\"405\" height=\"228\" srcset=\"https:\/\/etab.ac-reunion.fr\/lyc-boisjoly-potier\/wp-content\/uploads\/sites\/112\/2021\/11\/Copie-de-Lyce\u0301e-Polyvalent-5-1-1024x576.png 1024w, https:\/\/etab.ac-reunion.fr\/lyc-boisjoly-potier\/wp-content\/uploads\/sites\/112\/2021\/11\/Copie-de-Lyce\u0301e-Polyvalent-5-1-300x169.png 300w, https:\/\/etab.ac-reunion.fr\/lyc-boisjoly-potier\/wp-content\/uploads\/sites\/112\/2021\/11\/Copie-de-Lyce\u0301e-Polyvalent-5-1-768x432.png 768w, https:\/\/etab.ac-reunion.fr\/lyc-boisjoly-potier\/wp-content\/uploads\/sites\/112\/2021\/11\/Copie-de-Lyce\u0301e-Polyvalent-5-1-1536x864.png 1536w, https:\/\/etab.ac-reunion.fr\/lyc-boisjoly-potier\/wp-content\/uploads\/sites\/112\/2021\/11\/Copie-de-Lyce\u0301e-Polyvalent-5-1-1080x608.png 1080w, https:\/\/etab.ac-reunion.fr\/lyc-boisjoly-potier\/wp-content\/uploads\/sites\/112\/2021\/11\/Copie-de-Lyce\u0301e-Polyvalent-5-1-1280x720.png 1280w, https:\/\/etab.ac-reunion.fr\/lyc-boisjoly-potier\/wp-content\/uploads\/sites\/112\/2021\/11\/Copie-de-Lyce\u0301e-Polyvalent-5-1-980x551.png 980w, https:\/\/etab.ac-reunion.fr\/lyc-boisjoly-potier\/wp-content\/uploads\/sites\/112\/2021\/11\/Copie-de-Lyce\u0301e-Polyvalent-5-1-480x270.png 480w, https:\/\/etab.ac-reunion.fr\/lyc-boisjoly-potier\/wp-content\/uploads\/sites\/112\/2021\/11\/Copie-de-Lyce\u0301e-Polyvalent-5-1.png 1920w\" sizes=\"(max-width: 405px) 100vw, 405px\" \/><\/figure>\n<p><!-- \/divi:image --><\/p>\n<p><!-- divi:paragraph --><\/p>\n<p><span style=\"font-family: Abril Fatface;font-weight: normal\"><span style=\"text-decoration: underline;color: #000000\">\u00a0<\/span><span style=\"font-size: 16pt;color: #ff6600\"><span style=\"text-decoration: underline;color: #000000\">Le Lyc\u00e9e Boisjoly Potier propose deux formations sup\u00e9rieures<\/span>:<\/span><\/span><\/p>\n<p><!-- \/divi:paragraph --><\/p>\n<p><span style=\"font-size: 22pt\">&#8211; <span style=\"font-family: Love Ya Like A Sister;font-weight: normal;color: #0c71c3\"><a title=\"BTS Assistant Manager\" href=\"https:\/\/etab.ac-reunion.fr\/lyc-boisjoly-potier\/formation-post-bac\/bts-assistant-manager\/\" target=\"_blank\" rel=\"noopener noreferrer\" style=\"color: #0c71c3\">BTS Support \u00e0 l&rsquo;Action Manag\u00e9riale\u00a0<\/a><\/span><\/span><\/p>\n<p>&nbsp;<\/p>\n<p><span style=\"font-size: 22pt\">&#8211; <span style=\"font-family: Londrina Solid;font-weight: normal;color: #7dad6d\"><a title=\"BTS Assistant de Gestion\" href=\"https:\/\/etab.ac-reunion.fr\/lyc-boisjoly-potier\/formation-post-bac\/bts-assistant-de-gestion\/\" target=\"_blank\" rel=\"noopener noreferrer\" style=\"color: #7dad6d\">BTS Gestion de la PME\u00a0<\/a><\/span><\/span><\/p>\n<p><!-- divi:image {\"id\":3158,\"sizeSlug\":\"large\"} --><\/p>\n<figure class=\"wp-block-image size-large\"><a href=\"https:\/\/etab.ac-reunion.fr\/lyc-boisjoly-potier\/wp-content\/uploads\/sites\/112\/2020\/08\/Capture-d%E2%80%99e%CC%81cran-2020-08-19-a%CC%80-08.41.55-1024x725.png\"><img loading=\"lazy\" decoding=\"async\" width=\"1024\" height=\"684\" src=\"https:\/\/etab.ac-reunion.fr\/lyc-boisjoly-potier\/wp-content\/uploads\/sites\/112\/2020\/08\/Capture-d\u2019e\u0301cran-2020-08-19-a\u0300-08.59.19-1024x684.png\" alt=\"\" class=\"wp-image-3158\" srcset=\"https:\/\/etab.ac-reunion.fr\/lyc-boisjoly-potier\/wp-content\/uploads\/sites\/112\/2020\/08\/Capture-d\u2019e\u0301cran-2020-08-19-a\u0300-08.59.19-1024x684.png 1024w, https:\/\/etab.ac-reunion.fr\/lyc-boisjoly-potier\/wp-content\/uploads\/sites\/112\/2020\/08\/Capture-d\u2019e\u0301cran-2020-08-19-a\u0300-08.59.19-300x200.png 300w, https:\/\/etab.ac-reunion.fr\/lyc-boisjoly-potier\/wp-content\/uploads\/sites\/112\/2020\/08\/Capture-d\u2019e\u0301cran-2020-08-19-a\u0300-08.59.19-768x513.png 768w, https:\/\/etab.ac-reunion.fr\/lyc-boisjoly-potier\/wp-content\/uploads\/sites\/112\/2020\/08\/Capture-d\u2019e\u0301cran-2020-08-19-a\u0300-08.59.19-1536x1025.png 1536w, https:\/\/etab.ac-reunion.fr\/lyc-boisjoly-potier\/wp-content\/uploads\/sites\/112\/2020\/08\/Capture-d\u2019e\u0301cran-2020-08-19-a\u0300-08.59.19-2048x1367.png 2048w, https:\/\/etab.ac-reunion.fr\/lyc-boisjoly-potier\/wp-content\/uploads\/sites\/112\/2020\/08\/Capture-d\u2019e\u0301cran-2020-08-19-a\u0300-08.59.19-140x94.png 140w\" sizes=\"(max-width: 1024px) 100vw, 1024px\" \/><\/a><\/figure>\n<p><!-- \/divi:image --><\/p>[\/et_pb_text][\/et_pb_column][\/et_pb_row][\/et_pb_section]\n","protected":false},"excerpt":{"rendered":"<p>\u00a0\u00a0\u00a0\u00a0\u00a0\u00a0\u00a0\u00a0\u00a0\u00a0\u00a0\u00a0\u00a0\u00a0\u00a0\u00a0\u00a0\u00a0\u00a0\u00a0\u00a0\u00a0\u00a0\u00a0\u00a0\u00a0\u00a0\u00a0\u00a0\u00a0\u00a0\u00a0\u00a0\u00a0\u00a0\u00a0\u00a0\u00a0\u00a0\u00a0\u00a0\u00a0\u00a0\u00a0\u00a0\u00a0\u00a0\u00a0\u00a0\u00a0\u00a0\u00a0\u00a0\u00a0\u00a0\u00a0\u00a0\u00a0\u00a0\u00a0\u00a0\u00a0\u00a0\u00a0\u00a0\u00a0\u00a0\u00a0\u00a0\u00a0\u00a0\u00a0\u00a0\u00a0\u00a0\u00a0\u00a0\u00a0\u00a0 \u00a0Le Lyc\u00e9e Boisjoly Potier propose deux formations sup\u00e9rieures: &#8211; BTS Support \u00e0 l&rsquo;Action Manag\u00e9riale\u00a0 &nbsp; &#8211; BTS Gestion de la PME\u00a0<\/p>\n","protected":false},"author":4001,"featured_media":0,"parent":0,"menu_order":0,"comment_status":"closed","ping_status":"closed","template":"","meta":{"_et_pb_use_builder":"on","_et_pb_old_content":"<!-- wp:image {\"id\":4496,\"sizeSlug\":\"large\",\"linkDestination\":\"none\"} -->\n<figure class=\"wp-block-image size-large\"><img src=\"https:\/\/etab.ac-reunion.fr\/lyc-boisjoly-potier\/wp-content\/uploads\/sites\/112\/2021\/11\/Copie-de-Lyce\u0301e-Polyvalent-5-1-1024x576.png\" alt=\"\" class=\"wp-image-4496\" \/><\/figure>\n<!-- \/wp:image -->\n\n<!-- wp:paragraph -->\n<p><a href=\"https:\/\/etab.ac-reunion.fr\/lyc-boisjoly-potier\/formation-post-bac\/bts-assistant-manager\/?preview_id=276&amp;preview_nonce=b433a5c41e&amp;preview=true&amp;_thumbnail_id=305\">https:\/\/etab.ac-reunion.fr\/lyc-boisjoly-potier\/formation-post-bac\/bts-assistant-manager\/?preview_id=276&amp;preview_nonce=b433a5c41e&amp;preview=true&amp;_thumbnail_id=305<\/a><\/p>\n<!-- \/wp:paragraph -->\n\n<p><span style=\"font-size: 16pt;color: #ff6600\">Le Lyc\u00e9e Boisjoly Potier propose deux formations sup\u00e9rieures:<\/span><\/p>\n<p>\u00a0<\/p>\n<p><span style=\"font-size: 22pt\">- <a title=\"BTS Assistant Manager\" href=\"https:\/\/etab.ac-reunion.fr\/lyc-boisjoly-potier\/formation-post-bac\/bts-assistant-manager\/\" target=\"_blank\" rel=\"noopener noreferrer\">BTS Support \u00e0 l'Action Manag\u00e9riale\u00a0<\/a><\/span><\/p>\n<p>\u00a0<\/p>\n<p><span style=\"font-size: 22pt\">- <a title=\"BTS Assistant de Gestion\" href=\"https:\/\/etab.ac-reunion.fr\/lyc-boisjoly-potier\/formation-post-bac\/bts-assistant-de-gestion\/\" target=\"_blank\" rel=\"noopener noreferrer\">BTS Gestion de la PME\u00a0<\/a><\/span><\/p>\n\n<!-- wp:image {\"id\":3158,\"sizeSlug\":\"large\"} -->\n<figure class=\"wp-block-image size-large\"><a href=\"https:\/\/etab.ac-reunion.fr\/lyc-boisjoly-potier\/wp-content\/uploads\/sites\/112\/2020\/08\/Capture-d%E2%80%99e%CC%81cran-2020-08-19-a%CC%80-08.41.55-1024x725.png\"><img src=\"https:\/\/etab.ac-reunion.fr\/lyc-boisjoly-potier\/wp-content\/uploads\/sites\/112\/2020\/08\/Capture-d\u2019e\u0301cran-2020-08-19-a\u0300-08.59.19-1024x684.png\" alt=\"\" class=\"wp-image-3158\" \/><\/a><\/figure>\n<!-- \/wp:image -->","_et_gb_content_width":"","footnotes":""},"class_list":["post-111","page","type-page","status-publish","hentry"],"_links":{"self":[{"href":"https:\/\/etab.ac-reunion.fr\/lyc-boisjoly-potier\/wp-json\/wp\/v2\/pages\/111","targetHints":{"allow":["GET"]}}],"collection":[{"href":"https:\/\/etab.ac-reunion.fr\/lyc-boisjoly-potier\/wp-json\/wp\/v2\/pages"}],"about":[{"href":"https:\/\/etab.ac-reunion.fr\/lyc-boisjoly-potier\/wp-json\/wp\/v2\/types\/page"}],"author":[{"embeddable":true,"href":"https:\/\/etab.ac-reunion.fr\/lyc-boisjoly-potier\/wp-json\/wp\/v2\/users\/4001"}],"replies":[{"embeddable":true,"href":"https:\/\/etab.ac-reunion.fr\/lyc-boisjoly-potier\/wp-json\/wp\/v2\/comments?post=111"}],"version-history":[{"count":25,"href":"https:\/\/etab.ac-reunion.fr\/lyc-boisjoly-potier\/wp-json\/wp\/v2\/pages\/111\/revisions"}],"predecessor-version":[{"id":6119,"href":"https:\/\/etab.ac-reunion.fr\/lyc-boisjoly-potier\/wp-json\/wp\/v2\/pages\/111\/revisions\/6119"}],"wp:attachment":[{"href":"https:\/\/etab.ac-reunion.fr\/lyc-boisjoly-potier\/wp-json\/wp\/v2\/media?parent=111"}],"curies":[{"name":"wp","href":"https:\/\/api.w.org\/{rel}","templated":true}]}}