{"id":1274,"date":"2018-08-16T13:24:09","date_gmt":"2018-08-16T09:24:09","guid":{"rendered":"http:\/\/lycee-boisjoly-potier.ac-reunion.fr\/?page_id=1274"},"modified":"2023-06-02T10:25:13","modified_gmt":"2023-06-02T06:25:13","slug":"sdd-2","status":"publish","type":"page","link":"https:\/\/etab.ac-reunion.fr\/lyc-boisjoly-potier\/sdd-2\/","title":{"rendered":"Eco-D\u00e9l\u00e9gu\u00e9s"},"content":{"rendered":"\r\n<p class=\"has-text-color\" style=\"color: #ffffff\">P<\/p>\r\n\r\n\r\n\r\n<p class=\"has-text-color has-medium-font-size has-vivid-purple-color\">*Un \u00e9co-d\u00e9l\u00e9gu\u00e9, qu\u2019est-ce-que c\u2019est ?<\/p>\r\n\r\n\r\n\r\n<div class=\"wp-block-image\">\r\n<figure class=\"alignright size-large\"><img loading=\"lazy\" decoding=\"async\" width=\"187\" height=\"187\" class=\"wp-image-2731\" src=\"https:\/\/etab.ac-reunion.fr\/lyc-boisjoly-potier\/wp-content\/uploads\/sites\/112\/2020\/06\/ecod.png\" alt=\"\" srcset=\"https:\/\/etab.ac-reunion.fr\/lyc-boisjoly-potier\/wp-content\/uploads\/sites\/112\/2020\/06\/ecod.png 187w, https:\/\/etab.ac-reunion.fr\/lyc-boisjoly-potier\/wp-content\/uploads\/sites\/112\/2020\/06\/ecod-150x150.png 150w, https:\/\/etab.ac-reunion.fr\/lyc-boisjoly-potier\/wp-content\/uploads\/sites\/112\/2020\/06\/ecod-130x130.png 130w, https:\/\/etab.ac-reunion.fr\/lyc-boisjoly-potier\/wp-content\/uploads\/sites\/112\/2020\/06\/ecod-67x67.png 67w, https:\/\/etab.ac-reunion.fr\/lyc-boisjoly-potier\/wp-content\/uploads\/sites\/112\/2020\/06\/ecod-40x40.png 40w, https:\/\/etab.ac-reunion.fr\/lyc-boisjoly-potier\/wp-content\/uploads\/sites\/112\/2020\/06\/ecod-184x184.png 184w\" sizes=\"(max-width: 187px) 100vw, 187px\" \/><\/figure>\r\n<\/div>\r\n\r\n\r\n\r\n<p class=\"has-background\" style=\"background-color: #fff3d4\">Un <strong>\u00e9co-d\u00e9l\u00e9gu\u00e9<\/strong> est un \u00e9l\u00e8ve r\u00e9f\u00e9rent de la classe, qui est pr\u00eat \u00e0 <strong>agir<\/strong> et \u00e0 <strong>s\u2019investir <\/strong>dans des actions et projets concernant les questions de l&rsquo;environnement et du <strong>d\u00e9veloppement durable<\/strong>, au sein de l\u2019\u00e9tablissement.<\/p>\r\n\r\n\r\n\r\n<p class=\"has-background\" style=\"background-color: #fff3d4\">\u00ab\u00a0C&rsquo;est un <strong>moteur<\/strong>, car il peut proposer des actions et les mettre en place. C&rsquo;est un <strong>transmetteur<\/strong> d&rsquo;information vers les autres \u00e9l\u00e8ves de la classe et vers les autres \u00e9co- d\u00e9l\u00e9gu\u00e9s. C&rsquo;est un <strong>responsable<\/strong> qui sait respecter des r\u00e8gles pour agir efficacement dans l&rsquo;enceinte du lyc\u00e9e. C&rsquo;est un \u00e9l\u00e8ve qui se questionne, s&rsquo;informe et se forme.<\/p>\r\n\r\n\r\n\r\n<p class=\"has-text-color\" style=\"color: #ffffff\">o<\/p>\r\n\r\n\r\n\r\n<p>Plus d\u2019informations sur :<\/p>\r\n\r\n\r\n\r\n<ul class=\"wp-block-list\">\r\n<li>le site officiel : <a href=\"http:\/\/www.eco-delegues.fr\/\">http:\/\/www.eco-delegues.fr\/ <\/a><\/li>\r\n<\/ul>\r\n\r\n\r\n\r\n<ul class=\"wp-block-list\">\r\n<li>le site \u00e9duscol : <a href=\"https:\/\/eduscol.education.fr\/cid145107\/les-eco-delegues.html\">https:\/\/eduscol.education.fr\/cid145107\/les-eco-delegues.html <\/a><\/li>\r\n<\/ul>\r\n\r\n\r\n\r\n<ul class=\"wp-block-list\">\r\n<li>le site acad\u00e9mique :<a href=\"https:\/\/pedagogie.ac-reunion.fr\/edd\/actus-mondial\/news\/detail\/News\/les-eco-delegues-des-eleves-acteurs-du-developpement-durable.html\"> https:\/\/pedagogie.ac-reunion.fr\/edd\/actus-mondial\/news\/detail\/News\/les-eco-delegues-des-eleves-acteurs-du-developpement-durable.ht<\/a><\/li>\r\n<\/ul>\r\n\r\n\r\n\r\n<div class=\"wp-block-image\">\r\n<figure class=\"alignright size-medium\"><img decoding=\"async\" class=\"wp-image-2726\" src=\"https:\/\/etab.ac-reunion.fr\/lyc-boisjoly-potier\/wp-content\/uploads\/sites\/112\/2020\/06\/Capture-d\u2019e\u0301cran-2020-06-12-a\u0300-11.47.57-142x300.png\" alt=\"\" \/><\/figure>\r\n<\/div>\r\n\r\n\r\n\r\n<p class=\"has-text-color\" style=\"color: #ffffff\">p<\/p>\r\n\r\n\r\n\r\n<p class=\"has-text-color has-normal-font-size has-vivid-purple-color\"><em>Vous pouvez consulter le Guide de l\u2019\u00e9co-d\u00e9l\u00e9gu\u00e9 ici !<\/em><\/p>\r\n\r\n\r\n\r\n<div class=\"wp-block-file\"><a href=\"https:\/\/etab.ac-reunion.fr\/lyc-boisjoly-potier\/wp-content\/uploads\/sites\/112\/2020\/06\/guide-eco-delegue-fev-2020.pdf\">guide-eco-delegue-fev-2020<\/a><a class=\"wp-block-file__button\" href=\"https:\/\/etab.ac-reunion.fr\/lyc-boisjoly-potier\/wp-content\/uploads\/sites\/112\/2020\/06\/guide-eco-delegue-fev-2020.pdf\">T\u00e9l\u00e9charger<\/a><\/div>\r\n\r\n\r\n\r\n<p class=\"has-text-color\" style=\"color: #ffffff\">pl<\/p>\r\n\r\n\r\n\r\n<p class=\"has-text-color\" style=\"color: #ffffff\">\u00ab\u00a0<\/p>\r\n\r\n\r\n\r\n<p class=\"has-text-color\" style=\"color: #ffffff\">&#8211;<\/p>\r\n\r\n\r\n\r\n<p class=\"has-text-color\" style=\"color: #ffffff\">o<\/p>\r\n\r\n\r\n\r\n<p class=\"has-text-color\" style=\"color: #ffffff\">^<\/p>\r\n\r\n\r\n\r\n<p class=\"has-text-color\" style=\"color: #ffffff\">m<\/p>\r\n\r\n\r\n\r\n<p class=\"has-text-color has-medium-font-size has-vivid-purple-color\">*Pourquoi devenir \u00e9co-d\u00e9l\u00e9gu\u00e9 ?<\/p>\r\n\r\n\r\n\r\n<figure class=\"wp-block-embed-youtube wp-block-embed is-type-video is-provider-youtube wp-embed-aspect-16-9 wp-has-aspect-ratio\">\r\n<div class=\"wp-block-embed__wrapper\">https:\/\/www.youtube.com\/watch?v=0C-sPTuQskM&amp;feature=youtu.be<\/div>\r\n<\/figure>\r\n\r\n\r\n\r\n<p class=\"has-text-color\" style=\"color: #ffffff\">z<\/p>\r\n\r\n\r\n\r\n<p class=\"has-text-color has-medium-font-size has-vivid-purple-color\">*Le FORUM interne du lyc\u00e9e 2019\u00a0:<\/p>\r\n\r\n\r\n\r\n<figure class=\"wp-block-image size-large\"><a href=\"https:\/\/etab.ac-reunion.fr\/lyc-boisjoly-potier\/wp-content\/uploads\/sites\/112\/2020\/06\/Illustration_sans_titre-11-715x1024.jpg\"><img loading=\"lazy\" decoding=\"async\" width=\"715\" height=\"1024\" class=\"wp-image-2736\" src=\"https:\/\/etab.ac-reunion.fr\/lyc-boisjoly-potier\/wp-content\/uploads\/sites\/112\/2020\/06\/Illustration_sans_titre-11-715x1024.jpg\" alt=\"\" srcset=\"https:\/\/etab.ac-reunion.fr\/lyc-boisjoly-potier\/wp-content\/uploads\/sites\/112\/2020\/06\/Illustration_sans_titre-11-715x1024.jpg 715w, https:\/\/etab.ac-reunion.fr\/lyc-boisjoly-potier\/wp-content\/uploads\/sites\/112\/2020\/06\/Illustration_sans_titre-11-210x300.jpg 210w, https:\/\/etab.ac-reunion.fr\/lyc-boisjoly-potier\/wp-content\/uploads\/sites\/112\/2020\/06\/Illustration_sans_titre-11-768x1100.jpg 768w, https:\/\/etab.ac-reunion.fr\/lyc-boisjoly-potier\/wp-content\/uploads\/sites\/112\/2020\/06\/Illustration_sans_titre-11-1073x1536.jpg 1073w, https:\/\/etab.ac-reunion.fr\/lyc-boisjoly-potier\/wp-content\/uploads\/sites\/112\/2020\/06\/Illustration_sans_titre-11-1431x2048.jpg 1431w, https:\/\/etab.ac-reunion.fr\/lyc-boisjoly-potier\/wp-content\/uploads\/sites\/112\/2020\/06\/Illustration_sans_titre-11.jpg 1668w\" sizes=\"(max-width: 715px) 100vw, 715px\" \/><\/a><\/figure>\r\n\r\n\r\n\r\n<div class=\"wp-block-file\"><a href=\"https:\/\/etab.ac-reunion.fr\/lyc-boisjoly-potier\/wp-content\/uploads\/sites\/112\/2020\/06\/Bilan-Forum-FOREID.pdf\">Bilan-Forum-FOREID<\/a><a class=\"wp-block-file__button\" href=\"https:\/\/etab.ac-reunion.fr\/lyc-boisjoly-potier\/wp-content\/uploads\/sites\/112\/2020\/06\/Bilan-Forum-FOREID.pdf\">T\u00e9l\u00e9charger<\/a><\/div>\r\n\r\n\r\n\r\n<figure class=\"wp-block-image size-large\"><a href=\"https:\/\/etab.ac-reunion.fr\/lyc-boisjoly-potier\/wp-content\/uploads\/sites\/112\/2020\/06\/Bilan-Forum-FOREID.pdf\"><img loading=\"lazy\" decoding=\"async\" width=\"1024\" height=\"671\" class=\"wp-image-2740\" src=\"https:\/\/etab.ac-reunion.fr\/lyc-boisjoly-potier\/wp-content\/uploads\/sites\/112\/2020\/06\/Capture-d\u2019e\u0301cran-2020-06-12-a\u0300-12.00.36-1024x671.png\" alt=\"\" srcset=\"https:\/\/etab.ac-reunion.fr\/lyc-boisjoly-potier\/wp-content\/uploads\/sites\/112\/2020\/06\/Capture-d\u2019e\u0301cran-2020-06-12-a\u0300-12.00.36-1024x671.png 1024w, https:\/\/etab.ac-reunion.fr\/lyc-boisjoly-potier\/wp-content\/uploads\/sites\/112\/2020\/06\/Capture-d\u2019e\u0301cran-2020-06-12-a\u0300-12.00.36-300x197.png 300w, https:\/\/etab.ac-reunion.fr\/lyc-boisjoly-potier\/wp-content\/uploads\/sites\/112\/2020\/06\/Capture-d\u2019e\u0301cran-2020-06-12-a\u0300-12.00.36-768x504.png 768w, https:\/\/etab.ac-reunion.fr\/lyc-boisjoly-potier\/wp-content\/uploads\/sites\/112\/2020\/06\/Capture-d\u2019e\u0301cran-2020-06-12-a\u0300-12.00.36-1536x1007.png 1536w, https:\/\/etab.ac-reunion.fr\/lyc-boisjoly-potier\/wp-content\/uploads\/sites\/112\/2020\/06\/Capture-d\u2019e\u0301cran-2020-06-12-a\u0300-12.00.36-2048x1343.png 2048w, https:\/\/etab.ac-reunion.fr\/lyc-boisjoly-potier\/wp-content\/uploads\/sites\/112\/2020\/06\/Capture-d\u2019e\u0301cran-2020-06-12-a\u0300-12.00.36-248x162.png 248w, https:\/\/etab.ac-reunion.fr\/lyc-boisjoly-potier\/wp-content\/uploads\/sites\/112\/2020\/06\/Capture-d\u2019e\u0301cran-2020-06-12-a\u0300-12.00.36-207x136.png 207w, https:\/\/etab.ac-reunion.fr\/lyc-boisjoly-potier\/wp-content\/uploads\/sites\/112\/2020\/06\/Capture-d\u2019e\u0301cran-2020-06-12-a\u0300-12.00.36-260x170.png 260w, https:\/\/etab.ac-reunion.fr\/lyc-boisjoly-potier\/wp-content\/uploads\/sites\/112\/2020\/06\/Capture-d\u2019e\u0301cran-2020-06-12-a\u0300-12.00.36-430x283.png 430w\" sizes=\"(max-width: 1024px) 100vw, 1024px\" \/><\/a><\/figure>\r\n\r\n\r\n\r\n<p>Vid\u00e9o FORIED<\/p>\r\n\r\n\r\n\r\n<figure class=\"wp-block-embed-youtube wp-block-embed is-type-video is-provider-youtube wp-embed-aspect-16-9 wp-has-aspect-ratio\">\r\n<div class=\"wp-block-embed__wrapper\">https:\/\/www.youtube.com\/watch?v=fevOvdvThyA<\/div>\r\n<\/figure>\r\n\r\n\r\n\r\n<p>&nbsp;<\/p>\r\n\r\n\r\n\r\n<p class=\"has-text-color\" style=\"color: #ffffff\">p<\/p>\r\n\r\n\r\n\r\n<p class=\"has-text-color has-medium-font-size has-vivid-purple-color\">*Paroles d&rsquo;\u00e9co- D\u00e9l\u00e9gu\u00e9s!<\/p>\r\n\r\n\r\n\r\n<p><strong>1. \u00catre \u00e9cod\u00e9l\u00e9gu\u00e9.e : Pourquoi je me suis engag\u00e9.e ?<\/strong><\/p>\r\n\r\n\r\n\r\n<figure class=\"wp-block-embed-youtube wp-block-embed is-type-video is-provider-youtube wp-embed-aspect-16-9 wp-has-aspect-ratio\">\r\n<div class=\"wp-block-embed__wrapper\">https:\/\/www.youtube.com\/watch?v=2uo2U68DmU0<\/div>\r\n<\/figure>\r\n\r\n\r\n\r\n<p><strong>2. Quelles sont les missions des \u00e9cod\u00e9l\u00e9gu\u00e9s et le r\u00f4le de chacun ? Quel est le cadre?<\/strong><\/p>\r\n\r\n\r\n\r\n<figure class=\"wp-block-embed-youtube wp-block-embed is-type-video is-provider-youtube wp-embed-aspect-16-9 wp-has-aspect-ratio\">\r\n<div class=\"wp-block-embed__wrapper\">https:\/\/www.youtube.com\/watch?v=2pFqi_3FRXU<\/div>\r\n<\/figure>\r\n\r\n\r\n\r\n<p><strong>3. Accompagner les \u00e9cod\u00e9l\u00e9gu\u00e9s : le r\u00f4le des adultes<\/strong><\/p>\r\n\r\n\r\n\r\n<figure class=\"wp-block-embed-youtube wp-block-embed is-type-video is-provider-youtube wp-embed-aspect-16-9 wp-has-aspect-ratio\">\r\n<div class=\"wp-block-embed__wrapper\">https:\/\/www.youtube.com\/watch?v=9V4uVF96Nl8<\/div>\r\n<\/figure>\r\n\r\n\r\n\r\n<p><strong>4. La mobilisation et la d\u00e9signation des \u00e9cod\u00e9l\u00e9gu\u00e9.e.s<\/strong><\/p>\r\n\r\n\r\n\r\n<figure class=\"wp-block-embed-youtube wp-block-embed is-type-video is-provider-youtube wp-embed-aspect-16-9 wp-has-aspect-ratio\">\r\n<div class=\"wp-block-embed__wrapper\">https:\/\/www.youtube.com\/watch?v=rMuwZwMkzKQ&amp;t=148s<\/div>\r\n<\/figure>\r\n\r\n\r\n\r\n<p><strong>5. L\u2019int\u00e9r\u00eat de mettre en place des \u00e9cod\u00e9l\u00e9gu\u00e9.e.s pour l\u2019\u00e9l\u00e8ve et l\u2019\u00e9tablissement<\/strong><\/p>\r\n\r\n\r\n\r\n<figure class=\"wp-block-embed-youtube wp-block-embed is-type-video is-provider-youtube wp-embed-aspect-16-9 wp-has-aspect-ratio\">\r\n<div class=\"wp-block-embed__wrapper\">https:\/\/www.youtube.com\/watch?v=Rwl-hCFnKZY&amp;t=231s<\/div>\r\n<\/figure>\r\n","protected":false},"excerpt":{"rendered":"<p>P *Un \u00e9co-d\u00e9l\u00e9gu\u00e9, qu\u2019est-ce-que c\u2019est ? Un \u00e9co-d\u00e9l\u00e9gu\u00e9 est un \u00e9l\u00e8ve r\u00e9f\u00e9rent de la classe, qui est pr\u00eat \u00e0 agir et \u00e0 s\u2019investir dans des actions et projets concernant les questions de l&rsquo;environnement et du d\u00e9veloppement durable, au sein de l\u2019\u00e9tablissement. \u00ab\u00a0C&rsquo;est un moteur, car il peut proposer des actions et les mettre en place. [&hellip;]<\/p>\n","protected":false},"author":13029,"featured_media":0,"parent":0,"menu_order":0,"comment_status":"closed","ping_status":"closed","template":"","meta":{"_et_pb_use_builder":"","_et_pb_old_content":"","_et_gb_content_width":"","footnotes":""},"class_list":["post-1274","page","type-page","status-publish","hentry"],"_links":{"self":[{"href":"https:\/\/etab.ac-reunion.fr\/lyc-boisjoly-potier\/wp-json\/wp\/v2\/pages\/1274","targetHints":{"allow":["GET"]}}],"collection":[{"href":"https:\/\/etab.ac-reunion.fr\/lyc-boisjoly-potier\/wp-json\/wp\/v2\/pages"}],"about":[{"href":"https:\/\/etab.ac-reunion.fr\/lyc-boisjoly-potier\/wp-json\/wp\/v2\/types\/page"}],"author":[{"embeddable":true,"href":"https:\/\/etab.ac-reunion.fr\/lyc-boisjoly-potier\/wp-json\/wp\/v2\/users\/13029"}],"replies":[{"embeddable":true,"href":"https:\/\/etab.ac-reunion.fr\/lyc-boisjoly-potier\/wp-json\/wp\/v2\/comments?post=1274"}],"version-history":[{"count":37,"href":"https:\/\/etab.ac-reunion.fr\/lyc-boisjoly-potier\/wp-json\/wp\/v2\/pages\/1274\/revisions"}],"predecessor-version":[{"id":5779,"href":"https:\/\/etab.ac-reunion.fr\/lyc-boisjoly-potier\/wp-json\/wp\/v2\/pages\/1274\/revisions\/5779"}],"wp:attachment":[{"href":"https:\/\/etab.ac-reunion.fr\/lyc-boisjoly-potier\/wp-json\/wp\/v2\/media?parent=1274"}],"curies":[{"name":"wp","href":"https:\/\/api.w.org\/{rel}","templated":true}]}}