{"id":1299,"date":"2018-08-17T08:20:40","date_gmt":"2018-08-17T04:20:40","guid":{"rendered":"http:\/\/lycee-boisjoly-potier.ac-reunion.fr\/?page_id=1299"},"modified":"2018-08-17T08:22:51","modified_gmt":"2018-08-17T04:22:51","slug":"cinemed","status":"publish","type":"page","link":"https:\/\/etab.ac-reunion.fr\/lyc-boisjoly-potier\/cinemed\/","title":{"rendered":"Cinemed"},"content":{"rendered":"<p>Pour la 3\u00e8me ann\u00e9e cons\u00e9cutive , les \u00e9l\u00e8ves de Terminal ( L, S, STMG)\u00a0 option Cin\u00e9ma Audiovisuel se sont rendu au festival du film m\u00e9diterran\u00e9en pour la 39\u00e8me edition . Pendant une semaine , ils ont assist\u00e9 \u00e0 divers projections , dont un cin\u00e9-concert sur <em>Les lumi\u00e8res de la ville<\/em> de Charlie Chaplin , une conf\u00e9rence avec les r\u00e9alisateurs Olivier Nakache et Eric Toledano (<em> Intouchable, Samba , Nos jours heureux<\/em> ect&#8230;)\u00a0 des avant- premi\u00e8res de <em>Razzia<\/em> de Nabil Ayouch , <em>Tout nous s\u00e9pare<\/em> de Thierry Klifa. Pour conclure cette belle aventure , ils se sont tous essay\u00e9 au patinage .<\/p>\n<p>&nbsp;<\/p>\n<p>Voici un r\u00e9sum\u00e9 du festival r\u00e9dig\u00e9 par un \u00e9l\u00e8ve .<\/p>\n<p><img loading=\"lazy\" decoding=\"async\" class=\"alignnone wp-image-1093 size-full\" src=\"https:\/\/etab.ac-reunion.fr\/lyc-boisjoly-potier\/wp-content\/uploads\/sites\/112\/2017\/10\/lettre-cinemed.jpg\" alt=\"\" width=\"2480\" height=\"3508\" \/><\/p>\n","protected":false},"excerpt":{"rendered":"<p>Pour la 3\u00e8me ann\u00e9e cons\u00e9cutive , les \u00e9l\u00e8ves de Terminal ( L, S, STMG)\u00a0 option Cin\u00e9ma Audiovisuel se sont rendu au festival du film m\u00e9diterran\u00e9en pour la 39\u00e8me edition . Pendant une semaine , ils ont assist\u00e9 \u00e0 divers projections , dont un cin\u00e9-concert sur Les lumi\u00e8res de la ville de Charlie Chaplin , une [&hellip;]<\/p>\n","protected":false},"author":13029,"featured_media":0,"parent":0,"menu_order":0,"comment_status":"closed","ping_status":"closed","template":"","meta":{"_et_pb_use_builder":"","_et_pb_old_content":"","_et_gb_content_width":"","footnotes":""},"class_list":["post-1299","page","type-page","status-publish","hentry"],"_links":{"self":[{"href":"https:\/\/etab.ac-reunion.fr\/lyc-boisjoly-potier\/wp-json\/wp\/v2\/pages\/1299","targetHints":{"allow":["GET"]}}],"collection":[{"href":"https:\/\/etab.ac-reunion.fr\/lyc-boisjoly-potier\/wp-json\/wp\/v2\/pages"}],"about":[{"href":"https:\/\/etab.ac-reunion.fr\/lyc-boisjoly-potier\/wp-json\/wp\/v2\/types\/page"}],"author":[{"embeddable":true,"href":"https:\/\/etab.ac-reunion.fr\/lyc-boisjoly-potier\/wp-json\/wp\/v2\/users\/13029"}],"replies":[{"embeddable":true,"href":"https:\/\/etab.ac-reunion.fr\/lyc-boisjoly-potier\/wp-json\/wp\/v2\/comments?post=1299"}],"version-history":[{"count":2,"href":"https:\/\/etab.ac-reunion.fr\/lyc-boisjoly-potier\/wp-json\/wp\/v2\/pages\/1299\/revisions"}],"predecessor-version":[{"id":1302,"href":"https:\/\/etab.ac-reunion.fr\/lyc-boisjoly-potier\/wp-json\/wp\/v2\/pages\/1299\/revisions\/1302"}],"wp:attachment":[{"href":"https:\/\/etab.ac-reunion.fr\/lyc-boisjoly-potier\/wp-json\/wp\/v2\/media?parent=1299"}],"curies":[{"name":"wp","href":"https:\/\/api.w.org\/{rel}","templated":true}]}}