{"id":130,"date":"2015-01-02T12:18:32","date_gmt":"2015-01-02T08:18:32","guid":{"rendered":"http:\/\/lycee-boisjoly-potier.ac-reunion.fr\/?page_id=130"},"modified":"2023-06-16T13:18:37","modified_gmt":"2023-06-16T09:18:37","slug":"projet-detablissement","status":"publish","type":"page","link":"https:\/\/etab.ac-reunion.fr\/lyc-boisjoly-potier\/accueil\/le-lycee-boisjoly-potier\/projet-detablissement\/","title":{"rendered":"L&rsquo;\u00e9tablissement"},"content":{"rendered":"\n<div class=\"wp-block-columns is-layout-flex wp-container-core-columns-is-layout-9d6595d7 wp-block-columns-is-layout-flex\">\n<div class=\"wp-block-column is-layout-flow wp-block-column-is-layout-flow\">\n<figure class=\"wp-block-image size-full\"><img loading=\"lazy\" decoding=\"async\" width=\"283\" height=\"354\" src=\"https:\/\/etab.ac-reunion.fr\/lyc-boisjoly-potier\/wp-content\/uploads\/sites\/112\/2023\/06\/Boisjoly_Potier_henri.jpg\" alt=\"\" class=\"wp-image-6306\" srcset=\"https:\/\/etab.ac-reunion.fr\/lyc-boisjoly-potier\/wp-content\/uploads\/sites\/112\/2023\/06\/Boisjoly_Potier_henri.jpg 283w, https:\/\/etab.ac-reunion.fr\/lyc-boisjoly-potier\/wp-content\/uploads\/sites\/112\/2023\/06\/Boisjoly_Potier_henri-240x300.jpg 240w\" sizes=\"(max-width: 283px) 100vw, 283px\" \/><\/figure>\n<\/div>\n\n\n\n<div class=\"wp-block-column is-layout-flow wp-block-column-is-layout-flow\">\n<p>Le lyc\u00e9e doit son nom \u00e0 <strong>Henri Laurent POTIER<\/strong> (1827-1889). Fils de notaire royal de Saint-Pierre, agriculteur de g\u00e9nie et homme d&rsquo;affaires avis\u00e9, Henri Laurent doit son surnom de <strong>Boisjoly<\/strong> \u00e0 sa r\u00e9ussite en tant qu\u2019exploitant forestier. <\/p>\n\n\n\n<p>Il a boulevers\u00e9 le paysage tamponnais en transformant la Plaine des Cafres en prairies artificielles en une \u00e9poque o\u00f9 ni Le Tampon et encore moins la Plaine des Cafres n\u2019existaient.<\/p>\n<\/div>\n\n\n\n<div class=\"wp-block-column is-layout-flow wp-block-column-is-layout-flow\">\n<p>Eleveur et cultivateur, il contribua \u00e0 la mise en valeur de la Plaine des Cafres. <br>A ce titre, il a \u00e9t\u00e9 laur\u00e9at de nombreux concours agricoles ou foires-expositions dont l\u2019exposition universelle de Paris de 1855\u2013 ce qui, pour l\u2019\u00e9poque n\u2019\u00e9tait pas une mince affaire- ou encore l\u2019exposition inter- coloniale de Saint-Denis de La R\u00e9union de 1881.<\/p>\n<\/div>\n<\/div>\n\n\n\n<hr class=\"wp-block-separator has-alpha-channel-opacity\" \/>\n\n\n\n<div style=\"height:47px\" aria-hidden=\"true\" class=\"wp-block-spacer\"><\/div>\n\n\n\n<div class=\"wp-block-columns is-layout-flex wp-container-core-columns-is-layout-9d6595d7 wp-block-columns-is-layout-flex\">\n<div class=\"wp-block-column is-layout-flow wp-block-column-is-layout-flow\">\n<figure class=\"wp-block-image size-full\"><img loading=\"lazy\" decoding=\"async\" width=\"487\" height=\"400\" src=\"https:\/\/etab.ac-reunion.fr\/lyc-boisjoly-potier\/wp-content\/uploads\/sites\/112\/2015\/01\/logo-e1686901982641.png\" alt=\"\" class=\"wp-image-835\" srcset=\"https:\/\/etab.ac-reunion.fr\/lyc-boisjoly-potier\/wp-content\/uploads\/sites\/112\/2015\/01\/logo-e1686901982641.png 487w, https:\/\/etab.ac-reunion.fr\/lyc-boisjoly-potier\/wp-content\/uploads\/sites\/112\/2015\/01\/logo-e1686901982641-480x270.png 480w\" sizes=\"(min-width: 0px) and (max-width: 480px) 480px, (min-width: 481px) 487px, 100vw\" \/><\/figure>\n\n\n\n<p><\/p>\n<\/div>\n\n\n\n<div class=\"wp-block-column is-layout-flow wp-block-column-is-layout-flow\">\n<p>Il fut \u00e9galement le promoteur du g\u00e9ranium, le rosa pelargonium, qu&rsquo;il relan\u00e7a avec la r\u00e9ussite que l\u2019on connait \u00e0 La R\u00e9union.<\/p>\n\n\n\n<p>Il planta et distilla la plante avec succ\u00e8s en cr\u00e9ant l\u2019alambic.<\/p>\n\n\n\n<p>Alambic que l\u2019on retrouve dans le logo de notre lyc\u00e9e.<\/p>\n\n\n\n<p>En raison de son r\u00f4le primordial dans la mise en valeur de La R\u00e9union, un peu plus de cent ans apr\u00e8s sa mort, en septembre 1993, sur les lieux m\u00eames o\u00f9 s\u2019\u00e9tait d\u00e9roul\u00e9e sa vie, s\u2019ouvre notre lyc\u00e9e.<\/p>\n<\/div>\n\n\n\n<div class=\"wp-block-column is-layout-flow wp-block-column-is-layout-flow\">\n<p>Construit par la R\u00e9gion R\u00e9union, cette derni\u00e8re rend hommage \u00e0 ce grand monsieur en attribuant son nom \u00e0 notre \u00e9tablissement. <\/p>\n\n\n\n<p>L\u2019alambic de g\u00e9ranium qui nous symbolise rappelle le lien avec celui qui fut l\u2019un des premiers promoteurs des hauts de l\u2019\u00eele.<\/p>\n<\/div>\n<\/div>\n\n\n\n<div style=\"height:5px\" aria-hidden=\"true\" class=\"wp-block-spacer\"><\/div>\n\n\n\n<hr class=\"wp-block-separator has-alpha-channel-opacity\" \/>\n\n\n\n<div style=\"height:39px\" aria-hidden=\"true\" class=\"wp-block-spacer\"><\/div>\n\n\n\n<div class=\"wp-block-columns is-layout-flex wp-container-core-columns-is-layout-9d6595d7 wp-block-columns-is-layout-flex\">\n<div class=\"wp-block-column is-layout-flow wp-block-column-is-layout-flow\">\n<p>En tant que lyc\u00e9e polyvalent, il dispense des formations conduisant \u00e0 :<\/p>\n\n\n\n<p>\u2022 Des certificats d&rsquo;aptitude professionnelle (CAP), en deux ann\u00e9es d&rsquo;\u00e9tudes apr\u00e8s la classe de 3\u00e8me<\/p>\n\n\n\n<p>\u2022 Des baccalaur\u00e9ats professionnels industriels et tertiaires (Bac Pro), en trois ann\u00e9es d&rsquo;\u00e9tudes (seconde, premi\u00e8re et terminale) apr\u00e8s la classe de 3 \u00e8me, avec un BEP interm\u00e9diaire en classe de premi\u00e8re<\/p>\n\n\n\n<p>Des baccalaur\u00e9ats g\u00e9n\u00e9ral et technologique, en trois ann\u00e9es d&rsquo;\u00e9tudes (seconde, premi\u00e8re, terminale) apr\u00e8s la classe de 3 \u00e8me<\/p>\n\n\n\n<p>\u2022 Des brevets de technicien sup\u00e9rieur (BTS), en deux ann\u00e9es d&rsquo;\u00e9tudes apr\u00e8s le baccalaur\u00e9at<\/p>\n\n\n\n<p>\u2022 Des mentions compl\u00e9mentaires en un an apr\u00e8s le baccalaur\u00e9at professionnel<\/p>\n\n\n\n<p>Les \u00e9l\u00e8ves seront encadr\u00e9s par:<\/p>\n\n\n\n<ul class=\"wp-block-list\">\n<li>Des professeurs<\/li>\n\n\n\n<li>Des personnels de direction, d&rsquo;administration, d&rsquo;\u00e9ducation, de sant\u00e9 et de service.<\/li>\n<\/ul>\n<\/div>\n\n\n\n<div class=\"wp-block-column is-layout-flow wp-block-column-is-layout-flow\">\n<figure class=\"wp-block-embed is-type-wp-embed is-provider-lycee-polyvalent-boisjoly-potier wp-block-embed-lycee-polyvalent-boisjoly-potier\"><div class=\"wp-block-embed__wrapper\">\n<blockquote class=\"wp-embedded-content\" data-secret=\"ilM5M01o1B\"><a href=\"https:\/\/etab.ac-reunion.fr\/lyc-boisjoly-potier\/vie-du-lycee\/reglement-interieur\/\">R\u00e8glement Int\u00e9rieur<\/a><\/blockquote><iframe loading=\"lazy\" class=\"wp-embedded-content\" sandbox=\"allow-scripts\" security=\"restricted\" style=\"position: absolute; clip: rect(1px, 1px, 1px, 1px);\" title=\"\u00ab\u00a0R\u00e8glement Int\u00e9rieur\u00a0\u00bb &#8212; Lyc\u00e9e polyvalent Boisjoly Potier\" src=\"https:\/\/etab.ac-reunion.fr\/lyc-boisjoly-potier\/vie-du-lycee\/reglement-interieur\/embed\/#?secret=sYMw0wKY2M#?secret=ilM5M01o1B\" data-secret=\"ilM5M01o1B\" width=\"600\" height=\"338\" frameborder=\"0\" marginwidth=\"0\" marginheight=\"0\" scrolling=\"no\"><\/iframe>\n<\/div><\/figure>\n<\/div>\n<\/div>\n\n\n\n<div style=\"height:50px\" aria-hidden=\"true\" class=\"wp-block-spacer\"><\/div>\n","protected":false},"excerpt":{"rendered":"<p>Le lyc\u00e9e doit son nom \u00e0 Henri Laurent POTIER (1827-1889). Fils de notaire royal de Saint-Pierre, agriculteur de g\u00e9nie et homme d&rsquo;affaires avis\u00e9, Henri Laurent doit son surnom de Boisjoly \u00e0 sa r\u00e9ussite en tant qu\u2019exploitant forestier. Il a boulevers\u00e9 le paysage tamponnais en transformant la Plaine des Cafres en prairies artificielles en une \u00e9poque [&hellip;]<\/p>\n","protected":false},"author":4001,"featured_media":0,"parent":83,"menu_order":0,"comment_status":"closed","ping_status":"closed","template":"","meta":{"_et_pb_use_builder":"","_et_pb_old_content":"","_et_gb_content_width":"","footnotes":""},"class_list":["post-130","page","type-page","status-publish","hentry"],"_links":{"self":[{"href":"https:\/\/etab.ac-reunion.fr\/lyc-boisjoly-potier\/wp-json\/wp\/v2\/pages\/130","targetHints":{"allow":["GET"]}}],"collection":[{"href":"https:\/\/etab.ac-reunion.fr\/lyc-boisjoly-potier\/wp-json\/wp\/v2\/pages"}],"about":[{"href":"https:\/\/etab.ac-reunion.fr\/lyc-boisjoly-potier\/wp-json\/wp\/v2\/types\/page"}],"author":[{"embeddable":true,"href":"https:\/\/etab.ac-reunion.fr\/lyc-boisjoly-potier\/wp-json\/wp\/v2\/users\/4001"}],"replies":[{"embeddable":true,"href":"https:\/\/etab.ac-reunion.fr\/lyc-boisjoly-potier\/wp-json\/wp\/v2\/comments?post=130"}],"version-history":[{"count":18,"href":"https:\/\/etab.ac-reunion.fr\/lyc-boisjoly-potier\/wp-json\/wp\/v2\/pages\/130\/revisions"}],"predecessor-version":[{"id":6310,"href":"https:\/\/etab.ac-reunion.fr\/lyc-boisjoly-potier\/wp-json\/wp\/v2\/pages\/130\/revisions\/6310"}],"up":[{"embeddable":true,"href":"https:\/\/etab.ac-reunion.fr\/lyc-boisjoly-potier\/wp-json\/wp\/v2\/pages\/83"}],"wp:attachment":[{"href":"https:\/\/etab.ac-reunion.fr\/lyc-boisjoly-potier\/wp-json\/wp\/v2\/media?parent=130"}],"curies":[{"name":"wp","href":"https:\/\/api.w.org\/{rel}","templated":true}]}}