{"id":168,"date":"2015-01-02T13:14:40","date_gmt":"2015-01-02T09:14:40","guid":{"rendered":"http:\/\/lycee-boisjoly-potier.ac-reunion.fr\/?page_id=168"},"modified":"2017-11-30T08:43:24","modified_gmt":"2017-11-30T04:43:24","slug":"enseignements-dexploration","status":"publish","type":"page","link":"https:\/\/etab.ac-reunion.fr\/lyc-boisjoly-potier\/enseignement-general\/enseignements-dexploration\/","title":{"rendered":"Enseignements d&rsquo;Exploration"},"content":{"rendered":"<p>Depuis la rentr\u00e9e 2014, le Lyc\u00e9e Boisjoly Potier offre le choix entre:<\/p>\n<p>&#8211; <a title=\"Litt\u00e9rature et Soci\u00e9t\u00e9\" href=\"https:\/\/etab.ac-reunion.fr\/lyc-boisjoly-potier\/litterature-et-societe-2\/\">Litt\u00e9rature et Soci\u00e9t\u00e9<\/a><\/p>\n<p>&#8211; MPS (M\u00e9thodes et Pratiques Scientifiques)<\/p>\n<p>&#8211; <a href=\"https:\/\/etab.ac-reunion.fr\/lyc-boisjoly-potier\/enseignement-general\/2nde-dd-spe\/http:\/\/\">MPS\/ D\u00e9veloppement Durable<\/a><\/p>\n<p>&#8211; Sciences et Techniques de Laboratoire<\/p>\n<p>&#8211; Sciences Economiques et Sociale<\/p>\n<p>&#8211; <a href=\"http:\/\/www.onisep.fr\/Choisir-mes-etudes\/Au-lycee-au-CFA\/Au-lycee-general-et-technologique\/Les-enseignements-d-exploration-en-seconde\/Les-enseignements-d-exploration-en-seconde\/Creation-et-activites-artistiques-Arts-visuels\">Arts Visuels<\/a><\/p>\n","protected":false},"excerpt":{"rendered":"<p>Depuis la rentr\u00e9e 2014, le Lyc\u00e9e Boisjoly Potier offre le choix entre: &#8211; Litt\u00e9rature et Soci\u00e9t\u00e9 &#8211; MPS (M\u00e9thodes et Pratiques Scientifiques) &#8211; MPS\/ D\u00e9veloppement Durable &#8211; Sciences et Techniques de Laboratoire &#8211; Sciences Economiques et Sociale &#8211; Arts Visuels<\/p>\n","protected":false},"author":4001,"featured_media":0,"parent":106,"menu_order":0,"comment_status":"closed","ping_status":"closed","template":"","meta":{"_et_pb_use_builder":"","_et_pb_old_content":"","_et_gb_content_width":"","footnotes":""},"class_list":["post-168","page","type-page","status-publish","hentry"],"_links":{"self":[{"href":"https:\/\/etab.ac-reunion.fr\/lyc-boisjoly-potier\/wp-json\/wp\/v2\/pages\/168","targetHints":{"allow":["GET"]}}],"collection":[{"href":"https:\/\/etab.ac-reunion.fr\/lyc-boisjoly-potier\/wp-json\/wp\/v2\/pages"}],"about":[{"href":"https:\/\/etab.ac-reunion.fr\/lyc-boisjoly-potier\/wp-json\/wp\/v2\/types\/page"}],"author":[{"embeddable":true,"href":"https:\/\/etab.ac-reunion.fr\/lyc-boisjoly-potier\/wp-json\/wp\/v2\/users\/4001"}],"replies":[{"embeddable":true,"href":"https:\/\/etab.ac-reunion.fr\/lyc-boisjoly-potier\/wp-json\/wp\/v2\/comments?post=168"}],"version-history":[{"count":10,"href":"https:\/\/etab.ac-reunion.fr\/lyc-boisjoly-potier\/wp-json\/wp\/v2\/pages\/168\/revisions"}],"predecessor-version":[{"id":1147,"href":"https:\/\/etab.ac-reunion.fr\/lyc-boisjoly-potier\/wp-json\/wp\/v2\/pages\/168\/revisions\/1147"}],"up":[{"embeddable":true,"href":"https:\/\/etab.ac-reunion.fr\/lyc-boisjoly-potier\/wp-json\/wp\/v2\/pages\/106"}],"wp:attachment":[{"href":"https:\/\/etab.ac-reunion.fr\/lyc-boisjoly-potier\/wp-json\/wp\/v2\/media?parent=168"}],"curies":[{"name":"wp","href":"https:\/\/api.w.org\/{rel}","templated":true}]}}