{"id":2,"date":"2014-11-07T15:26:30","date_gmt":"2014-11-07T11:26:30","guid":{"rendered":"http:\/\/wpetab.ac-reunion.fr\/boisjoly-potier\/?page_id=2"},"modified":"2024-06-24T09:08:41","modified_gmt":"2024-06-24T05:08:41","slug":"page-d-exemple","status":"publish","type":"page","link":"https:\/\/etab.ac-reunion.fr\/lyc-boisjoly-potier\/page-d-exemple\/","title":{"rendered":"Mentions l\u00e9gales"},"content":{"rendered":"<h4>Lyc\u00e9e Boisjoly Potier<\/h4>\n<p>1 rue ignaz Pleyel, CS91007<br \/>\n97831 Le Tampon- CEDEX, Ile de La R\u00e9union<\/p>\n<p><em>T\u00e9l: 00 262.57.90.30<\/em><br \/>\n<em> Fax: 00 262.27.27.05<\/em><\/p>\n<h4>Directeurs de la publication et responsable de la r\u00e9daction :<\/h4>\n<p>M. Gilbert Vielleuse, proviseur<\/p>\n<p>Mme V\u00e9ronique Mailfert, et M. Didier Combes, proviseurs adjoints<\/p>\n<h4>Conception et r\u00e9alisation:<\/h4>\n<p><strong>R\u00e9alisation interne \u00e0 l\u2019\u00e9tablissement :<\/strong><\/p>\n<p>Mme M. Carrascosa, <em>professeure documentaliste<br \/>\n<\/em><\/p>\n<p>M. S. Brocard, <em>assistant Cin\u00e9ma Audiovisuel<\/em><\/p>\n<h4>Fournisseur de l\u2019h\u00e9bergement :<\/h4>\n<p><strong>Rectorat de l\u2019Acad\u00e9mie de La R\u00e9union<\/strong><br \/>\n<strong> Secr\u00e9tariat g\u00e9n\u00e9ral \u2013 Service Communication<\/strong><br \/>\n24, Avenue Georges Brassens \u2013 97702 \u2013 St-Denis \u2013 Messag Cedex 9<\/p>\n<h4>Propri\u00e9t\u00e9 intellectuelle:<\/h4>\n<p><em>Les photographies, textes, slogans, dessins, images, s\u00e9quences anim\u00e9es,<\/em><br \/>\n<em> sonores ou non, ainsi que toutes les \u0153uvres int\u00e9gr\u00e9es dans le site sont la propri\u00e9t\u00e9<\/em><br \/>\n<em> de l\u2019\u00e9diteur du site ou de tiers ayant autoris\u00e9 l\u2019\u00e9diteur du site \u00e0 les utiliser.<\/em><br \/>\n<em> Toute reproduction totale ou partielle de ces \u00e9l\u00e9ments sans l\u2019autorisation expresse de<\/em><br \/>\n<em> l\u2019exploitant du site Internet ou de ses ayant-droit est prohib\u00e9e, au sens de l\u2019article L713-2 du CPI.<\/em><\/p>\n","protected":false},"excerpt":{"rendered":"<p>Lyc\u00e9e Boisjoly Potier 1 rue ignaz Pleyel, CS91007 97831 Le Tampon- CEDEX, Ile de La R\u00e9union T\u00e9l: 00 262.57.90.30 Fax: 00 262.27.27.05 Directeurs de la publication et responsable de la r\u00e9daction : M. Gilbert Vielleuse, proviseur Mme V\u00e9ronique Mailfert, et M. Didier Combes, proviseurs adjoints Conception et r\u00e9alisation: R\u00e9alisation interne \u00e0 l\u2019\u00e9tablissement : Mme M. [&hellip;]<\/p>\n","protected":false},"author":4001,"featured_media":0,"parent":0,"menu_order":0,"comment_status":"closed","ping_status":"closed","template":"","meta":{"_et_pb_use_builder":"","_et_pb_old_content":"","_et_gb_content_width":"","footnotes":""},"class_list":["post-2","page","type-page","status-publish","hentry"],"_links":{"self":[{"href":"https:\/\/etab.ac-reunion.fr\/lyc-boisjoly-potier\/wp-json\/wp\/v2\/pages\/2","targetHints":{"allow":["GET"]}}],"collection":[{"href":"https:\/\/etab.ac-reunion.fr\/lyc-boisjoly-potier\/wp-json\/wp\/v2\/pages"}],"about":[{"href":"https:\/\/etab.ac-reunion.fr\/lyc-boisjoly-potier\/wp-json\/wp\/v2\/types\/page"}],"author":[{"embeddable":true,"href":"https:\/\/etab.ac-reunion.fr\/lyc-boisjoly-potier\/wp-json\/wp\/v2\/users\/4001"}],"replies":[{"embeddable":true,"href":"https:\/\/etab.ac-reunion.fr\/lyc-boisjoly-potier\/wp-json\/wp\/v2\/comments?post=2"}],"version-history":[{"count":9,"href":"https:\/\/etab.ac-reunion.fr\/lyc-boisjoly-potier\/wp-json\/wp\/v2\/pages\/2\/revisions"}],"predecessor-version":[{"id":7310,"href":"https:\/\/etab.ac-reunion.fr\/lyc-boisjoly-potier\/wp-json\/wp\/v2\/pages\/2\/revisions\/7310"}],"wp:attachment":[{"href":"https:\/\/etab.ac-reunion.fr\/lyc-boisjoly-potier\/wp-json\/wp\/v2\/media?parent=2"}],"curies":[{"name":"wp","href":"https:\/\/api.w.org\/{rel}","templated":true}]}}