{"id":2065,"date":"2020-05-09T10:26:22","date_gmt":"2020-05-09T06:26:22","guid":{"rendered":"http:\/\/lycee-boisjoly-potier.ac-reunion.fr\/?page_id=2065"},"modified":"2022-07-01T22:50:40","modified_gmt":"2022-07-01T18:50:40","slug":"friendly-maths-2019-2021","status":"publish","type":"page","link":"https:\/\/etab.ac-reunion.fr\/lyc-boisjoly-potier\/friendly-maths-2019-2021\/","title":{"rendered":"FRIENDLY MATHS"},"content":{"rendered":"\n<p><\/p>\n\n\n\n<div class=\"wp-block-image\"><figure class=\"alignright size-large\"><img loading=\"lazy\" decoding=\"async\" width=\"253\" height=\"223\" src=\"https:\/\/etab.ac-reunion.fr\/lyc-boisjoly-potier\/wp-content\/uploads\/sites\/112\/2020\/06\/image.png\" alt=\"\" class=\"wp-image-2425\" \/><\/figure><\/div>\n\n\n\n<h2 class=\"has-vivid-red-color has-text-color wp-block-heading\" style=\"font-style:normal;font-weight:700;text-transform:uppercase\">Projet \u00ab&nbsp;Friendly maths&nbsp;\u00bb<\/h2>\n\n\n\n<p class=\"has-black-color has-cyan-bluish-gray-background-color has-text-color has-background\" style=\"font-size:16px;font-style:normal;font-weight:900;text-transform:capitalize\">&#8211; DUREE :<\/p>\n\n\n\n<p class=\"has-black-color has-text-color has-background\" style=\"background-color:#d8dcdc\">2ans<\/p>\n\n\n\n<p class=\"has-black-color has-cyan-bluish-gray-background-color has-text-color has-background\" style=\"font-size:16px;font-style:normal;font-weight:900;text-transform:capitalize\">&#8211; PARTENAIRES :<\/p>\n\n\n\n<p class=\"has-black-color has-text-color has-background\" style=\"background-color:#e3e5e6;font-style:normal;font-weight:400;text-transform:capitalize\">Espagne (San Javier), Italie (Casalpusterlengo),<\/p>\n\n\n\n<p class=\"has-black-color has-text-color has-background\" style=\"background-color:#e3e5e6;font-style:normal;font-weight:400;text-transform:capitalize\">Portugal (Povoa de Lanhoso) et Roumanie (Bucarest)<\/p>\n\n\n\n<p class=\"has-black-color has-text-color has-background\" style=\"background-color:#e3e5e6;font-style:normal;font-weight:400;text-transform:capitalize\">&#8211; El\u00e8ves concern\u00e9s&nbsp;: DNL anglais maths\/PC<\/p>\n\n\n\n<figure class=\"wp-block-image size-large is-style-default\"><img loading=\"lazy\" decoding=\"async\" width=\"607\" height=\"853\" src=\"https:\/\/etab.ac-reunion.fr\/lyc-boisjoly-potier\/wp-content\/uploads\/sites\/112\/2020\/06\/LaurineFAnaelleOrlaneD.jpeg\" alt=\"\" class=\"wp-image-2429\" srcset=\"https:\/\/etab.ac-reunion.fr\/lyc-boisjoly-potier\/wp-content\/uploads\/sites\/112\/2020\/06\/LaurineFAnaelleOrlaneD.jpeg 607w, https:\/\/etab.ac-reunion.fr\/lyc-boisjoly-potier\/wp-content\/uploads\/sites\/112\/2020\/06\/LaurineFAnaelleOrlaneD-213x300.jpeg 213w\" sizes=\"(max-width: 607px) 100vw, 607px\" \/><\/figure>\n\n\n\n<p><\/p>\n\n\n\n<h2 class=\"has-vivid-red-color has-text-color wp-block-heading\" style=\"font-style:normal;font-weight:700;text-transform:uppercase\">LES OBJECTIFS :<\/h2>\n\n\n\n<p>\u2022 Promouvoir les math\u00e9matiques<\/p>\n\n\n\n<p>\u2022 Faire des math\u00e9matiques pour le plaisir<\/p>\n\n\n\n<p>\u2022 Travailler en \u00e9quipes internationales<\/p>\n\n\n\n<p>\u2022 Pratiquer l\u2019anglais pour communiquer<\/p>\n\n\n\n<p>\u2022 S\u2019ouvrir aux cultures des autres pays<\/p>\n\n\n\n<p><\/p>\n\n\n\n<h2 class=\"has-vivid-red-color has-text-color wp-block-heading\" style=\"font-style:normal;font-weight:700;text-transform:uppercase\"><u>Crit\u00e8res de choix des \u00e9l\u00e8ves participant aux meetings&nbsp;:<\/u><\/h2>\n\n\n\n<p>Participation \/ implication en classe<\/p>\n\n\n\n<p>Implication dans le travail en \u00e9quipe internationale<\/p>\n\n\n\n<p>Facilit\u00e9 \u00e0 communiquer<\/p>\n\n\n\n<p>Apte\/volontaire \u00e0 accueillir des partenaires europ\u00e9ens<\/p>\n\n\n\n<p>Niveau d\u2019anglais<\/p>\n\n\n\n<p><\/p>\n\n\n\n<h2 class=\"has-vivid-red-color has-text-color wp-block-heading\" style=\"font-style:normal;font-weight:700;text-transform:uppercase\">TRAVAUX D&rsquo;ELEVES :<\/h2>\n\n\n\n<p>Entre les meetings, les \u00e9l\u00e8ves travaillent en groupes internationaux, sur des th\u00e8mes en lien avec le projet.&nbsp;<\/p>\n\n\n\n<figure class=\"wp-block-image size-large\"><a href=\"https:\/\/etab.ac-reunion.fr\/lyc-boisjoly-potier\/wp-content\/uploads\/sites\/112\/2020\/06\/Illustration_sans_titre-8-1024x715.jpg\"><img loading=\"lazy\" decoding=\"async\" width=\"1024\" height=\"715\" src=\"https:\/\/etab.ac-reunion.fr\/lyc-boisjoly-potier\/wp-content\/uploads\/sites\/112\/2020\/06\/Illustration_sans_titre-8-1024x715.jpg\" alt=\"\" class=\"wp-image-2432\" srcset=\"https:\/\/etab.ac-reunion.fr\/lyc-boisjoly-potier\/wp-content\/uploads\/sites\/112\/2020\/06\/Illustration_sans_titre-8-1024x715.jpg 1024w, https:\/\/etab.ac-reunion.fr\/lyc-boisjoly-potier\/wp-content\/uploads\/sites\/112\/2020\/06\/Illustration_sans_titre-8-300x210.jpg 300w, https:\/\/etab.ac-reunion.fr\/lyc-boisjoly-potier\/wp-content\/uploads\/sites\/112\/2020\/06\/Illustration_sans_titre-8-768x536.jpg 768w, https:\/\/etab.ac-reunion.fr\/lyc-boisjoly-potier\/wp-content\/uploads\/sites\/112\/2020\/06\/Illustration_sans_titre-8-1536x1073.jpg 1536w, https:\/\/etab.ac-reunion.fr\/lyc-boisjoly-potier\/wp-content\/uploads\/sites\/112\/2020\/06\/Illustration_sans_titre-8-2048x1431.jpg 2048w\" sizes=\"(max-width: 1024px) 100vw, 1024px\" \/><\/a><\/figure>\n\n\n\n<p><\/p>\n\n\n\n<p><\/p>\n\n\n\n<h2 class=\"has-vivid-red-color has-text-color wp-block-heading\" style=\"font-style:normal;font-weight:700;text-transform:uppercase\"><u>MEETING PORTUGAL : du 24 au 30 octobre 2021 &#8211; Maths for Health<\/u><\/h2>\n\n\n\n<p><blockquote class=\"wp-embedded-content\" data-secret=\"gzXmK5VlsZ\"><a href=\"https:\/\/etab.ac-reunion.fr\/lyc-boisjoly-potier\/erasmus-friendly-maths-meeting-espagne\/\">ERASMUS + FRIENDLY MATHS : MEETING PORTUGAL ET REUNION<\/a><\/blockquote><iframe loading=\"lazy\" class=\"wp-embedded-content\" sandbox=\"allow-scripts\" security=\"restricted\" style=\"position: absolute; clip: rect(1px, 1px, 1px, 1px);\" title=\"\u00ab\u00a0ERASMUS + FRIENDLY MATHS : MEETING PORTUGAL ET REUNION\u00a0\u00bb &#8212; Lyc\u00e9e Boisjoly Potier\" src=\"https:\/\/etab.ac-reunion.fr\/lyc-boisjoly-potier\/erasmus-friendly-maths-meeting-espagne\/embed\/#?secret=DvbeiU2wlg#?secret=gzXmK5VlsZ\" data-secret=\"gzXmK5VlsZ\" width=\"600\" height=\"338\" frameborder=\"0\" marginwidth=\"0\" marginheight=\"0\" scrolling=\"no\"><\/iframe><\/p>\n\n\n\n<h2 class=\"has-vivid-red-color has-text-color wp-block-heading\" style=\"font-style:normal;font-weight:700;text-transform:uppercase\"><u>Meeting Italie&nbsp;: 9 au 15 f\u00e9vrier 2020<\/u> :<\/h2>\n\n\n\n<p>Cinq \u00e9l\u00e8ves du lyc\u00e9e ont particip\u00e9 au 1er meeting, \u00e0 Casalpusterlengo, pr\u00e8s de Milan.<\/p>\n\n\n\n<figure class=\"wp-block-image size-large\"><img loading=\"lazy\" decoding=\"async\" width=\"1024\" height=\"768\" src=\"https:\/\/etab.ac-reunion.fr\/lyc-boisjoly-potier\/wp-content\/uploads\/sites\/112\/2020\/06\/image0-1024x768.jpg\" alt=\"\" class=\"wp-image-2434\" srcset=\"https:\/\/etab.ac-reunion.fr\/lyc-boisjoly-potier\/wp-content\/uploads\/sites\/112\/2020\/06\/image0-1024x768.jpg 1024w, https:\/\/etab.ac-reunion.fr\/lyc-boisjoly-potier\/wp-content\/uploads\/sites\/112\/2020\/06\/image0-300x225.jpg 300w, https:\/\/etab.ac-reunion.fr\/lyc-boisjoly-potier\/wp-content\/uploads\/sites\/112\/2020\/06\/image0-768x576.jpg 768w, https:\/\/etab.ac-reunion.fr\/lyc-boisjoly-potier\/wp-content\/uploads\/sites\/112\/2020\/06\/image0.jpg 1280w\" sizes=\"(max-width: 1024px) 100vw, 1024px\" \/><\/figure>\n\n\n\n<p><br>Partage des travaux effectu\u00e9s avant le meeting&nbsp;<\/p>\n\n\n\n<p>Visite du mus\u00e9e L\u00e9onard de Vinci&nbsp;<\/p>\n\n\n\n<p>Visite de Milan&nbsp;<\/p>\n\n\n\n<p>Pr\u00e9sentation des travaux faits en groupe lors du meeting&nbsp;<\/p>\n\n\n\n<p>Travail en amphith\u00e9\u00e2tre<\/p>\n\n\n\n<figure class=\"wp-block-image size-large\"><img loading=\"lazy\" decoding=\"async\" width=\"716\" height=\"1024\" src=\"https:\/\/etab.ac-reunion.fr\/lyc-boisjoly-potier\/wp-content\/uploads\/sites\/112\/2020\/06\/IMG_1582-716x1024.jpg\" alt=\"\" class=\"wp-image-2437\" srcset=\"https:\/\/etab.ac-reunion.fr\/lyc-boisjoly-potier\/wp-content\/uploads\/sites\/112\/2020\/06\/IMG_1582-716x1024.jpg 716w, https:\/\/etab.ac-reunion.fr\/lyc-boisjoly-potier\/wp-content\/uploads\/sites\/112\/2020\/06\/IMG_1582-210x300.jpg 210w, https:\/\/etab.ac-reunion.fr\/lyc-boisjoly-potier\/wp-content\/uploads\/sites\/112\/2020\/06\/IMG_1582-768x1099.jpg 768w, https:\/\/etab.ac-reunion.fr\/lyc-boisjoly-potier\/wp-content\/uploads\/sites\/112\/2020\/06\/IMG_1582-1074x1536.jpg 1074w, https:\/\/etab.ac-reunion.fr\/lyc-boisjoly-potier\/wp-content\/uploads\/sites\/112\/2020\/06\/IMG_1582-1432x2048.jpg 1432w, https:\/\/etab.ac-reunion.fr\/lyc-boisjoly-potier\/wp-content\/uploads\/sites\/112\/2020\/06\/IMG_1582.jpg 1480w\" sizes=\"(max-width: 716px) 100vw, 716px\" \/><\/figure>\n\n\n\n<p>A tr\u00e8s bient\u00f4t pour un prochain meeting \u00e0 la R\u00e9union, nous sommes ravis et impatients de vous accueillir dans notre lyc\u00e9e !<\/p>\n\n\n\n<figure class=\"wp-block-image size-large\"><a href=\"https:\/\/etab.ac-reunion.fr\/lyc-boisjoly-potier\/wp-content\/uploads\/sites\/112\/2020\/06\/image4-1024x363.jpg\"><img loading=\"lazy\" decoding=\"async\" width=\"1024\" height=\"363\" src=\"https:\/\/etab.ac-reunion.fr\/lyc-boisjoly-potier\/wp-content\/uploads\/sites\/112\/2020\/06\/image4-1024x363.jpg\" alt=\"\" class=\"wp-image-2440\" srcset=\"https:\/\/etab.ac-reunion.fr\/lyc-boisjoly-potier\/wp-content\/uploads\/sites\/112\/2020\/06\/image4-1024x363.jpg 1024w, https:\/\/etab.ac-reunion.fr\/lyc-boisjoly-potier\/wp-content\/uploads\/sites\/112\/2020\/06\/image4-300x106.jpg 300w, https:\/\/etab.ac-reunion.fr\/lyc-boisjoly-potier\/wp-content\/uploads\/sites\/112\/2020\/06\/image4-768x272.jpg 768w, https:\/\/etab.ac-reunion.fr\/lyc-boisjoly-potier\/wp-content\/uploads\/sites\/112\/2020\/06\/image4-960x340.jpg 960w, https:\/\/etab.ac-reunion.fr\/lyc-boisjoly-potier\/wp-content\/uploads\/sites\/112\/2020\/06\/image4.jpg 1502w\" sizes=\"(max-width: 1024px) 100vw, 1024px\" \/><\/a><\/figure>\n","protected":false},"excerpt":{"rendered":"<p>Projet \u00ab&nbsp;Friendly maths&nbsp;\u00bb &#8211; DUREE : 2ans &#8211; PARTENAIRES : Espagne (San Javier), Italie (Casalpusterlengo), Portugal (Povoa de Lanhoso) et Roumanie (Bucarest) &#8211; El\u00e8ves concern\u00e9s&nbsp;: DNL anglais maths\/PC LES OBJECTIFS : \u2022 Promouvoir les math\u00e9matiques \u2022 Faire des math\u00e9matiques pour le plaisir \u2022 Travailler en \u00e9quipes internationales \u2022 Pratiquer l\u2019anglais pour communiquer \u2022 S\u2019ouvrir aux [&hellip;]<\/p>\n","protected":false},"author":13029,"featured_media":0,"parent":0,"menu_order":0,"comment_status":"closed","ping_status":"closed","template":"","meta":{"_et_pb_use_builder":"","_et_pb_old_content":"","_et_gb_content_width":"","footnotes":""},"class_list":["post-2065","page","type-page","status-publish","hentry"],"_links":{"self":[{"href":"https:\/\/etab.ac-reunion.fr\/lyc-boisjoly-potier\/wp-json\/wp\/v2\/pages\/2065","targetHints":{"allow":["GET"]}}],"collection":[{"href":"https:\/\/etab.ac-reunion.fr\/lyc-boisjoly-potier\/wp-json\/wp\/v2\/pages"}],"about":[{"href":"https:\/\/etab.ac-reunion.fr\/lyc-boisjoly-potier\/wp-json\/wp\/v2\/types\/page"}],"author":[{"embeddable":true,"href":"https:\/\/etab.ac-reunion.fr\/lyc-boisjoly-potier\/wp-json\/wp\/v2\/users\/13029"}],"replies":[{"embeddable":true,"href":"https:\/\/etab.ac-reunion.fr\/lyc-boisjoly-potier\/wp-json\/wp\/v2\/comments?post=2065"}],"version-history":[{"count":23,"href":"https:\/\/etab.ac-reunion.fr\/lyc-boisjoly-potier\/wp-json\/wp\/v2\/pages\/2065\/revisions"}],"predecessor-version":[{"id":5114,"href":"https:\/\/etab.ac-reunion.fr\/lyc-boisjoly-potier\/wp-json\/wp\/v2\/pages\/2065\/revisions\/5114"}],"wp:attachment":[{"href":"https:\/\/etab.ac-reunion.fr\/lyc-boisjoly-potier\/wp-json\/wp\/v2\/media?parent=2065"}],"curies":[{"name":"wp","href":"https:\/\/api.w.org\/{rel}","templated":true}]}}