{"id":2106,"date":"2020-05-09T11:22:46","date_gmt":"2020-05-09T07:22:46","guid":{"rendered":"http:\/\/lycee-boisjoly-potier.ac-reunion.fr\/?page_id=2106"},"modified":"2021-07-01T14:03:26","modified_gmt":"2021-07-01T10:03:26","slug":"label-eco-ecole","status":"publish","type":"page","link":"https:\/\/etab.ac-reunion.fr\/lyc-boisjoly-potier\/label-eco-ecole\/","title":{"rendered":"LABEL ECO-ECOLE"},"content":{"rendered":"\n<p>Le lyc\u00e9e Boisjoly Potier, a re\u00e7u en mai 2020 sa 10<sup>\u00e8me<\/sup>  labellisation Eco- Ecole! <\/p>\n\n\n\n<figure class=\"wp-block-image size-large\"><img loading=\"lazy\" decoding=\"async\" width=\"1024\" height=\"694\" src=\"https:\/\/etab.ac-reunion.fr\/lyc-boisjoly-potier\/wp-content\/uploads\/sites\/112\/2021\/07\/Label-eco-ecole-2020-BJP-1024x694.jpg\" alt=\"\" class=\"wp-image-4028\" srcset=\"https:\/\/etab.ac-reunion.fr\/lyc-boisjoly-potier\/wp-content\/uploads\/sites\/112\/2021\/07\/Label-eco-ecole-2020-BJP-1024x694.jpg 1024w, https:\/\/etab.ac-reunion.fr\/lyc-boisjoly-potier\/wp-content\/uploads\/sites\/112\/2021\/07\/Label-eco-ecole-2020-BJP-300x203.jpg 300w, https:\/\/etab.ac-reunion.fr\/lyc-boisjoly-potier\/wp-content\/uploads\/sites\/112\/2021\/07\/Label-eco-ecole-2020-BJP-768x521.jpg 768w, https:\/\/etab.ac-reunion.fr\/lyc-boisjoly-potier\/wp-content\/uploads\/sites\/112\/2021\/07\/Label-eco-ecole-2020-BJP-140x94.jpg 140w, https:\/\/etab.ac-reunion.fr\/lyc-boisjoly-potier\/wp-content\/uploads\/sites\/112\/2021\/07\/Label-eco-ecole-2020-BJP.jpg 1292w\" sizes=\"(max-width: 1024px) 100vw, 1024px\" \/><\/figure>\n\n\n\n<p>Depuis 2010, la forte implication du lyc\u00e9e dans la d\u00e9marche EDD est reconnue nationalement gr\u00e2ce \u00e0 l\u2019obtention, apr\u00e8s vote du jury, de ses prestigieux labels&nbsp;!<\/p>\n\n\n\n<p class=\"has-background\" style=\"background-color:#fff4d5\"><em><u>Extrait du rapport de jury &#8211; labellisation 2020 :<\/u><\/em><\/p>\n\n\n\n<p class=\"has-background\" style=\"background-color:#fff4d5\">\u00ab\u00a0Le jury se r\u00e9jouit de constater que la dynamique autour de votre projet&nbsp;Eco-Lyc\u00e9e se poursuit, et que celui-ci gagne en envergure. Il tient, par cette dixi\u00e8me labellisation, \u00e0 vous f\u00e9liciter pour :<\/p>\n\n\n\n<p class=\"has-background\" style=\"background-color:#fff4d5\">&#8211; la diversit\u00e9 des actions d\u00e9velopp\u00e9es, qui ont permis aux \u00e9l\u00e8ves de prendre conscience des multiples enjeux li\u00e9s au th\u00e8me choisi, mais \u00e9galement de s&rsquo;engager pour am\u00e9liorer la situation de leur \u00e9tablissement. Le Jury a particuli\u00e8rement appr\u00e9ci\u00e9 la&nbsp;mise en place des&nbsp;dons de vers \u00e0 des particuliers, ainsi la d\u00e9marche rayonne au-del\u00e0 de l&rsquo;\u00e9tablissement et b\u00e9n\u00e9ficie \u00e0 l&rsquo;ensemble de la communaut\u00e9.&nbsp;<\/p>\n\n\n\n<p class=\"has-background\" style=\"background-color:#fff4d5\">&#8211; les nombreux relev\u00e9s d&rsquo;indicateurs effectu\u00e9s. En plus de vous donner une vision pr\u00e9cise de l&rsquo;impact de vos actions (plus de personnes impliqu\u00e9es, plus de recyclage, etc.), ces donn\u00e9es vous permettent de valoriser objectivement les retomb\u00e9es positives de votre projet aupr\u00e8s de l&rsquo;ensemble de la communaut\u00e9 \u00e9ducative.&nbsp;&#8211; le fait que vous continuiez \u00e0 vous entourer de partenaires locaux (autres \u00e9tablissements scolaires, CASUD, parents d&rsquo;\u00e9l\u00e8ves, associations, etc.). Ces acteurs, gr\u00e2ce \u00e0 leur expertise, apportent une plus-value au projet d&rsquo;\u00e9ducation au d\u00e9veloppement durable de votre \u00e9tablissement. De plus, les partenariats permettent aux \u00e9l\u00e8ves de prendre conscience de la complexit\u00e9 des probl\u00e9matiques territoriales et du r\u00f4le jou\u00e9 par les diff\u00e9rents acteurs locaux&nbsp;\u00ab\u00a0<\/p>\n\n\n\n<p class=\"has-text-color\" style=\"color:#ffffff\">p<\/p>\n\n\n\n<p class=\"has-light-green-cyan-color has-text-color has-medium-font-size\"><u>Pr\u00e9sentation de Eco-Ecole&nbsp;:<\/u><\/p>\n\n\n\n<div class=\"wp-block-image\"><figure class=\"alignright size-large is-resized\"><img loading=\"lazy\" decoding=\"async\" src=\"https:\/\/etab.ac-reunion.fr\/lyc-boisjoly-potier\/wp-content\/uploads\/sites\/112\/2020\/05\/Capture-d\u2019e\u0301cran-2020-05-14-a\u0300-10.23.26.png\" alt=\"\" class=\"wp-image-2144\" width=\"99\" height=\"131\" srcset=\"https:\/\/etab.ac-reunion.fr\/lyc-boisjoly-potier\/wp-content\/uploads\/sites\/112\/2020\/05\/Capture-d\u2019e\u0301cran-2020-05-14-a\u0300-10.23.26.png 484w, https:\/\/etab.ac-reunion.fr\/lyc-boisjoly-potier\/wp-content\/uploads\/sites\/112\/2020\/05\/Capture-d\u2019e\u0301cran-2020-05-14-a\u0300-10.23.26-228x300.png 228w\" sizes=\"(max-width: 99px) 100vw, 99px\" \/><\/figure><\/div>\n\n\n\n<p>Eco-Ecole est la version fran\u00e7aise&nbsp;<strong>d\u2019Eco-Schools, programme international d\u2019\u00e9ducation au d\u00e9veloppement durable (EDD),&nbsp;<\/strong>d\u00e9velopp\u00e9 par la&nbsp;<a rel=\"noreferrer noopener\" href=\"https:\/\/www.fee.global\/\" target=\"_blank\">Foundation for Environmental Education<\/a>. L\u2019association Teragir a lanc\u00e9 le programme Eco-Ecole en 2005.<\/p>\n\n\n\n<p>Le programme vise \u00e0 aider les \u00e9l\u00e8ves \u00e0 mieux comprendre le monde qui les entoure pour s\u2019y \u00e9panouir et&nbsp; y participer. Il repose sur&nbsp;<strong>la mobilisation de l\u2019ensemble des acteurs d\u2019un \u00e9tablissement scolaire<\/strong>&nbsp;(\u00e9l\u00e8ves, enseignants, direction, personnels administratifs et techniques, etc.) mais \u00e9galement&nbsp;<strong>du territoire<\/strong>&nbsp;(collectivit\u00e9s, associations, parents d\u2019\u00e9l\u00e8ves, etc.). Depuis son lancement, le programme Eco-Ecole b\u00e9n\u00e9ficie du soutien du&nbsp;Minist\u00e8re de l\u2019Education nationale. Ce partenariat s\u2019est traduit en janvier 2017 par la signature d\u2019un accord-cadre de coop\u00e9ration pour l\u2019EDD.<\/p>\n\n\n\n<p class=\"has-text-color\" style=\"color:#ffffff\">p<\/p>\n\n\n\n<p class=\"has-light-green-cyan-color has-text-color has-medium-font-size\"><u>L\u2019essentiel d\u2019Eco-Ecole en 2 min&nbsp;:<\/u><\/p>\n\n\n\n<figure class=\"wp-block-embed is-type-video is-provider-youtube wp-block-embed-youtube wp-embed-aspect-16-9 wp-has-aspect-ratio\"><div class=\"wp-block-embed__wrapper\">\n<iframe loading=\"lazy\" title=\"L&#039;essentiel d&#039;Eco-Ecole en 2 min !\" width=\"1080\" height=\"608\" src=\"https:\/\/www.youtube.com\/embed\/nghOaHlur00?feature=oembed\"  allow=\"accelerometer; autoplay; clipboard-write; encrypted-media; gyroscope; picture-in-picture\" allowfullscreen><\/iframe>\n<\/div><\/figure>\n\n\n\n<p class=\"has-text-color\" style=\"color:#ffffff\">p<\/p>\n\n\n\n<p class=\"has-light-green-cyan-color has-text-color has-medium-font-size\"><u>D\u00e9couvrez en image le Jury de labellisation Eco-Ecole&nbsp;:<\/u><\/p>\n\n\n\n<figure class=\"wp-block-embed is-type-video is-provider-youtube wp-block-embed-youtube wp-embed-aspect-16-9 wp-has-aspect-ratio\"><div class=\"wp-block-embed__wrapper\">\n<iframe loading=\"lazy\" title=\"D\u00e9couvrez en images le Jury de labellisation Eco-Ecole !\" width=\"1080\" height=\"608\" src=\"https:\/\/www.youtube.com\/embed\/vtGN2RytwvE?feature=oembed\"  allow=\"accelerometer; autoplay; clipboard-write; encrypted-media; gyroscope; picture-in-picture\" allowfullscreen><\/iframe>\n<\/div><\/figure>\n\n\n\n<p class=\"has-text-color\" style=\"color:#ffffff\">p<\/p>\n\n\n\n<p class=\"has-light-green-cyan-color has-text-color has-medium-font-size\"><u>Nos dossiers de labellisation<\/u>:<\/p>\n\n\n\n<div class=\"wp-block-file\"><a href=\"https:\/\/etab.ac-reunion.fr\/lyc-boisjoly-potier\/wp-content\/uploads\/sites\/112\/2020\/05\/Dossier-de-labellisation-2019-2020.pdf\">Dossier-de-labellisation-2019-2020<\/a><a href=\"https:\/\/etab.ac-reunion.fr\/lyc-boisjoly-potier\/wp-content\/uploads\/sites\/112\/2020\/05\/Dossier-de-labellisation-2019-2020.pdf\" class=\"wp-block-file__button\" download>T\u00e9l\u00e9charger<\/a><\/div>\n\n\n\n<div class=\"wp-block-file\"><a href=\"https:\/\/etab.ac-reunion.fr\/lyc-boisjoly-potier\/wp-content\/uploads\/sites\/112\/2020\/05\/Dossier-de-labellisation-2018-2019-1.pdf\">Dossier-de-labellisation-2018-2019-1<\/a><a href=\"https:\/\/etab.ac-reunion.fr\/lyc-boisjoly-potier\/wp-content\/uploads\/sites\/112\/2020\/05\/Dossier-de-labellisation-2018-2019-1.pdf\" class=\"wp-block-file__button\" download>T\u00e9l\u00e9charger<\/a><\/div>\n\n\n\n<div class=\"wp-block-file\"><a href=\"https:\/\/etab.ac-reunion.fr\/lyc-boisjoly-potier\/wp-content\/uploads\/sites\/112\/2020\/05\/Dossier-de-labellisation-2017-2018-1.pdf\">Dossier-de-labellisation-2017-2018-1<\/a><a href=\"https:\/\/etab.ac-reunion.fr\/lyc-boisjoly-potier\/wp-content\/uploads\/sites\/112\/2020\/05\/Dossier-de-labellisation-2017-2018-1.pdf\" class=\"wp-block-file__button\" download>T\u00e9l\u00e9charger<\/a><\/div>\n\n\n\n<div class=\"wp-block-file\"><a href=\"https:\/\/etab.ac-reunion.fr\/lyc-boisjoly-potier\/wp-content\/uploads\/sites\/112\/2020\/05\/Dossier-de-labellisation-2016-2017-1.pdf\">Dossier-de-labellisation-2016-2017-1<\/a><a href=\"https:\/\/etab.ac-reunion.fr\/lyc-boisjoly-potier\/wp-content\/uploads\/sites\/112\/2020\/05\/Dossier-de-labellisation-2016-2017-1.pdf\" class=\"wp-block-file__button\" download>T\u00e9l\u00e9charger<\/a><\/div>\n\n\n\n<div class=\"wp-block-file\"><a href=\"https:\/\/etab.ac-reunion.fr\/lyc-boisjoly-potier\/wp-content\/uploads\/sites\/112\/2020\/05\/Dossier-de-labellisation-2015-2016-1.pdf\">Dossier-de-labellisation-2015-2016<\/a><a href=\"https:\/\/etab.ac-reunion.fr\/lyc-boisjoly-potier\/wp-content\/uploads\/sites\/112\/2020\/05\/Dossier-de-labellisation-2015-2016-1.pdf\" class=\"wp-block-file__button\" download>T\u00e9l\u00e9charger<\/a><\/div>\n\n\n\n<p><\/p>\n","protected":false},"excerpt":{"rendered":"<p>Le lyc\u00e9e Boisjoly Potier, a re\u00e7u en mai 2020 sa 10\u00e8me labellisation Eco- Ecole! Depuis 2010, la forte implication du lyc\u00e9e dans la d\u00e9marche EDD est reconnue nationalement gr\u00e2ce \u00e0 l\u2019obtention, apr\u00e8s vote du jury, de ses prestigieux labels&nbsp;! Extrait du rapport de jury &#8211; labellisation 2020 : \u00ab\u00a0Le jury se r\u00e9jouit de constater que [&hellip;]<\/p>\n","protected":false},"author":13029,"featured_media":0,"parent":0,"menu_order":0,"comment_status":"closed","ping_status":"closed","template":"","meta":{"_et_pb_use_builder":"","_et_pb_old_content":"","_et_gb_content_width":"","footnotes":""},"class_list":["post-2106","page","type-page","status-publish","hentry"],"_links":{"self":[{"href":"https:\/\/etab.ac-reunion.fr\/lyc-boisjoly-potier\/wp-json\/wp\/v2\/pages\/2106","targetHints":{"allow":["GET"]}}],"collection":[{"href":"https:\/\/etab.ac-reunion.fr\/lyc-boisjoly-potier\/wp-json\/wp\/v2\/pages"}],"about":[{"href":"https:\/\/etab.ac-reunion.fr\/lyc-boisjoly-potier\/wp-json\/wp\/v2\/types\/page"}],"author":[{"embeddable":true,"href":"https:\/\/etab.ac-reunion.fr\/lyc-boisjoly-potier\/wp-json\/wp\/v2\/users\/13029"}],"replies":[{"embeddable":true,"href":"https:\/\/etab.ac-reunion.fr\/lyc-boisjoly-potier\/wp-json\/wp\/v2\/comments?post=2106"}],"version-history":[{"count":25,"href":"https:\/\/etab.ac-reunion.fr\/lyc-boisjoly-potier\/wp-json\/wp\/v2\/pages\/2106\/revisions"}],"predecessor-version":[{"id":4029,"href":"https:\/\/etab.ac-reunion.fr\/lyc-boisjoly-potier\/wp-json\/wp\/v2\/pages\/2106\/revisions\/4029"}],"wp:attachment":[{"href":"https:\/\/etab.ac-reunion.fr\/lyc-boisjoly-potier\/wp-json\/wp\/v2\/media?parent=2106"}],"curies":[{"name":"wp","href":"https:\/\/api.w.org\/{rel}","templated":true}]}}