{"id":2167,"date":"2020-05-15T10:22:14","date_gmt":"2020-05-15T06:22:14","guid":{"rendered":"http:\/\/lycee-boisjoly-potier.ac-reunion.fr\/?page_id=2167"},"modified":"2021-07-05T08:49:30","modified_gmt":"2021-07-05T04:49:30","slug":"e3d-niveau-3","status":"publish","type":"page","link":"https:\/\/etab.ac-reunion.fr\/lyc-boisjoly-potier\/e3d-niveau-3\/","title":{"rendered":"E3D niveau 3"},"content":{"rendered":"\n<p class=\"has-text-color\" style=\"color:#ffffff\">s<\/p>\n\n\n\n<p class=\"has-vivid-red-color has-text-color\">La remise des LABELS E3D par Madame La Rectrice lors de la JAEDD !<br>Lundi 31 MAI 2021<\/p>\n\n\n\n<p class=\"has-text-color\" style=\"color:#0b8d4a\">La d\u00e9marche E3D (E3D = \u00c9cole\/\u00c9tablissement en D\u00e9marche de D\u00e9veloppement Durable), c\u2019est lorsque qu\u2019un \u00e9tablissement (\u00e9cole, coll\u00e8ge, lyc\u00e9e) s\u2019engage dans une d\u00e9marche globale de d\u00e9veloppement durable qui apporte des solutions concr\u00e8tes face aux<strong> <\/strong><a rel=\"noreferrer noopener\" href=\"https:\/\/edd.ac-versailles.fr\/spip.php?article567\" target=\"_blank\"><strong>Objectifs de d\u00e9veloppement durable<\/strong><\/a><strong>, <\/strong>dans le mode de fonctionnement de l\u2019\u00e9tablissement (\u00e9nergie, eau, d\u00e9chets&#8230;) et \u00e0 travers les enseignements d\u00e9livr\u00e9s.<\/p>\n\n\n\n<figure class=\"wp-block-image size-large\"><img loading=\"lazy\" decoding=\"async\" width=\"1024\" height=\"716\" src=\"https:\/\/etab.ac-reunion.fr\/lyc-boisjoly-potier\/wp-content\/uploads\/sites\/112\/2021\/07\/Illustration_sans_titre-8-1024x716.jpg\" alt=\"\" class=\"wp-image-4017\" srcset=\"https:\/\/etab.ac-reunion.fr\/lyc-boisjoly-potier\/wp-content\/uploads\/sites\/112\/2021\/07\/Illustration_sans_titre-8-1024x716.jpg 1024w, https:\/\/etab.ac-reunion.fr\/lyc-boisjoly-potier\/wp-content\/uploads\/sites\/112\/2021\/07\/Illustration_sans_titre-8-300x210.jpg 300w, https:\/\/etab.ac-reunion.fr\/lyc-boisjoly-potier\/wp-content\/uploads\/sites\/112\/2021\/07\/Illustration_sans_titre-8-768x537.jpg 768w, https:\/\/etab.ac-reunion.fr\/lyc-boisjoly-potier\/wp-content\/uploads\/sites\/112\/2021\/07\/Illustration_sans_titre-8-1536x1074.jpg 1536w, https:\/\/etab.ac-reunion.fr\/lyc-boisjoly-potier\/wp-content\/uploads\/sites\/112\/2021\/07\/Illustration_sans_titre-8-2048x1432.jpg 2048w\" sizes=\"(max-width: 1024px) 100vw, 1024px\" \/><\/figure>\n\n\n\n<figure class=\"wp-block-image size-large\"><img loading=\"lazy\" decoding=\"async\" width=\"1024\" height=\"768\" src=\"https:\/\/etab.ac-reunion.fr\/lyc-boisjoly-potier\/wp-content\/uploads\/sites\/112\/2021\/07\/Brillard_210531-07-1024x768.jpg\" alt=\"\" class=\"wp-image-4016\" srcset=\"https:\/\/etab.ac-reunion.fr\/lyc-boisjoly-potier\/wp-content\/uploads\/sites\/112\/2021\/07\/Brillard_210531-07-1024x768.jpg 1024w, https:\/\/etab.ac-reunion.fr\/lyc-boisjoly-potier\/wp-content\/uploads\/sites\/112\/2021\/07\/Brillard_210531-07-300x225.jpg 300w, https:\/\/etab.ac-reunion.fr\/lyc-boisjoly-potier\/wp-content\/uploads\/sites\/112\/2021\/07\/Brillard_210531-07-768x576.jpg 768w, https:\/\/etab.ac-reunion.fr\/lyc-boisjoly-potier\/wp-content\/uploads\/sites\/112\/2021\/07\/Brillard_210531-07-1536x1152.jpg 1536w, https:\/\/etab.ac-reunion.fr\/lyc-boisjoly-potier\/wp-content\/uploads\/sites\/112\/2021\/07\/Brillard_210531-07.jpg 1600w\" sizes=\"(max-width: 1024px) 100vw, 1024px\" \/><figcaption>Discours de Chantal Man\u00e8s-Bonniseau, rectrice, lors de la Journ\u00e9e acad\u00e9mique EDD 2021 \u00e0 Mascarin jardin botanique<\/figcaption><\/figure>\n\n\n\n<figure class=\"wp-block-image size-large\"><img loading=\"lazy\" decoding=\"async\" width=\"1024\" height=\"768\" src=\"https:\/\/etab.ac-reunion.fr\/lyc-boisjoly-potier\/wp-content\/uploads\/sites\/112\/2021\/07\/IMG-20210604-WA0019-1024x768.jpg\" alt=\"\" class=\"wp-image-4014\" srcset=\"https:\/\/etab.ac-reunion.fr\/lyc-boisjoly-potier\/wp-content\/uploads\/sites\/112\/2021\/07\/IMG-20210604-WA0019-1024x768.jpg 1024w, https:\/\/etab.ac-reunion.fr\/lyc-boisjoly-potier\/wp-content\/uploads\/sites\/112\/2021\/07\/IMG-20210604-WA0019-300x225.jpg 300w, https:\/\/etab.ac-reunion.fr\/lyc-boisjoly-potier\/wp-content\/uploads\/sites\/112\/2021\/07\/IMG-20210604-WA0019-768x576.jpg 768w, https:\/\/etab.ac-reunion.fr\/lyc-boisjoly-potier\/wp-content\/uploads\/sites\/112\/2021\/07\/IMG-20210604-WA0019.jpg 1280w\" sizes=\"(max-width: 1024px) 100vw, 1024px\" \/><\/figure>\n\n\n\n<figure class=\"wp-block-image size-large\"><img loading=\"lazy\" decoding=\"async\" width=\"1024\" height=\"768\" src=\"https:\/\/etab.ac-reunion.fr\/lyc-boisjoly-potier\/wp-content\/uploads\/sites\/112\/2021\/07\/IMG-20210604-WA0016-1024x768.jpg\" alt=\"\" class=\"wp-image-4015\" srcset=\"https:\/\/etab.ac-reunion.fr\/lyc-boisjoly-potier\/wp-content\/uploads\/sites\/112\/2021\/07\/IMG-20210604-WA0016-1024x768.jpg 1024w, https:\/\/etab.ac-reunion.fr\/lyc-boisjoly-potier\/wp-content\/uploads\/sites\/112\/2021\/07\/IMG-20210604-WA0016-300x225.jpg 300w, https:\/\/etab.ac-reunion.fr\/lyc-boisjoly-potier\/wp-content\/uploads\/sites\/112\/2021\/07\/IMG-20210604-WA0016-768x576.jpg 768w, https:\/\/etab.ac-reunion.fr\/lyc-boisjoly-potier\/wp-content\/uploads\/sites\/112\/2021\/07\/IMG-20210604-WA0016.jpg 1280w\" sizes=\"(max-width: 1024px) 100vw, 1024px\" \/><\/figure>\n\n\n\n<figure class=\"wp-block-image size-large\"><img loading=\"lazy\" decoding=\"async\" width=\"1024\" height=\"768\" src=\"https:\/\/etab.ac-reunion.fr\/lyc-boisjoly-potier\/wp-content\/uploads\/sites\/112\/2021\/07\/IMG-20210604-WA0021-1024x768.jpg\" alt=\"\" class=\"wp-image-4022\" srcset=\"https:\/\/etab.ac-reunion.fr\/lyc-boisjoly-potier\/wp-content\/uploads\/sites\/112\/2021\/07\/IMG-20210604-WA0021-1024x768.jpg 1024w, https:\/\/etab.ac-reunion.fr\/lyc-boisjoly-potier\/wp-content\/uploads\/sites\/112\/2021\/07\/IMG-20210604-WA0021-300x225.jpg 300w, https:\/\/etab.ac-reunion.fr\/lyc-boisjoly-potier\/wp-content\/uploads\/sites\/112\/2021\/07\/IMG-20210604-WA0021-768x576.jpg 768w, https:\/\/etab.ac-reunion.fr\/lyc-boisjoly-potier\/wp-content\/uploads\/sites\/112\/2021\/07\/IMG-20210604-WA0021.jpg 1280w\" sizes=\"(max-width: 1024px) 100vw, 1024px\" \/><\/figure>\n\n\n\n<p><\/p>\n\n\n\n<p><\/p>\n\n\n\n<p><\/p>\n\n\n\n<p><\/p>\n\n\n\n<p><\/p>\n\n\n\n<p class=\"has-vivid-red-color has-text-color has-medium-font-size\">&nbsp;Pr\u00e9sentation du label E3D :&nbsp;<\/p>\n\n\n\n<p><br>Le lyc\u00e9e Boisjoly Potier renouvelle pour 3 ans sa labellisation E3D niveau 3 \u00abD\u00e9ploiement\u00bb.<br>Nous avons aussi gagn\u00e9 une plante end\u00e9mique qui a rejoint notre arboretum, plant\u00e9e<br>symboliquement par les \u00e9cod\u00e9l\u00e9gu\u00e9s.<br>Le dipl\u00f4me, la c\u00e9r\u00e9monie de labellisation lors de la JAEDD, et la plantation dans l\u2019arboretum :<\/p>\n\n\n\n<p><strong>Les \u00e9l\u00e8ves sont au c\u0153ur de la d\u00e9marche<\/strong>&nbsp;qui consiste \u00e0 les former aux bonnes pratiques permettant de vivre ensemble dans un monde aux ressources limit\u00e9es, mais aussi \u00e0 leur transmettre les&nbsp;<strong>connaissances, les comp\u00e9tences et la culture<\/strong>&nbsp;qui leur permettront tout au long de leur vie de&nbsp;<strong>comprendre la complexit\u00e9 des enjeux du d\u00e9veloppement durable<\/strong>, pour ensuite&nbsp;<strong>d\u00e9cider et agir<\/strong>. En un mot, en faire des&nbsp;<strong>citoyens inform\u00e9s, critiques et engag\u00e9s<\/strong>, qui puissent \u00eatre force de proposition et acteurs du changement global.<\/p>\n\n\n\n<div class=\"wp-block-image\"><figure class=\"alignright size-large is-resized\"><img loading=\"lazy\" decoding=\"async\" src=\"https:\/\/etab.ac-reunion.fr\/lyc-boisjoly-potier\/wp-content\/uploads\/sites\/112\/2020\/06\/e3D3.png\" alt=\"\" class=\"wp-image-2493\" width=\"548\" height=\"324\" srcset=\"https:\/\/etab.ac-reunion.fr\/lyc-boisjoly-potier\/wp-content\/uploads\/sites\/112\/2020\/06\/e3D3.png 640w, https:\/\/etab.ac-reunion.fr\/lyc-boisjoly-potier\/wp-content\/uploads\/sites\/112\/2020\/06\/e3D3-300x178.png 300w\" sizes=\"(max-width: 548px) 100vw, 548px\" \/><figcaption><br><\/figcaption><\/figure><\/div>\n\n\n\n<p class=\"has-small-font-size\">Plaquette descriptive de la d\u00e9marche E3D:<\/p>\n\n\n\n<p class=\"has-vivid-cyan-blue-color has-text-color\"><em>Cliquez sur l&rsquo;image pour lire le diap<\/em>o<\/p>\n\n\n\n<figure class=\"wp-block-image size-large\"><a href=\"https:\/\/etab.ac-reunion.fr\/lyc-boisjoly-potier\/wp-content\/uploads\/sites\/112\/2020\/06\/PLAQUETTE-LABELLISATION-E3D.pdf\"><img loading=\"lazy\" decoding=\"async\" width=\"1024\" height=\"727\" src=\"https:\/\/etab.ac-reunion.fr\/lyc-boisjoly-potier\/wp-content\/uploads\/sites\/112\/2020\/06\/Capture-d\u2019e\u0301cran-2020-06-05-a\u0300-12.18.45-1024x727.png\" alt=\"\" class=\"wp-image-2494\" srcset=\"https:\/\/etab.ac-reunion.fr\/lyc-boisjoly-potier\/wp-content\/uploads\/sites\/112\/2020\/06\/Capture-d\u2019e\u0301cran-2020-06-05-a\u0300-12.18.45-1024x727.png 1024w, https:\/\/etab.ac-reunion.fr\/lyc-boisjoly-potier\/wp-content\/uploads\/sites\/112\/2020\/06\/Capture-d\u2019e\u0301cran-2020-06-05-a\u0300-12.18.45-300x213.png 300w, https:\/\/etab.ac-reunion.fr\/lyc-boisjoly-potier\/wp-content\/uploads\/sites\/112\/2020\/06\/Capture-d\u2019e\u0301cran-2020-06-05-a\u0300-12.18.45-768x546.png 768w, https:\/\/etab.ac-reunion.fr\/lyc-boisjoly-potier\/wp-content\/uploads\/sites\/112\/2020\/06\/Capture-d\u2019e\u0301cran-2020-06-05-a\u0300-12.18.45-1536x1091.png 1536w, https:\/\/etab.ac-reunion.fr\/lyc-boisjoly-potier\/wp-content\/uploads\/sites\/112\/2020\/06\/Capture-d\u2019e\u0301cran-2020-06-05-a\u0300-12.18.45-2048x1455.png 2048w\" sizes=\"(max-width: 1024px) 100vw, 1024px\" \/><\/a><\/figure>\n\n\n\n<p class=\"has-text-color\" style=\"color:#ffffff\">p<\/p>\n\n\n\n<p class=\"has-text-color\" style=\"color:#ffffff\">s<\/p>\n\n\n\n<p class=\"has-vivid-red-color has-text-color has-medium-font-size\">Notre projet d&rsquo;\u00e9tablissement :&nbsp;<\/p>\n\n\n\n<p>&#8211; Le site internet de l&rsquo;acad\u00e9mie de la R\u00e9union recense notre projet :<\/p>\n\n\n\n<p>&nbsp;<a rel=\"noreferrer noopener\" href=\"https:\/\/pedagogie.ac-reunion.fr\/edd\/ledd-dans-lacademie.html\" target=\"_blank\">https:\/\/pedagogie.ac-reunion.fr\/edd\/ledd-dans-lacademie.html<\/a><\/p>\n\n\n\n<figure class=\"wp-block-image size-large\"><a href=\"https:\/\/etab.ac-reunion.fr\/lyc-boisjoly-potier\/wp-content\/uploads\/sites\/112\/2020\/06\/carte-E3D.jpg\"><img loading=\"lazy\" decoding=\"async\" width=\"465\" height=\"565\" src=\"https:\/\/etab.ac-reunion.fr\/lyc-boisjoly-potier\/wp-content\/uploads\/sites\/112\/2020\/06\/carte-E3D.jpg\" alt=\"\" class=\"wp-image-2498\" srcset=\"https:\/\/etab.ac-reunion.fr\/lyc-boisjoly-potier\/wp-content\/uploads\/sites\/112\/2020\/06\/carte-E3D.jpg 465w, https:\/\/etab.ac-reunion.fr\/lyc-boisjoly-potier\/wp-content\/uploads\/sites\/112\/2020\/06\/carte-E3D-247x300.jpg 247w, https:\/\/etab.ac-reunion.fr\/lyc-boisjoly-potier\/wp-content\/uploads\/sites\/112\/2020\/06\/carte-E3D-260x315.jpg 260w, https:\/\/etab.ac-reunion.fr\/lyc-boisjoly-potier\/wp-content\/uploads\/sites\/112\/2020\/06\/carte-E3D-140x170.jpg 140w\" sizes=\"(max-width: 465px) 100vw, 465px\" \/><\/a><\/figure>\n\n\n\n<p class=\"has-text-color\" style=\"color:#ffffff\">q<\/p>\n\n\n\n<p>&#8211; Notre dossier de labellisation E3D peut \u00eatre consult\u00e9 :&nbsp;<\/p>\n\n\n\n<p class=\"has-vivid-cyan-blue-color has-text-color\"><em>Cliquez sur l&rsquo;image pour affichez la grille<\/em><\/p>\n\n\n\n<figure class=\"wp-block-image size-large\"><a href=\"https:\/\/etab.ac-reunion.fr\/lyc-boisjoly-potier\/wp-content\/uploads\/sites\/112\/2020\/06\/Grille-E3D.pdf\"><img loading=\"lazy\" decoding=\"async\" width=\"1024\" height=\"766\" src=\"https:\/\/etab.ac-reunion.fr\/lyc-boisjoly-potier\/wp-content\/uploads\/sites\/112\/2020\/06\/Capture-d\u2019e\u0301cran-2020-06-05-a\u0300-12.25.21-1024x766.png\" alt=\"\" class=\"wp-image-2500\" srcset=\"https:\/\/etab.ac-reunion.fr\/lyc-boisjoly-potier\/wp-content\/uploads\/sites\/112\/2020\/06\/Capture-d\u2019e\u0301cran-2020-06-05-a\u0300-12.25.21-1024x766.png 1024w, https:\/\/etab.ac-reunion.fr\/lyc-boisjoly-potier\/wp-content\/uploads\/sites\/112\/2020\/06\/Capture-d\u2019e\u0301cran-2020-06-05-a\u0300-12.25.21-300x224.png 300w, https:\/\/etab.ac-reunion.fr\/lyc-boisjoly-potier\/wp-content\/uploads\/sites\/112\/2020\/06\/Capture-d\u2019e\u0301cran-2020-06-05-a\u0300-12.25.21-768x575.png 768w, https:\/\/etab.ac-reunion.fr\/lyc-boisjoly-potier\/wp-content\/uploads\/sites\/112\/2020\/06\/Capture-d\u2019e\u0301cran-2020-06-05-a\u0300-12.25.21-1536x1149.png 1536w, https:\/\/etab.ac-reunion.fr\/lyc-boisjoly-potier\/wp-content\/uploads\/sites\/112\/2020\/06\/Capture-d\u2019e\u0301cran-2020-06-05-a\u0300-12.25.21-2048x1532.png 2048w\" sizes=\"(max-width: 1024px) 100vw, 1024px\" \/><\/a><\/figure>\n\n\n\n<p class=\"has-text-color\" style=\"color:#ffffff\">q<\/p>\n\n\n\n<p><\/p>\n\n\n\n<p><\/p>\n\n\n\n<p class=\"has-text-color\" style=\"color:#ffffff\">s<\/p>\n","protected":false},"excerpt":{"rendered":"<p>s La remise des LABELS E3D par Madame La Rectrice lors de la JAEDD !Lundi 31 MAI 2021 La d\u00e9marche E3D (E3D = \u00c9cole\/\u00c9tablissement en D\u00e9marche de D\u00e9veloppement Durable), c\u2019est lorsque qu\u2019un \u00e9tablissement (\u00e9cole, coll\u00e8ge, lyc\u00e9e) s\u2019engage dans une d\u00e9marche globale de d\u00e9veloppement durable qui apporte des solutions concr\u00e8tes face aux Objectifs de d\u00e9veloppement durable, [&hellip;]<\/p>\n","protected":false},"author":13029,"featured_media":0,"parent":0,"menu_order":0,"comment_status":"closed","ping_status":"closed","template":"","meta":{"_et_pb_use_builder":"","_et_pb_old_content":"","_et_gb_content_width":"","footnotes":""},"class_list":["post-2167","page","type-page","status-publish","hentry"],"_links":{"self":[{"href":"https:\/\/etab.ac-reunion.fr\/lyc-boisjoly-potier\/wp-json\/wp\/v2\/pages\/2167","targetHints":{"allow":["GET"]}}],"collection":[{"href":"https:\/\/etab.ac-reunion.fr\/lyc-boisjoly-potier\/wp-json\/wp\/v2\/pages"}],"about":[{"href":"https:\/\/etab.ac-reunion.fr\/lyc-boisjoly-potier\/wp-json\/wp\/v2\/types\/page"}],"author":[{"embeddable":true,"href":"https:\/\/etab.ac-reunion.fr\/lyc-boisjoly-potier\/wp-json\/wp\/v2\/users\/13029"}],"replies":[{"embeddable":true,"href":"https:\/\/etab.ac-reunion.fr\/lyc-boisjoly-potier\/wp-json\/wp\/v2\/comments?post=2167"}],"version-history":[{"count":24,"href":"https:\/\/etab.ac-reunion.fr\/lyc-boisjoly-potier\/wp-json\/wp\/v2\/pages\/2167\/revisions"}],"predecessor-version":[{"id":4156,"href":"https:\/\/etab.ac-reunion.fr\/lyc-boisjoly-potier\/wp-json\/wp\/v2\/pages\/2167\/revisions\/4156"}],"wp:attachment":[{"href":"https:\/\/etab.ac-reunion.fr\/lyc-boisjoly-potier\/wp-json\/wp\/v2\/media?parent=2167"}],"curies":[{"name":"wp","href":"https:\/\/api.w.org\/{rel}","templated":true}]}}