{"id":2179,"date":"2020-05-15T10:40:31","date_gmt":"2020-05-15T06:40:31","guid":{"rendered":"http:\/\/lycee-boisjoly-potier.ac-reunion.fr\/?page_id=2179"},"modified":"2021-07-01T15:31:42","modified_gmt":"2021-07-01T11:31:42","slug":"alimentation","status":"publish","type":"page","link":"https:\/\/etab.ac-reunion.fr\/lyc-boisjoly-potier\/alimentation\/","title":{"rendered":"Alimentation"},"content":{"rendered":"\n<p><\/p>\n\n\n\n<p><\/p>\n\n\n\n<div class=\"wp-block-image\"><figure class=\"alignright size-large is-resized\"><img loading=\"lazy\" decoding=\"async\" src=\"https:\/\/etab.ac-reunion.fr\/lyc-boisjoly-potier\/wp-content\/uploads\/sites\/112\/2021\/07\/Abondance1-368x196-1.jpg\" alt=\"\" class=\"wp-image-4128\" width=\"293\" height=\"156\" srcset=\"https:\/\/etab.ac-reunion.fr\/lyc-boisjoly-potier\/wp-content\/uploads\/sites\/112\/2021\/07\/Abondance1-368x196-1.jpg 368w, https:\/\/etab.ac-reunion.fr\/lyc-boisjoly-potier\/wp-content\/uploads\/sites\/112\/2021\/07\/Abondance1-368x196-1-300x160.jpg 300w\" sizes=\"(max-width: 293px) 100vw, 293px\" \/><\/figure><\/div>\n\n\n\n<p class=\"has-vivid-red-color has-text-color has-huge-font-size\">Potager<\/p>\n\n\n\n<p><\/p>\n\n\n\n<p>Dans notre lyc\u00e9e nous avons fait un potager partag\u00e9. Le but \u00e9tant d\u2019apprendre aux \u00e9l\u00e8ves \u00e0 s\u2019occuper de fa\u00e7on r\u00e9guli\u00e8re des plantes et de partager une activit\u00e9 en commun. De plus, le potager embellira le lyc\u00e9e.<\/p>\n\n\n\n<p>Le projet est en continuit\u00e9 avec les \u00ab\u00a0Incroyables Comestibles\u00a0\u00bb de l\u2019ann\u00e9e derni\u00e8re, dont le slogan est <\/p>\n\n\n\n<p><strong><em>\u00ab\u00a0Prenez soin des plantes et en \u00e9change servez vous librement\u00a0\u00bb.<\/em><\/strong> Nous avons organis\u00e9 des actions afin de r\u00e9cup\u00e9rer des plantes et nous utiliserons plusieurs techniques comme la permaculture ou le paillage pour les cultiver et favoriser leur croissance.<\/p>\n\n\n\n<p class=\"has-vivid-cyan-blue-color has-text-color\" style=\"font-size:25px\">Situation <\/p>\n\n\n\n<p>\u00c0 l\u2019entr\u00e9e du lyc\u00e9e, devant le kiosque.<\/p>\n\n\n\n<p class=\"has-vivid-cyan-blue-color has-text-color\" style=\"font-size:25px\">Cr\u00e9ation <\/p>\n\n\n\n<p> F\u00e9vrier 2019, avec des \u00e9l\u00e8ves de l\u2019atelier DD<\/p>\n\n\n\n<p><\/p>\n\n\n\n<figure class=\"wp-block-image size-large\"><a href=\"https:\/\/etab.ac-reunion.fr\/lyc-boisjoly-potier\/wp-content\/uploads\/sites\/112\/2021\/07\/Illustration_sans_titre-13-715x1024.jpg\"><img loading=\"lazy\" decoding=\"async\" width=\"715\" height=\"1024\" src=\"https:\/\/etab.ac-reunion.fr\/lyc-boisjoly-potier\/wp-content\/uploads\/sites\/112\/2021\/07\/Illustration_sans_titre-13-715x1024.jpg\" alt=\"\" class=\"wp-image-4093\" srcset=\"https:\/\/etab.ac-reunion.fr\/lyc-boisjoly-potier\/wp-content\/uploads\/sites\/112\/2021\/07\/Illustration_sans_titre-13-715x1024.jpg 715w, https:\/\/etab.ac-reunion.fr\/lyc-boisjoly-potier\/wp-content\/uploads\/sites\/112\/2021\/07\/Illustration_sans_titre-13-210x300.jpg 210w, https:\/\/etab.ac-reunion.fr\/lyc-boisjoly-potier\/wp-content\/uploads\/sites\/112\/2021\/07\/Illustration_sans_titre-13-768x1100.jpg 768w, https:\/\/etab.ac-reunion.fr\/lyc-boisjoly-potier\/wp-content\/uploads\/sites\/112\/2021\/07\/Illustration_sans_titre-13-1073x1536.jpg 1073w, https:\/\/etab.ac-reunion.fr\/lyc-boisjoly-potier\/wp-content\/uploads\/sites\/112\/2021\/07\/Illustration_sans_titre-13-1431x2048.jpg 1431w, https:\/\/etab.ac-reunion.fr\/lyc-boisjoly-potier\/wp-content\/uploads\/sites\/112\/2021\/07\/Illustration_sans_titre-13.jpg 1668w\" sizes=\"(max-width: 715px) 100vw, 715px\" \/><\/a><\/figure>\n\n\n\n<p><\/p>\n\n\n\n<p class=\"has-vivid-cyan-blue-color has-text-color\" style=\"font-size:25px\">Plan des parcelles <\/p>\n\n\n\n<p>Suivant le principe des plantes compagnons, nous avons dress\u00e9 un plan pour que les plantes s\u2019entraident et luttent contre les nuisibles.<\/p>\n\n\n\n<p>A sa cr\u00e9ation, nous avons plant\u00e9 des plants offerts par la communaut\u00e9 scolaire : plantation de thym citron, de romarin (\u00e9loigne les escargots), d\u2019un plant de tomates arbustives, des poivrons, du persil, des oignons et du basilic.<\/p>\n\n\n\n<figure class=\"wp-block-image size-large\"><a href=\"https:\/\/etab.ac-reunion.fr\/lyc-boisjoly-potier\/wp-content\/uploads\/sites\/112\/2021\/07\/Illustration_sans_titre-9-1-1024x429.jpg\"><img loading=\"lazy\" decoding=\"async\" width=\"1024\" height=\"429\" src=\"https:\/\/etab.ac-reunion.fr\/lyc-boisjoly-potier\/wp-content\/uploads\/sites\/112\/2021\/07\/Illustration_sans_titre-9-1-1024x429.jpg\" alt=\"\" class=\"wp-image-4080\" srcset=\"https:\/\/etab.ac-reunion.fr\/lyc-boisjoly-potier\/wp-content\/uploads\/sites\/112\/2021\/07\/Illustration_sans_titre-9-1-1024x429.jpg 1024w, https:\/\/etab.ac-reunion.fr\/lyc-boisjoly-potier\/wp-content\/uploads\/sites\/112\/2021\/07\/Illustration_sans_titre-9-1-300x126.jpg 300w, https:\/\/etab.ac-reunion.fr\/lyc-boisjoly-potier\/wp-content\/uploads\/sites\/112\/2021\/07\/Illustration_sans_titre-9-1-768x321.jpg 768w, https:\/\/etab.ac-reunion.fr\/lyc-boisjoly-potier\/wp-content\/uploads\/sites\/112\/2021\/07\/Illustration_sans_titre-9-1-1536x643.jpg 1536w, https:\/\/etab.ac-reunion.fr\/lyc-boisjoly-potier\/wp-content\/uploads\/sites\/112\/2021\/07\/Illustration_sans_titre-9-1-2048x857.jpg 2048w\" sizes=\"(max-width: 1024px) 100vw, 1024px\" \/><\/a><\/figure>\n\n\n\n<p><\/p>\n\n\n\n<p class=\"has-vivid-cyan-blue-color has-text-color\" style=\"font-size:25px\">Un potager collaboratif <\/p>\n\n\n\n<p>Les \u00e9cod\u00e9l\u00e9gu\u00e9s, enseignants r\u00e9f\u00e9rents \u00e9tablissements EDD du bassin sud, et les candidates au concours Miss \u00c9cologie 2021, ont tous contribu\u00e9 \u00e0 enrichir et am\u00e9liorer le potager.<\/p>\n\n\n\n<p>A la rentr\u00e9e d\u2019Ao\u00fbt 2021, le potager continuera de grandir : chaque classe de seconde va pouvoir ajouter 1 plante, et sera responsable de sa bonne croissance, pour gagner le concours de la plus belle plante en fin d\u2019ann\u00e9e !<\/p>\n\n\n\n<figure class=\"wp-block-image size-large\"><a href=\"https:\/\/etab.ac-reunion.fr\/lyc-boisjoly-potier\/wp-content\/uploads\/sites\/112\/2021\/07\/Illustration_sans_titre-7-2048x857.jpg\"><img loading=\"lazy\" decoding=\"async\" width=\"1024\" height=\"429\" src=\"https:\/\/etab.ac-reunion.fr\/lyc-boisjoly-potier\/wp-content\/uploads\/sites\/112\/2021\/07\/Illustration_sans_titre-7-1024x429.jpg\" alt=\"\" class=\"wp-image-4075\" srcset=\"https:\/\/etab.ac-reunion.fr\/lyc-boisjoly-potier\/wp-content\/uploads\/sites\/112\/2021\/07\/Illustration_sans_titre-7-1024x429.jpg 1024w, https:\/\/etab.ac-reunion.fr\/lyc-boisjoly-potier\/wp-content\/uploads\/sites\/112\/2021\/07\/Illustration_sans_titre-7-300x126.jpg 300w, https:\/\/etab.ac-reunion.fr\/lyc-boisjoly-potier\/wp-content\/uploads\/sites\/112\/2021\/07\/Illustration_sans_titre-7-768x321.jpg 768w, https:\/\/etab.ac-reunion.fr\/lyc-boisjoly-potier\/wp-content\/uploads\/sites\/112\/2021\/07\/Illustration_sans_titre-7-1536x643.jpg 1536w, https:\/\/etab.ac-reunion.fr\/lyc-boisjoly-potier\/wp-content\/uploads\/sites\/112\/2021\/07\/Illustration_sans_titre-7-2048x857.jpg 2048w\" sizes=\"(max-width: 1024px) 100vw, 1024px\" \/><\/a><\/figure>\n\n\n\n<p><\/p>\n\n\n\n<p class=\"has-vivid-cyan-blue-color has-text-color\" style=\"font-size:25px\">Mise en valeur du potager <\/p>\n\n\n\n<p>Avec du mat\u00e9riel r\u00e9cup\u00e9r\u00e9 sur le chantier du lyc\u00e9e, nous avons fabriqu\u00e9 des \u00e9tiquettes pour indiquer le nom des plantes pr\u00e9sentes dans le potager.<\/p>\n\n\n\n<p>Syst\u00e8me d\u2019arrosage pour le persil.<\/p>\n\n\n\n<p><\/p>\n\n\n\n<figure class=\"wp-block-image size-large\"><a href=\"https:\/\/etab.ac-reunion.fr\/lyc-boisjoly-potier\/wp-content\/uploads\/sites\/112\/2021\/07\/Illustration_sans_titre-11-1024x429.jpg\"><img loading=\"lazy\" decoding=\"async\" width=\"1024\" height=\"429\" src=\"https:\/\/etab.ac-reunion.fr\/lyc-boisjoly-potier\/wp-content\/uploads\/sites\/112\/2021\/07\/Illustration_sans_titre-11-1024x429.jpg\" alt=\"\" class=\"wp-image-4084\" srcset=\"https:\/\/etab.ac-reunion.fr\/lyc-boisjoly-potier\/wp-content\/uploads\/sites\/112\/2021\/07\/Illustration_sans_titre-11-1024x429.jpg 1024w, https:\/\/etab.ac-reunion.fr\/lyc-boisjoly-potier\/wp-content\/uploads\/sites\/112\/2021\/07\/Illustration_sans_titre-11-300x126.jpg 300w, https:\/\/etab.ac-reunion.fr\/lyc-boisjoly-potier\/wp-content\/uploads\/sites\/112\/2021\/07\/Illustration_sans_titre-11-768x321.jpg 768w, https:\/\/etab.ac-reunion.fr\/lyc-boisjoly-potier\/wp-content\/uploads\/sites\/112\/2021\/07\/Illustration_sans_titre-11-1536x643.jpg 1536w, https:\/\/etab.ac-reunion.fr\/lyc-boisjoly-potier\/wp-content\/uploads\/sites\/112\/2021\/07\/Illustration_sans_titre-11-2048x857.jpg 2048w\" sizes=\"(max-width: 1024px) 100vw, 1024px\" \/><\/a><\/figure>\n\n\n\n<p class=\"has-vivid-cyan-blue-color has-text-color\" style=\"font-size:25px\">R\u00e9coltes <\/p>\n\n\n\n<p>Carottes : les \u00e9l\u00e8ves ont pu (re)d\u00e9couvrir  le bon go\u00fbt sucr\u00e9 d\u2019une carotte toute fra\u00eeche. <\/p>\n\n\n\n<p>Patates douces : plus de 10 kg ont \u00e9t\u00e9 distribu\u00e9s aux \u00e9l\u00e8ves et personnels.<\/p>\n\n\n\n<p>Plantes aromatiques : Les personnels et \u00e9l\u00e8ves ont pris l&rsquo;habitude de se servir selon leurs besoins. <\/p>\n\n\n\n<figure class=\"wp-block-image size-large\"><a href=\"https:\/\/etab.ac-reunion.fr\/lyc-boisjoly-potier\/wp-content\/uploads\/sites\/112\/2021\/07\/Illustration_sans_titre-12-724x1024.jpg\"><img loading=\"lazy\" decoding=\"async\" width=\"724\" height=\"1024\" src=\"https:\/\/etab.ac-reunion.fr\/lyc-boisjoly-potier\/wp-content\/uploads\/sites\/112\/2021\/07\/Illustration_sans_titre-12-724x1024.jpg\" alt=\"\" class=\"wp-image-4090\" srcset=\"https:\/\/etab.ac-reunion.fr\/lyc-boisjoly-potier\/wp-content\/uploads\/sites\/112\/2021\/07\/Illustration_sans_titre-12-724x1024.jpg 724w, https:\/\/etab.ac-reunion.fr\/lyc-boisjoly-potier\/wp-content\/uploads\/sites\/112\/2021\/07\/Illustration_sans_titre-12-212x300.jpg 212w, https:\/\/etab.ac-reunion.fr\/lyc-boisjoly-potier\/wp-content\/uploads\/sites\/112\/2021\/07\/Illustration_sans_titre-12-768x1086.jpg 768w, https:\/\/etab.ac-reunion.fr\/lyc-boisjoly-potier\/wp-content\/uploads\/sites\/112\/2021\/07\/Illustration_sans_titre-12-1086x1536.jpg 1086w, https:\/\/etab.ac-reunion.fr\/lyc-boisjoly-potier\/wp-content\/uploads\/sites\/112\/2021\/07\/Illustration_sans_titre-12-1448x2048.jpg 1448w, https:\/\/etab.ac-reunion.fr\/lyc-boisjoly-potier\/wp-content\/uploads\/sites\/112\/2021\/07\/Illustration_sans_titre-12-scaled.jpg 1810w\" sizes=\"(max-width: 724px) 100vw, 724px\" \/><\/a><\/figure>\n\n\n\n<p><\/p>\n\n\n\n<p class=\"has-text-align-center\"><strong>&#8212;&#8212;&#8212;&#8212;&#8212;&#8212;&#8212;&#8212;&#8212;&#8212;&#8212;&#8212;&#8212;&#8212;&#8212;&#8212;&#8212;&#8212;&#8212;&#8212;&#8212;&#8212;&#8212;&#8212;&#8212;&#8212;&#8212;&#8212;&#8212;&#8212;&#8212;&#8212;&#8212;&#8212;&#8212;&#8212;&#8212;&#8212;&#8212;&#8212;&#8211;<\/strong><\/p>\n\n\n\n<p class=\"has-vivid-red-color has-text-color has-large-font-size\">\u00ab\u00a0Snack contre cantine\u00a0\u00bb<\/p>\n\n\n\n<figure class=\"wp-block-embed is-type-video is-provider-youtube wp-block-embed-youtube wp-embed-aspect-16-9 wp-has-aspect-ratio\"><div class=\"wp-block-embed__wrapper\">\n<script>document.addEventListener('DOMContentLoaded', function() {(tarteaucitron.job = tarteaucitron.job || []).push('youtube');});<\/script><div class=\"youtube_player\" videoID=\"TH7Z2iLsDww\" width=\"100%\" height=\"100%\" style=\"height:50vw\" theme=\"light\" rel=\"0\" controls=\"1\" showinfo=\"1\" autoplay=\"0\"><\/div>\n<\/div><\/figure>\n","protected":false},"excerpt":{"rendered":"<p>Potager Dans notre lyc\u00e9e nous avons fait un potager partag\u00e9. Le but \u00e9tant d\u2019apprendre aux \u00e9l\u00e8ves \u00e0 s\u2019occuper de fa\u00e7on r\u00e9guli\u00e8re des plantes et de partager une activit\u00e9 en commun. De plus, le potager embellira le lyc\u00e9e. Le projet est en continuit\u00e9 avec les \u00ab\u00a0Incroyables Comestibles\u00a0\u00bb de l\u2019ann\u00e9e derni\u00e8re, dont le slogan est \u00ab\u00a0Prenez soin [&hellip;]<\/p>\n","protected":false},"author":13029,"featured_media":0,"parent":0,"menu_order":0,"comment_status":"closed","ping_status":"closed","template":"","meta":{"_et_pb_use_builder":"","_et_pb_old_content":"","_et_gb_content_width":"","footnotes":""},"class_list":["post-2179","page","type-page","status-publish","hentry"],"_links":{"self":[{"href":"https:\/\/etab.ac-reunion.fr\/lyc-boisjoly-potier\/wp-json\/wp\/v2\/pages\/2179","targetHints":{"allow":["GET"]}}],"collection":[{"href":"https:\/\/etab.ac-reunion.fr\/lyc-boisjoly-potier\/wp-json\/wp\/v2\/pages"}],"about":[{"href":"https:\/\/etab.ac-reunion.fr\/lyc-boisjoly-potier\/wp-json\/wp\/v2\/types\/page"}],"author":[{"embeddable":true,"href":"https:\/\/etab.ac-reunion.fr\/lyc-boisjoly-potier\/wp-json\/wp\/v2\/users\/13029"}],"replies":[{"embeddable":true,"href":"https:\/\/etab.ac-reunion.fr\/lyc-boisjoly-potier\/wp-json\/wp\/v2\/comments?post=2179"}],"version-history":[{"count":40,"href":"https:\/\/etab.ac-reunion.fr\/lyc-boisjoly-potier\/wp-json\/wp\/v2\/pages\/2179\/revisions"}],"predecessor-version":[{"id":4138,"href":"https:\/\/etab.ac-reunion.fr\/lyc-boisjoly-potier\/wp-json\/wp\/v2\/pages\/2179\/revisions\/4138"}],"wp:attachment":[{"href":"https:\/\/etab.ac-reunion.fr\/lyc-boisjoly-potier\/wp-json\/wp\/v2\/media?parent=2179"}],"curies":[{"name":"wp","href":"https:\/\/api.w.org\/{rel}","templated":true}]}}