{"id":2187,"date":"2020-05-15T10:42:21","date_gmt":"2020-05-15T06:42:21","guid":{"rendered":"http:\/\/lycee-boisjoly-potier.ac-reunion.fr\/?page_id=2187"},"modified":"2020-05-26T12:33:20","modified_gmt":"2020-05-26T08:33:20","slug":"sante","status":"publish","type":"page","link":"https:\/\/etab.ac-reunion.fr\/lyc-boisjoly-potier\/sante\/","title":{"rendered":"Sant\u00e9"},"content":{"rendered":"\n<p class=\"has-text-color has-large-font-size has-vivid-red-color\"> Moustiques <\/p>\n\n\n\n<ul class=\"wp-block-list\"><li>Il y a <strong>6000 cas de dengue<\/strong> \u00e0 la Reunion depuis le d\u00e9but de l&rsquo;ann\u00e9e 2018. Cette ann\u00e9e, au lyc\u00e9e nous travaillons sur les moustiques afin d&rsquo;\u00e9tudier le <strong>cycle de vie d&rsquo;un moustique<\/strong> pour trouver une solution pour diminuer les cas de dengue. Pour ce faire,nous avons l&rsquo;intention de cr\u00e9er un atelier de <strong>sensibilisation<\/strong> au lyc\u00e9e. Pour cr\u00e9er cet atelier nous devons faire des <strong>experience<\/strong><strong>s<\/strong> afin d&rsquo;\u00eatre des experts sur les moustiques, pour cela nous avons fait des <strong>recherches<\/strong>, nous realisons des <strong>observations<\/strong><strong> au microscope<\/strong> des moustiques \u00e0 diff\u00e9rents stades de vie.<\/li><\/ul>\n\n\n\n<div class=\"wp-block-group\"><div class=\"wp-block-group__inner-container is-layout-flow wp-block-group-is-layout-flow\">\n<figure class=\"wp-block-image size-large\"><img loading=\"lazy\" decoding=\"async\" width=\"866\" height=\"1024\" src=\"https:\/\/etab.ac-reunion.fr\/lyc-boisjoly-potier\/wp-content\/uploads\/sites\/112\/2020\/05\/IMG_1517-866x1024.jpg\" alt=\"\" class=\"wp-image-2385\" srcset=\"https:\/\/etab.ac-reunion.fr\/lyc-boisjoly-potier\/wp-content\/uploads\/sites\/112\/2020\/05\/IMG_1517-866x1024.jpg 866w, https:\/\/etab.ac-reunion.fr\/lyc-boisjoly-potier\/wp-content\/uploads\/sites\/112\/2020\/05\/IMG_1517-254x300.jpg 254w, https:\/\/etab.ac-reunion.fr\/lyc-boisjoly-potier\/wp-content\/uploads\/sites\/112\/2020\/05\/IMG_1517-768x908.jpg 768w, https:\/\/etab.ac-reunion.fr\/lyc-boisjoly-potier\/wp-content\/uploads\/sites\/112\/2020\/05\/IMG_1517-1299x1536.jpg 1299w, https:\/\/etab.ac-reunion.fr\/lyc-boisjoly-potier\/wp-content\/uploads\/sites\/112\/2020\/05\/IMG_1517.jpg 1668w\" sizes=\"(max-width: 866px) 100vw, 866px\" \/><\/figure>\n<\/div><\/div>\n\n\n\n<p class=\"has-text-align-center\"><strong>&#8212;&#8212;&#8212;&#8212;&#8212;&#8212;&#8212;&#8212;&#8212;&#8212;&#8212;&#8212;&#8212;&#8212;&#8212;&#8212;&#8212;&#8212;&#8212;&#8212;&#8212;&#8212;&#8212;&#8212;&#8212;&#8212;&#8212;&#8212;&#8212;&#8212;&#8212;&#8212;&#8212;&#8212;&#8212;&#8212;&#8212;&#8212;&#8212;&#8212;&#8211;<\/strong><\/p>\n\n\n\n<p class=\"has-text-color has-large-font-size has-vivid-red-color\">M\u00e9nage au naturel <\/p>\n\n\n\n<p>Le m\u00e9nage au naturel consiste \u00e0 faire des <strong>produits m\u00e9nagers naturels<\/strong> .<\/p>\n\n\n\n<p>L\u2019int\u00e9r\u00eat est d&rsquo;utiliser <strong>des produits meilleurs <\/strong>pour notre <strong>sant\u00e9<\/strong> ainsi que pour l&rsquo;<strong>environnement<\/strong> (&nbsp;le colorant \u00ab\u00a0rhodamine B\u00a0\u00bb par exemple est irritant et soup\u00e7onn\u00e9 d&rsquo;\u00eatre canc\u00e9rog\u00e8ne probable, les<strong>&nbsp;<\/strong><strong>isothiazolinones<\/strong>&nbsp;pour risque d&rsquo;allergie, le<strong>&nbsp;<\/strong><strong>linalol, geraniol, citronellol<\/strong> sont contenues dans les lessives de super march\u00e9 mais pas indispensable au fonctionnement de la lessive et peuvent donc \u00eatre supprim\u00e9s)&nbsp; il y a aussi un int\u00e9r\u00eat <strong>\u00e9conomique<\/strong>.<\/p>\n\n\n\n<p>Pendant les cours nous avons fabriqu\u00e9 de la lessive puis l&rsquo;avons test\u00e9e afin de voir si elle est efficace compar\u00e9e a une lessive industrielle.<\/p>\n\n\n\n<p>En testant notre lessive nous nous sommes aper\u00e7us qu&rsquo;elle \u00e9tait aussi efficace voir parfois plus efficace sur la plupart des t\u00e2ches que la lessive vendue en grande surface.<\/p>\n\n\n\n<figure class=\"wp-block-image size-large\"><img loading=\"lazy\" decoding=\"async\" width=\"715\" height=\"1024\" src=\"https:\/\/etab.ac-reunion.fr\/lyc-boisjoly-potier\/wp-content\/uploads\/sites\/112\/2020\/05\/Illustration_sans_titre-7-715x1024.jpg\" alt=\"\" class=\"wp-image-2389\" srcset=\"https:\/\/etab.ac-reunion.fr\/lyc-boisjoly-potier\/wp-content\/uploads\/sites\/112\/2020\/05\/Illustration_sans_titre-7-715x1024.jpg 715w, https:\/\/etab.ac-reunion.fr\/lyc-boisjoly-potier\/wp-content\/uploads\/sites\/112\/2020\/05\/Illustration_sans_titre-7-210x300.jpg 210w, https:\/\/etab.ac-reunion.fr\/lyc-boisjoly-potier\/wp-content\/uploads\/sites\/112\/2020\/05\/Illustration_sans_titre-7-768x1100.jpg 768w, https:\/\/etab.ac-reunion.fr\/lyc-boisjoly-potier\/wp-content\/uploads\/sites\/112\/2020\/05\/Illustration_sans_titre-7-1073x1536.jpg 1073w, https:\/\/etab.ac-reunion.fr\/lyc-boisjoly-potier\/wp-content\/uploads\/sites\/112\/2020\/05\/Illustration_sans_titre-7-1431x2048.jpg 1431w, https:\/\/etab.ac-reunion.fr\/lyc-boisjoly-potier\/wp-content\/uploads\/sites\/112\/2020\/05\/Illustration_sans_titre-7.jpg 1668w\" sizes=\"(max-width: 715px) 100vw, 715px\" \/><\/figure>\n","protected":false},"excerpt":{"rendered":"<p>Moustiques Il y a 6000 cas de dengue \u00e0 la Reunion depuis le d\u00e9but de l&rsquo;ann\u00e9e 2018. Cette ann\u00e9e, au lyc\u00e9e nous travaillons sur les moustiques afin d&rsquo;\u00e9tudier le cycle de vie d&rsquo;un moustique pour trouver une solution pour diminuer les cas de dengue. Pour ce faire,nous avons l&rsquo;intention de cr\u00e9er un atelier de sensibilisation [&hellip;]<\/p>\n","protected":false},"author":13029,"featured_media":0,"parent":0,"menu_order":0,"comment_status":"closed","ping_status":"closed","template":"","meta":{"_et_pb_use_builder":"","_et_pb_old_content":"","_et_gb_content_width":"","footnotes":""},"class_list":["post-2187","page","type-page","status-publish","hentry"],"_links":{"self":[{"href":"https:\/\/etab.ac-reunion.fr\/lyc-boisjoly-potier\/wp-json\/wp\/v2\/pages\/2187","targetHints":{"allow":["GET"]}}],"collection":[{"href":"https:\/\/etab.ac-reunion.fr\/lyc-boisjoly-potier\/wp-json\/wp\/v2\/pages"}],"about":[{"href":"https:\/\/etab.ac-reunion.fr\/lyc-boisjoly-potier\/wp-json\/wp\/v2\/types\/page"}],"author":[{"embeddable":true,"href":"https:\/\/etab.ac-reunion.fr\/lyc-boisjoly-potier\/wp-json\/wp\/v2\/users\/13029"}],"replies":[{"embeddable":true,"href":"https:\/\/etab.ac-reunion.fr\/lyc-boisjoly-potier\/wp-json\/wp\/v2\/comments?post=2187"}],"version-history":[{"count":8,"href":"https:\/\/etab.ac-reunion.fr\/lyc-boisjoly-potier\/wp-json\/wp\/v2\/pages\/2187\/revisions"}],"predecessor-version":[{"id":2392,"href":"https:\/\/etab.ac-reunion.fr\/lyc-boisjoly-potier\/wp-json\/wp\/v2\/pages\/2187\/revisions\/2392"}],"wp:attachment":[{"href":"https:\/\/etab.ac-reunion.fr\/lyc-boisjoly-potier\/wp-json\/wp\/v2\/media?parent=2187"}],"curies":[{"name":"wp","href":"https:\/\/api.w.org\/{rel}","templated":true}]}}