{"id":2189,"date":"2020-05-15T10:42:41","date_gmt":"2020-05-15T06:42:41","guid":{"rendered":"http:\/\/lycee-boisjoly-potier.ac-reunion.fr\/?page_id=2189"},"modified":"2021-07-01T16:00:00","modified_gmt":"2021-07-01T12:00:00","slug":"solidarite","status":"publish","type":"page","link":"https:\/\/etab.ac-reunion.fr\/lyc-boisjoly-potier\/solidarite\/","title":{"rendered":"Solidarit\u00e9"},"content":{"rendered":"\n<p class=\"has-text-color\" style=\"color:#ffffff\">p<\/p>\n\n\n\n<p class=\"has-vivid-purple-color has-text-color has-large-font-size\">Boite \u00e0 troc<\/p>\n\n\n\n<p>Les anciens casiers de la salle des professeurs ont \u00e9t\u00e9 customis\u00e9s par les Terminales Bac Pro avec l&rsquo;aide de leur professeur d&rsquo;art plastique : dans le cadre de leur <strong>\u00ab\u00a0chef-d&rsquo;oeuvre\u00a0\u00bb<\/strong> ils ont con\u00e7u des bo\u00eetes \u00e0 troc. <\/p>\n\n\n\n<p>Ceux qui le souhaitent peuvent d\u00e9poser un objet et en prendre un autre en \u00e9change.<\/p>\n\n\n\n<p>Ce dispositif est tr\u00e8s utile en particulier pour l&rsquo;action <strong>\u00ab\u00a0silence on lit\u00a0\u00bb<\/strong> car il permet de mettre \u00e0 disposition des \u00e9l\u00e8ves un grand nombre de livres.<\/p>\n\n\n\n<figure class=\"wp-block-image size-large\"><img loading=\"lazy\" decoding=\"async\" width=\"768\" height=\"1024\" src=\"https:\/\/etab.ac-reunion.fr\/lyc-boisjoly-potier\/wp-content\/uploads\/sites\/112\/2021\/07\/IMG_20210701_154758-1-768x1024.jpg\" alt=\"\" class=\"wp-image-4147\" srcset=\"https:\/\/etab.ac-reunion.fr\/lyc-boisjoly-potier\/wp-content\/uploads\/sites\/112\/2021\/07\/IMG_20210701_154758-1-768x1024.jpg 768w, https:\/\/etab.ac-reunion.fr\/lyc-boisjoly-potier\/wp-content\/uploads\/sites\/112\/2021\/07\/IMG_20210701_154758-1-225x300.jpg 225w, https:\/\/etab.ac-reunion.fr\/lyc-boisjoly-potier\/wp-content\/uploads\/sites\/112\/2021\/07\/IMG_20210701_154758-1-1152x1536.jpg 1152w, https:\/\/etab.ac-reunion.fr\/lyc-boisjoly-potier\/wp-content\/uploads\/sites\/112\/2021\/07\/IMG_20210701_154758-1-1536x2048.jpg 1536w, https:\/\/etab.ac-reunion.fr\/lyc-boisjoly-potier\/wp-content\/uploads\/sites\/112\/2021\/07\/IMG_20210701_154758-1-scaled.jpg 1920w\" sizes=\"(max-width: 768px) 100vw, 768px\" \/><\/figure>\n\n\n\n<p><\/p>\n\n\n\n<p><\/p>\n\n\n\n<p><\/p>\n\n\n\n<p class=\"has-vivid-purple-color has-text-color has-large-font-size\">March\u00e9 de No\u00ebl<\/p>\n\n\n\n<p>Le 17 d\u00e9cembre 2019 les\n\u00e9l\u00e8ves du d\u00e9veloppement durable du lyc\u00e9e boisjoly potier ont organis\u00e9 un march\u00e9\nde no\u00ebl dans le but de r\u00e9colter des sous pour l&rsquo;association reforestACTION et\nqui a servi \u00e0 replanter des arbres end\u00e9miques de la R\u00e9union. Les visiteurs\navaient la possibilit\u00e9 de troquer des objets de la m\u00eame valeur entre eux. Ce\nmontant s&rsquo;\u00e9l\u00e8ve \u00e0 357 euros et a permis de replanter 104 arbres. De nombreux\narticles \u00e9taient propos\u00e9s comme des bijoux non utilis\u00e9s ou encore des livres\ndes jeux des v\u00eatements, des confitures des plantes. Ces articles ont \u00e9t\u00e9 donn\u00e9s\nde bon c\u0153ur par des \u00e9l\u00e8ves du d\u00e9veloppement durable, des \u00e9l\u00e8ves du lyc\u00e9e et des\nprofs. Un atelier de cr\u00e9ation de bijou artisanal a \u00e9t\u00e9 propos\u00e9 et a connu un\ngrand succ\u00e8s par les visiteurs. visiteurs sont venus pour d\u00e9couvrir notre\nobjectif qui est de replanter des arbres \u00e0 la R\u00e9union.<\/p>\n\n\n\n<div class=\"wp-block-image is-style-default\"><figure class=\"aligncenter size-large\"><a href=\"https:\/\/etab.ac-reunion.fr\/lyc-boisjoly-potier\/wp-content\/uploads\/sites\/112\/2020\/05\/reforest.jpg\"><img loading=\"lazy\" decoding=\"async\" width=\"773\" height=\"516\" src=\"https:\/\/etab.ac-reunion.fr\/lyc-boisjoly-potier\/wp-content\/uploads\/sites\/112\/2020\/05\/reforest.jpg\" alt=\"\" class=\"wp-image-2070\" srcset=\"https:\/\/etab.ac-reunion.fr\/lyc-boisjoly-potier\/wp-content\/uploads\/sites\/112\/2020\/05\/reforest.jpg 773w, https:\/\/etab.ac-reunion.fr\/lyc-boisjoly-potier\/wp-content\/uploads\/sites\/112\/2020\/05\/reforest-300x200.jpg 300w, https:\/\/etab.ac-reunion.fr\/lyc-boisjoly-potier\/wp-content\/uploads\/sites\/112\/2020\/05\/reforest-768x513.jpg 768w, https:\/\/etab.ac-reunion.fr\/lyc-boisjoly-potier\/wp-content\/uploads\/sites\/112\/2020\/05\/reforest-140x94.jpg 140w\" sizes=\"(max-width: 773px) 100vw, 773px\" \/><\/a><\/figure><\/div>\n\n\n\n<figure class=\"wp-block-image size-large\"><a href=\"https:\/\/etab.ac-reunion.fr\/lyc-boisjoly-potier\/wp-content\/uploads\/sites\/112\/2020\/05\/IMG_1489-715x1024.jpg\"><img loading=\"lazy\" decoding=\"async\" width=\"715\" height=\"1024\" src=\"https:\/\/etab.ac-reunion.fr\/lyc-boisjoly-potier\/wp-content\/uploads\/sites\/112\/2020\/05\/IMG_1489-715x1024.jpg\" alt=\"\" class=\"wp-image-2136\" srcset=\"https:\/\/etab.ac-reunion.fr\/lyc-boisjoly-potier\/wp-content\/uploads\/sites\/112\/2020\/05\/IMG_1489-715x1024.jpg 715w, https:\/\/etab.ac-reunion.fr\/lyc-boisjoly-potier\/wp-content\/uploads\/sites\/112\/2020\/05\/IMG_1489-210x300.jpg 210w, https:\/\/etab.ac-reunion.fr\/lyc-boisjoly-potier\/wp-content\/uploads\/sites\/112\/2020\/05\/IMG_1489-768x1100.jpg 768w, https:\/\/etab.ac-reunion.fr\/lyc-boisjoly-potier\/wp-content\/uploads\/sites\/112\/2020\/05\/IMG_1489-1073x1536.jpg 1073w, https:\/\/etab.ac-reunion.fr\/lyc-boisjoly-potier\/wp-content\/uploads\/sites\/112\/2020\/05\/IMG_1489-1431x2048.jpg 1431w, https:\/\/etab.ac-reunion.fr\/lyc-boisjoly-potier\/wp-content\/uploads\/sites\/112\/2020\/05\/IMG_1489.jpg 1668w\" sizes=\"(max-width: 715px) 100vw, 715px\" \/><\/a><\/figure>\n\n\n\n<p class=\"has-text-align-center\"><strong>&#8212;&#8212;&#8212;&#8212;&#8212;&#8212;&#8212;&#8212;&#8212;&#8212;&#8212;&#8212;&#8212;&#8212;&#8212;&#8212;&#8212;&#8212;&#8212;&#8212;&#8212;&#8212;&#8212;&#8212;&#8212;&#8212;&#8212;&#8212;&#8212;&#8212;&#8212;&#8212;&#8212;&#8212;&#8212;&#8212;&#8212;&#8212;&#8211;<\/strong>&#8212;&#8212;&#8212;&#8212;&#8212;&#8211;<\/p>\n\n\n\n<p class=\"has-vivid-purple-color has-text-color\" style=\"font-size:33px\">ONG \u00ab\u00a0Terra Habilis\u00a0\u00bb :<\/p>\n\n\n\n<p class=\"has-vivid-purple-color has-text-color\" style=\"font-size:33px\"> collecte de mat\u00e9riel scolaire<\/p>\n\n\n\n<p>Le lyc\u00e9e Boisjoly Potier a pu soutenir des parents d&rsquo;\u00e9l\u00e8ves mobilis\u00e9s pour l&rsquo;ONG \u00ab\u00a0Terra Habilis\u00a0\u00bb, en collectant du mat\u00e9riel scolaire \u00e0 destination des \u00e9coliers des Comores et de Madagascar.<\/p>\n\n\n\n<p class=\"has-vivid-cyan-blue-color has-text-color\"><em>Cliquez sur l&rsquo;image pour agrandir<\/em><\/p>\n\n\n\n<figure class=\"wp-block-image size-large\"><a href=\"https:\/\/etab.ac-reunion.fr\/lyc-boisjoly-potier\/wp-content\/uploads\/sites\/112\/2020\/05\/collecte-effets-scolaires.pdf\"><img loading=\"lazy\" decoding=\"async\" width=\"785\" height=\"1024\" src=\"https:\/\/etab.ac-reunion.fr\/lyc-boisjoly-potier\/wp-content\/uploads\/sites\/112\/2020\/05\/Capture-d\u2019e\u0301cran-2020-05-26-a\u0300-10.06.11-785x1024.png\" alt=\"\" class=\"wp-image-2304\" srcset=\"https:\/\/etab.ac-reunion.fr\/lyc-boisjoly-potier\/wp-content\/uploads\/sites\/112\/2020\/05\/Capture-d\u2019e\u0301cran-2020-05-26-a\u0300-10.06.11-785x1024.png 785w, https:\/\/etab.ac-reunion.fr\/lyc-boisjoly-potier\/wp-content\/uploads\/sites\/112\/2020\/05\/Capture-d\u2019e\u0301cran-2020-05-26-a\u0300-10.06.11-230x300.png 230w, https:\/\/etab.ac-reunion.fr\/lyc-boisjoly-potier\/wp-content\/uploads\/sites\/112\/2020\/05\/Capture-d\u2019e\u0301cran-2020-05-26-a\u0300-10.06.11-768x1002.png 768w, https:\/\/etab.ac-reunion.fr\/lyc-boisjoly-potier\/wp-content\/uploads\/sites\/112\/2020\/05\/Capture-d\u2019e\u0301cran-2020-05-26-a\u0300-10.06.11-1177x1536.png 1177w, https:\/\/etab.ac-reunion.fr\/lyc-boisjoly-potier\/wp-content\/uploads\/sites\/112\/2020\/05\/Capture-d\u2019e\u0301cran-2020-05-26-a\u0300-10.06.11-1570x2048.png 1570w, https:\/\/etab.ac-reunion.fr\/lyc-boisjoly-potier\/wp-content\/uploads\/sites\/112\/2020\/05\/Capture-d\u2019e\u0301cran-2020-05-26-a\u0300-10.06.11.png 1576w\" sizes=\"(max-width: 785px) 100vw, 785px\" \/><\/a><\/figure>\n\n\n\n<p class=\"has-text-align-center\"><strong>&#8212;&#8212;&#8212;&#8212;&#8212;&#8212;&#8212;&#8212;&#8212;&#8212;&#8212;&#8212;&#8212;&#8212;&#8212;&#8212;&#8212;&#8212;&#8212;&#8212;&#8212;&#8212;&#8212;&#8212;&#8212;&#8212;&#8212;&#8212;&#8212;&#8212;&#8212;&#8212;&#8212;&#8212;&#8212;&#8212;&#8212;&#8212;&#8211;<\/strong>&#8212;&#8212;&#8212;&#8212;&#8212;&#8211;<\/p>\n\n\n\n<p class=\"has-vivid-purple-color has-text-color has-huge-font-size\">    Alternatiba<\/p>\n\n\n\n<p>\u00ab Le village des alternatives \u00bb : Les alternatives sont l\u00e0, tout pr\u00e8s de chez vous !<br>Le Tour Alternatiba sillonne la France et va \u00e0 la rencontre de celles et ceux qui construisent et<br>s\u2019indignent, se rencontrent et b\u00e2tissent ensemble les chemins qui permettront aux alternatives de devenir des normes : les \u00e9l\u00e8ves du lyc\u00e9e Boisjoly Potier en font partie !<br>Le 23 Novembre 2017 lors du salon ALTERNATIBA R\u00e9union, Les \u00e9l\u00e8ves de l\u2019EDEX \u00ab MPS<br>D\u00e9veloppement Durable \u00bb sont venus pr\u00e9senter les projets qu\u2019ils ont mis en place au lyc\u00e9e : R\u00e9alisation<br>d\u2019un mur v\u00e9g\u00e9tal \u00e0 partir de mat\u00e9riaux recycl\u00e9s, maquette d\u2019aquaponie, fonctionnement et entretien d\u2019un lombricomposteur, nourriture \u00e0 partager \u00ab Les Incroyables Comestibles \u00bb\u2026<br>Ils ont pu partager leur exp\u00e9rience avec les visiteurs mais aussi d\u00e9couvrir d\u2019autres projets durables<br>concernant l\u2019Ile de la R\u00e9union, en rencontrant et \u00e9changeant avec les autres exposants.<br>Vous les avez peut \u00eatre reconnus : ils sont pass\u00e9s au journal t\u00e9l\u00e9vis\u00e9 !<\/p>\n\n\n\n<figure class=\"wp-block-image size-large\"><img loading=\"lazy\" decoding=\"async\" width=\"715\" height=\"1024\" src=\"https:\/\/etab.ac-reunion.fr\/lyc-boisjoly-potier\/wp-content\/uploads\/sites\/112\/2020\/05\/Illustration_sans_titre-5-715x1024.jpg\" alt=\"\" class=\"wp-image-2349\" srcset=\"https:\/\/etab.ac-reunion.fr\/lyc-boisjoly-potier\/wp-content\/uploads\/sites\/112\/2020\/05\/Illustration_sans_titre-5-715x1024.jpg 715w, https:\/\/etab.ac-reunion.fr\/lyc-boisjoly-potier\/wp-content\/uploads\/sites\/112\/2020\/05\/Illustration_sans_titre-5-210x300.jpg 210w, https:\/\/etab.ac-reunion.fr\/lyc-boisjoly-potier\/wp-content\/uploads\/sites\/112\/2020\/05\/Illustration_sans_titre-5-768x1100.jpg 768w, https:\/\/etab.ac-reunion.fr\/lyc-boisjoly-potier\/wp-content\/uploads\/sites\/112\/2020\/05\/Illustration_sans_titre-5-1073x1536.jpg 1073w, https:\/\/etab.ac-reunion.fr\/lyc-boisjoly-potier\/wp-content\/uploads\/sites\/112\/2020\/05\/Illustration_sans_titre-5-1431x2048.jpg 1431w, https:\/\/etab.ac-reunion.fr\/lyc-boisjoly-potier\/wp-content\/uploads\/sites\/112\/2020\/05\/Illustration_sans_titre-5.jpg 1668w\" sizes=\"(max-width: 715px) 100vw, 715px\" \/><\/figure>\n\n\n\n<p class=\"has-text-align-center\"><strong>&#8212;&#8212;&#8212;&#8212;&#8212;&#8212;&#8212;&#8212;&#8212;&#8212;&#8212;&#8212;&#8212;&#8212;&#8212;&#8212;&#8212;&#8212;&#8212;&#8212;&#8212;&#8212;&#8212;&#8212;&#8212;&#8212;&#8212;&#8212;&#8212;&#8212;&#8212;&#8212;&#8212;&#8212;&#8212;&#8212;&#8212;&#8212;&#8211;<\/strong>&#8212;&#8212;&#8212;&#8212;&#8212;&#8211;<\/p>\n\n\n\n<p class=\"has-vivid-purple-color has-text-color has-large-font-size\">Sortie \u00e0 Mafate 2016<\/p>\n\n\n\n<p class=\"has-vivid-cyan-blue-color has-text-color\"><em>Cliquez sur l&rsquo;image pour lire la vid\u00e9o<\/em><\/p>\n\n\n\n<figure class=\"wp-block-image size-large\"><a href=\"https:\/\/drive.google.com\/file\/d\/1itIMbIbDC0hutNmE8BsSwVJEtSIpbk21\/view\"><img loading=\"lazy\" decoding=\"async\" width=\"1024\" height=\"577\" src=\"https:\/\/etab.ac-reunion.fr\/lyc-boisjoly-potier\/wp-content\/uploads\/sites\/112\/2020\/05\/Capture-d\u2019e\u0301cran-2020-05-26-a\u0300-10.01.01-1024x577.png\" alt=\"\" class=\"wp-image-2303\" srcset=\"https:\/\/etab.ac-reunion.fr\/lyc-boisjoly-potier\/wp-content\/uploads\/sites\/112\/2020\/05\/Capture-d\u2019e\u0301cran-2020-05-26-a\u0300-10.01.01-1024x577.png 1024w, https:\/\/etab.ac-reunion.fr\/lyc-boisjoly-potier\/wp-content\/uploads\/sites\/112\/2020\/05\/Capture-d\u2019e\u0301cran-2020-05-26-a\u0300-10.01.01-300x169.png 300w, https:\/\/etab.ac-reunion.fr\/lyc-boisjoly-potier\/wp-content\/uploads\/sites\/112\/2020\/05\/Capture-d\u2019e\u0301cran-2020-05-26-a\u0300-10.01.01-768x433.png 768w, https:\/\/etab.ac-reunion.fr\/lyc-boisjoly-potier\/wp-content\/uploads\/sites\/112\/2020\/05\/Capture-d\u2019e\u0301cran-2020-05-26-a\u0300-10.01.01-1536x865.png 1536w, https:\/\/etab.ac-reunion.fr\/lyc-boisjoly-potier\/wp-content\/uploads\/sites\/112\/2020\/05\/Capture-d\u2019e\u0301cran-2020-05-26-a\u0300-10.01.01-2048x1154.png 2048w, https:\/\/etab.ac-reunion.fr\/lyc-boisjoly-potier\/wp-content\/uploads\/sites\/112\/2020\/05\/Capture-d\u2019e\u0301cran-2020-05-26-a\u0300-10.01.01-95x54.png 95w\" sizes=\"(max-width: 1024px) 100vw, 1024px\" \/><\/a><\/figure>\n","protected":false},"excerpt":{"rendered":"<p>p Boite \u00e0 troc Les anciens casiers de la salle des professeurs ont \u00e9t\u00e9 customis\u00e9s par les Terminales Bac Pro avec l&rsquo;aide de leur professeur d&rsquo;art plastique : dans le cadre de leur \u00ab\u00a0chef-d&rsquo;oeuvre\u00a0\u00bb ils ont con\u00e7u des bo\u00eetes \u00e0 troc. Ceux qui le souhaitent peuvent d\u00e9poser un objet et en prendre un autre en [&hellip;]<\/p>\n","protected":false},"author":13029,"featured_media":0,"parent":0,"menu_order":0,"comment_status":"closed","ping_status":"closed","template":"","meta":{"_et_pb_use_builder":"","_et_pb_old_content":"","_et_gb_content_width":"","footnotes":""},"class_list":["post-2189","page","type-page","status-publish","hentry"],"_links":{"self":[{"href":"https:\/\/etab.ac-reunion.fr\/lyc-boisjoly-potier\/wp-json\/wp\/v2\/pages\/2189","targetHints":{"allow":["GET"]}}],"collection":[{"href":"https:\/\/etab.ac-reunion.fr\/lyc-boisjoly-potier\/wp-json\/wp\/v2\/pages"}],"about":[{"href":"https:\/\/etab.ac-reunion.fr\/lyc-boisjoly-potier\/wp-json\/wp\/v2\/types\/page"}],"author":[{"embeddable":true,"href":"https:\/\/etab.ac-reunion.fr\/lyc-boisjoly-potier\/wp-json\/wp\/v2\/users\/13029"}],"replies":[{"embeddable":true,"href":"https:\/\/etab.ac-reunion.fr\/lyc-boisjoly-potier\/wp-json\/wp\/v2\/comments?post=2189"}],"version-history":[{"count":23,"href":"https:\/\/etab.ac-reunion.fr\/lyc-boisjoly-potier\/wp-json\/wp\/v2\/pages\/2189\/revisions"}],"predecessor-version":[{"id":4155,"href":"https:\/\/etab.ac-reunion.fr\/lyc-boisjoly-potier\/wp-json\/wp\/v2\/pages\/2189\/revisions\/4155"}],"wp:attachment":[{"href":"https:\/\/etab.ac-reunion.fr\/lyc-boisjoly-potier\/wp-json\/wp\/v2\/media?parent=2189"}],"curies":[{"name":"wp","href":"https:\/\/api.w.org\/{rel}","templated":true}]}}