{"id":2489,"date":"2020-06-05T12:08:27","date_gmt":"2020-06-05T08:08:27","guid":{"rendered":"http:\/\/lycee-boisjoly-potier.ac-reunion.fr\/?page_id=2489"},"modified":"2023-06-19T10:14:29","modified_gmt":"2023-06-19T06:14:29","slug":"plan-de-developpement-europeen","status":"publish","type":"page","link":"https:\/\/etab.ac-reunion.fr\/lyc-boisjoly-potier\/plan-de-developpement-europeen\/","title":{"rendered":"Plan de d\u00e9veloppement international"},"content":{"rendered":"\n<p class=\"has-text-align-center has-luminous-vivid-orange-color has-text-color has-medium-font-size\">AXES POUR LE PLAN DE DEVELOPPEMENT ET D\u2019OUVERTURE<\/p>\n\n\n\n<p class=\"has-text-align-center has-luminous-vivid-orange-color has-text-color has-medium-font-size\">EUROPEEN + INTERNATIONAL<\/p>\n\n\n\n<p class=\"has-text-align-center has-luminous-vivid-orange-color has-text-color has-medium-font-size\">LYCEE BOISJOLY-POTIER<\/p>\n\n\n\n<p class=\"has-text-align-center has-luminous-vivid-orange-color has-text-color has-medium-font-size\">2020-2025&nbsp;<\/p>\n\n\n\n<p>Le plan de d\u00e9veloppement \u00e0 l\u2019ouverture nationale, europ\u00e9enne et internationale du lyc\u00e9e s&rsquo;appuie sur le projet strat\u00e9gique acad\u00e9mique et notamment sur l&rsquo;axe \u00ab&nbsp;Pr\u00e9parer l&rsquo;\u00e9l\u00e8ve \u00e0 ses responsabilit\u00e9s de futur citoyen, conscient des enjeux r\u00e9gionaux et ouvert au monde&nbsp;\u00bb et se d\u00e9cline en plusieurs axes:<\/p>\n\n\n\n<p class=\"has-vivid-red-color has-text-color has-normal-font-size\">1. ETAT DES LIEUX &#8211; DIAGNOSTIC<\/p>\n\n\n\n<p>Le lyc\u00e9e est \u00e0 la fois un lyc\u00e9e professionnel et un lyc\u00e9e g\u00e9n\u00e9ral et technologique.<\/p>\n\n\n\n<p>La population de notre \u00e9tablissement est issue de milieux modestes. Les parents sont souvent d\u00e9munis face aux difficult\u00e9s d\u2019apprentissage et de motivation de leurs enfants.<\/p>\n\n\n\n<p>Peu d\u2019\u00e9l\u00e8ves ont d\u00e9j\u00e0 eu l\u2019opportunit\u00e9 d\u2019effectuer un s\u00e9jour hors d\u00e9partement. Dans ce contexte, une ouverture europ\u00e9enne et \u00e0 l\u2019international est une opportunit\u00e9 \u00e0 saisir.<\/p>\n\n\n\n<p>L\u2019essentiel de nos \u00e9l\u00e8ves poursuivent leurs \u00e9tudes sur la R\u00e9union&nbsp;: sur une classe de terminale, seuls quelques \u00e9l\u00e8ves partent poursuivre leurs \u00e9tudes en m\u00e9tropole, tr\u00e8s rares sont ceux qui se lancent dans des \u00e9tudes \u00e0 l\u2019\u00e9tranger. Mais nous n\u2019avons pas forc\u00e9ment la visibilit\u00e9 sur la totalit\u00e9 de la dur\u00e9e de leurs \u00e9tudes.<\/p>\n\n\n\n<p>Exemple sur juin 2020&nbsp;:<\/p>\n\n\n\n<p>S\u00e9rie ES&nbsp;: 5 d\u00e9parts en m\u00e9tropole sur 2 classes.<\/p>\n\n\n\n<p>S\u00e9rie S&nbsp;: 8 d\u00e9parts en m\u00e9tropole, 1 en Australie sur deux classes<\/p>\n\n\n\n<p>S\u00e9rie L&nbsp;: 6 d\u00e9parts en m\u00e9tropole sur 1 classe.<\/p>\n\n\n\n<p>S\u00e9rie STMG 2 d\u00e9parts en m\u00e9tropole sur 2 classes.<\/p>\n\n\n\n<p>Le niveau de comp\u00e9tence en langues vivantes&nbsp;est tr\u00e8s moyen.<\/p>\n\n\n\n<p>A titre d\u2019exemples, quelques chiffres sur le lyc\u00e9e g\u00e9n\u00e9ral&nbsp;:<\/p>\n\n\n\n<p>Sur deux classes de Terminale, sur les livrets scolaires, prises en \u00e9chantillon nous trouvons les chiffres suivants.<\/p>\n\n\n\n<figure class=\"wp-block-image size-large\"><a href=\"https:\/\/etab.ac-reunion.fr\/lyc-boisjoly-potier\/wp-content\/uploads\/sites\/112\/2020\/06\/Capture-d%E2%80%99e%CC%81cran-2020-06-19-a%CC%80-13.19.02-2048x391.png\"><img loading=\"lazy\" decoding=\"async\" width=\"1024\" height=\"196\" src=\"https:\/\/etab.ac-reunion.fr\/lyc-boisjoly-potier\/wp-content\/uploads\/sites\/112\/2020\/06\/Capture-d\u2019e\u0301cran-2020-06-19-a\u0300-13.19.02-1024x196.png\" alt=\"\" class=\"wp-image-2906\" srcset=\"https:\/\/etab.ac-reunion.fr\/lyc-boisjoly-potier\/wp-content\/uploads\/sites\/112\/2020\/06\/Capture-d\u2019e\u0301cran-2020-06-19-a\u0300-13.19.02-1024x196.png 1024w, https:\/\/etab.ac-reunion.fr\/lyc-boisjoly-potier\/wp-content\/uploads\/sites\/112\/2020\/06\/Capture-d\u2019e\u0301cran-2020-06-19-a\u0300-13.19.02-300x57.png 300w, https:\/\/etab.ac-reunion.fr\/lyc-boisjoly-potier\/wp-content\/uploads\/sites\/112\/2020\/06\/Capture-d\u2019e\u0301cran-2020-06-19-a\u0300-13.19.02-768x147.png 768w, https:\/\/etab.ac-reunion.fr\/lyc-boisjoly-potier\/wp-content\/uploads\/sites\/112\/2020\/06\/Capture-d\u2019e\u0301cran-2020-06-19-a\u0300-13.19.02-1536x293.png 1536w, https:\/\/etab.ac-reunion.fr\/lyc-boisjoly-potier\/wp-content\/uploads\/sites\/112\/2020\/06\/Capture-d\u2019e\u0301cran-2020-06-19-a\u0300-13.19.02-2048x391.png 2048w\" sizes=\"(max-width: 1024px) 100vw, 1024px\" \/><\/a><\/figure>\n\n\n\n<figure class=\"wp-block-image size-large\"><a href=\"https:\/\/etab.ac-reunion.fr\/lyc-boisjoly-potier\/wp-content\/uploads\/sites\/112\/2020\/06\/Capture-d%E2%80%99e%CC%81cran-2020-06-19-a%CC%80-13.19.57-1024x198.png\"><img loading=\"lazy\" decoding=\"async\" width=\"1024\" height=\"198\" src=\"https:\/\/etab.ac-reunion.fr\/lyc-boisjoly-potier\/wp-content\/uploads\/sites\/112\/2020\/06\/Capture-d\u2019e\u0301cran-2020-06-19-a\u0300-13.19.57-1024x198.png\" alt=\"\" class=\"wp-image-2908\" srcset=\"https:\/\/etab.ac-reunion.fr\/lyc-boisjoly-potier\/wp-content\/uploads\/sites\/112\/2020\/06\/Capture-d\u2019e\u0301cran-2020-06-19-a\u0300-13.19.57-1024x198.png 1024w, https:\/\/etab.ac-reunion.fr\/lyc-boisjoly-potier\/wp-content\/uploads\/sites\/112\/2020\/06\/Capture-d\u2019e\u0301cran-2020-06-19-a\u0300-13.19.57-300x58.png 300w, https:\/\/etab.ac-reunion.fr\/lyc-boisjoly-potier\/wp-content\/uploads\/sites\/112\/2020\/06\/Capture-d\u2019e\u0301cran-2020-06-19-a\u0300-13.19.57-768x149.png 768w, https:\/\/etab.ac-reunion.fr\/lyc-boisjoly-potier\/wp-content\/uploads\/sites\/112\/2020\/06\/Capture-d\u2019e\u0301cran-2020-06-19-a\u0300-13.19.57-1536x297.png 1536w, https:\/\/etab.ac-reunion.fr\/lyc-boisjoly-potier\/wp-content\/uploads\/sites\/112\/2020\/06\/Capture-d\u2019e\u0301cran-2020-06-19-a\u0300-13.19.57-2048x396.png 2048w\" sizes=\"(max-width: 1024px) 100vw, 1024px\" \/><\/a><\/figure>\n\n\n\n<figure class=\"wp-block-image size-large\"><a href=\"https:\/\/etab.ac-reunion.fr\/lyc-boisjoly-potier\/wp-content\/uploads\/sites\/112\/2020\/06\/Capture-d%E2%80%99e%CC%81cran-2020-06-19-a%CC%80-13.21.08-1024x197.png\"><img loading=\"lazy\" decoding=\"async\" width=\"1024\" height=\"197\" src=\"https:\/\/etab.ac-reunion.fr\/lyc-boisjoly-potier\/wp-content\/uploads\/sites\/112\/2020\/06\/Capture-d\u2019e\u0301cran-2020-06-19-a\u0300-13.21.08-1024x197.png\" alt=\"\" class=\"wp-image-2909\" srcset=\"https:\/\/etab.ac-reunion.fr\/lyc-boisjoly-potier\/wp-content\/uploads\/sites\/112\/2020\/06\/Capture-d\u2019e\u0301cran-2020-06-19-a\u0300-13.21.08-1024x197.png 1024w, https:\/\/etab.ac-reunion.fr\/lyc-boisjoly-potier\/wp-content\/uploads\/sites\/112\/2020\/06\/Capture-d\u2019e\u0301cran-2020-06-19-a\u0300-13.21.08-300x58.png 300w, https:\/\/etab.ac-reunion.fr\/lyc-boisjoly-potier\/wp-content\/uploads\/sites\/112\/2020\/06\/Capture-d\u2019e\u0301cran-2020-06-19-a\u0300-13.21.08-768x148.png 768w, https:\/\/etab.ac-reunion.fr\/lyc-boisjoly-potier\/wp-content\/uploads\/sites\/112\/2020\/06\/Capture-d\u2019e\u0301cran-2020-06-19-a\u0300-13.21.08-1536x295.png 1536w, https:\/\/etab.ac-reunion.fr\/lyc-boisjoly-potier\/wp-content\/uploads\/sites\/112\/2020\/06\/Capture-d\u2019e\u0301cran-2020-06-19-a\u0300-13.21.08-2048x394.png 2048w\" sizes=\"(max-width: 1024px) 100vw, 1024px\" \/><\/a><\/figure>\n\n\n\n<p>Le niveau estim\u00e9 au lyc\u00e9e professionnel est encore plus bas.<\/p>\n\n\n\n<p class=\"has-vivid-red-color has-text-color has-normal-font-size\"><strong>Des sections d\u2019ouverture aux langues<\/strong><\/p>\n\n\n\n<p>Nous offrons deux sections europ\u00e9ennes&nbsp;: une en Anglais depuis 2011 et une en Espagnol. Une classe de 2<sup>e<\/sup> existe depuis 2014, 2<sup>e<\/sup> English time, dans laquelle plusieurs professeurs qui ont une certification DNL utilisent l\u2019anglais dans leur cours.<\/p>\n\n\n\n<p>La section DNL Anglais-Sciences rassemble actuellement environ 70 \u00e9l\u00e8ves de la Seconde \u00e0 la Terminale et la section DNL Espagnol-Histoire-G\u00e9o environ 30 \u00e9l\u00e8ves mais elle est appel\u00e9 \u00e0 se d\u00e9velopper.<\/p>\n\n\n\n<p class=\"has-vivid-red-color has-text-color has-normal-font-size\"><strong>&#8211; Une ouverture europ\u00e9enne&nbsp;dans le cadre Erasmus plus<\/strong><\/p>\n\n\n\n<p>Le lyc\u00e9e a diff\u00e9rents labels&nbsp;: label europ\u00e9en des langues 2015, label Euroscol en 2019<\/p>\n\n\n\n<p>Nous avons une reconnaissance acad\u00e9mique&nbsp;de nos actions&nbsp;: 1er prix au concours acad\u00e9mique Erasmus+ 30 ans d\u00e9j\u00e0 dans la cat\u00e9gorie KA1 Enseignement scolaire (diss\u00e9mination dans le cadre du consortium acad\u00e9mique, action 1er forum d&rsquo;\u00e9change des pratiques p\u00e9dagogiques)<\/p>\n\n\n\n<p>Des projets de type KA1 et KA2 r\u00e9alis\u00e9s ou en cours&nbsp;: &nbsp;2 KA2 achev\u00e9s, 1 KA2en cours, 2 KA2 \u00e9crits soumis et donc \u00e0 venir, 1 KA1 achev\u00e9, un consortium KA1 achev\u00e9, 1 KA1 en cours, 1 KA1 d\u00e9fi Pro en cours \u00f0 multiplication des actions<\/p>\n\n\n\n<p>Le lyc\u00e9e accueille r\u00e9guli\u00e8rement des coll\u00e8gues europ\u00e9ens venus en jobshadowing (Sur 2019-2021&nbsp;: une Finlandaise en f\u00e9vrier 2020, une autre en novembre 2020, un Portugais en septembre 2020)<\/p>\n\n\n\n<p>Nous avons des contacts r\u00e9guliers avec la DAREIC qui nous aide dans la mise en place des projets.<strong><\/strong><\/p>\n\n\n\n<p class=\"has-vivid-red-color has-text-color has-normal-font-size\"><strong>&#8211; Une ouverture internationale<\/strong><\/p>\n\n\n\n<p>&#8211; Quelques voyages culturels et linguistiques ont \u00e9t\u00e9 effectu\u00e9s&nbsp;: Espagne 2019 &lt; 30 \u00e9l\u00e8ves \u00e0 la fois du lyc\u00e9e g\u00e9n\u00e9ral et technologique et du lyc\u00e9e professionnel.<\/p>\n\n\n\n<p>&#8211; Les \u00e9l\u00e8ves de BTS ont effectu\u00e9 leur stage en Afrique du Sud en 2018&nbsp;<\/p>\n\n\n\n<p>&#8211; Chaque ann\u00e9e depuis 2011, une cohorte d\u2019\u00e9l\u00e8ves effectue un s\u00e9jour d\u2019\u00e9tudes \u00e0 Maurice et Rodrigues sur le th\u00e8me du d\u00e9veloppement durable.<\/p>\n\n\n\n<p>&#8211; En 2018-9, des \u00e9l\u00e8ves du lyc\u00e9e professionnel sont partis en s\u00e9jour \u00e0 Rodrigues.<\/p>\n\n\n\n<p>&#8211; Le lyc\u00e9e accueille tous les ans depuis 7ans une assistante de langue anglophone (canadienne, am\u00e9ricaine, anglaise&#8230;)<\/p>\n\n\n\n<p class=\"has-vivid-red-color has-text-color has-normal-font-size\">2. PILOTAGE<\/p>\n\n\n\n<p>Un comit\u00e9 de pilotage encadre la politique d\u2019ouverture du lyc\u00e9e.<\/p>\n\n\n\n<p>Il est compos\u00e9 de&nbsp;la direction (proviseure, proviseurs-adjoints, gestionnaire, chef de travaux), de l\u2019ERAIE et d\u2019enseignants.<\/p>\n\n\n\n<p>Les enseignants peuvent \u00eatre porteurs de projets et leaders dans leur projet.<\/p>\n\n\n\n<p>Le comit\u00e9 de pilotage se r\u00e9unit r\u00e9guli\u00e8rement de fa\u00e7on informelle et travaille de fa\u00e7on collaborative&nbsp;: il mutualise les id\u00e9es et \u00e9nergies. Des r\u00e9unions formelles ponctuelles sont organis\u00e9es en fonction des besoins et des diff\u00e9rents projets.<\/p>\n\n\n\n<p>Le socle de ce comit\u00e9 de pilotage permet de lancer diff\u00e9rents projets&nbsp;d&rsquo;ouverture internationale, de suivre les projets en cours, d&rsquo;identifier de nouveaux objectifs. <strong><\/strong><\/p>\n\n\n\n<p>Les missions du comit\u00e9 de pilotage sont :<\/p>\n\n\n\n<p>\u2028- L\u2019impulsion et la coordination des actions d\u2019ouverture et de mobilit\u00e9.<\/p>\n\n\n\n<p>&#8211; L\u2019information et l\u2019accompagnement des porteurs de projets.<\/p>\n\n\n\n<p>\u2028- L\u2019\u00e9valuation et le bilan des actions et des mobilit\u00e9s.<\/p>\n\n\n\n<p>\u2028- La valorisation interne et la diffusion et diss\u00e9mination \u00e0 l\u2019externe.<\/p>\n\n\n\n<p class=\"has-vivid-red-color has-text-color has-normal-font-size\">3. LES OBJECTIFS DE NOTRE POLITIQUE D\u2019OUVERTURE<\/p>\n\n\n\n<p class=\"has-vivid-purple-color has-text-color\">1) FAVORISER LA REUSSITE DES ELEVES PAR L&rsquo;OUVERTURE, NATIONALE EUROPEENNE ET INTERNATIONALE.<\/p>\n\n\n\n<p>&#8211; D\u00e9velopper l\u2019ouverture culturelle des \u00e9l\u00e8ves gr\u00e2ce \u00e0 des mobilit\u00e9s, am\u00e9liorer leur culture g\u00e9n\u00e9rale<\/p>\n\n\n\n<p>&#8211; Favoriser&nbsp; les \u00e9changes \u00e0 caract\u00e8re linguistique dans la zone oc\u00e9an indien et en Europe et d\u00e9couvrir d&rsquo;autres cultures.<\/p>\n\n\n\n<p>&#8211; &nbsp;Se pr\u00e9parer aux \u00e9tudes sup\u00e9rieures et \u00e0 l\u2019emploi en suivant un enseignement en langue \u00e9trang\u00e8re. D\u00e9velopper la dimension internationale dans les parcours de formation.<\/p>\n\n\n\n<p>&#8211; D\u00e9velopper l\u2019id\u00e9e d\u2019une mobilit\u00e9 choisie et&nbsp; r\u00e9ussie et s\u2019inscrire dans une d\u00e9marche de progr\u00e8s personnel, et encourager les projets professionnels.<\/p>\n\n\n\n<p>&#8211; Lever les craintes et aider au rayonnement personnel de nos \u00e9l\u00e8ves.<\/p>\n\n\n\n<p class=\"has-vivid-purple-color has-text-color has-normal-font-size\">2) FAVORISER LA REUSSITE DES ELEVES PAR L&rsquo;EVOLUTION DES PRATIQUES PEDAGOGIQUES ET UN APPRENTISSAGE RENFORCE DES LANGUES VIVANTES.<\/p>\n\n\n\n<p>&#8211; D\u00e9velopper les pratiques interdisciplinaires et innovantes.<\/p>\n\n\n\n<p>&#8211; Dynamiser l\u2019enseignement des langues vivantes.<\/p>\n\n\n\n<p>&#8211; Augmenter l\u2019exposition \u00e0 la langue de nos \u00e9l\u00e8ves par tous les moyens (projets ewtinning, assistants de langue, journ\u00e9es des langues&#8230;&#8230;.)<\/p>\n\n\n\n<p class=\"has-vivid-purple-color has-text-color has-normal-font-size\">3) AM\u00c9LIORER LA FORMATION DU PERSONNEL ADULTE ET SON OUVERTURE<\/p>\n\n\n\n<p>&#8211; Favoriser le travail en \u00e9quipe et les projets interdisciplinaires.<\/p>\n\n\n\n<p>&#8211; Encourager et soutenir les \u00e9volutions professionnelles et le niveau de qualification des enseignants.<\/p>\n\n\n\n<p>&#8211; Acqu\u00e9rir des comp\u00e9tences de coop\u00e9ration avec des coll\u00e8gues \u00e9trangers. (accueil des coll\u00e8gues venus visiter les lyc\u00e9es, \u00e9changes de pratiques, construction de projets&#8230;)<\/p>\n\n\n\n<p>&#8211; Participer \u00e0 la politique de diss\u00e9mination au sein de l&rsquo;\u00e9tablissement, de l&rsquo;acad\u00e9mie et au-del\u00e0 des acquis lors des formations \u00e0 l\u2019\u00e9tranger gr\u00e2ce \u00e0 la mise en place des Forums d\u2019\u00e9changes de pratiques r\u00e9guliers.<\/p>\n\n\n\n<p>&#8211;&nbsp; Former les acteurs de l\u2019ouverture de l\u2019\u00e9tablissement : personnels de direction, personnels administratifs et de gestion, enseignants, coordonnateurs, r\u00e9f\u00e9rents, CPE.<\/p>\n\n\n\n<p class=\"has-vivid-purple-color has-text-color has-normal-font-size\">4) D\u00c9VELOPPER LA CULTURE SCIENTIFIQUE DE NOS \u00c9L\u00c8VES<\/p>\n\n\n\n<p>&#8211; D\u00e9velopper la culture de l\u2019\u00e9change scientifique de nos \u00e9l\u00e8ves<\/p>\n\n\n\n<p>Tous ces objectifs touchent \u00e0 la fois des comp\u00e9tences de savoirs et de savoir-\u00eatre pour nos \u00e9l\u00e8ves.<\/p>\n\n\n\n<p class=\"has-vivid-red-color has-text-color has-normal-font-size\">4. LES AXES DE PROGR\u00c8S : UNE STRATEGIE BAC &#8211; 3\/ BAC + 3&nbsp;<\/p>\n\n\n\n<p>Ces actions s\u2019inscrivent dans le parcours citoyen de formation et s\u2019inscrivent aussi dans le projet strat\u00e9gique acad\u00e9mique et notamment sur l&rsquo;axe \u00ab&nbsp;Pr\u00e9parer l&rsquo;\u00e9l\u00e8ve \u00e0 ses responsabilit\u00e9s de futur citoyen, conscient des enjeux r\u00e9gionaux et ouvert au monde&nbsp;\u00bb<\/p>\n\n\n\n<p>L\u2019essentiel des projets portant actuellement sur le lyc\u00e9e g\u00e9n\u00e9ral, nous souhaiterions d\u00e9velopper ces ouvertures sur le lyc\u00e9e professionnel et sur les sections d\u2019enseignement sup\u00e9rieur. Notre strat\u00e9gie se d\u00e9cline donc sur un Bac -3 \/ + 3.<\/p>\n\n\n\n<p><strong><u>BAC \u2013 3&nbsp;<\/u><\/strong><\/p>\n\n\n\n<p>&#8211; Sur l\u2019ensemble de l\u2019\u00e9tablissement<\/p>\n\n\n\n<p>&#8211;&nbsp;&nbsp;&nbsp;&nbsp; am\u00e9liorer le niveau global des \u00e9l\u00e8ves du lyc\u00e9e&nbsp;:<\/p>\n\n\n\n<p>Augmenter les indicateurs d\u2019\u00e9l\u00e8ves ayant valid\u00e9 les comp\u00e9tences B1 et en B2.<\/p>\n\n\n\n<ul class=\"wp-block-list\">\n<li>meilleure r\u00e9partition des \u00e9l\u00e8ves concern\u00e9s par les diff\u00e9rents projets d\u2019ouverture entre le lyc\u00e9e g\u00e9n\u00e9ral, technologique et le lyc\u00e9e professionnel<\/li>\n\n\n\n<li>renforcer la liaison coll\u00e8ge \/ lyc\u00e9e<\/li>\n\n\n\n<li>d\u00e9velopper les partenariats etwinning au sein de l\u2019\u00e9tablissement&nbsp;: engager tous les professeurs de langue dans au moins un partenariat par an, ce afin d\u2019augmenter le bain linguistique offert \u00e0 nos \u00e9l\u00e8ves<\/li>\n<\/ul>\n\n\n\n<p>&#8211; Sections d\u2019enseignement g\u00e9n\u00e9ral et technologique<\/p>\n\n\n\n<p>&nbsp;&nbsp;&nbsp;&nbsp;&nbsp;&nbsp;&nbsp;&nbsp;&nbsp;&nbsp;&nbsp; &#8211;&nbsp;&nbsp;&nbsp;&nbsp; poursuite des projets d\u2019ouverture europ\u00e9enne type KA2<\/p>\n\n\n\n<p>&#8211;&nbsp;&nbsp;&nbsp; organisation ponctuelle de s\u00e9jours linguistiques et culturels dans la zone Oc\u00e9an Indien&nbsp;(Maurice-Rodrigues, Afrique du Sud, Kenya, Madagascar&#8230;)<\/p>\n\n\n\n<p>&#8211;&nbsp;&nbsp;&nbsp; ouverture d\u2019une Section Europ\u00e9enne Espagnol&nbsp; (et non plus DNL)<\/p>\n\n\n\n<p>&#8211; Sections d\u2019enseignement professionnel<\/p>\n\n\n\n<p>&#8211; &nbsp;&nbsp;r\u00e9activation de la section europ\u00e9enne anglais au lyc\u00e9e professionnel (projet en r\u00e9flexion)&nbsp;<\/p>\n\n\n\n<p>&#8211;&nbsp;&nbsp; renforcer la partie mobilit\u00e9 du lyc\u00e9e professionnel<\/p>\n\n\n\n<p><strong><u>BAC +3<\/u><\/strong><\/p>\n\n\n\n<p>&#8211; Section BTS<\/p>\n\n\n\n<p>&#8211; \u00e9vcriture en 2021 de la Charte Erasmus Plus<\/p>\n\n\n\n<p>&#8211; envoi d\u00e8s 2011-2 d\u2019\u00e9l\u00e8ves de BTS en Stage en Europe&nbsp;<\/p>\n\n\n\n<p>&#8211; Pour nos \u00e9l\u00e8ves ayant quitt\u00e9 le lyc\u00e9e<\/p>\n\n\n\n<p>&nbsp;&nbsp;&nbsp;&nbsp;&nbsp;&nbsp;&nbsp;&nbsp;&nbsp;&nbsp;&nbsp; &#8211; lever les craintes sur la poursuite d\u2019\u00e9tudes hors de la R\u00e9union<\/p>\n\n\n\n<p>&nbsp;&nbsp;&nbsp;&nbsp;&nbsp;&nbsp;&nbsp;&nbsp;&nbsp;&nbsp;&nbsp; &#8211; avoir acquis un niveau de langue suffisant pour pouvoir le faire. (niveau B2)<\/p>\n\n\n\n<p>&nbsp;&nbsp;&nbsp;&nbsp;&nbsp;&nbsp;&nbsp;&nbsp;&nbsp;&nbsp;&nbsp; &#8211; renforcer la liaison lyc\u00e9e \/ \u00e9tudes sup\u00e9rieures, en favorisant la mise en relation de nos \u00e9l\u00e8ves avec des anciens partis eux-m\u00eames faire leurs \u00e9tudes en mobilit\u00e9.<\/p>\n\n\n\n<p class=\"has-vivid-red-color has-text-color has-normal-font-size\">5. EVALUATION DES ACTIONS ET SUIVI ADMINISTRATIF<\/p>\n\n\n\n<p>&#8211; Des crit\u00e8res d\u2019\u00e9valuation quantitative peuvent \u00eatre \u00e9valu\u00e9s&nbsp;: nombre d\u2019\u00e9l\u00e8ves inscrits en section europ\u00e9enne,&nbsp; nombre d\u2019\u00e9l\u00e8ves partis en stage \u00e0 l\u2019international en BTS, nombre d\u2019\u00e9l\u00e8ves partis en voyage scolaire en m\u00e9tropole ou \u00e0 l\u2019international.<\/p>\n\n\n\n<p>On peut aussi \u00e9valuer le nombre de personnel (enseignants et direction) partis en formation.<\/p>\n\n\n\n<p>Le tableau ci-dessous donne les objectifs \u00e0 atteindre et des indicateurs de suivi possibles<\/p>\n\n\n\n<figure class=\"wp-block-image size-large\"><a href=\"https:\/\/etab.ac-reunion.fr\/lyc-boisjoly-potier\/wp-content\/uploads\/sites\/112\/2020\/06\/Capture-d%E2%80%99e%CC%81cran-2020-06-19-a%CC%80-13.27.13-1024x668.png\"><img loading=\"lazy\" decoding=\"async\" width=\"1024\" height=\"668\" src=\"https:\/\/etab.ac-reunion.fr\/lyc-boisjoly-potier\/wp-content\/uploads\/sites\/112\/2020\/06\/Capture-d\u2019e\u0301cran-2020-06-19-a\u0300-13.27.13-1024x668.png\" alt=\"\" class=\"wp-image-2915\" srcset=\"https:\/\/etab.ac-reunion.fr\/lyc-boisjoly-potier\/wp-content\/uploads\/sites\/112\/2020\/06\/Capture-d\u2019e\u0301cran-2020-06-19-a\u0300-13.27.13-1024x668.png 1024w, https:\/\/etab.ac-reunion.fr\/lyc-boisjoly-potier\/wp-content\/uploads\/sites\/112\/2020\/06\/Capture-d\u2019e\u0301cran-2020-06-19-a\u0300-13.27.13-300x196.png 300w, https:\/\/etab.ac-reunion.fr\/lyc-boisjoly-potier\/wp-content\/uploads\/sites\/112\/2020\/06\/Capture-d\u2019e\u0301cran-2020-06-19-a\u0300-13.27.13-768x501.png 768w, https:\/\/etab.ac-reunion.fr\/lyc-boisjoly-potier\/wp-content\/uploads\/sites\/112\/2020\/06\/Capture-d\u2019e\u0301cran-2020-06-19-a\u0300-13.27.13-1536x1002.png 1536w, https:\/\/etab.ac-reunion.fr\/lyc-boisjoly-potier\/wp-content\/uploads\/sites\/112\/2020\/06\/Capture-d\u2019e\u0301cran-2020-06-19-a\u0300-13.27.13-248x162.png 248w, https:\/\/etab.ac-reunion.fr\/lyc-boisjoly-potier\/wp-content\/uploads\/sites\/112\/2020\/06\/Capture-d\u2019e\u0301cran-2020-06-19-a\u0300-13.27.13-207x136.png 207w, https:\/\/etab.ac-reunion.fr\/lyc-boisjoly-potier\/wp-content\/uploads\/sites\/112\/2020\/06\/Capture-d\u2019e\u0301cran-2020-06-19-a\u0300-13.27.13-260x170.png 260w, https:\/\/etab.ac-reunion.fr\/lyc-boisjoly-potier\/wp-content\/uploads\/sites\/112\/2020\/06\/Capture-d\u2019e\u0301cran-2020-06-19-a\u0300-13.27.13.png 1962w\" sizes=\"(max-width: 1024px) 100vw, 1024px\" \/><\/a><\/figure>\n\n\n\n<figure class=\"wp-block-image size-large\"><a href=\"https:\/\/etab.ac-reunion.fr\/lyc-boisjoly-potier\/wp-content\/uploads\/sites\/112\/2020\/06\/Capture-d%E2%80%99e%CC%81cran-2020-06-19-a%CC%80-13.27.22-1024x320.png\"><img loading=\"lazy\" decoding=\"async\" width=\"1024\" height=\"320\" src=\"https:\/\/etab.ac-reunion.fr\/lyc-boisjoly-potier\/wp-content\/uploads\/sites\/112\/2020\/06\/Capture-d\u2019e\u0301cran-2020-06-19-a\u0300-13.27.22-1024x320.png\" alt=\"\" class=\"wp-image-2916\" srcset=\"https:\/\/etab.ac-reunion.fr\/lyc-boisjoly-potier\/wp-content\/uploads\/sites\/112\/2020\/06\/Capture-d\u2019e\u0301cran-2020-06-19-a\u0300-13.27.22-1024x320.png 1024w, https:\/\/etab.ac-reunion.fr\/lyc-boisjoly-potier\/wp-content\/uploads\/sites\/112\/2020\/06\/Capture-d\u2019e\u0301cran-2020-06-19-a\u0300-13.27.22-300x94.png 300w, https:\/\/etab.ac-reunion.fr\/lyc-boisjoly-potier\/wp-content\/uploads\/sites\/112\/2020\/06\/Capture-d\u2019e\u0301cran-2020-06-19-a\u0300-13.27.22-768x240.png 768w, https:\/\/etab.ac-reunion.fr\/lyc-boisjoly-potier\/wp-content\/uploads\/sites\/112\/2020\/06\/Capture-d\u2019e\u0301cran-2020-06-19-a\u0300-13.27.22-1536x480.png 1536w, https:\/\/etab.ac-reunion.fr\/lyc-boisjoly-potier\/wp-content\/uploads\/sites\/112\/2020\/06\/Capture-d\u2019e\u0301cran-2020-06-19-a\u0300-13.27.22.png 1958w\" sizes=\"(max-width: 1024px) 100vw, 1024px\" \/><\/a><\/figure>\n\n\n\n<p>&#8211; Chaque projet men\u00e9 donne lieu \u00e0 une \u00e9valuation synth\u00e9tique qui permet d\u2019en mesurer la port\u00e9e. Ce bilan est r\u00e9dig\u00e9 par le porteur de projet.<strong><\/strong><\/p>\n\n\n\n<p>&#8211; Un bilan financier de chaque projet est \u00e9galement transmis au gestionnaire par le porteur de projet.<\/p>\n\n\n\n<p>&#8211; Le site du lyc\u00e9e met en valeur les diff\u00e9rents projets effectu\u00e9s et r\u00e9alis\u00e9s.<\/p>\n\n\n\n<p><a href=\"https:\/\/etab.ac-reunion.fr\/lyc-boisjoly-potier\/\">https:\/\/etab.ac-reunion.fr\/lyc-boisjoly-potier\/<\/a><\/p>\n\n\n\n<div style=\"height:100px\" aria-hidden=\"true\" class=\"wp-block-spacer\"><\/div>\n","protected":false},"excerpt":{"rendered":"<p>AXES POUR LE PLAN DE DEVELOPPEMENT ET D\u2019OUVERTURE EUROPEEN + INTERNATIONAL LYCEE BOISJOLY-POTIER 2020-2025&nbsp; Le plan de d\u00e9veloppement \u00e0 l\u2019ouverture nationale, europ\u00e9enne et internationale du lyc\u00e9e s&rsquo;appuie sur le projet strat\u00e9gique acad\u00e9mique et notamment sur l&rsquo;axe \u00ab&nbsp;Pr\u00e9parer l&rsquo;\u00e9l\u00e8ve \u00e0 ses responsabilit\u00e9s de futur citoyen, conscient des enjeux r\u00e9gionaux et ouvert au monde&nbsp;\u00bb et se d\u00e9cline [&hellip;]<\/p>\n","protected":false},"author":13029,"featured_media":0,"parent":0,"menu_order":0,"comment_status":"closed","ping_status":"closed","template":"","meta":{"_et_pb_use_builder":"","_et_pb_old_content":"","_et_gb_content_width":"1080","footnotes":""},"class_list":["post-2489","page","type-page","status-publish","hentry"],"_links":{"self":[{"href":"https:\/\/etab.ac-reunion.fr\/lyc-boisjoly-potier\/wp-json\/wp\/v2\/pages\/2489","targetHints":{"allow":["GET"]}}],"collection":[{"href":"https:\/\/etab.ac-reunion.fr\/lyc-boisjoly-potier\/wp-json\/wp\/v2\/pages"}],"about":[{"href":"https:\/\/etab.ac-reunion.fr\/lyc-boisjoly-potier\/wp-json\/wp\/v2\/types\/page"}],"author":[{"embeddable":true,"href":"https:\/\/etab.ac-reunion.fr\/lyc-boisjoly-potier\/wp-json\/wp\/v2\/users\/13029"}],"replies":[{"embeddable":true,"href":"https:\/\/etab.ac-reunion.fr\/lyc-boisjoly-potier\/wp-json\/wp\/v2\/comments?post=2489"}],"version-history":[{"count":12,"href":"https:\/\/etab.ac-reunion.fr\/lyc-boisjoly-potier\/wp-json\/wp\/v2\/pages\/2489\/revisions"}],"predecessor-version":[{"id":6373,"href":"https:\/\/etab.ac-reunion.fr\/lyc-boisjoly-potier\/wp-json\/wp\/v2\/pages\/2489\/revisions\/6373"}],"wp:attachment":[{"href":"https:\/\/etab.ac-reunion.fr\/lyc-boisjoly-potier\/wp-json\/wp\/v2\/media?parent=2489"}],"curies":[{"name":"wp","href":"https:\/\/api.w.org\/{rel}","templated":true}]}}