{"id":276,"date":"2015-03-30T07:06:48","date_gmt":"2015-03-30T03:06:48","guid":{"rendered":"http:\/\/lycee-boisjoly-potier.ac-reunion.fr\/?page_id=276"},"modified":"2023-06-12T08:27:06","modified_gmt":"2023-06-12T04:27:06","slug":"bts-assistant-manager","status":"publish","type":"page","link":"https:\/\/etab.ac-reunion.fr\/lyc-boisjoly-potier\/formation-post-bac\/bts-assistant-manager\/","title":{"rendered":"BTS Support \u00e0 l&rsquo;Action Manag\u00e9riale"},"content":{"rendered":"\n<p>Le BTS Support \u00e0 l\u2019Action Manag\u00e9riale (SAM) est une&nbsp;formation polyvalente et \u00e0 vocation internationale&nbsp;qui permet d\u2019assurer des missions d\u2019interface, de coordination et d\u2019organisation&nbsp;dans le&nbsp;domaine administratif.<\/p>\n\n\n\n<figure class=\"wp-block-embed is-type-video is-provider-youtube wp-block-embed-youtube wp-embed-aspect-16-9 wp-has-aspect-ratio\"><div class=\"wp-block-embed__wrapper\">\n<script>document.addEventListener('DOMContentLoaded', function() {(tarteaucitron.job = tarteaucitron.job || []).push('youtube');});<\/script><div class=\"youtube_player\" videoID=\"2puSnn_bEIk\" width=\"100%\" height=\"100%\" style=\"height:50vw\" theme=\"light\" rel=\"0\" controls=\"1\" showinfo=\"1\" autoplay=\"0\"><\/div>\n<\/div><\/figure>\n\n\n\n<ul class=\"wp-block-list\">\n<li>Dipl\u00f4me d&rsquo;Etat post-bac<\/li>\n\n\n\n<li>Dur\u00e9e de la formation : 2 ans<\/li>\n\n\n\n<li>Niveau terminal d&rsquo;\u00e9tudes : Bac + 2<\/li>\n<\/ul>\n\n\n\n<p>L\u2019obtention du BTS SAM permet d\u2019int\u00e9grer&nbsp;tout type d\u2019organisation&nbsp;(entreprises, administrations publiques, associations)&nbsp;et de secteurs d\u2019activit\u00e9s, en France comme \u00e0 l\u2019international, afin :<\/p>\n\n\n\n<ul class=\"wp-block-list\">\n<li>d\u2019apporter&nbsp;son appui dans le domaine administratif&nbsp;\u00e0 un ou plusieurs cadres, \u00e0 une \u00e9quipe projet ou au personnel d\u2019une organisation,<\/li>\n\n\n\n<li>de contribuer \u00e0 la&nbsp;productivit\u00e9 et&nbsp;\u00e0 l\u2019image de l\u2019organisation&nbsp;ainsi qu\u2019au&nbsp;d\u00e9veloppement du&nbsp;travail collaboratif,<\/li>\n\n\n\n<li>d\u2019assurer la&nbsp;gestion de dossiers&nbsp;et contribuer \u00e0 l\u2019am\u00e9lioration des processus administratifs, impliquant des membres de l\u2019organisation et des partenaires ext\u00e9rieurs.<\/li>\n<\/ul>\n\n\n\n<div data-wp-interactive=\"core\/file\" class=\"wp-block-file\"><object data-wp-bind--hidden=\"!state.hasPdfPreview\" hidden class=\"wp-block-file__embed\" data=\"https:\/\/etab.ac-reunion.fr\/lyc-boisjoly-potier\/wp-content\/uploads\/sites\/112\/2023\/05\/Catalogue-de-cours-SAM.pdf\" type=\"application\/pdf\" style=\"width:100%;height:600px\" aria-label=\"Contenu embarqu\u00e9 Catalogue-de-cours-SAM.\"><\/object><a id=\"wp-block-file--media-f6aced96-fbb4-42c0-95c9-4f500270ecd9\" href=\"https:\/\/etab.ac-reunion.fr\/lyc-boisjoly-potier\/wp-content\/uploads\/sites\/112\/2023\/05\/Catalogue-de-cours-SAM.pdf\">Catalogue-de-cours-SAM<\/a><a href=\"https:\/\/etab.ac-reunion.fr\/lyc-boisjoly-potier\/wp-content\/uploads\/sites\/112\/2023\/05\/Catalogue-de-cours-SAM.pdf\" class=\"wp-block-file__button wp-element-button\" download aria-describedby=\"wp-block-file--media-f6aced96-fbb4-42c0-95c9-4f500270ecd9\">T\u00e9l\u00e9charger<\/a><\/div>\n\n\n\n<h1 class=\"wp-block-heading\">Le profil des \u00e9tudiants en SAM&nbsp;:<\/h1>\n\n\n\n<ul class=\"wp-block-list\">\n<li>autonomie,<\/li>\n\n\n\n<li>capacit\u00e9 \u00e0 prendre des initiatives et \u00eatre force de propositions,\n<ul class=\"wp-block-list\">\n<li><\/li>\n<\/ul>\n<\/li>\n\n\n\n<li>adaptabilit\u00e9, r\u00e9activit\u00e9 face aux sollicitations imm\u00e9diates,<\/li>\n\n\n\n<li>respect de la confidentialit\u00e9 dans les informations recueillies et transmises,<\/li>\n\n\n\n<li>rigueur dans l\u2019organisation des t\u00e2ches,<\/li>\n\n\n\n<li>aisance dans la communication \u00e9crite et orale,<\/li>\n\n\n\n<li>ma\u00eetrise des technologies de l\u2019information et de la communication,<\/li>\n\n\n\n<li>travail en \u00e9quipe.<\/li>\n<\/ul>\n\n\n\n<h1 class=\"wp-block-heading\">Les d\u00e9bouch\u00e9s<\/h1>\n\n\n\n<p>Les emplois d\u2019office manager concernent tout type et toute taille d\u2019organisations (entreprises, associations, administrations, autres organismes publics et priv\u00e9s) nationaux ou internationaux.<\/p>\n\n\n\n<p>Les appellations les plus fr\u00e9quentes pratiqu\u00e9es par les organisations sont les suivantes :<\/p>\n\n\n\n<p>&#8211; Assistant de direction,<\/p>\n\n\n\n<p>&#8211; Assistant d\u2019\u00e9quipe, assistant de groupe projet,<\/p>\n\n\n\n<p>&#8211; Assistant RH, assistant commercial, assistant en communication,<\/p>\n\n\n\n<p>&#8211; Charg\u00e9 de recrutement, de formation, de relations internationales\u2026<\/p>\n\n\n\n<p>&#8211; Technicien ou adjoint administratif,<\/p>\n\n\n\n<p>&#8211; Gestionnaire : protection sociale, billetterie\u2026<\/p>\n\n\n\n<h1 class=\"wp-block-heading\">La poursuite d\u2019\u00e9tudes<\/h1>\n\n\n\n<p>Le BTS a pour objectif l&rsquo;insertion professionnelle mais avec un bon dossier, une poursuite d&rsquo;\u00e9tudes est envisageable :<\/p>\n\n\n\n<ul class=\"wp-block-list\">\n<li><strong>En licence professionnelle : <\/strong>Bachelor RH (CCIR), Master (IAE), Management et gestion des organisations (IAE), licence \u00e0 l\u2019universit\u00e9 ;<\/li>\n\n\n\n<li><strong>En licence Communication : <\/strong>L3 \u00e0 l\u2019universit\u00e9 avec tr\u00e8s bon dossier ou\/et examen d\u2019entr\u00e9e ;<\/li>\n\n\n\n<li><strong>Pour les autres licences \u00e0 l\u2019universit\u00e9, avec un tr\u00e8s bon dossier possibilit\u00e9 d\u2019int\u00e9grer L2 : <\/strong>en AES, en langues\u2026<\/li>\n\n\n\n<li>Il est \u00e9galement tout \u00e0 fait possible de poursuivre des \u00e9tudes dans des secteurs tels que <strong>le tourisme, la banque et l\u2019assurance.<\/strong><\/li>\n<\/ul>\n\n\n\n<p>Quelques exemples de formation apr\u00e8s le BTS&nbsp;:<\/p>\n\n\n\n<p>\u009e <strong>En formation initiale :<\/strong><\/p>\n\n\n\n<p>Licence \u00ab Management des organisations \u00bb<\/p>\n\n\n\n<p>&#8211; IAE &#8211; Saint-Denis &#8211;<\/p>\n\n\n\n<p>Licence \u00ab Administration Economique et Sociale \u00bb<\/p>\n\n\n\n<p>Licence \u00ab Economie et gestion \u00bb<\/p>\n\n\n\n<p>&#8211; Universit\u00e9 de La R\u00e9union &#8211; Saint-Denis<\/p>\n\n\n\n<p>Licence \u00ab Communication \u00bb<\/p>\n\n\n\n<p>&#8211; Universit\u00e9 de La R\u00e9union &#8211; Le Tampon &#8211;<\/p>\n\n\n\n<p>\u009e <strong>En formation en alternance :<\/strong><\/p>\n\n\n\n<p>Bachelor \u00ab Ressources Humaines \u00bb<\/p>\n\n\n\n<p>Licence \u00ab Assurance, Banque, Finance \u00bb<\/p>\n\n\n\n<p>&#8211; IUT de La R\u00e9union &#8211; Saint-Pierre &#8211;<\/p>\n\n\n\n<p>Licence \u00ab M\u00e9tiers de la Communication \u00bb<\/p>\n\n\n\n<p>CCIR Saint-Pierre &#8211; Saint-Benoit &#8211; Saint-Denis<\/p>\n\n\n\n<p>&#8211; Universit\u00e9 de La R\u00e9union &#8211; Le Tampon &#8211;<\/p>\n\n\n\n<p>Licence \u00ab M\u00e9tiers du tourisme et des loisirs \u00bb<\/p>\n\n\n\n<p>&#8211; IAE &#8211; Saint-Denis &#8211;<\/p>\n\n\n\n<p>Sur les 2 ann\u00e9es de formation, les \u00e9tudiants vont r\u00e9aliser 14 semaines de stage dont 8 en Erasmus.<\/p>\n\n\n\n<h1 class=\"wp-block-heading\">Les stages<\/h1>\n\n\n\n<p><strong>Ces stages permettent de :<\/strong><\/p>\n\n\n\n<ul class=\"wp-block-list\">\n<li>Acqu\u00e9rir et\/ou approfondir les comp\u00e9tences d\u00e9ploy\u00e9es en formation,<\/li>\n\n\n\n<li>D\u00e9velopper les qualit\u00e9s relationnelles, attitudes et postures selon le type d\u2019organisation,<\/li>\n\n\n\n<li>Pr\u00e9parer les \u00e9preuves de certification (examen),<\/li>\n\n\n\n<li>D\u00e9velopper un projet personnel en privil\u00e9giant des activit\u00e9s internationales ou en se sp\u00e9cialisant dans un secteur ou domaine professionnel.<\/li>\n<\/ul>\n\n\n\n<ul class=\"wp-block-list\">\n<li><\/li>\n<\/ul>\n","protected":false},"excerpt":{"rendered":"<p>Le BTS Support \u00e0 l\u2019Action Manag\u00e9riale (SAM) est une&nbsp;formation polyvalente et \u00e0 vocation internationale&nbsp;qui permet d\u2019assurer des missions d\u2019interface, de coordination et d\u2019organisation&nbsp;dans le&nbsp;domaine administratif. L\u2019obtention du BTS SAM permet d\u2019int\u00e9grer&nbsp;tout type d\u2019organisation&nbsp;(entreprises, administrations publiques, associations)&nbsp;et de secteurs d\u2019activit\u00e9s, en France comme \u00e0 l\u2019international, afin : Le profil des \u00e9tudiants en SAM&nbsp;: Les d\u00e9bouch\u00e9s Les [&hellip;]<\/p>\n","protected":false},"author":4001,"featured_media":0,"parent":111,"menu_order":0,"comment_status":"closed","ping_status":"closed","template":"","meta":{"_et_pb_use_builder":"","_et_pb_old_content":"","_et_gb_content_width":"1080","footnotes":""},"class_list":["post-276","page","type-page","status-publish","hentry"],"_links":{"self":[{"href":"https:\/\/etab.ac-reunion.fr\/lyc-boisjoly-potier\/wp-json\/wp\/v2\/pages\/276","targetHints":{"allow":["GET"]}}],"collection":[{"href":"https:\/\/etab.ac-reunion.fr\/lyc-boisjoly-potier\/wp-json\/wp\/v2\/pages"}],"about":[{"href":"https:\/\/etab.ac-reunion.fr\/lyc-boisjoly-potier\/wp-json\/wp\/v2\/types\/page"}],"author":[{"embeddable":true,"href":"https:\/\/etab.ac-reunion.fr\/lyc-boisjoly-potier\/wp-json\/wp\/v2\/users\/4001"}],"replies":[{"embeddable":true,"href":"https:\/\/etab.ac-reunion.fr\/lyc-boisjoly-potier\/wp-json\/wp\/v2\/comments?post=276"}],"version-history":[{"count":22,"href":"https:\/\/etab.ac-reunion.fr\/lyc-boisjoly-potier\/wp-json\/wp\/v2\/pages\/276\/revisions"}],"predecessor-version":[{"id":6114,"href":"https:\/\/etab.ac-reunion.fr\/lyc-boisjoly-potier\/wp-json\/wp\/v2\/pages\/276\/revisions\/6114"}],"up":[{"embeddable":true,"href":"https:\/\/etab.ac-reunion.fr\/lyc-boisjoly-potier\/wp-json\/wp\/v2\/pages\/111"}],"wp:attachment":[{"href":"https:\/\/etab.ac-reunion.fr\/lyc-boisjoly-potier\/wp-json\/wp\/v2\/media?parent=276"}],"curies":[{"name":"wp","href":"https:\/\/api.w.org\/{rel}","templated":true}]}}