{"id":2894,"date":"2020-06-19T13:11:38","date_gmt":"2020-06-19T09:11:38","guid":{"rendered":"http:\/\/lycee-boisjoly-potier.ac-reunion.fr\/?page_id=2894"},"modified":"2020-06-29T14:10:05","modified_gmt":"2020-06-29T10:10:05","slug":"label-europeen-des-langues","status":"publish","type":"page","link":"https:\/\/etab.ac-reunion.fr\/lyc-boisjoly-potier\/label-europeen-des-langues\/","title":{"rendered":"Label europ\u00e9en des langues"},"content":{"rendered":"\n<p style=\"color:#ffffff\" class=\"has-text-color\">p<\/p>\n\n\n\n<p class=\"has-text-color has-medium-font-size has-vivid-purple-color\"><u>Remise des prix\u00a0:<\/u><\/p>\n\n\n\n<p>Le projet \u00ab&nbsp;Seconde exp\u00e9rimentale English Time&nbsp;\u00bb a \u00e9t\u00e9 r\u00e9compens\u00e9 en janvier 2016 par un prix au&nbsp;<a href=\"http:\/\/www.agence-erasmus.fr\/article\/142\/un-label-europeen-pour-la-promotion-des-competences-linguistiques\">Label europ\u00e9en des Langues<\/a>&nbsp;: Le lyc\u00e9e Boisjoly Potier fait ainsi partie des 6 nomin\u00e9s sur l\u2019ensemble du territoire fran\u00e7ais cette ann\u00e9e-l\u00e0 !<\/p>\n\n\n\n<div class=\"wp-block-image is-style-default\"><figure class=\"aligncenter size-medium is-resized\"><a href=\"https:\/\/etab.ac-reunion.fr\/lyc-boisjoly-potier\/wp-content\/uploads\/sites\/112\/2020\/06\/IMG_1713-609x1024.jpg\"><img loading=\"lazy\" decoding=\"async\" src=\"https:\/\/etab.ac-reunion.fr\/lyc-boisjoly-potier\/wp-content\/uploads\/sites\/112\/2020\/06\/IMG_1713-178x300.jpg\" alt=\"\" class=\"wp-image-2981\" width=\"246\" height=\"407\" \/><\/a><\/figure><\/div>\n\n\n\n<p style=\"color:#ffffff\" class=\"has-text-color\">p<\/p>\n\n\n\n<p class=\"has-text-color has-medium-font-size has-vivid-purple-color\"><u>Notre projet :<\/u><\/p>\n\n\n\n<figure class=\"wp-block-image size-large\"><a href=\"https:\/\/etab.ac-reunion.fr\/lyc-boisjoly-potier\/wp-content\/uploads\/sites\/112\/2020\/06\/label-4.png\"><img loading=\"lazy\" decoding=\"async\" width=\"1022\" height=\"747\" src=\"https:\/\/etab.ac-reunion.fr\/lyc-boisjoly-potier\/wp-content\/uploads\/sites\/112\/2020\/06\/label-4.png\" alt=\"\" class=\"wp-image-2975\" srcset=\"https:\/\/etab.ac-reunion.fr\/lyc-boisjoly-potier\/wp-content\/uploads\/sites\/112\/2020\/06\/label-4.png 1022w, https:\/\/etab.ac-reunion.fr\/lyc-boisjoly-potier\/wp-content\/uploads\/sites\/112\/2020\/06\/label-4-300x219.png 300w, https:\/\/etab.ac-reunion.fr\/lyc-boisjoly-potier\/wp-content\/uploads\/sites\/112\/2020\/06\/label-4-768x561.png 768w\" sizes=\"(max-width: 1022px) 100vw, 1022px\" \/><\/a><\/figure>\n\n\n\n<p style=\"color:#ffffff\" class=\"has-text-color\">p<\/p>\n\n\n\n<p class=\"has-text-color has-medium-font-size has-vivid-purple-color\"><u>Pr\u00e9sentation du LABEL EUROPEEN DES LANGUES <\/u><strong><u>:<\/u><\/strong><\/p>\n\n\n\n<p style=\"background-color:#eeddfe\" class=\"has-background\">Le&nbsp;<a href=\"http:\/\/ec.europa.eu\/education\/policies\/multilingualism\/european-language-label_en\" target=\"_blank\" rel=\"noreferrer noopener\"><strong>Label europ\u00e9en des langues<\/strong><\/a>&nbsp;(LEL) est une distinction qui r\u00e9compense des initiatives innovantes et cr\u00e9atives dans le domaine de l&rsquo;enseignement et de l&rsquo;apprentissage des langues.<\/p>\n\n\n\n<p>Peuvent obtenir un LEL les nouvelles exp\u00e9riences ou id\u00e9es qui ont r\u00e9ussi \u00e0 am\u00e9liorer la qualit\u00e9 p\u00e9dagogique, \u00e0 stimuler la motivation des apprenants ou \u00e0 mieux utiliser les ressources qui permettent de diversifier l&rsquo;offre linguistique. Tous les niveaux d\u2019enseignement sont concern\u00e9s et toutes les langues, y compris les langues r\u00e9gionales, minoritaires et la langue des signes.<\/p>\n\n\n\n<figure class=\"wp-block-embed-youtube wp-block-embed is-type-video is-provider-youtube wp-embed-aspect-16-9 wp-has-aspect-ratio\"><div class=\"wp-block-embed__wrapper\">\n<iframe loading=\"lazy\" title=\"BBC Multilingual V6 - Label europ\u00e9en des langues\" width=\"1080\" height=\"608\" src=\"https:\/\/www.youtube.com\/embed\/6XK9O_qWYBw?feature=oembed\"  allow=\"accelerometer; autoplay; clipboard-write; encrypted-media; gyroscope; picture-in-picture\" allowfullscreen><\/iframe>\n<\/div><\/figure>\n\n\n\n<ul class=\"wp-block-list\"><li><u><strong><em>Objectif<\/em><\/strong><\/u><\/li><\/ul>\n\n\n\n<p>Faire conna\u00eetre aux praticiens, porteurs d\u2019int\u00e9r\u00eat et d\u00e9cideurs de&nbsp;<strong>\u00abbonnes pratiques\u00bb dans l\u2019enseignement et l\u2019apprentissage des langues !<\/strong><\/p>\n\n\n\n<p>Le Label europ\u00e9en des langues\u00a0vise \u00e0 am\u00e9liorer l\u2019enseignement et l\u2019apprentissage des langues en Europe:<\/p>\n\n\n\n<p>\u2014 en faisant conna\u00eetre les projets linguistiques innovants \u00e0 un public plus large;<\/p>\n\n\n\n<p>\u2014 en renfor\u00e7ant l\u2019impact de ces projets;<\/p>\n\n\n\n<p>\u2014 en stimulant l\u2019int\u00e9r\u00eat g\u00e9n\u00e9ral pour l\u2019apprentissage des langues et pour le multilinguisme.<\/p>\n\n\n\n<p>Les laur\u00e9ats du LEL sont s\u00e9lectionn\u00e9s \u00e0 la suite d\u2019un appel \u00e0 candidatures, qui est organis\u00e9 au Luxembourg tous les deux ans. L\u2019appel aux candidatures pour le LEL 2018-2020 a \u00e9t\u00e9 lanc\u00e9 le 26 septembre 2018 et est donc actuellement en cours.<\/p>\n\n\n\n<p>Les laur\u00e9ats obtiendront non seulement un&nbsp;<strong>label de qualit\u00e9<\/strong>&nbsp;qui permettra de valoriser l\u2019offre d\u2019enseignement de leur \u00e9tablissement ou organisation. Ils gagneront aussi des&nbsp;<strong>bons d\u2019achat<\/strong>&nbsp;d\u2019une valeur de 1\u2019000 \u20ac pour acqu\u00e9rir du mat\u00e9riel p\u00e9dagogique ou des livres.<\/p>\n\n\n\n<p class=\"has-text-color has-vivid-cyan-blue-color\">Cliquez sur l&rsquo;image pour ouvrir le document<\/p>\n\n\n\n<figure class=\"wp-block-image size-large\"><a href=\"https:\/\/etab.ac-reunion.fr\/lyc-boisjoly-potier\/wp-content\/uploads\/sites\/112\/2020\/06\/Brochure-LEL.pdf\"><img loading=\"lazy\" decoding=\"async\" width=\"499\" height=\"360\" src=\"https:\/\/etab.ac-reunion.fr\/lyc-boisjoly-potier\/wp-content\/uploads\/sites\/112\/2020\/06\/label.png\" alt=\"\" class=\"wp-image-2987\" srcset=\"https:\/\/etab.ac-reunion.fr\/lyc-boisjoly-potier\/wp-content\/uploads\/sites\/112\/2020\/06\/label.png 499w, https:\/\/etab.ac-reunion.fr\/lyc-boisjoly-potier\/wp-content\/uploads\/sites\/112\/2020\/06\/label-300x216.png 300w\" sizes=\"(max-width: 499px) 100vw, 499px\" \/><\/a><\/figure>\n\n\n\n<ul class=\"wp-block-list\"><li><strong><em><u>Qui peut participer?<\/u><\/em><\/strong><\/li><\/ul>\n\n\n\n<p>Le concours est ouvert :<\/p>\n\n\n\n<p>\u2014 \u00e0 toutes les\u00a0<strong>organisations d\u2019\u00e9ducation et de formation<\/strong>, publiques ou priv\u00e9es<\/p>\n\n\n\n<p>\u2014 aux\u00a0<strong>associations\u00a0<\/strong><\/p>\n\n\n\n<p>\u2014 aux acteurs du\u00a0<strong>monde socio-\u00e9conomique<\/strong>\u00a0actifs dans le domaine de l\u2019enseignement et de l\u2019apprentissage des langues <\/p>\n\n\n\n<p>Pour \u00eatre \u00e9ligible, le projet doit \u00eatre&nbsp;<strong>termin\u00e9 ou en phase d\u2019ach\u00e8vement<\/strong>, de fa\u00e7on \u00e0 ce que des r\u00e9sultats concrets soient disponibles.<\/p>\n\n\n\n<ul class=\"wp-block-list\"><li><strong><em><u>Quels sont les crit\u00e8res?<\/u><\/em><\/strong><\/li><\/ul>\n\n\n\n<p>Pour obtenir un LEL, le projet doit r\u00e9pondre <\/p>\n\n\n\n<p>(1) aux\u00a0<strong>crit\u00e8res de qualit\u00e9, d\u2019innovation, de pertinence et de transf\u00e9rabilit\u00e9<\/strong>, \u00e0 savoir:<\/p>\n\n\n\n<p style=\"color:#0c8056\" class=\"has-text-color\">       \u2013   avoir une\u00a0<strong>approche globale<\/strong>\u00a0qui r\u00e9pond enti\u00e8rement aux besoins des apprenants<\/p>\n\n\n\n<p style=\"color:#0c8056\" class=\"has-text-color\">      \u2013    apporter une\u00a0<strong>valeur ajout\u00e9e<\/strong>\u00a0au contexte national de l\u2019enseignement ou de l\u2019apprentissage des langues, et ceci en termes de qualit\u00e9 ou de quantit\u00e9<\/p>\n\n\n\n<p style=\"color:#0c8056\" class=\"has-text-color\"> \u00a0      \u2013  <strong>motiver<\/strong>\u00a0les apprenants et les enseignants \u00e0 am\u00e9liorer leurs comp\u00e9tences linguistiques<\/p>\n\n\n\n<p style=\"color:#0c8056\" class=\"has-text-color\">       \u2013 \u00eatre\u00a0<strong>original et cr\u00e9atif<\/strong>\u00a0et apporter une approche innovante \u00e0 l\u2019apprentissage des langues<\/p>\n\n\n\n<p style=\"color:#0c8056\" class=\"has-text-color\">\u2013 mettre l\u2019accent sur la&nbsp;<strong>dimension europ\u00e9enne<\/strong>, en am\u00e9liorant activement la compr\u00e9hension interculturelle par la promotion des comp\u00e9tences linguistiques<\/p>\n\n\n\n<p style=\"color:#0c8056\" class=\"has-text-color\">\u2013 \u00eatre\u00a0<strong>transf\u00e9rable<\/strong>\u00a0\u00e0 d\u2019autres contextes et pouvoir \u00e9ventuellement servir de<strong>\u00a0source d\u2019inspiration<\/strong>\u00a0\u00e0 d\u2019autres initiatives linguistiques dans d\u2019autres pays.<\/p>\n\n\n\n<p class=\"has-text-color has-very-dark-gray-color\">(2)  \u00e0\u00a0<strong>une<\/strong>\u00a0au moins des\u00a0<strong>priorit\u00e9s europ\u00e9ennes<\/strong>\u00a0fix\u00e9es par la Commission pour le Label europ\u00e9en des langues 2018-2020.<\/p>\n\n\n\n<ul class=\"wp-block-list\"><li><strong><em><u>Les priorit\u00e9s europ\u00e9ennes 2018-2020<\/u><\/em><\/strong><\/li><\/ul>\n\n\n\n<p>Les priorit\u00e9s d\u00e9finies par la Commission europ\u00e9enne pour 2018-2020 sont les suivantes:<\/p>\n\n\n\n<p>\u2014 D\u00e9velopper des\u00a0<strong>\u00e9coles meilleures<\/strong>\u00a0et plus\u00a0<strong>inclusives<\/strong>\u00a0et\u00a0<strong>soutenir les enseignants<\/strong>\u00a0et les\u00a0<strong>chefs d\u2019\u00e9tablissement<\/strong>\u00a0pour g\u00e9rer la\u00a0<strong>diversit\u00e9<\/strong><\/p>\n\n\n\n<p>\u2014  <strong>Supprimer les obstacles linguistiques\u00a0<\/strong>pour cr\u00e9er des<strong>\u00a0r\u00e9gions frontali\u00e8res plus dynamiques.<\/strong><\/p>\n\n\n\n<p style=\"color:#ffffff\" class=\"has-text-color\">p<\/p>\n\n\n\n<ul class=\"wp-block-list\"><li><strong><em>Plus d\u2019informations sur le site europ\u00e9en\u00a0: <\/em><\/strong><a href=\"https:\/\/ec.europa.eu\/education\/policies\/multilingualism\/european-language-initiatives\">https:\/\/ec.europa.eu\/education\/policies\/multilingualism\/european-language-initiatives<\/a><\/li><\/ul>\n","protected":false},"excerpt":{"rendered":"<p>p Remise des prix\u00a0: Le projet \u00ab&nbsp;Seconde exp\u00e9rimentale English Time&nbsp;\u00bb a \u00e9t\u00e9 r\u00e9compens\u00e9 en janvier 2016 par un prix au&nbsp;Label europ\u00e9en des Langues&nbsp;: Le lyc\u00e9e Boisjoly Potier fait ainsi partie des 6 nomin\u00e9s sur l\u2019ensemble du territoire fran\u00e7ais cette ann\u00e9e-l\u00e0 ! p Notre projet : p Pr\u00e9sentation du LABEL EUROPEEN DES LANGUES : Le&nbsp;Label europ\u00e9en [&hellip;]<\/p>\n","protected":false},"author":13029,"featured_media":0,"parent":0,"menu_order":0,"comment_status":"closed","ping_status":"closed","template":"","meta":{"_et_pb_use_builder":"","_et_pb_old_content":"","_et_gb_content_width":"","footnotes":""},"class_list":["post-2894","page","type-page","status-publish","hentry"],"_links":{"self":[{"href":"https:\/\/etab.ac-reunion.fr\/lyc-boisjoly-potier\/wp-json\/wp\/v2\/pages\/2894","targetHints":{"allow":["GET"]}}],"collection":[{"href":"https:\/\/etab.ac-reunion.fr\/lyc-boisjoly-potier\/wp-json\/wp\/v2\/pages"}],"about":[{"href":"https:\/\/etab.ac-reunion.fr\/lyc-boisjoly-potier\/wp-json\/wp\/v2\/types\/page"}],"author":[{"embeddable":true,"href":"https:\/\/etab.ac-reunion.fr\/lyc-boisjoly-potier\/wp-json\/wp\/v2\/users\/13029"}],"replies":[{"embeddable":true,"href":"https:\/\/etab.ac-reunion.fr\/lyc-boisjoly-potier\/wp-json\/wp\/v2\/comments?post=2894"}],"version-history":[{"count":41,"href":"https:\/\/etab.ac-reunion.fr\/lyc-boisjoly-potier\/wp-json\/wp\/v2\/pages\/2894\/revisions"}],"predecessor-version":[{"id":3049,"href":"https:\/\/etab.ac-reunion.fr\/lyc-boisjoly-potier\/wp-json\/wp\/v2\/pages\/2894\/revisions\/3049"}],"wp:attachment":[{"href":"https:\/\/etab.ac-reunion.fr\/lyc-boisjoly-potier\/wp-json\/wp\/v2\/media?parent=2894"}],"curies":[{"name":"wp","href":"https:\/\/api.w.org\/{rel}","templated":true}]}}