{"id":2897,"date":"2020-06-19T13:12:00","date_gmt":"2020-06-19T09:12:00","guid":{"rendered":"http:\/\/lycee-boisjoly-potier.ac-reunion.fr\/?page_id=2897"},"modified":"2020-06-29T13:44:22","modified_gmt":"2020-06-29T09:44:22","slug":"label-euroscol","status":"publish","type":"page","link":"https:\/\/etab.ac-reunion.fr\/lyc-boisjoly-potier\/label-euroscol\/","title":{"rendered":"Label Euroscol"},"content":{"rendered":"\n<p style=\"color:#ffffff\" class=\"has-text-color\">p<\/p>\n\n\n\n<p class=\"has-text-color has-medium-font-size has-light-green-cyan-color\">Remise des prix\u00a0:<\/p>\n\n\n\n<p>Le Lyc\u00e9e Boisjoly Potier a re\u00e7u le label EUROSCOL 2019 pour l\u2019ensemble de ses actions d\u2019ouverture sur l\u2019Europe.<\/p>\n\n\n\n<figure class=\"wp-block-image size-large\"><a href=\"https:\/\/etab.ac-reunion.fr\/lyc-boisjoly-potier\/wp-content\/uploads\/sites\/112\/2020\/06\/IMG_1712-1024x403.jpg\"><img loading=\"lazy\" decoding=\"async\" width=\"1024\" height=\"403\" src=\"https:\/\/etab.ac-reunion.fr\/lyc-boisjoly-potier\/wp-content\/uploads\/sites\/112\/2020\/06\/IMG_1712-1024x403.jpg\" alt=\"\" class=\"wp-image-2977\" srcset=\"https:\/\/etab.ac-reunion.fr\/lyc-boisjoly-potier\/wp-content\/uploads\/sites\/112\/2020\/06\/IMG_1712-1024x403.jpg 1024w, https:\/\/etab.ac-reunion.fr\/lyc-boisjoly-potier\/wp-content\/uploads\/sites\/112\/2020\/06\/IMG_1712-300x118.jpg 300w, https:\/\/etab.ac-reunion.fr\/lyc-boisjoly-potier\/wp-content\/uploads\/sites\/112\/2020\/06\/IMG_1712-768x303.jpg 768w, https:\/\/etab.ac-reunion.fr\/lyc-boisjoly-potier\/wp-content\/uploads\/sites\/112\/2020\/06\/IMG_1712-1536x605.jpg 1536w, https:\/\/etab.ac-reunion.fr\/lyc-boisjoly-potier\/wp-content\/uploads\/sites\/112\/2020\/06\/IMG_1712.jpg 1668w\" sizes=\"(max-width: 1024px) 100vw, 1024px\" \/><\/a><\/figure>\n\n\n\n<p style=\"color:#ffffff\" class=\"has-text-color\">p<\/p>\n\n\n\n<p class=\"has-text-color has-medium-font-size has-light-green-cyan-color\">A l\u2019\u00e9chelle de l\u2019acad\u00e9mie\u00a0:<\/p>\n\n\n\n<p><img loading=\"lazy\" decoding=\"async\" width=\"436\" height=\"250\" src=\"\">Huit lyc\u00e9es, et dix \u00e9tablissements scolaires au total, ont re\u00e7u ce prix, dans l\u2019acad\u00e9mie de la R\u00e9union.<\/p>\n\n\n\n<figure class=\"wp-block-image size-large\"><a href=\"https:\/\/etab.ac-reunion.fr\/lyc-boisjoly-potier\/wp-content\/uploads\/sites\/112\/2020\/06\/carte.png\"><img loading=\"lazy\" decoding=\"async\" width=\"908\" height=\"520\" src=\"https:\/\/etab.ac-reunion.fr\/lyc-boisjoly-potier\/wp-content\/uploads\/sites\/112\/2020\/06\/carte.png\" alt=\"\" class=\"wp-image-2968\" srcset=\"https:\/\/etab.ac-reunion.fr\/lyc-boisjoly-potier\/wp-content\/uploads\/sites\/112\/2020\/06\/carte.png 908w, https:\/\/etab.ac-reunion.fr\/lyc-boisjoly-potier\/wp-content\/uploads\/sites\/112\/2020\/06\/carte-300x172.png 300w, https:\/\/etab.ac-reunion.fr\/lyc-boisjoly-potier\/wp-content\/uploads\/sites\/112\/2020\/06\/carte-768x440.png 768w, https:\/\/etab.ac-reunion.fr\/lyc-boisjoly-potier\/wp-content\/uploads\/sites\/112\/2020\/06\/carte-95x54.png 95w\" sizes=\"(max-width: 908px) 100vw, 908px\" \/><\/a><\/figure>\n\n\n\n<div class=\"wp-block-group\"><div class=\"wp-block-group__inner-container is-layout-flow wp-block-group-is-layout-flow\">\n<p style=\"color:#ffffff\" class=\"has-text-color\">p<\/p>\n<\/div><\/div>\n\n\n\n<p class=\"has-text-color has-medium-font-size has-light-green-cyan-color\"><img loading=\"lazy\" decoding=\"async\" width=\"153\" height=\"82\" src=\"\">Pr\u00e9sentation du LABEL EUROSCOL\u00a0<\/p>\n\n\n\n<p>Le label Euroscol s\u2019adresse aux \u00e9coles et \u00e9tablissements qui souhaitent faire de l\u2019ouverture sur l\u2019Europe un levier strat\u00e9gique au service de la r\u00e9ussite de tous les \u00e9l\u00e8ves, de leur mobilit\u00e9 et du renforcement de l\u2019apprentissage des langues.<\/p>\n\n\n\n<div class=\"wp-block-image\"><figure class=\"alignright size-large\"><img loading=\"lazy\" decoding=\"async\" width=\"318\" height=\"170\" src=\"https:\/\/etab.ac-reunion.fr\/lyc-boisjoly-potier\/wp-content\/uploads\/sites\/112\/2020\/06\/euroscole-logo.png\" alt=\"\" class=\"wp-image-2969\" srcset=\"https:\/\/etab.ac-reunion.fr\/lyc-boisjoly-potier\/wp-content\/uploads\/sites\/112\/2020\/06\/euroscole-logo.png 318w, https:\/\/etab.ac-reunion.fr\/lyc-boisjoly-potier\/wp-content\/uploads\/sites\/112\/2020\/06\/euroscole-logo-300x160.png 300w\" sizes=\"(max-width: 318px) 100vw, 318px\" \/><\/figure><\/div>\n\n\n\n<p><\/p>\n\n\n\n<p style=\"background-color:#fff4d4\" class=\"has-background\">Plus qu\u2019une simple reconnaissance d\u2019une dynamique engag\u00e9e, les \u00e9coles et \u00e9tablissements labellis\u00e9s ont vocation \u00e0 devenir de v\u00e9ritables p\u00f4les d\u2019expertise en mati\u00e8re d\u2019enseignement des langues vivantes \u00e9trang\u00e8res et d\u2019internationalisation.<\/p>\n\n\n\n<p style=\"color:#ffffff\" class=\"has-text-color\">p<\/p>\n\n\n\n<p>Les \u00e9tablissements scolaires font acte de candidature en transmettant un dossier pr\u00e9sentant leurs actions. Ces dossiers sont examin\u00e9s par une commission acad\u00e9mique coordonn\u00e9e par la d\u00e9l\u00e9gu\u00e9e acad\u00e9mique aux relations europ\u00e9ennes et internationales et \u00e0 la coop\u00e9ration (DAREIC).<\/p>\n\n\n\n<p>Cette commission, constitu\u00e9e de l\u2019IEN langues vivantes \u00e9trang\u00e8res 1er degr\u00e9, de l\u2019IEN Lettres-anglais, des IA-IPR langues vivantes \u00e9trang\u00e8res et de la DAREIC, d\u00e9cerne le label pour 3 ans apr\u00e8s \u00e9valuation de deux volets :<\/p>\n\n\n\n<p>&#8211; la d\u00e9marche d\u2019ouverture europ\u00e9enne et internationale dans le projet \u00e9ducatif de l\u2019\u00e9cole ou de l\u2019\u00e9tablissement (strat\u00e9gie, pilotage et \u00e9valuation ; communication et valorisation ; partenariats ; d\u00e9veloppement des comp\u00e9tences linguistiques et interculturelles),<\/p>\n\n\n\n<p>&#8211; les mobilit\u00e9s et actions conduites (mobilit\u00e9s des personnels \u00e9ducatifs, actions p\u00e9dagogiques et interculturelles europ\u00e9ennes ; mobilit\u00e9 des \u00e9l\u00e8ves et \u00e9tudiants de BTS et CPGE).<\/p>\n\n\n\n<p style=\"color:#ffffff\" class=\"has-text-color\">p<\/p>\n\n\n\n<p><strong><em>Plus d\u2019informations sur le site acad\u00e9mique&nbsp;:<\/em><\/strong><\/p>\n\n\n\n<p><a href=\"https:\/\/www.ac-reunion.fr\/academie\/actualites-de-lacademie-de-la-reunion\/article-dactualite\/news\/detail\/News\/10-etablissements-scolaires-labellises-euroscol.html\">https:\/\/www.ac-reunion.fr\/academie\/actualites-de-lacademie-de-la-reunion\/article-dactualite\/news\/detail\/News\/10-etablissements-scolaires-labellises-euroscol.html<\/a><\/p>\n","protected":false},"excerpt":{"rendered":"<p>p Remise des prix\u00a0: Le Lyc\u00e9e Boisjoly Potier a re\u00e7u le label EUROSCOL 2019 pour l\u2019ensemble de ses actions d\u2019ouverture sur l\u2019Europe. p A l\u2019\u00e9chelle de l\u2019acad\u00e9mie\u00a0: Huit lyc\u00e9es, et dix \u00e9tablissements scolaires au total, ont re\u00e7u ce prix, dans l\u2019acad\u00e9mie de la R\u00e9union. p Pr\u00e9sentation du LABEL EUROSCOL\u00a0 Le label Euroscol s\u2019adresse aux \u00e9coles [&hellip;]<\/p>\n","protected":false},"author":13029,"featured_media":0,"parent":0,"menu_order":0,"comment_status":"closed","ping_status":"closed","template":"","meta":{"_et_pb_use_builder":"","_et_pb_old_content":"","_et_gb_content_width":"","footnotes":""},"class_list":["post-2897","page","type-page","status-publish","hentry"],"_links":{"self":[{"href":"https:\/\/etab.ac-reunion.fr\/lyc-boisjoly-potier\/wp-json\/wp\/v2\/pages\/2897","targetHints":{"allow":["GET"]}}],"collection":[{"href":"https:\/\/etab.ac-reunion.fr\/lyc-boisjoly-potier\/wp-json\/wp\/v2\/pages"}],"about":[{"href":"https:\/\/etab.ac-reunion.fr\/lyc-boisjoly-potier\/wp-json\/wp\/v2\/types\/page"}],"author":[{"embeddable":true,"href":"https:\/\/etab.ac-reunion.fr\/lyc-boisjoly-potier\/wp-json\/wp\/v2\/users\/13029"}],"replies":[{"embeddable":true,"href":"https:\/\/etab.ac-reunion.fr\/lyc-boisjoly-potier\/wp-json\/wp\/v2\/comments?post=2897"}],"version-history":[{"count":12,"href":"https:\/\/etab.ac-reunion.fr\/lyc-boisjoly-potier\/wp-json\/wp\/v2\/pages\/2897\/revisions"}],"predecessor-version":[{"id":3014,"href":"https:\/\/etab.ac-reunion.fr\/lyc-boisjoly-potier\/wp-json\/wp\/v2\/pages\/2897\/revisions\/3014"}],"wp:attachment":[{"href":"https:\/\/etab.ac-reunion.fr\/lyc-boisjoly-potier\/wp-json\/wp\/v2\/media?parent=2897"}],"curies":[{"name":"wp","href":"https:\/\/api.w.org\/{rel}","templated":true}]}}