{"id":327,"date":"2015-04-02T19:18:24","date_gmt":"2015-04-02T15:18:24","guid":{"rendered":"http:\/\/lycee-boisjoly-potier.ac-reunion.fr\/?page_id=327"},"modified":"2023-06-12T08:34:13","modified_gmt":"2023-06-12T04:34:13","slug":"bts-assistant-de-gestion","status":"publish","type":"page","link":"https:\/\/etab.ac-reunion.fr\/lyc-boisjoly-potier\/formation-post-bac\/bts-assistant-de-gestion\/","title":{"rendered":"BTS  Gestion de la PME"},"content":{"rendered":"<p>Les missions associ\u00e9es au BTS \u00ab Gestion de la PME \u00bb, qui a remplac\u00e9 le BTS \u00ab\u00a0Assistant de gestion\u00a0\u00bb, sont exerc\u00e9es par une <strong>collaboratrice ou un collaborateur de la direction d&rsquo;une petite ou moyenne entreprise <\/strong>et impliquent une forte <strong>polyvalence<\/strong>, autour d\u2019activit\u00e9s professionnelles mobilisant des comp\u00e9tences en gestion et en communication, entre autres\u2026<\/p>\n<p>\u00a0<\/p>\n\n\n<p>Programme du BTS Gestion de la PME<\/p>\n\n\n\n<figure class=\"wp-block-table\"><table><tbody><tr><td rowspan=\"2\"><strong>&nbsp;<\/strong> <strong>&nbsp;<\/strong> <strong>MATIERES ENSEIGNEES<\/strong><\/td><td colspan=\"2\"><strong>Horaires<\/strong><strong><\/strong> <strong>&nbsp;<\/strong> <strong>1\u00e8re ann\u00e9e<\/strong><\/td><td colspan=\"2\"><strong>Horaires<\/strong><strong><\/strong> <strong>&nbsp;<\/strong> <strong>2\u00e8me ann\u00e9e<\/strong><\/td><\/tr><tr><td><strong>Par <\/strong><strong>semaine<\/strong><strong><\/strong><\/td><td><strong>Par <\/strong><strong>ann\u00e9e<\/strong><strong><\/strong><\/td><td><strong>Par <\/strong><strong>semaine<\/strong><strong><\/strong><\/td><td><strong>Par ann\u00e9e<\/strong><\/td><\/tr><tr><td>Culture g\u00e9n\u00e9rale et expression<\/td><td>2<\/td><td>60<\/td><td>2<\/td><td>60<\/td><\/tr><tr><td>Langue vivante \u00e9trang\u00e8re<\/td><td>4<\/td><td>120<\/td><td>3<\/td><td>90<\/td><\/tr><tr><td>Culture \u00e9conomique, juridique et manag\u00e9riale<\/td><td>4<\/td><td>120<\/td><td>4<\/td><td>120<\/td><\/tr><tr><td>G\u00e9rer les relations avec les clients et les fournisseurs de la PME<\/td><td><strong>&nbsp;<\/strong> 5<\/td><td><strong>&nbsp;<\/strong> 150<\/td><td><strong>&nbsp;<\/strong> 1<\/td><td><strong>&nbsp;<\/strong> 30<\/td><\/tr><tr><td>Participer&nbsp;&nbsp;&nbsp; \u00e0&nbsp;&nbsp;&nbsp; la&nbsp;&nbsp;&nbsp; gestion&nbsp;&nbsp;&nbsp;&nbsp;&nbsp;&nbsp;&nbsp;&nbsp;&nbsp;&nbsp;&nbsp;&nbsp;&nbsp;&nbsp;&nbsp;&nbsp;&nbsp;&nbsp; des risques de la PME<\/td><td>&nbsp;<\/td><td>&nbsp;<\/td><td>3.5<\/td><td>105<\/td><\/tr><tr><td>G\u00e9rer le personnel et contribuer \u00e0 la GRH<\/td><td>&nbsp;<\/td><td>&nbsp;<\/td><td>3<\/td><td>90<\/td><\/tr><tr><td>Soutenir le fonctionnement et le d\u00e9veloppement de la PME<\/td><td>4<\/td><td>120<\/td><td>5<\/td><td>150<\/td><\/tr><tr><td>Culture \u00e9conomique, juridique et manag\u00e9riale appliqu\u00e9e*<\/td><td>1.5<\/td><td>45<\/td><td>1.5<\/td><td>45<\/td><\/tr><tr><td>Communication<\/td><td>3<\/td><td>90<\/td><td>1<\/td><td>30<\/td><\/tr><tr><td>Atelier de professionnalisation<\/td><td>4<\/td><td>120<\/td><td>3<\/td><td>90<\/td><\/tr><tr><td><strong>TOTAL<\/strong><strong><\/strong><\/td><td><strong>27.5<\/strong><strong><\/strong><\/td><td><strong>825<\/strong><strong><\/strong><\/td><td><strong>27<\/strong><strong><\/strong><\/td><td><strong>810<\/strong><strong><\/strong><\/td><\/tr><tr><td colspan=\"5\"><strong>Enseignement facultatif<\/strong><\/td><\/tr><tr><td>Langue vivante \u00e9trang\u00e8re 2<\/td><td>2<\/td><td>60<\/td><td>2<\/td><td>60<\/td><\/tr><tr><td>Acc\u00e8s&nbsp;&nbsp;&nbsp;&nbsp;&nbsp; des&nbsp;&nbsp;&nbsp;&nbsp; \u00e9tudiants&nbsp;&nbsp;&nbsp;&nbsp; aux ressources informatiques<\/td><td>3<\/td><td>90<\/td><td>3<\/td><td>90<\/td><\/tr><\/tbody><\/table><\/figure>\n\n\n\n<p>*Cet enseignement vise \u00e0 d\u00e9cliner, approfondir et enrichir l\u2019enseignement de culture \u00e9conomique, juridique et manag\u00e9riale en lien direct avec les sp\u00e9cificit\u00e9s des secteurs d\u2019activit\u00e9 activit\u00e9s de gestion de la PME.<\/p>\n\n\n\n<p>120 cr\u00e9dits ECTS<\/p>\n\n\n\n<p>12 semaines de stage (6 en premi\u00e8re ann\u00e9e et 6 en deuxi\u00e8me ann\u00e9e) Si stage en ERASMUS : 14 semaines ( dont 8 semaines en ERASMUS)<\/p>\n\n\n\n<p><\/p>\n\n\n\n<div class=\"wp-block-buttons is-layout-flex wp-block-buttons-is-layout-flex\">\n<div class=\"wp-block-button has-custom-width wp-block-button__width-100 is-style-fill\"><a class=\"wp-block-button__link wp-element-button\" href=\"https:\/\/etab.ac-reunion.fr\/lyc-boisjoly-potier\/wp-content\/uploads\/sites\/112\/2023\/05\/Catalogue-de-cours-GPME.pdf\" style=\"border-radius:0px\" target=\"_blank\" rel=\"noreferrer noopener\">T\u00e9l\u00e9charger le programme<\/a><\/div>\n<\/div>\n\n\n\n<p class=\"has-text-color\" style=\"color:#ffffff\">p<\/p>\n\n\n\n<div style=\"height:100px\" aria-hidden=\"true\" class=\"wp-block-spacer\"><\/div>\n","protected":false},"excerpt":{"rendered":"<p>Les missions associ\u00e9es au BTS \u00ab Gestion de la PME \u00bb, qui a remplac\u00e9 le BTS \u00ab\u00a0Assistant de gestion\u00a0\u00bb, sont exerc\u00e9es par une collaboratrice ou un collaborateur de la direction d&rsquo;une petite ou moyenne entreprise et impliquent une forte polyvalence, autour d\u2019activit\u00e9s professionnelles mobilisant des comp\u00e9tences en gestion et en communication, entre autres\u2026 \u00a0 Programme [&hellip;]<\/p>\n","protected":false},"author":4001,"featured_media":410,"parent":111,"menu_order":0,"comment_status":"open","ping_status":"open","template":"","meta":{"_et_pb_use_builder":"","_et_pb_old_content":"","_et_gb_content_width":"1080","footnotes":""},"class_list":["post-327","page","type-page","status-publish","has-post-thumbnail","hentry"],"_links":{"self":[{"href":"https:\/\/etab.ac-reunion.fr\/lyc-boisjoly-potier\/wp-json\/wp\/v2\/pages\/327","targetHints":{"allow":["GET"]}}],"collection":[{"href":"https:\/\/etab.ac-reunion.fr\/lyc-boisjoly-potier\/wp-json\/wp\/v2\/pages"}],"about":[{"href":"https:\/\/etab.ac-reunion.fr\/lyc-boisjoly-potier\/wp-json\/wp\/v2\/types\/page"}],"author":[{"embeddable":true,"href":"https:\/\/etab.ac-reunion.fr\/lyc-boisjoly-potier\/wp-json\/wp\/v2\/users\/4001"}],"replies":[{"embeddable":true,"href":"https:\/\/etab.ac-reunion.fr\/lyc-boisjoly-potier\/wp-json\/wp\/v2\/comments?post=327"}],"version-history":[{"count":13,"href":"https:\/\/etab.ac-reunion.fr\/lyc-boisjoly-potier\/wp-json\/wp\/v2\/pages\/327\/revisions"}],"predecessor-version":[{"id":6118,"href":"https:\/\/etab.ac-reunion.fr\/lyc-boisjoly-potier\/wp-json\/wp\/v2\/pages\/327\/revisions\/6118"}],"up":[{"embeddable":true,"href":"https:\/\/etab.ac-reunion.fr\/lyc-boisjoly-potier\/wp-json\/wp\/v2\/pages\/111"}],"wp:featuredmedia":[{"embeddable":true,"href":"https:\/\/etab.ac-reunion.fr\/lyc-boisjoly-potier\/wp-json\/wp\/v2\/media\/410"}],"wp:attachment":[{"href":"https:\/\/etab.ac-reunion.fr\/lyc-boisjoly-potier\/wp-json\/wp\/v2\/media?parent=327"}],"curies":[{"name":"wp","href":"https:\/\/api.w.org\/{rel}","templated":true}]}}