{"id":6245,"date":"2024-06-03T09:37:54","date_gmt":"2024-06-03T05:37:54","guid":{"rendered":"https:\/\/etab.ac-reunion.fr\/lyc-boisjoly-potier\/?page_id=6245"},"modified":"2024-06-14T13:12:41","modified_gmt":"2024-06-14T09:12:41","slug":"informations-transports-2024-2025","status":"publish","type":"page","link":"https:\/\/etab.ac-reunion.fr\/lyc-boisjoly-potier\/informations-transports-2024-2025\/","title":{"rendered":"Informations transports &#8211; 2024\/2025"},"content":{"rendered":"\n<div class=\"wp-block-columns is-layout-flex wp-container-core-columns-is-layout-9d6595d7 wp-block-columns-is-layout-flex\">\n<div class=\"wp-block-column is-layout-flow wp-block-column-is-layout-flow\">\n<div data-wp-interactive=\"core\/file\" class=\"wp-block-file aligncenter\"><object data-wp-bind--hidden=\"!state.hasPdfPreview\" hidden class=\"wp-block-file__embed\" data=\"https:\/\/etab.ac-reunion.fr\/lyc-boisjoly-potier\/wp-content\/uploads\/sites\/112\/2024\/06\/A4-Demande-carte-scolaire-2024-2025.pdf\" type=\"application\/pdf\" style=\"width:100%;height:600px\" aria-label=\"Contenu embarqu\u00e9 A4-Demande-carte-scolaire-2024-2025.\"><\/object><a id=\"wp-block-file--media-6942780e-edeb-4411-8ba7-e5f6e3e15d45\" href=\"https:\/\/etab.ac-reunion.fr\/lyc-boisjoly-potier\/wp-content\/uploads\/sites\/112\/2024\/06\/A4-Demande-carte-scolaire-2024-2025.pdf\">A4-Demande-carte-scolaire-2024-2025<\/a><a href=\"https:\/\/etab.ac-reunion.fr\/lyc-boisjoly-potier\/wp-content\/uploads\/sites\/112\/2024\/06\/A4-Demande-carte-scolaire-2024-2025.pdf\" class=\"wp-block-file__button wp-element-button\" download aria-describedby=\"wp-block-file--media-6942780e-edeb-4411-8ba7-e5f6e3e15d45\">T\u00e9l\u00e9charger<\/a><\/div>\n\n\n\n<h2 class=\"wp-block-heading\"><\/h2>\n<\/div>\n\n\n\n<div class=\"wp-block-column is-layout-flow wp-block-column-is-layout-flow\">\n<div data-wp-interactive=\"core\/file\" class=\"wp-block-file aligncenter\"><object data-wp-bind--hidden=\"!state.hasPdfPreview\" hidden class=\"wp-block-file__embed\" data=\"https:\/\/etab.ac-reunion.fr\/lyc-boisjoly-potier\/wp-content\/uploads\/sites\/112\/2024\/06\/A4-Informations-Transports-Scolaire-2024-2025.pdf\" type=\"application\/pdf\" style=\"width:100%;height:600px\" aria-label=\"Contenu embarqu\u00e9 A4-Informations-Transports-Scolaire-2024-2025.\"><\/object><a id=\"wp-block-file--media-a1736e77-fa16-4830-96b0-4f56d473350f\" href=\"https:\/\/etab.ac-reunion.fr\/lyc-boisjoly-potier\/wp-content\/uploads\/sites\/112\/2024\/06\/A4-Informations-Transports-Scolaire-2024-2025.pdf\">A4-Informations-Transports-Scolaire-2024-2025<\/a><a href=\"https:\/\/etab.ac-reunion.fr\/lyc-boisjoly-potier\/wp-content\/uploads\/sites\/112\/2024\/06\/A4-Informations-Transports-Scolaire-2024-2025.pdf\" class=\"wp-block-file__button wp-element-button\" download aria-describedby=\"wp-block-file--media-a1736e77-fa16-4830-96b0-4f56d473350f\">T\u00e9l\u00e9charger<\/a><\/div>\n\n\n\n<h2 class=\"wp-block-heading\"><\/h2>\n<\/div>\n<\/div>\n\n\n\n<div data-wp-interactive=\"core\/file\" class=\"wp-block-file aligncenter\"><object data-wp-bind--hidden=\"!state.hasPdfPreview\" hidden class=\"wp-block-file__embed\" data=\"https:\/\/etab.ac-reunion.fr\/lyc-boisjoly-potier\/wp-content\/uploads\/sites\/112\/2024\/06\/A4-Plie-Rentree-Scolaires-2024-.pdf\" type=\"application\/pdf\" style=\"width:100%;height:600px\" aria-label=\"Contenu embarqu\u00e9 A4-Plie-Rentree-Scolaires-2024-.\"><\/object><a id=\"wp-block-file--media-1982b779-184d-47de-933a-57d115281034\" href=\"https:\/\/etab.ac-reunion.fr\/lyc-boisjoly-potier\/wp-content\/uploads\/sites\/112\/2024\/06\/A4-Plie-Rentree-Scolaires-2024-.pdf\">A4-Plie-Rentree-Scolaires-2024-<\/a><a href=\"https:\/\/etab.ac-reunion.fr\/lyc-boisjoly-potier\/wp-content\/uploads\/sites\/112\/2024\/06\/A4-Plie-Rentree-Scolaires-2024-.pdf\" class=\"wp-block-file__button wp-element-button\" download aria-describedby=\"wp-block-file--media-1982b779-184d-47de-933a-57d115281034\">T\u00e9l\u00e9charger<\/a><\/div>\n\n\n\n<p><\/p>\n\n\n\n<div data-wp-interactive=\"core\/file\" class=\"wp-block-file aligncenter\"><object data-wp-bind--hidden=\"!state.hasPdfPreview\" hidden class=\"wp-block-file__embed\" data=\"https:\/\/etab.ac-reunion.fr\/lyc-boisjoly-potier\/wp-content\/uploads\/sites\/112\/2024\/06\/A4-Reglement-TS-2024-2025.pdf\" type=\"application\/pdf\" style=\"width:100%;height:600px\" aria-label=\"Contenu embarqu\u00e9 A4-Reglement-TS-2024-2025.\"><\/object><a id=\"wp-block-file--media-24c142fa-003c-48fb-9b24-6c4b0bf1700b\" href=\"https:\/\/etab.ac-reunion.fr\/lyc-boisjoly-potier\/wp-content\/uploads\/sites\/112\/2024\/06\/A4-Reglement-TS-2024-2025.pdf\">A4-Reglement-TS-2024-2025<\/a><a href=\"https:\/\/etab.ac-reunion.fr\/lyc-boisjoly-potier\/wp-content\/uploads\/sites\/112\/2024\/06\/A4-Reglement-TS-2024-2025.pdf\" class=\"wp-block-file__button wp-element-button\" download aria-describedby=\"wp-block-file--media-24c142fa-003c-48fb-9b24-6c4b0bf1700b\">T\u00e9l\u00e9charger<\/a><\/div>\n\n\n\n<p><\/p>\n\n\n\n<p><strong>Vous trouverez en t\u00e9l\u00e9chargement :<\/strong><\/p>\n\n\n\n<ul class=\"wp-block-list\">\n<li>le formulaire de demande d&rsquo;inscription 2024\/2025<\/li>\n\n\n\n<li>une affiche d&rsquo;information sur les modalit\u00e9s d&rsquo;inscription<\/li>\n\n\n\n<li>une affiche d&rsquo;informations g\u00e9n\u00e9rales comprenant les pi\u00e8ces \u00e0 joindre au dossier<\/li>\n\n\n\n<li>le r\u00e8glement intercommunal des transports scolaires<\/li>\n<\/ul>\n\n\n\n<div class=\"wp-block-columns is-layout-flex wp-container-core-columns-is-layout-9d6595d7 wp-block-columns-is-layout-flex\">\n<div class=\"wp-block-column is-layout-flow wp-block-column-is-layout-flow\">\n<div class=\"wp-block-buttons is-layout-flex wp-block-buttons-is-layout-flex\">\n<div class=\"wp-block-button has-custom-width wp-block-button__width-100 has-custom-font-size has-medium-font-size\"><a class=\"wp-block-button__link has-background wp-element-button\" href=\"https:\/\/etab.ac-reunion.fr\/lyc-boisjoly-potier\/wp-content\/uploads\/sites\/112\/2024\/06\/Transport-scolaire-complet.pdf\" style=\"border-radius:0px;background-color:#01b4ee\" target=\"_blank\" rel=\"noreferrer noopener\"><strong>T\u00e9l\u00e9charger les documents<\/strong><\/a><\/div>\n<\/div>\n<\/div>\n\n\n\n<div class=\"wp-block-column is-layout-flow wp-block-column-is-layout-flow\">\n<div class=\"wp-block-buttons is-layout-flex wp-block-buttons-is-layout-flex\">\n<div class=\"wp-block-button has-custom-width wp-block-button__width-100 has-custom-font-size has-medium-font-size\"><a class=\"wp-block-button__link has-background wp-element-button\" href=\"https:\/\/www.casud.re\/transport\/le-transport-scolaire-2023-2024.html\" style=\"border-radius:0px;background-color:#adc839\" target=\"_blank\" rel=\"noreferrer noopener\"><strong>Aller sur le site casud.re<\/strong><\/a><\/div>\n<\/div>\n<\/div>\n<\/div>\n\n\n\n<div style=\"height:22px\" aria-hidden=\"true\" class=\"wp-block-spacer\"><\/div>\n\n\n\n<h2 class=\"wp-block-heading\"><strong>Agences Casud &#8211; accueil du public du lundi au vendredi<\/strong><\/h2>\n\n\n\n<div class=\"wp-block-columns is-layout-flex wp-container-core-columns-is-layout-9d6595d7 wp-block-columns-is-layout-flex\">\n<div class=\"wp-block-column is-layout-flow wp-block-column-is-layout-flow\">\n<p>AGENCES DE LA PLAINE DES CAFRES<br>Rue Rapha\u00ebl Douy\u00e8re (derri\u00e8re la mairie)<br>97418 Plaine des Cafres<br>Horaires : 7h00 \u00e0 12h00<\/p>\n\n\n\n<hr class=\"wp-block-separator has-alpha-channel-opacity\" \/>\n\n\n\n<p>AGENCE DU TAMPON<br>101 bis, rue Albert Fr\u00e9javille<br>97430 Le Tampon<br>Horaires&nbsp;: 7h00 \u00e0&nbsp;12h00<\/p>\n<\/div>\n\n\n\n<div class=\"wp-block-column is-layout-flow wp-block-column-is-layout-flow\">\n<p>AGENCE DE SAINT-JOSEPH<br>P\u00f4le de proximit\u00e9 &#8211; 276, rue Rapha\u00ebl Babet<br>97480 Saint-Joseph<br>Horaires : 7h00 \u00e0 12h00<\/p>\n\n\n\n<hr class=\"wp-block-separator has-alpha-channel-opacity\" \/>\n\n\n\n<p>AGENCE DE SAINT-PHILIPPE<br>P\u00f4le de proximit\u00e9 &#8211; 43, RN2 Basse Vall\u00e9e<br>97442 Saint-Philippe<br>Horaires&nbsp;: 7h30 \u00e0&nbsp;12h30<\/p>\n<\/div>\n\n\n\n<div class=\"wp-block-column is-layout-flow wp-block-column-is-layout-flow\">\n<p>AGENCE DE L&rsquo;ENTRE-DEUX<br>2, rue Fortun\u00e9 Hoarau (derri\u00e8re la mairie)<br>97414 Entre-Deux<br>Horaires&nbsp;: 7h30 \u00e0&nbsp;12h30<\/p>\n\n\n\n<hr class=\"wp-block-separator has-alpha-channel-opacity\" \/>\n<\/div>\n<\/div>\n\n\n\n<div style=\"height:50px\" aria-hidden=\"true\" class=\"wp-block-spacer\"><\/div>\n\n\n\n<p>Pour toute information, veuillez contacter les services Casud:&nbsp;<a href=\"linkTo_UnCryptMailto('nbjmup+ejsfdujpo\/usbotqpsuAdbtve\/sf');\">direction.transports@casud.re<\/a><\/p>\n\n\n\n<figure class=\"wp-block-image\"><img decoding=\"async\" src=\"https:\/\/www.casud.re\/uploads\/RTEmagicC_numero_vert-transport_03.jpg.jpg\" alt=\"\" \/><\/figure>\n\n\n\n<div style=\"height:100px\" aria-hidden=\"true\" class=\"wp-block-spacer\"><\/div>\n","protected":false},"excerpt":{"rendered":"<p>Vous trouverez en t\u00e9l\u00e9chargement : Agences Casud &#8211; accueil du public du lundi au vendredi AGENCES DE LA PLAINE DES CAFRESRue Rapha\u00ebl Douy\u00e8re (derri\u00e8re la mairie)97418 Plaine des CafresHoraires : 7h00 \u00e0 12h00 AGENCE DU TAMPON101 bis, rue Albert Fr\u00e9javille97430 Le TamponHoraires&nbsp;: 7h00 \u00e0&nbsp;12h00 AGENCE DE SAINT-JOSEPHP\u00f4le de proximit\u00e9 &#8211; 276, rue Rapha\u00ebl Babet97480 Saint-JosephHoraires [&hellip;]<\/p>\n","protected":false},"author":27166,"featured_media":0,"parent":0,"menu_order":0,"comment_status":"closed","ping_status":"closed","template":"","meta":{"_et_pb_use_builder":"off","_et_pb_old_content":"","_et_gb_content_width":"1080","footnotes":""},"class_list":["post-6245","page","type-page","status-publish","hentry"],"_links":{"self":[{"href":"https:\/\/etab.ac-reunion.fr\/lyc-boisjoly-potier\/wp-json\/wp\/v2\/pages\/6245","targetHints":{"allow":["GET"]}}],"collection":[{"href":"https:\/\/etab.ac-reunion.fr\/lyc-boisjoly-potier\/wp-json\/wp\/v2\/pages"}],"about":[{"href":"https:\/\/etab.ac-reunion.fr\/lyc-boisjoly-potier\/wp-json\/wp\/v2\/types\/page"}],"author":[{"embeddable":true,"href":"https:\/\/etab.ac-reunion.fr\/lyc-boisjoly-potier\/wp-json\/wp\/v2\/users\/27166"}],"replies":[{"embeddable":true,"href":"https:\/\/etab.ac-reunion.fr\/lyc-boisjoly-potier\/wp-json\/wp\/v2\/comments?post=6245"}],"version-history":[{"count":28,"href":"https:\/\/etab.ac-reunion.fr\/lyc-boisjoly-potier\/wp-json\/wp\/v2\/pages\/6245\/revisions"}],"predecessor-version":[{"id":7190,"href":"https:\/\/etab.ac-reunion.fr\/lyc-boisjoly-potier\/wp-json\/wp\/v2\/pages\/6245\/revisions\/7190"}],"wp:attachment":[{"href":"https:\/\/etab.ac-reunion.fr\/lyc-boisjoly-potier\/wp-json\/wp\/v2\/media?parent=6245"}],"curies":[{"name":"wp","href":"https:\/\/api.w.org\/{rel}","templated":true}]}}