{"id":6431,"date":"2023-06-27T12:51:56","date_gmt":"2023-06-27T08:51:56","guid":{"rendered":"https:\/\/etab.ac-reunion.fr\/lyc-boisjoly-potier\/?page_id=6431"},"modified":"2023-09-08T16:23:40","modified_gmt":"2023-09-08T12:23:40","slug":"hlp","status":"publish","type":"page","link":"https:\/\/etab.ac-reunion.fr\/lyc-boisjoly-potier\/hlp\/","title":{"rendered":"HLP"},"content":{"rendered":"\n<figure class=\"wp-block-image alignwide size-large\"><img loading=\"lazy\" decoding=\"async\" width=\"1024\" height=\"190\" src=\"https:\/\/etab.ac-reunion.fr\/lyc-boisjoly-potier\/wp-content\/uploads\/sites\/112\/2023\/06\/HLP_bandeau-1024x190.jpg\" alt=\"\" class=\"wp-image-6422\" srcset=\"https:\/\/etab.ac-reunion.fr\/lyc-boisjoly-potier\/wp-content\/uploads\/sites\/112\/2023\/06\/HLP_bandeau-1024x190.jpg 1024w, https:\/\/etab.ac-reunion.fr\/lyc-boisjoly-potier\/wp-content\/uploads\/sites\/112\/2023\/06\/HLP_bandeau-980x181.jpg 980w, https:\/\/etab.ac-reunion.fr\/lyc-boisjoly-potier\/wp-content\/uploads\/sites\/112\/2023\/06\/HLP_bandeau-480x89.jpg 480w\" sizes=\"(min-width: 0px) and (max-width: 480px) 480px, (min-width: 481px) and (max-width: 980px) 980px, (min-width: 981px) 1024px, 100vw\" \/><\/figure>\n\n\n\n<p>L\u2019enseignement de sp\u00e9cialit\u00e9 \u00ab\u00a0Humanit\u00e9s, litt\u00e9rature et philosophie\u00a0\u00bb&nbsp;vise \u00e0 former les \u00e9l\u00e8ves<strong>&nbsp;dans le domaine des lettres, de la philosophie et des sciences humaines<\/strong>.<\/p>\n\n\n\n<p>Cette sp\u00e9cialit\u00e9 propose une&nbsp;<strong>approche litt\u00e9raire et philosophique<\/strong>&nbsp;de grandes questions de culture et une r\u00e9flexion personnelle \u00e0 travers des \u0153uvres.<\/p>\n\n\n\n<p>Les th\u00e8mes du programme sont abord\u00e9s&nbsp;<strong>en relation avec l\u2019histoire de la culture&nbsp;<\/strong>: \u00ab\u00a0Les pouvoirs de la parole\u00a0\u00bb&nbsp;de l\u2019Antiquit\u00e9 \u00e0 l\u2019\u00c2ge classique, \u00ab\u00a0Les repr\u00e9sentations du monde\u00a0\u00bb \u00e0 la Renaissance, \u00e0 l\u2019\u00c2ge classique et \u00e0 la p\u00e9riode des Lumi\u00e8res.<\/p>\n\n\n\n<ul class=\"wp-block-list\">\n<li><a href=\"https:\/\/eduscol.education.fr\/document\/24328\/download\" target=\"_blank\" rel=\"noreferrer noopener\">Programme de 1re g\u00e9n\u00e9rale<\/a><\/li>\n\n\n\n<li><a href=\"https:\/\/eduscol.education.fr\/document\/24331\/download\" target=\"_blank\" rel=\"noreferrer noopener\">Programme de terminale g\u00e9n\u00e9rale<\/a><\/li>\n<\/ul>\n\n\n\n<div style=\"height:100px\" aria-hidden=\"true\" class=\"wp-block-spacer\"><\/div>\n","protected":false},"excerpt":{"rendered":"<p>L\u2019enseignement de sp\u00e9cialit\u00e9 \u00ab\u00a0Humanit\u00e9s, litt\u00e9rature et philosophie\u00a0\u00bb&nbsp;vise \u00e0 former les \u00e9l\u00e8ves&nbsp;dans le domaine des lettres, de la philosophie et des sciences humaines. Cette sp\u00e9cialit\u00e9 propose une&nbsp;approche litt\u00e9raire et philosophique&nbsp;de grandes questions de culture et une r\u00e9flexion personnelle \u00e0 travers des \u0153uvres. Les th\u00e8mes du programme sont abord\u00e9s&nbsp;en relation avec l\u2019histoire de la culture&nbsp;: \u00ab\u00a0Les pouvoirs [&hellip;]<\/p>\n","protected":false},"author":31624,"featured_media":0,"parent":0,"menu_order":0,"comment_status":"closed","ping_status":"closed","template":"","meta":{"_et_pb_use_builder":"off","_et_pb_old_content":"","_et_gb_content_width":"1080","footnotes":""},"class_list":["post-6431","page","type-page","status-publish","hentry"],"_links":{"self":[{"href":"https:\/\/etab.ac-reunion.fr\/lyc-boisjoly-potier\/wp-json\/wp\/v2\/pages\/6431","targetHints":{"allow":["GET"]}}],"collection":[{"href":"https:\/\/etab.ac-reunion.fr\/lyc-boisjoly-potier\/wp-json\/wp\/v2\/pages"}],"about":[{"href":"https:\/\/etab.ac-reunion.fr\/lyc-boisjoly-potier\/wp-json\/wp\/v2\/types\/page"}],"author":[{"embeddable":true,"href":"https:\/\/etab.ac-reunion.fr\/lyc-boisjoly-potier\/wp-json\/wp\/v2\/users\/31624"}],"replies":[{"embeddable":true,"href":"https:\/\/etab.ac-reunion.fr\/lyc-boisjoly-potier\/wp-json\/wp\/v2\/comments?post=6431"}],"version-history":[{"count":4,"href":"https:\/\/etab.ac-reunion.fr\/lyc-boisjoly-potier\/wp-json\/wp\/v2\/pages\/6431\/revisions"}],"predecessor-version":[{"id":6754,"href":"https:\/\/etab.ac-reunion.fr\/lyc-boisjoly-potier\/wp-json\/wp\/v2\/pages\/6431\/revisions\/6754"}],"wp:attachment":[{"href":"https:\/\/etab.ac-reunion.fr\/lyc-boisjoly-potier\/wp-json\/wp\/v2\/media?parent=6431"}],"curies":[{"name":"wp","href":"https:\/\/api.w.org\/{rel}","templated":true}]}}