{"id":6433,"date":"2023-06-27T12:53:13","date_gmt":"2023-06-27T08:53:13","guid":{"rendered":"https:\/\/etab.ac-reunion.fr\/lyc-boisjoly-potier\/?page_id=6433"},"modified":"2023-09-08T16:24:10","modified_gmt":"2023-09-08T12:24:10","slug":"llcer","status":"publish","type":"page","link":"https:\/\/etab.ac-reunion.fr\/lyc-boisjoly-potier\/llcer\/","title":{"rendered":"LLCER"},"content":{"rendered":"\n<figure class=\"wp-block-image alignwide size-large\"><img loading=\"lazy\" decoding=\"async\" width=\"1024\" height=\"190\" src=\"https:\/\/etab.ac-reunion.fr\/lyc-boisjoly-potier\/wp-content\/uploads\/sites\/112\/2023\/06\/LLCER_bandeau-1024x190.jpg\" alt=\"\" class=\"wp-image-6423\" srcset=\"https:\/\/etab.ac-reunion.fr\/lyc-boisjoly-potier\/wp-content\/uploads\/sites\/112\/2023\/06\/LLCER_bandeau-1024x190.jpg 1024w, https:\/\/etab.ac-reunion.fr\/lyc-boisjoly-potier\/wp-content\/uploads\/sites\/112\/2023\/06\/LLCER_bandeau-980x181.jpg 980w, https:\/\/etab.ac-reunion.fr\/lyc-boisjoly-potier\/wp-content\/uploads\/sites\/112\/2023\/06\/LLCER_bandeau-480x89.jpg 480w\" sizes=\"(min-width: 0px) and (max-width: 480px) 480px, (min-width: 481px) and (max-width: 980px) 980px, (min-width: 981px) 1024px, 100vw\" \/><\/figure>\n\n\n\n<p>Les \u00e9l\u00e8ves de classe de premi\u00e8re peuvent suivre un enseignement de sp\u00e9cialit\u00e9 \u00ab\u00a0Langues Litt\u00e9ratures et cultures \u00e9trang\u00e8res et r\u00e9gionales (LLCER)\u00a0\u00bb en anglais, anglais monde contemporain, allemand, espagnol, italien et en langue r\u00e9gionale basque, breton, catalan, corse, occitan-langue d\u2019oc, tahitien ou cr\u00e9ole.<\/p>\n\n\n\n<p>Cette sp\u00e9cialit\u00e9 LLCER permet de parvenir progressivement \u00e0 une&nbsp;ma\u00eetrise assur\u00e9e de la langue et \u00e0 une compr\u00e9hension de la culture associ\u00e9e.<\/p>\n\n\n\n<p>Elle pr\u00e9pare les \u00e9l\u00e8ves \u00e0 la poursuite d\u2019\u00e9tudes et \u00e0 la mobilit\u00e9.&nbsp;L\u2019enseignement \u00ab\u00a0anglais monde contemporain\u00a0\u00bb a pour objectif principal de d\u00e9velopper les comp\u00e9tences communicationnelles des \u00e9l\u00e8ves.<\/p>\n\n\n\n<p>Il prend appui, pour aborder des questions contemporaines du monde anglophone, sur une grande vari\u00e9t\u00e9 de supports : presse \u00e9crite et audiovisuelle, sites d\u2019information en ligne, extraits de publications scientifiques, discours, documents iconographiques, cartographiques, statistiques, films etc.<\/p>\n\n\n\n<p>Il contribue au d\u00e9veloppement des comp\u00e9tences de lecture des \u00e9l\u00e8ves, de leur sens critique, de leur esprit d\u2019analyse et de leur autonomie, ainsi qu\u2019\u00e0 la ma\u00eetrise de la langue dans des contextes usuels.<br><br>Cet enseignement vise \u00e0 sensibiliser les \u00e9l\u00e8ves \u00e0 la diversit\u00e9 des soci\u00e9t\u00e9s et des cultures du monde anglophone contemporain. Les th\u00e9matiques de la classe de premi\u00e8re consistent d\u2019une part, \u00e0 recenser les manifestations contemporaines de la production et la circulation des savoirs, et les mani\u00e8res particuli\u00e8res dont le monde anglophone r\u00e9alise des avanc\u00e9es scientifiques et technologiques dans des domaines vari\u00e9s, d\u2019autre part \u00e0 \u00e9tudier la notion de repr\u00e9sentation dans ses diverses acceptions (politique, esth\u00e9tique \u2026) notamment les repr\u00e9sentations v\u00e9hicul\u00e9es dans les m\u00e9dias.<\/p>\n\n\n\n<p>Les th\u00e9matiques abord\u00e9es en classe de terminale visent d\u2019une part \u00e0 examiner la question de l\u2019unit\u00e9 et de la pluralit\u00e9 de l\u2019aire anglophone sous ses diff\u00e9rentes facettes, l\u2019anglais \u00e9tant la langue officielle d\u2019une cinquantaine de pays, d\u2019autre part \u00e0 \u00e9tudier le concept de libert\u00e9, entendu comme libert\u00e9s publiques et libert\u00e9s individuelles.<\/p>\n\n\n\n<ul class=\"wp-block-list\">\n<li><a href=\"https:\/\/eduscol.education.fr\/document\/23731\/download\" target=\"_blank\" rel=\"noreferrer noopener\">Classe de premi\u00e8re<\/a><\/li>\n\n\n\n<li><a href=\"https:\/\/eduscol.education.fr\/document\/23767\/download\" data-type=\"URL\" data-id=\"https:\/\/eduscol.education.fr\/document\/23767\/download\" target=\"_blank\" rel=\"noreferrer noopener\">Programme de terminale<\/a><\/li>\n<\/ul>\n\n\n\n<div style=\"height:100px\" aria-hidden=\"true\" class=\"wp-block-spacer\"><\/div>\n","protected":false},"excerpt":{"rendered":"<p>Les \u00e9l\u00e8ves de classe de premi\u00e8re peuvent suivre un enseignement de sp\u00e9cialit\u00e9 \u00ab\u00a0Langues Litt\u00e9ratures et cultures \u00e9trang\u00e8res et r\u00e9gionales (LLCER)\u00a0\u00bb en anglais, anglais monde contemporain, allemand, espagnol, italien et en langue r\u00e9gionale basque, breton, catalan, corse, occitan-langue d\u2019oc, tahitien ou cr\u00e9ole. Cette sp\u00e9cialit\u00e9 LLCER permet de parvenir progressivement \u00e0 une&nbsp;ma\u00eetrise assur\u00e9e de la langue et [&hellip;]<\/p>\n","protected":false},"author":31624,"featured_media":0,"parent":0,"menu_order":0,"comment_status":"closed","ping_status":"closed","template":"","meta":{"_et_pb_use_builder":"off","_et_pb_old_content":"","_et_gb_content_width":"1080","footnotes":""},"class_list":["post-6433","page","type-page","status-publish","hentry"],"_links":{"self":[{"href":"https:\/\/etab.ac-reunion.fr\/lyc-boisjoly-potier\/wp-json\/wp\/v2\/pages\/6433","targetHints":{"allow":["GET"]}}],"collection":[{"href":"https:\/\/etab.ac-reunion.fr\/lyc-boisjoly-potier\/wp-json\/wp\/v2\/pages"}],"about":[{"href":"https:\/\/etab.ac-reunion.fr\/lyc-boisjoly-potier\/wp-json\/wp\/v2\/types\/page"}],"author":[{"embeddable":true,"href":"https:\/\/etab.ac-reunion.fr\/lyc-boisjoly-potier\/wp-json\/wp\/v2\/users\/31624"}],"replies":[{"embeddable":true,"href":"https:\/\/etab.ac-reunion.fr\/lyc-boisjoly-potier\/wp-json\/wp\/v2\/comments?post=6433"}],"version-history":[{"count":4,"href":"https:\/\/etab.ac-reunion.fr\/lyc-boisjoly-potier\/wp-json\/wp\/v2\/pages\/6433\/revisions"}],"predecessor-version":[{"id":6755,"href":"https:\/\/etab.ac-reunion.fr\/lyc-boisjoly-potier\/wp-json\/wp\/v2\/pages\/6433\/revisions\/6755"}],"wp:attachment":[{"href":"https:\/\/etab.ac-reunion.fr\/lyc-boisjoly-potier\/wp-json\/wp\/v2\/media?parent=6433"}],"curies":[{"name":"wp","href":"https:\/\/api.w.org\/{rel}","templated":true}]}}